{"id":1012,"date":"2013-10-01T00:34:05","date_gmt":"2013-10-01T03:34:05","guid":{"rendered":"http:\/\/www.animafestival.com.ar\/2013\/?page_id=1012"},"modified":"2013-10-09T23:42:27","modified_gmt":"2013-10-10T02:42:27","slug":"largometrajes","status":"publish","type":"page","link":"http:\/\/www.animafestival.com.ar\/2015\/largometrajes\/","title":{"rendered":"Largometrajes"},"content":{"rendered":"<table width=\"600\" border=\"0\" cellspacing=\"0\" cellpadding=\"0\">\n<tbody>\n<tr>\n<td width=\"475\" height=\"26\">\n<h3>\u00c1nima Buenos Aires<br \/>\n<em>Buenos Aires <em>Anima <\/em><\/em><br \/>\nDir: Mar\u00eda Ver\u00f3nica Ram\u00edrez<\/h3>\n<\/td>\n<td width=\"455\"><\/td>\n<td style=\"text-align: center;\"><strong><img decoding=\"async\" alt=\"\" src=\"http:\/\/www.animafestival.com.ar\/cortos2013\/largometrajes\/1.jpg\" width=\"250\" height=\"152\" \/><\/strong><\/td>\n<\/tr>\n<tr>\n<td width=\"475\" height=\"26\">\n<h3>Consuming Spirits<br \/>\n<em>Esp\u00edritus Consumientes<\/em><br \/>\nDir: Chris Sullivan<\/h3>\n<p>&nbsp;<\/td>\n<td width=\"455\"><\/td>\n<td style=\"text-align: center;\"><strong><img decoding=\"async\" alt=\"\" src=\"http:\/\/www.animafestival.com.ar\/cortos2013\/largometrajes\/3.jpg\" width=\"250\" height=\"152\" \/><\/strong><\/td>\n<\/tr>\n<tr>\n<td width=\"475\" height=\"26\">\n<h3>EL SOL<br \/>\n<em>The sun<\/em><br \/>\nDir: Ayar Blasco<\/h3>\n<\/td>\n<td width=\"455\"><\/td>\n<td style=\"text-align: center;\"><strong><img decoding=\"async\" alt=\"\" src=\"http:\/\/www.animafestival.com.ar\/cortos2013\/largometrajes\/5.jpg\" width=\"250\" height=\"152\" \/><\/strong><\/td>\n<\/tr>\n<tr>\n<td width=\"475\" height=\"26\">\n<h3>Gartxot, Konkista Aitzineko Konkista<br \/>\nDir: Juanjo Elordi \/ Asisko Urmeneta<\/h3>\n<\/td>\n<td width=\"455\"><\/td>\n<td style=\"text-align: center;\"><strong><img loading=\"lazy\" decoding=\"async\" alt=\"\" src=\"http:\/\/www.animafestival.com.ar\/cortos2013\/largometrajes\/6.jpg\" width=\"250\" height=\"152\" \/><\/strong><\/td>\n<\/tr>\n<tr>\n<td width=\"475\" height=\"26\">\n<h3>Rodencia y el Diente de la Princesa<br \/>\nRodencia and the Princess\u2019s Tooth<br \/>\nDir: David Bisbano<\/h3>\n<\/td>\n<td width=\"455\"><\/td>\n<td style=\"text-align: center;\"><strong><img loading=\"lazy\" decoding=\"async\" alt=\"\" src=\"http:\/\/www.animafestival.com.ar\/cortos2013\/largometrajes\/7.jpg\" width=\"250\" height=\"152\" \/><\/strong><\/td>\n<\/tr>\n<\/tbody>\n<\/table>\n","protected":false},"excerpt":{"rendered":"<p>\u00c1nima Buenos Aires Buenos Aires Anima Dir: Mar\u00eda Ver\u00f3nica Ram\u00edrez Consuming Spirits Esp\u00edritus Consumientes Dir: Chris Sullivan &nbsp; EL SOL The sun Dir: Ayar Blasco Gartxot, Konkista Aitzineko Konkista Dir: [&hellip;]<\/p>\n","protected":false},"author":1,"featured_media":0,"parent":0,"menu_order":0,"comment_status":"closed","ping_status":"open","template":"","meta":{"footnotes":""},"class_list":["post-1012","page","type-page","status-publish","hentry"],"_links":{"self":[{"href":"http:\/\/www.animafestival.com.ar\/2015\/wp-json\/wp\/v2\/pages\/1012","targetHints":{"allow":["GET"]}}],"collection":[{"href":"http:\/\/www.animafestival.com.ar\/2015\/wp-json\/wp\/v2\/pages"}],"about":[{"href":"http:\/\/www.animafestival.com.ar\/2015\/wp-json\/wp\/v2\/types\/page"}],"author":[{"embeddable":true,"href":"http:\/\/www.animafestival.com.ar\/2015\/wp-json\/wp\/v2\/users\/1"}],"replies":[{"embeddable":true,"href":"http:\/\/www.animafestival.com.ar\/2015\/wp-json\/wp\/v2\/comments?post=1012"}],"version-history":[{"count":7,"href":"http:\/\/www.animafestival.com.ar\/2015\/wp-json\/wp\/v2\/pages\/1012\/revisions"}],"predecessor-version":[{"id":1255,"href":"http:\/\/www.animafestival.com.ar\/2015\/wp-json\/wp\/v2\/pages\/1012\/revisions\/1255"}],"wp:attachment":[{"href":"http:\/\/www.animafestival.com.ar\/2015\/wp-json\/wp\/v2\/media?parent=1012"}],"curies":[{"name":"wp","href":"https:\/\/api.w.org\/{rel}","templated":true}]}}