{"id":1083,"date":"2013-10-02T17:36:33","date_gmt":"2013-10-02T20:36:33","guid":{"rendered":"http:\/\/www.animafestival.com.ar\/2013\/?page_id=1083"},"modified":"2013-10-08T19:22:31","modified_gmt":"2013-10-08T22:22:31","slug":"concierto-audiovisual","status":"publish","type":"page","link":"http:\/\/www.animafestival.com.ar\/2015\/concierto-audiovisual\/","title":{"rendered":"Concierto Audiovisual"},"content":{"rendered":"<p>Como parte de las actividades del Festival Internacional de Animaci\u00f3n de C\u00f3rdoba ANIMA2013, el s\u00e1bado 5 de octubre a las 20hs se realizar\u00e1 un <strong>Concierto Audiovisual<\/strong> donde se proyectar\u00e1n animaciones musicalizadas en vivo por la Banda Sinf\u00f3nica Municipal.<\/p>\n<p>Se proyectar\u00e1n los siguientes trabajos:<\/p>\n<p><em>Bong\u00f3 Rock<\/em> (1969) de Luis Bras, Argentina.<\/p>\n<p><em>Animaciones de Miguel \u00abCacho\u00edto\u00bb Di Lorenzi<\/em> (a\u00f1os &#8217;60 &#8211; &#8216; 80), Argentina.<\/p>\n<p><em>Luminaris<\/em> (2011), de Juan Pablo Zaramella (Argentina)<\/p>\n<p><em>La ciudad perdida de \u015awite\u017a<\/em> (2010), Polonia<\/p>\n<p>A la finalizaci\u00f3n del Concierto, se proyectar\u00e1 el largometraje animado <em>Metegol<\/em> (2013) de Juan Carlos Campanella.<\/p>\n<p><strong>La ciudad perdida de \u015awite\u017a<\/strong><\/p>\n<p>LA CIUDAD PERDIDA DE \u015aWITE\u0179 fue creada mediante la original combinaci\u00f3n de animaci\u00f3n 3D y animaci\u00f3n cl\u00e1sica hecha con \u00f3leos. Se compusieron dibujos a gran escala hechos por encargo para constituir un ambiente en plano m\u00faltiple en 3D generado por computadora (CG), utilizando la \u00faltima tecnolog\u00eda en arte digital y composici\u00f3n. Este modo art\u00edstico \u00fanico crea una calidad aut\u00f3noma y un medio extraordinario de expresi\u00f3n que es crucial en la animaci\u00f3n, donde la potencia del contenido y la forma visual se unen en una fusi\u00f3n impresionante y significativa. Se utilizaron estos dos estilos distintos de pintura: pinturas eslavas del siglo 19 (como el trabajo de J\u00f3zef Che\u0142mo\u0144ski y Aleksander Gierymski), que dan la ilusi\u00f3n de perspectiva y del uso de una paleta realista, combinadas con pinturas 2D de la Edad Media mucho m\u00e1s ic\u00f3nicas, estilizadas y con colores m\u00e1s brillantes.<\/p>\n<p><img fetchpriority=\"high\" decoding=\"async\" class=\"alignleft size-full wp-image-1090\" alt=\"switez_powoz_print_colour_RGB\" src=\"http:\/\/www.animafestival.com.ar\/2013\/files\/2013\/10\/switez_powoz_print_colour_RGB1.jpg\" width=\"800\" height=\"341\" srcset=\"http:\/\/www.animafestival.com.ar\/2015\/files\/2013\/10\/switez_powoz_print_colour_RGB1.jpg 800w, http:\/\/www.animafestival.com.ar\/2015\/files\/2013\/10\/switez_powoz_print_colour_RGB1-300x127.jpg 300w\" sizes=\"(max-width: 800px) 100vw, 800px\" \/><\/p>\n<p><strong>Director Kamil Polak<\/strong><br \/>\nSu amor por contar historias lo llev\u00f3 a la creaci\u00f3n cinematogr\u00e1fica, y en la animaci\u00f3n encontr\u00f3 la oportunidad de combinar su formaci\u00f3n cl\u00e1sica en dibujo y pintura con su amor por la m\u00fasica y el ritmo, para fusionarlos en una narrativa dram\u00e1tica.<br \/>\nEstudi\u00f3 direcci\u00f3n en la mundialmente conocida escuela de cine \u0141\u00f3d\u017a Film School. Su pel\u00edcula \u201cBirth of a Nation\u201d (El nacimiento de una naci\u00f3n) se encuentra en la colecci\u00f3n de los mejores filmes de la escuela y se vendi\u00f3 a gran escala en la televisi\u00f3n internacional.<br \/>\nDesarroll\u00f3 THE LOST TOWN OF \u015aWITE\u0179 en su \u00faltimo a\u00f1o de carrera. Kamil fue el supervisor de los efectos visuales en \u201cPedro y el lobo\u201d, una animaci\u00f3n stop-frame de \u00a3 2.5 millones para el Canal 4 y para la pantalla grande, acompa\u00f1ado por una orquesta en vivo.<\/p>\n<p><strong>Compositora Irina Bogdanovich<\/strong><br \/>\nLa compositora Irina Bogdanovich es un asombroso talento nuevo en Rusia. Se gradu\u00f3 con honores del Departamento de direcci\u00f3n coral por la Universidad de Mosc\u00fa y luego del Departamento de piano por la Universidad de Yekaterinburg. Como estudiante, gan\u00f3 dos veces el primer premio en la Competencia nacional de piano de estudiantes rusos.<br \/>\nEn la actualidad, es la directora coral y la Directora art\u00edstica del Coro de la Universidad de Varsovia, que gan\u00f3 el tercer premio en el Festival Coral Internacional en Randers. Bajo su direcci\u00f3n, el coro ha logrado un alto perfil.<br \/>\nDurante el la sexta edici\u00f3n de ERA New Horizons IFF, en el a\u00f1o 2006, Irina dirigi\u00f3 una orquesta de 60 piezas y un coro de 80 personas que acompa\u00f1aron a Alexander Nevsky de Sergei Prokofiev en un concierto al aire libre realizado para una audiencia de 12.000 personas en Wroc\u0142aw.<\/p>\n<p><strong>Sobre Human Ark<\/strong><br \/>\nHuman Ark es un estudio de animaci\u00f3n con sede en Varsovia que se especializa en animaci\u00f3n 3D y efectos especiales. Est\u00e1 obteniendo una gran reputaci\u00f3n como una de las productoras m\u00e1s innovadoras y dotada de los mejores recursos para realizar pel\u00edculas y series animadas de coproducci\u00f3n internacional. Human Ark cuenta con un s\u00f3lido equipo de artistas gr\u00e1ficos, animadores y especialistas t\u00e9cnicos con experiencia tanto en las tradiciones de la animaci\u00f3n polaca como en los avances tecnol\u00f3gicos m\u00e1s recientes.<br \/>\n<a href=\"http:\/\/www.human-ark.com\/\" target=\"_blank\">http:\/\/www.human-ark.com\/<\/a><\/p>\n<p>&nbsp;<\/p>\n<p><strong>Metegol<\/strong><\/p>\n<p><img decoding=\"async\" class=\"alignleft  wp-image-1092\" alt=\"z_05\" src=\"http:\/\/www.animafestival.com.ar\/2013\/files\/2013\/10\/z_05.jpg\" width=\"819\" height=\"343\" srcset=\"http:\/\/www.animafestival.com.ar\/2015\/files\/2013\/10\/z_05.jpg 1024w, http:\/\/www.animafestival.com.ar\/2015\/files\/2013\/10\/z_05-300x125.jpg 300w\" sizes=\"(max-width: 819px) 100vw, 819px\" \/><\/p>\n","protected":false},"excerpt":{"rendered":"<p>Como parte de las actividades del Festival Internacional de Animaci\u00f3n de C\u00f3rdoba ANIMA2013, el s\u00e1bado 5 de octubre a las 20hs se realizar\u00e1 un Concierto Audiovisual donde se proyectar\u00e1n animaciones [&hellip;]<\/p>\n","protected":false},"author":1,"featured_media":0,"parent":0,"menu_order":0,"comment_status":"closed","ping_status":"open","template":"","meta":{"footnotes":""},"class_list":["post-1083","page","type-page","status-publish","hentry"],"_links":{"self":[{"href":"http:\/\/www.animafestival.com.ar\/2015\/wp-json\/wp\/v2\/pages\/1083","targetHints":{"allow":["GET"]}}],"collection":[{"href":"http:\/\/www.animafestival.com.ar\/2015\/wp-json\/wp\/v2\/pages"}],"about":[{"href":"http:\/\/www.animafestival.com.ar\/2015\/wp-json\/wp\/v2\/types\/page"}],"author":[{"embeddable":true,"href":"http:\/\/www.animafestival.com.ar\/2015\/wp-json\/wp\/v2\/users\/1"}],"replies":[{"embeddable":true,"href":"http:\/\/www.animafestival.com.ar\/2015\/wp-json\/wp\/v2\/comments?post=1083"}],"version-history":[{"count":8,"href":"http:\/\/www.animafestival.com.ar\/2015\/wp-json\/wp\/v2\/pages\/1083\/revisions"}],"predecessor-version":[{"id":1105,"href":"http:\/\/www.animafestival.com.ar\/2015\/wp-json\/wp\/v2\/pages\/1083\/revisions\/1105"}],"wp:attachment":[{"href":"http:\/\/www.animafestival.com.ar\/2015\/wp-json\/wp\/v2\/media?parent=1083"}],"curies":[{"name":"wp","href":"https:\/\/api.w.org\/{rel}","templated":true}]}}