{"id":1313,"date":"2015-01-05T15:00:47","date_gmt":"2015-01-05T18:00:47","guid":{"rendered":"http:\/\/www.animafestival.com.ar\/2015\/?page_id=1313"},"modified":"2015-01-05T15:00:47","modified_gmt":"2015-01-05T18:00:47","slug":"reglamento-de-muestra-de-escuelas-de-animacion","status":"publish","type":"page","link":"http:\/\/www.animafestival.com.ar\/2015\/reglamento\/reglamento-de-muestra-de-escuelas-de-animacion\/","title":{"rendered":"Reglamento de MUESTRA DE ESCUELAS DE ANIMACI\u00d3N"},"content":{"rendered":"<p><strong>ANIMA2015<\/strong><br \/>\n<strong> VIII Festival Internacional de Animaci\u00f3n de C\u00f3rdoba<\/strong><\/p>\n<h1>Reglamento de la<br \/>\nMuestra de Escuelas de Animaci\u00f3n<\/h1>\n<p>La Muestra de Escuelas de Animaci\u00f3n tendr\u00e1 el car\u00e1cter de <em>Secci\u00f3n No Competitiva<\/em> en el VIII Festival Internacional de Animaci\u00f3n de C\u00f3rdoba ANIMA2015. El objetivo fundamental de esta secci\u00f3n es promocionar y fomentar la educaci\u00f3n espec\u00edfica en el arte y las t\u00e9cnicas de la animaci\u00f3n en el contexto nacional e internacional.<\/p>\n<p>Podr\u00e1 participar en dicha secci\u00f3n cualquier instituci\u00f3n educativa donde se ense\u00f1e animaci\u00f3n como carrera o como materia espec\u00edfica. La instituci\u00f3n podr\u00e1 pertenecer indistintamente al r\u00e9gimen p\u00fablico o privado, de nivel primario, medio, o superior. En cualquier caso, la instituci\u00f3n deber\u00e1 contar con reconocimiento oficial otorgado por la autoridad educativa competente, o en tr\u00e1mite.<\/p>\n<p>Cada instituci\u00f3n podr\u00e1 enviar un compilado de hasta 5&#8242; (cinco minutos) de animaci\u00f3n, integrado por Trabajos Pr\u00e1cticos de los alumnos, Trabajos de Final de Carrera, Tesis, Tesinas, o cualquier otra producci\u00f3n audiovisual generada por estudiantes de las carreras o materias espec\u00edficas de animaci\u00f3n. No se aceptar\u00e1n: Cortometrajes realizados por los profesores, cortometrajes incompletos.<\/p>\n<p><strong>Inscripci\u00f3n<\/strong><br \/>\nLas instituciones interesadas en participar deber\u00e1n enviar a la direcci\u00f3n de correo <a href=\"mailto:info@animafestival.com.ar\">info@animafestival.com.ar<\/a> la siguiente informaci\u00f3n:<\/p>\n<p>I. Una nota en papel membretado de la instituci\u00f3n donde se solicita la participaci\u00f3n en la Muestra de Escuelas de Animaci\u00f3n, con firma y sello de la autoridad responsable (Director, Vicedirector, Secretario, etc.) Formato jpg o pdf.<br \/>\nII. Un archivo .rtf con el listado de cortometrajes que se incluyen en la muestra, nombre y apellido de los alumnos realizadores, nombre y apellido del docente(s) responsable(s), nombre de la carrera o asignatura.<br \/>\nIII. Un link de descarga del compilado de animaciones en formato HD (Dropbox, WeTransfer, etc. ). Las Escuelas podr\u00e1n incluir una placa inicial de presentaci\u00f3n de la Instituci\u00f3n, y una placa final al t\u00e9rmino del compilado. La duraci\u00f3n m\u00e1xima de las placas es de 5\u201d (cinco segundos). No se aceptar\u00e1n compilaciones con placas intermedias, ni mosca identificatoria, ni ning\u00fan otro elemento no mencionado expresamente en este Reglamento.<\/p>\n<p>En caso que la duraci\u00f3n del total del material receptado supere la duraci\u00f3n programada por el Festival ANIMA para el Panorama (1h 30min), se realizar\u00e1 una selecci\u00f3n.<\/p>\n<p>Las escuelas que participan de la secci\u00f3n, las carreras y\/o c\u00e1tedras que participen, las obras que integren sus compilados y los realizadores \/ alumnos participantes ser\u00e1n mencionados en el cat\u00e1logo del Festival ANIMA2015 y recibir\u00e1n una constancia de participaci\u00f3n.<\/p>\n<h3><strong>Fecha l\u00edmite: 30 de abril de 2015<\/strong><\/h3>\n","protected":false},"excerpt":{"rendered":"<p>ANIMA2015 VIII Festival Internacional de Animaci\u00f3n de C\u00f3rdoba Reglamento de la Muestra de Escuelas de Animaci\u00f3n La Muestra de Escuelas de Animaci\u00f3n tendr\u00e1 el car\u00e1cter de Secci\u00f3n No Competitiva en [&hellip;]<\/p>\n","protected":false},"author":1,"featured_media":0,"parent":224,"menu_order":2,"comment_status":"closed","ping_status":"closed","template":"","meta":{"footnotes":""},"class_list":["post-1313","page","type-page","status-publish","hentry"],"_links":{"self":[{"href":"http:\/\/www.animafestival.com.ar\/2015\/wp-json\/wp\/v2\/pages\/1313","targetHints":{"allow":["GET"]}}],"collection":[{"href":"http:\/\/www.animafestival.com.ar\/2015\/wp-json\/wp\/v2\/pages"}],"about":[{"href":"http:\/\/www.animafestival.com.ar\/2015\/wp-json\/wp\/v2\/types\/page"}],"author":[{"embeddable":true,"href":"http:\/\/www.animafestival.com.ar\/2015\/wp-json\/wp\/v2\/users\/1"}],"replies":[{"embeddable":true,"href":"http:\/\/www.animafestival.com.ar\/2015\/wp-json\/wp\/v2\/comments?post=1313"}],"version-history":[{"count":1,"href":"http:\/\/www.animafestival.com.ar\/2015\/wp-json\/wp\/v2\/pages\/1313\/revisions"}],"predecessor-version":[{"id":1314,"href":"http:\/\/www.animafestival.com.ar\/2015\/wp-json\/wp\/v2\/pages\/1313\/revisions\/1314"}],"up":[{"embeddable":true,"href":"http:\/\/www.animafestival.com.ar\/2015\/wp-json\/wp\/v2\/pages\/224"}],"wp:attachment":[{"href":"http:\/\/www.animafestival.com.ar\/2015\/wp-json\/wp\/v2\/media?parent=1313"}],"curies":[{"name":"wp","href":"https:\/\/api.w.org\/{rel}","templated":true}]}}