{"id":1350,"date":"2015-01-06T15:35:30","date_gmt":"2015-01-06T18:35:30","guid":{"rendered":"http:\/\/www.animafestival.com.ar\/2015\/?page_id=1350"},"modified":"2015-01-06T15:35:30","modified_gmt":"2015-01-06T18:35:30","slug":"2011-2","status":"publish","type":"page","link":"http:\/\/www.animafestival.com.ar\/2015\/ediciones-anteriores\/2011-2\/","title":{"rendered":"2011"},"content":{"rendered":"<p>&nbsp;<\/p>\n<table border=\"0\" width=\"100%\" cellspacing=\"0\" cellpadding=\"0\">\n<tbody>\n<tr>\n<td width=\"510\">\n<h5 style=\"font-size: 15px; font-family: Verdana, Geneva, sans-serif; font-weight: bold;\">Gran Premio del Jurado<\/h5>\n<p><span style=\"color: #800080; font-family: Verdana, Geneva, sans-serif; font-weight: bold; font-size: 20px;\"><strong>PATHS OF HATE<\/strong><\/span><\/p>\n<p><span style=\"font-size: 12px; font-family: Verdana, Geneva, sans-serif;\">Polonia<\/span><\/p>\n<p><span class=\"Apple-style-span\">Damian Nenow, Director<\/span><\/td>\n<td align=\"center\" width=\"290\"><img decoding=\"async\" src=\"http:\/\/www.animafestival.com.ar\/imgs\/web\/pathsofhate.jpg\" alt=\"\" width=\"250\" height=\"152\" \/><\/td>\n<\/tr>\n<tr>\n<td>\n<h5 style=\"font-family: Verdana, Geneva, sans-serif; font-size: 15px; font-weight: bold;\">Premio a la Mejor Animaci\u00f3n &#8211; Historias Animadas<\/h5>\n<p><span style=\"color: #800080; font-size: 20px; font-family: Verdana, Geneva, sans-serif; font-weight: bold;\"><strong>MEMEE<\/strong><\/span><\/p>\n<p><span style=\"font-family: Verdana, Geneva, sans-serif; font-size: 12px;\">B\u00e9lgica<\/span><\/p>\n<p><span class=\"Apple-style-span\">Evelyn Verschoore, Director<\/span><\/td>\n<td align=\"center\"><img decoding=\"async\" src=\"http:\/\/www.animafestival.com.ar\/imgs\/web\/memee.jpg\" alt=\"\" width=\"250\" height=\"152\" \/><\/td>\n<\/tr>\n<tr>\n<td><span style=\"font-size: 15px; font-family: Verdana, Geneva, sans-serif; font-weight: bold;\">Premio a la Mejor Animaci\u00f3n &#8211; Temas y Ritmos<\/span><span style=\"color: #800080; font-size: 20px; font-family: Verdana, Geneva, sans-serif; font-weight: bold;\"><strong>LOOM (ex-aequo)<\/strong><\/span><span style=\"font-size: 12px; font-family: Verdana, Geneva, sans-serif;\">Alemania<\/span><\/p>\n<p><span class=\"Apple-style-span\">Ilija Brunck, Jan Bitzer &amp; Csaba Letay, Directors<\/span><\/td>\n<td align=\"center\"><img decoding=\"async\" src=\"http:\/\/www.animafestival.com.ar\/imgs\/web\/loom.jpg\" alt=\"\" width=\"250\" height=\"152\" \/><\/td>\n<\/tr>\n<tr>\n<td>Premio a la Mejor Animaci\u00f3n &#8211; Temas y Ritmos<span style=\"color: #800080; font-size: 20px; font-family: Verdana, Geneva, sans-serif; font-weight: bold;\"><strong>STRETCHING (ex-aequo)<\/strong><\/span><span style=\"font-size: 12px; font-family: Verdana, Geneva, sans-serif;\">Francia<\/span><\/p>\n<p><span class=\"Apple-style-span\">Fran\u00e7ois Vogel, Director<\/span><\/td>\n<td align=\"center\"><img loading=\"lazy\" decoding=\"async\" src=\"http:\/\/www.animafestival.com.ar\/imgs\/web\/stretching.jpg\" alt=\"\" width=\"250\" height=\"152\" \/><\/td>\n<\/tr>\n<tr>\n<td>\n<h5 style=\"font-family: Verdana, Geneva, sans-serif; font-size: 15px; font-weight: bold;\">Premio a la Mejor Animaci\u00f3n \u2013 Videoclip<\/h5>\n<p><span style=\"color: #800080; font-family: Verdana, Geneva, sans-serif; font-size: 20px; font-weight: bold;\"><strong>LOSE THIS CHILD<\/strong><\/span><\/p>\n<p><span style=\"font-family: Verdana, Geneva, sans-serif; font-size: 12px;\">Israel<\/span><\/p>\n<p><span class=\"Apple-style-span\">Yuval &amp; Merav Nathan, Directors<\/span><\/td>\n<td align=\"center\"><img loading=\"lazy\" decoding=\"async\" src=\"http:\/\/www.animafestival.com.ar\/imgs\/web\/losethischild.jpg\" alt=\"\" width=\"250\" height=\"152\" \/><\/td>\n<\/tr>\n<tr>\n<td><\/td>\n<td><\/td>\n<\/tr>\n<tr>\n<td colspan=\"2\"><\/td>\n<\/tr>\n<tr>\n<td style=\"text-align: center;\" colspan=\"2\"><strong>Jurado Internacional <\/strong><span style=\"font-size: 14px; font-family: Verdana, Geneva, sans-serif;\">Jurados: Vivienne Barry (Chile), Ren\u00e9 Castillo (M\u00e9xico), Otto Guerra (Brasil)<\/span><\/td>\n<\/tr>\n<tr>\n<td colspan=\"2\"><\/td>\n<\/tr>\n<tr>\n<td style=\"font-family: Verdana, Geneva, sans-serif; font-weight: bold; font-size: 17px; text-align: center;\" colspan=\"2\" align=\"center\" bgcolor=\"#CCCCCC\" height=\"30\">Menciones Especiales del Jurado Internacional<\/td>\n<\/tr>\n<tr>\n<td><\/td>\n<td><\/td>\n<\/tr>\n<tr>\n<td><span style=\"font-weight: bold; font-family: Verdana, Geneva, sans-serif; color: #606; font-size: 20px;\">LUMINARIS<\/span><\/p>\n<p style=\"font-size: 12px; font-family: Verdana, Geneva, sans-serif;\">Argentina<\/p>\n<p>Juan Pablo Zaramella, Director<\/td>\n<td align=\"center\"><img loading=\"lazy\" decoding=\"async\" src=\"http:\/\/www.animafestival.com.ar\/imgs\/web\/luminaris.jpg\" alt=\"\" width=\"250\" height=\"152\" \/><\/td>\n<\/tr>\n<tr>\n<td><span style=\"font-weight: bold; font-family: Verdana, Geneva, sans-serif; color: #606; font-size: 20px;\">MASKA<\/span><\/p>\n<p style=\"font-size: 12px; font-family: Verdana, Geneva, sans-serif;\">Polonia<\/p>\n<p>Brothers Quay, Directors<\/td>\n<td align=\"center\"><img loading=\"lazy\" decoding=\"async\" src=\"http:\/\/www.animafestival.com.ar\/imgs\/web\/maska.jpg\" alt=\"\" width=\"250\" height=\"152\" \/><\/td>\n<\/tr>\n<tr>\n<td><span style=\"font-family: Verdana, Geneva, sans-serif; font-weight: bold; font-size: 20px; color: #606;\">THE EAGLEMAN STAG<\/span><span style=\"font-family: Verdana, Geneva, sans-serif; font-size: 12px;\">Reino Unido<\/span>Michael Please, Director<\/td>\n<td align=\"center\"><img loading=\"lazy\" decoding=\"async\" src=\"http:\/\/www.animafestival.com.ar\/imgs\/web\/theeagle.jpg\" alt=\"\" width=\"250\" height=\"152\" \/><\/td>\n<\/tr>\n<tr>\n<td><span style=\"font-weight: bold; font-family: Verdana, Geneva, sans-serif; font-size: 20px; color: #606;\">TECL\u00d3POLIS<\/span><\/p>\n<p style=\"font-size: 12px; font-family: Verdana, Geneva, sans-serif;\">Argentina<\/p>\n<p>Javier Mrad, Director<\/td>\n<td align=\"center\"><img loading=\"lazy\" decoding=\"async\" src=\"http:\/\/www.animafestival.com.ar\/imgs\/web\/teclopolis.jpg\" alt=\"\" width=\"250\" height=\"152\" \/><\/td>\n<\/tr>\n<tr>\n<td><\/td>\n<td align=\"center\"><\/td>\n<\/tr>\n<tr>\n<td style=\"text-align: center;\" colspan=\"2\" align=\"center\" bgcolor=\"#CCCCCC\" height=\"50\"><span style=\"font-size: 20px; font-family: Verdana, Geneva, sans-serif; font-weight: bold;\">Competencia Argentina<\/span><span style=\"font-size: 15px; font-family: Verdana, Geneva, sans-serif;\">Jurados: Santiago &#8216;Bou&#8217; Grasso, Oscar Desplats, Juan Jos\u00e9 Gorasurreta<\/span><\/td>\n<\/tr>\n<tr>\n<td><\/td>\n<td align=\"center\"><\/td>\n<\/tr>\n<tr>\n<td>\n<p style=\"font-size: 15px; font-family: Verdana, Geneva, sans-serif; font-weight: bold;\">Premio a la Mejor Animaci\u00f3n Argentina<\/p>\n<p><span style=\"font-weight: bold; font-family: Verdana, Geneva, sans-serif; font-size: 20px; color: #606;\">TECL\u00d3POLIS<\/span><\/p>\n<p style=\"font-size: 12px; font-family: Verdana, Geneva, sans-serif;\">Argentina<\/p>\n<p>Javier Mrad, Director<\/td>\n<td align=\"center\"><img loading=\"lazy\" decoding=\"async\" src=\"http:\/\/www.animafestival.com.ar\/imgs\/web\/teclopolis.jpg\" alt=\"\" width=\"250\" height=\"152\" \/><\/td>\n<\/tr>\n<tr>\n<td style=\"text-align: center;\" colspan=\"2\" align=\"center\" bgcolor=\"#CCCCCC\" height=\"40\"><span style=\"font-size: 15px; font-family: Verdana, Geneva, sans-serif; font-weight: bold;\">Menciones Especiales del Jurado Argentino<\/span><\/td>\n<\/tr>\n<tr>\n<td>\n<p style=\"font-size: 15px; font-family: Verdana, Geneva, sans-serif; font-weight: bold;\">1\u00b0 Menci\u00f3n<\/p>\n<p><span style=\"font-weight: bold; font-family: Verdana, Geneva, sans-serif; color: #606; font-size: 20px;\">LUMINARIS<\/span><\/p>\n<p style=\"font-size: 12px; font-family: Verdana, Geneva, sans-serif;\">Argentina<\/p>\n<p>Juan Pablo Zaramella, Director<\/td>\n<td align=\"center\"><img loading=\"lazy\" decoding=\"async\" src=\"http:\/\/www.animafestival.com.ar\/imgs\/web\/luminaris.jpg\" alt=\"\" width=\"250\" height=\"152\" \/><\/td>\n<\/tr>\n<tr>\n<td>\n<p style=\"font-size: 15px; font-family: Verdana, Geneva, sans-serif; font-weight: bold;\">Menciones Especiales del Jurado Argentino<\/p>\n<p style=\"font-size: 14px; font-weight: bold; font-family: Verdana, Geneva, sans-serif;\">2\u00b0 Menci\u00f3n<\/p>\n<p><span style=\"font-weight: bold; font-family: Verdana, Geneva, sans-serif; color: #606; font-size: 20px;\">EL HOMBRE QUE DUERME<\/span><\/p>\n<p style=\"font-size: 12px; font-family: Verdana, Geneva, sans-serif;\">In\u00e9s Sedan, Director<\/p>\n<\/td>\n<td align=\"center\"><img loading=\"lazy\" decoding=\"async\" src=\"http:\/\/www.animafestival.com.ar\/imgs\/web\/lhomme.jpg\" alt=\"\" width=\"250\" height=\"152\" \/><\/td>\n<\/tr>\n<tr>\n<td>\n<p style=\"font-size: 15px; font-family: Verdana, Geneva, sans-serif; font-weight: bold;\">Menci\u00f3n Especial a la Mejor Animaci\u00f3n Cordobesa<\/p>\n<p style=\"font-size: 14px; font-weight: bold; font-family: Verdana, Geneva, sans-serif;\"><span style=\"font-weight: bold; font-family: Verdana, Geneva, sans-serif; color: #606; font-size: 20px;\">OVO<\/span><\/p>\n<p style=\"font-size: 12px; font-family: Verdana, Geneva, sans-serif;\">Carolina Segre, Mar\u00eda Eugenia Fioranza, Directors<\/p>\n<\/td>\n<td align=\"center\"><img loading=\"lazy\" decoding=\"async\" src=\"http:\/\/www.animafestival.com.ar\/imgs\/web\/ovo.jpg\" alt=\"\" width=\"250\" height=\"152\" \/><\/td>\n<\/tr>\n<tr>\n<td style=\"text-align: center;\" colspan=\"2\" align=\"center\" bgcolor=\"#CCCCCC\" height=\"60\"><span style=\"font-size: 15px; font-family: Verdana, Geneva, sans-serif; font-weight: bold;\">Jurado Estudiantil<\/span><span style=\"font-size: 12px; font-family: Verdana, Geneva, sans-serif;\">Jurado: Paula Daveloza, Patricia D. Gualpa, Nicol\u00e1s Ojeda<\/span><\/td>\n<\/tr>\n<tr>\n<td>\n<p style=\"font-size: 15px; font-family: Verdana, Geneva, sans-serif; font-weight: bold;\">Premio a la Mejor Animaci\u00f3n de Escuela<\/p>\n<p style=\"font-size: 20px; font-family: Verdana, Geneva, sans-serif; font-weight: bold; color: #606;\">KAHANIKAR<\/p>\n<p style=\"font-size: 12px; font-family: Verdana, Geneva, sans-serif;\">Nandita Jain, Director<\/p>\n<p>National Film &amp; Television School, UK<\/td>\n<td align=\"center\"><img loading=\"lazy\" decoding=\"async\" src=\"http:\/\/www.animafestival.com.ar\/imgs\/web\/kahanikar.jpg\" alt=\"\" width=\"250\" height=\"152\" \/><\/td>\n<\/tr>\n<tr>\n<td style=\"text-align: center;\" colspan=\"2\" align=\"center\" bgcolor=\"#CCCCCC\" height=\"60\"><span style=\"font-size: 15px; font-family: Verdana, Geneva, sans-serif; font-weight: bold;\">Premio del P\u00fablico<\/span><\/td>\n<\/tr>\n<tr>\n<td><span style=\"font-weight: bold; font-family: Verdana, Geneva, sans-serif; font-size: 20px; color: #606;\">TECL\u00d3POLIS<\/span><\/p>\n<p style=\"font-size: 12px; font-family: Verdana, Geneva, sans-serif;\">Argentina<\/p>\n<p>Javier Mrad, Director<\/td>\n<td align=\"center\"><img loading=\"lazy\" decoding=\"async\" src=\"http:\/\/www.animafestival.com.ar\/imgs\/web\/teclopolis.jpg\" alt=\"\" width=\"250\" height=\"152\" \/><\/td>\n<\/tr>\n<\/tbody>\n<\/table>\n","protected":false},"excerpt":{"rendered":"<p>&nbsp; Gran Premio del Jurado PATHS OF HATE Polonia Damian Nenow, Director Premio a la Mejor Animaci\u00f3n &#8211; Historias Animadas MEMEE B\u00e9lgica Evelyn Verschoore, Director Premio a la Mejor Animaci\u00f3n [&hellip;]<\/p>\n","protected":false},"author":1,"featured_media":0,"parent":1319,"menu_order":0,"comment_status":"closed","ping_status":"closed","template":"","meta":{"footnotes":""},"class_list":["post-1350","page","type-page","status-publish","hentry"],"_links":{"self":[{"href":"http:\/\/www.animafestival.com.ar\/2015\/wp-json\/wp\/v2\/pages\/1350","targetHints":{"allow":["GET"]}}],"collection":[{"href":"http:\/\/www.animafestival.com.ar\/2015\/wp-json\/wp\/v2\/pages"}],"about":[{"href":"http:\/\/www.animafestival.com.ar\/2015\/wp-json\/wp\/v2\/types\/page"}],"author":[{"embeddable":true,"href":"http:\/\/www.animafestival.com.ar\/2015\/wp-json\/wp\/v2\/users\/1"}],"replies":[{"embeddable":true,"href":"http:\/\/www.animafestival.com.ar\/2015\/wp-json\/wp\/v2\/comments?post=1350"}],"version-history":[{"count":1,"href":"http:\/\/www.animafestival.com.ar\/2015\/wp-json\/wp\/v2\/pages\/1350\/revisions"}],"predecessor-version":[{"id":1351,"href":"http:\/\/www.animafestival.com.ar\/2015\/wp-json\/wp\/v2\/pages\/1350\/revisions\/1351"}],"up":[{"embeddable":true,"href":"http:\/\/www.animafestival.com.ar\/2015\/wp-json\/wp\/v2\/pages\/1319"}],"wp:attachment":[{"href":"http:\/\/www.animafestival.com.ar\/2015\/wp-json\/wp\/v2\/media?parent=1350"}],"curies":[{"name":"wp","href":"https:\/\/api.w.org\/{rel}","templated":true}]}}