{"id":1440,"date":"2015-08-30T01:16:30","date_gmt":"2015-08-30T04:16:30","guid":{"rendered":"http:\/\/www.animafestival.com.ar\/2015\/?page_id=1440"},"modified":"2015-09-05T15:57:35","modified_gmt":"2015-09-05T18:57:35","slug":"cortometrajes-2015","status":"publish","type":"page","link":"http:\/\/www.animafestival.com.ar\/2015\/cortometrajes-2015\/","title":{"rendered":"Cortometrajes 2015"},"content":{"rendered":"<h2 style=\"text-align: justify\">Competencia Internacional de Cortometrajes<\/h2>\n<div style=\"text-align: justify\">\n<div>\n<p><img fetchpriority=\"high\" decoding=\"async\" src=\"http:\/\/www.animafestival.com.ar\/imgs\/2015_films\/shorts01.jpg\" alt=\"Beach Flags | 5.48 The reality of time\" width=\"300\" height=\"195\" \/><\/p>\n<p>&nbsp;<\/p>\n<p><strong>Banderas de playa<\/strong><\/p>\n<p>2014 \/ Color \/ Dibujos\u00a0\/ 13:39<\/p>\n<p>Francia<\/p>\n<p><b>Sarah Saidan, Director<\/b><br \/>\n<i>Vida es una joven guardavidas iran\u00ed. Muy popular en su equipo, est\u00e1 determinada a luchar para ser quien participe en una competencia internacional en Australia. Sin embargo, cuando Sareh, tan r\u00e1pida y talentosa como ella, se une al equipo, Vida se enfrentar\u00e1 a una situaci\u00f3n inesperada.<\/i><\/p>\n<p>&nbsp;<\/p>\n<\/div>\n<hr \/>\n<p>&nbsp;<\/p>\n<div>\n<p>&nbsp;<\/p>\n<p><strong>5:48 La realidad del tiempo<\/strong><\/p>\n<p>2014 \/ Color \/CGI \/ 5:08 \u00a0\/\u00a0Alemania<\/p>\n<p><strong>Thomas Gugel, Director<\/strong><\/p>\n<p><em>Una interpretaci\u00f3n de Reality of Time basada en las teor\u00edas del fil\u00f3sofo franc\u00e9s Henri Bergson y su significado de la dur\u00e9e, el tiempo experimentado. Una percepci\u00f3n pura que no viene estructurada por la conciencia ni est\u00e1 disponible para nuestros comportamientos (intuici\u00f3n). Esta Reality of Time subyace, principalmente, tras lo que se muestra como obvio: su representaci\u00f3n simb\u00f3lica. No se supone que vieras lo que se est\u00e1 mostrando.<\/em><\/p>\n<p>&nbsp;<\/p>\n<\/div>\n<\/div>\n<hr \/>\n<p>&nbsp;<\/p>\n<p>&nbsp;<\/p>\n<p>&nbsp;<\/p>\n<div style=\"text-align: justify\">\n<div>\n<p><img decoding=\"async\" src=\"http:\/\/www.animafestival.com.ar\/imgs\/2015_films\/shorts02.jpg\" alt=\"Castillo y el armado | Chiaroscuro\" width=\"300\" height=\"195\" \/><\/p>\n<p><b>Castillo y el armado<\/b><\/p>\n<p><span style=\"font-weight: 400\">2014 \/ ByN <\/span><span style=\"font-weight: 400\">\/ Dibujos <\/span><span style=\"font-weight: 400\">\/ 13:46<\/span><\/p>\n<p><span style=\"font-weight: 400\">Brasil<\/span><\/p>\n<p><b>Pedro Harres, Director<\/b><\/p>\n<p><i><span style=\"font-weight: 400\">Una noche ventosa, Castillo se enfrenta con su propia crueldad, en la l\u00ednea del anzuelo.<\/span><\/i><\/p>\n<p>&nbsp;<\/p>\n<\/div>\n<hr \/>\n<p>&nbsp;<\/p>\n<div>\n<p>&nbsp;<\/p>\n<p><strong>Claroscuro<\/strong><\/p>\n<p>2014 \/ Color \/ 3D \/\u00a0CGI \/ 7:48 \/\u00a0Brasil &#8211; USA<\/p>\n<\/div>\n<div>\n<p><strong>Daniel Drummond, Director<\/strong><\/p>\n<p><em>En un ambiente desolado, el descubrimiento de una misteriosa entidad inicia una persecuci\u00f3n por el espacio abstracto. Mientras que dos organismos compiten por la luz en la oscuridad, su historia revela la naturaleza vol\u00e1til del poder.<\/em><\/p>\n<p>&nbsp;<\/p>\n<\/div>\n<\/div>\n<div style=\"text-align: justify\"><\/div>\n<div style=\"text-align: justify\">\n<hr \/>\n<\/div>\n<div style=\"text-align: justify\"><\/div>\n<div style=\"text-align: justify\">\n<div>\n<p><img decoding=\"async\" src=\"http:\/\/www.animafestival.com.ar\/imgs\/2015_films\/shorts03.jpg\" alt=\"Cooped | Dans la jolie et la bonne humeur\" width=\"300\" height=\"195\" \/><\/p>\n<div>\n<p><b>Cooped<\/b><\/p>\n<p><span style=\"font-weight: 400\">2014 \/ Color \/ Dibujos \/ \u00a09:03<\/span><\/p>\n<p><span style=\"font-weight: 400\">USA<\/span><\/p>\n<p><b>Mike A Smith, Director<\/b><br \/>\n<span style=\"font-weight: 400\">Un perro perezoso se sorprende al descubrir que un mundo entero espera a las afueras de la puerta. Ahora, nada puede impedirle salir&#8230; Excepto la puerta.<\/span><\/p>\n<p>&nbsp;<\/p>\n<hr \/>\n<p>&nbsp;<\/p>\n<p><strong>Con alegr\u00eda y buen humor<\/strong><\/p>\n<p>2014 \/ Color \/ Dibujos \/ Drawings \/ 5:15 \/\u00a0B\u00e9lgica<\/p>\n<\/div>\n<div>\n<p><strong>Jeanne Boukraa, Director<\/strong><\/p>\n<p><em>Un documental experimental en el que observamos, con escenas cotidianas, la degeneraci\u00f3n de una sociedad en la que la tecnolog\u00eda acerca al mundo al sue\u00f1o dorado de todos los seres: la inmortalidad.<\/em><\/p>\n<p>&nbsp;<\/p>\n<\/div>\n<\/div>\n<\/div>\n<hr \/>\n<p>&nbsp;<\/p>\n<p>&nbsp;<\/p>\n<div style=\"text-align: justify\">\n<p><img loading=\"lazy\" decoding=\"async\" src=\"http:\/\/www.animafestival.com.ar\/imgs\/2015_films\/shorts04.jpg\" alt=\"Eggplant | Elu Herman H. Rott'iga\" width=\"300\" height=\"195\" \/><\/p>\n<p><strong>Berenjena<\/strong><\/p>\n<p><span style=\"font-weight: 400\">2014 \/ Color \/ Dibujos \/ 8:00<\/span><\/p>\n<p><span style=\"font-weight: 400\">USA<\/span><\/p>\n<p><span style=\"font-weight: 400\">University of California Los Angeles<\/span><\/p>\n<p><b>Yangzi <\/b><b>She, <\/b><b>Director<\/b><\/p>\n<p><i><span style=\"font-weight: 400\">Durian naci\u00f3 con las expresiones faciales opuestas a las del resto de la gente. La pel\u00edcula muestra una etapa en la vida de este ni\u00f1o que se hace adulto, mostrando hitos, tanto de su vida real, como de su mundo imaginario.<\/span><\/i><\/p>\n<p>&nbsp;<\/p>\n<hr \/>\n<p>&nbsp;<\/p>\n<p>&nbsp;<\/p>\n<p><strong>La vida con Herman H. Rott<\/strong><\/p>\n<p>2015 \/ Color \/ Dibujos \/ Drawings \/ 11:00<\/p>\n<p>Estonia \/ Croacia \/ Dinamarca<\/p>\n<p><strong>Chintis Lundgren, Director<\/strong><\/p>\n<p><em>Herman es una rata que disfruta beber mucho, escuchar m\u00fasica estridente y el ajedrez. No es adepto a la limpieza, y el desorden en su apartamento lo hace sentir m\u00e1s como en casa.<\/em><\/p>\n<p><em>Un buen d\u00eda, un gato muy ordenado, con una debilidad especial por los machos desordenados, decide mudarse al apartamento. Tambi\u00e9n muda consigo una aspiradora, un piano y lo que es peor, una colecci\u00f3n de discos de m\u00fasica cl\u00e1sica.<\/em><\/p>\n<p>&nbsp;<\/p>\n<hr \/>\n<p>&nbsp;<\/p>\n<p>&nbsp;<\/p>\n<\/div>\n<div style=\"text-align: justify\">\n<p><img loading=\"lazy\" decoding=\"async\" src=\"http:\/\/www.animafestival.com.ar\/imgs\/2015_films\/shorts05.jpg\" alt=\"Ernie Biscuit | Erotango\" width=\"300\" height=\"195\" \/><\/p>\n<p><b>Ernie Biscuit<\/b><\/p>\n<p><span style=\"font-weight: 400\">2015 \/ Color \/ Plastilina \/<\/span><span style=\"font-weight: 400\">\u00a021:00<\/span><\/p>\n<p><span style=\"font-weight: 400\">Australia<\/span><\/p>\n<p><b>Adam Elliot, Director<\/b><\/p>\n<p><span style=\"font-weight: 400\">La vida de un taxidermista parisino, solitario y sordo, cambia por completo cuando una paloma muerta llega a su puerta.<\/span><\/p>\n<p>&nbsp;<\/p>\n<hr \/>\n<p>&nbsp;<\/p>\n<p><strong>Erotango<\/strong><\/p>\n<p>2014 \/ Color \/ Dibujos\u00a0\/ 6:00 \/\u00a0Argentina<\/p>\n<p><strong>Mariano Villegas &amp; Jorge Benedetti, Directors<\/strong><\/p>\n<p><em>Una fantas\u00eda animada donde dos historias paralelas se desarrollan al comp\u00e1s de un tango.<\/em><\/p>\n<hr \/>\n<p>&nbsp;<\/p>\n<\/div>\n<div style=\"text-align: justify\"><img loading=\"lazy\" decoding=\"async\" src=\"http:\/\/www.animafestival.com.ar\/imgs\/2015_films\/shorts07.jpg\" alt=\"Historia de un oso | Imperium Vacui\" width=\"300\" height=\"195\" \/><\/div>\n<div style=\"text-align: justify\">\n<p><b>Historia de un oso<\/b><\/p>\n<p><span style=\"font-weight: 400\">2014 \/ Color \/ CGI \/ 9:30<\/span><\/p>\n<p><span style=\"font-weight: 400\">Chile<\/span><\/p>\n<p><b>Gabriel Osorio,Director<\/b><\/p>\n<p><span style=\"font-weight: 400\">Un viejo oso sale todos los d\u00edas a la misma esquina, para montar un espect\u00e1culo callejero con un peque\u00f1o teatro que \u00e9l mismo ha construido, lleno de marionetas de hojalata. Los transe\u00fantes pueden ver la historia de un oso de circo que fue separado de su familia y su viaje para volver a casa.<\/span><\/p>\n<p>&nbsp;<\/p>\n<hr \/>\n<p>&nbsp;<\/p>\n<p><strong>Imperium vacui<\/strong><\/p>\n<p>2013 \/ Color \/ Stop Motion \/ 5:04<\/p>\n<p>Italia<\/p>\n<p><b>Massimo Ottoni &amp; Linda Kelvink, Directors<\/b><\/p>\n<p><em><span style=\"font-weight: 400\">Un hombre lucha contra un r\u00e9gimen que ha perdido todo rastro de humanidad; pero su acto de rebeld\u00eda parece ser un engranaje m\u00e1s del Sistema. \u00c9l no puede hacer otra cosa m\u00e1s que jugar su papel en el f\u00fatil juego del poder.<\/span><\/em><\/p>\n<p>&nbsp;<\/p>\n<hr \/>\n<p>&nbsp;<\/p>\n<p>&nbsp;<\/p>\n<\/div>\n<div style=\"text-align: justify\">\n<div><img loading=\"lazy\" decoding=\"async\" src=\"http:\/\/www.animafestival.com.ar\/imgs\/2015_films\/shorts08.jpg\" alt=\"Jeune et fou | Land\" width=\"300\" height=\"195\" \/><\/div>\n<\/div>\n<div>\n<p>&nbsp;<\/p>\n<p><strong>Joven y loco<\/strong><\/p>\n<p><span style=\"font-weight: 400\">2014 \/ ByN \/<\/span><span style=\"font-weight: 400\">\u00a0Pintura sobre vidrio <\/span><span style=\"font-weight: 400\">\u00a0\/ 3:19<\/span><\/p>\n<p><span style=\"font-weight: 400\">B\u00e9lgica<\/span><\/p>\n<p><b>Fabian Dores Pais, Director<\/b><\/p>\n<p><span style=\"font-weight: 400\">La historia de una vida repetitiva donde a\u00fan deseamos creer en sus ideales. La historia de ilusiones enterradas que est\u00e1n buscando resurgir.<\/span><\/p>\n<p>&nbsp;<\/p>\n<hr \/>\n<p>&nbsp;<\/p>\n<p><strong>Tierra<\/strong><\/p>\n<p><span style=\"font-weight: 400\">2013 \/ Color \/ 2D CGI \/ 3:41<\/span><\/p>\n<p><span style=\"font-weight: 400\">Jap\u00f3n<\/span><\/p>\n<\/div>\n<div>\n<p><b>Masanobu Hiraoka,Director<\/b><\/p>\n<p><em><span style=\"font-weight: 400\">Abstracci\u00f3n y metamorfosis.<\/span><\/em><\/p>\n<p>&nbsp;<\/p>\n<\/div>\n<div><\/div>\n<div>\n<hr \/>\n<\/div>\n<div style=\"text-align: justify\">\u00a0<img loading=\"lazy\" decoding=\"async\" src=\"http:\/\/www.animafestival.com.ar\/imgs\/2015_films\/shorts06.jpg\" alt=\"Fish is what I desire | Flaming\" width=\"300\" height=\"195\" \/><\/div>\n<p>&nbsp;<\/p>\n<p><strong>El pescado es lo que deseo<\/strong><\/p>\n<p><span style=\"font-weight: 400\">2015 \/ Color \/ Dibujos <\/span><span style=\"font-weight: 400\">\/ 7:27<\/span><\/p>\n<p><span style=\"font-weight: 400\">Reino Unido<\/span><\/p>\n<p><span style=\"font-weight: 400\">Royal College of Art<\/span><\/p>\n<p><b>Yao Xiang, Director<\/b><\/p>\n<p><i><span style=\"font-weight: 400\">Una ni\u00f1a de 12 a\u00f1os que se reh\u00fasa a comer el pescado que cocinan sus padres porque le recuerda la traici\u00f3n a su amiga de la escuela.<\/span><\/i><\/p>\n<p>&nbsp;<\/p>\n<hr \/>\n<p>&nbsp;<\/p>\n<p><strong>Flamingo<\/strong><\/p>\n<div style=\"text-align: justify\"><span style=\"font-weight: 400\">2013 \/ Color \/ Dibujos, 3D \/ <\/span><i><span style=\"font-weight: 400\">Drawings, 3D<\/span><\/i><span style=\"font-weight: 400\"> \/ 5:00<\/span><\/div>\n<div style=\"text-align: justify\">\n<p><span style=\"font-weight: 400\">Venezuela<\/span><\/p>\n<p><b>Carl Zitelmann, Director<\/b><\/p>\n<p><em><span style=\"font-weight: 400\">Una historia musical de car\u00e1cter surrealista, que plasma el luto emocional que atravesamos cuando terminamos una relaci\u00f3n importante en nuestras vidas.<\/span><\/em><\/p>\n<p>&nbsp;<\/p>\n<hr \/>\n<p>&nbsp;<\/p>\n<p>&nbsp;<\/p>\n<\/div>\n<div style=\"text-align: justify\">\n<div><img loading=\"lazy\" decoding=\"async\" src=\"http:\/\/www.animafestival.com.ar\/imgs\/2015_films\/shorts09.jpg\" alt=\"Le blues du rose | Lepatus\" width=\"300\" height=\"195\" \/><\/div>\n<div>\n<p>&nbsp;<\/p>\n<p><strong>Los blues de Rosa<\/strong><\/p>\n<p><span style=\"font-weight: 400\">2013 \/ Color \/ Stop Motion &#8211; Cutout \/ 3:22<\/span><\/p>\n<p><span style=\"font-weight: 400\">Francia<\/span><\/p>\n<p><b>Robin Nar\u00e8ce, Director<\/b><\/p>\n<p><span style=\"font-weight: 400\">El soldado de juguete color rosado perdi\u00f3 su color y se vuelve azul. Se siente triste y solitario. Todos sus amigos lo ayudar\u00e1n a regresar a su color original. <\/span><\/p>\n<p>&nbsp;<\/p>\n<hr \/>\n<p>&nbsp;<\/p>\n<p><strong>Lepatus<\/strong><\/p>\n<p><span style=\"font-weight: 400\">2015 \/ Color \/ Dibujo<\/span><span style=\"font-weight: 400\">\u00a0\/ 5:20<\/span><\/p>\n<p><span style=\"font-weight: 400\">Finlandia<\/span><\/p>\n<\/div>\n<div>\n<p><b>Tatu Pohjavirta, Director<\/b><\/p>\n<p><em><span style=\"font-weight: 400\">Un hombre desnudo se encuentra en una monta\u00f1a. Se inclina hacia el viento, y aletea.<\/span><\/em><\/p>\n<p>&nbsp;<\/p>\n<hr \/>\n<p>&nbsp;<\/p>\n<p>&nbsp;<\/p>\n<p>&nbsp;<\/p>\n<\/div>\n<div><img loading=\"lazy\" decoding=\"async\" src=\"http:\/\/www.animafestival.com.ar\/imgs\/2015_films\/shorts10.jpg\" alt=\"Mi ne mozhem zhit bez kosmosa | Mute\" width=\"300\" height=\"195\" \/><\/div>\n<\/div>\n<div style=\"text-align: justify\">\n<p>&nbsp;<\/p>\n<p><strong>No podemos vivir sin el cosmos<\/strong><\/p>\n<p><span style=\"font-weight: 400\">2014 \/ Color \/ Dibujos<\/span><span style=\"font-weight: 400\">\u00a0\/ 15:25<\/span><\/p>\n<p><span style=\"font-weight: 400\">Rusia<\/span><\/p>\n<p><b>Konstantin Bronzit, Director<\/b><\/p>\n<p><span style=\"font-weight: 400\">Dos cosmonautas, dos amigos, intentan dar lo mejor de ellos en su entrenamiento diario para realizar su sue\u00f1o com\u00fan. Pero esta historia no es sobre el sue\u00f1o<\/span><span style=\"font-weight: 400\">. <\/span><\/p>\n<hr \/>\n<p>&nbsp;<\/p>\n<p><strong>Mudo<\/strong><\/p>\n<p><span style=\"font-weight: 400\">2013 \/ Color \/ 3D CGI \/ 4:22<\/span><\/p>\n<p><span style=\"font-weight: 400\">Pa\u00edses Bajos<\/span><\/p>\n<\/div>\n<div style=\"text-align: justify\">\n<p><b>Job Roggeveen, Joris Oprins &amp; Marieke Blaauw, Directors<\/b><\/p>\n<p><em><span style=\"font-weight: 400\">En un mundo poblado de gente que no tiene boca, un accidente lleva a descubrir que la boca se puede crear cort\u00e1ndosela uno mismo. Esto desemboca una entusiasta reacci\u00f3n en cadena.<\/span><\/em><\/p>\n<hr \/>\n<p>&nbsp;<\/p>\n<\/div>\n<div style=\"text-align: justify\">\n<div><img loading=\"lazy\" decoding=\"async\" src=\"http:\/\/www.animafestival.com.ar\/imgs\/2015_films\/shorts11.jpg\" alt=\"Nuggets | Otto\" width=\"300\" height=\"195\" \/><\/div>\n<div>\n<p>&nbsp;<\/p>\n<p><b>Nuggets<\/b><\/p>\n<p><span style=\"font-weight: 400\">2014 \/ Color \/ Dibujos \/<\/span><span style=\"font-weight: 400\">\u00a05:17<\/span><\/p>\n<p><span style=\"font-weight: 400\">Alemania\u00a0<\/span><\/p>\n<p><b>Andreas Hykade, Director<\/b><\/p>\n<p><span style=\"font-weight: 400\">Kiwi prueba una pepita de oro. Es deliciosa.<\/span><\/p>\n<p>&nbsp;<\/p>\n<hr \/>\n<p>&nbsp;<\/p>\n<p><strong>Otto<\/strong><\/p>\n<p><span style=\"font-weight: 400\">2015 \/ Color \/ Stop Motion \/ 1:55<\/span><\/p>\n<p><span style=\"font-weight: 400\">Italia<\/span><\/p>\n<\/div>\n<div>\n<p><b>Salvatore Murgia &amp; Dario Imbrogno, Director<\/b><\/p>\n<p><i><span style=\"font-weight: 400\">Una pel\u00edcula hecha con la intenci\u00f3n de hablar, de manera metaf\u00f3rica y abstracta, sobre el ciclo natural de las cosas, que muchas veces cambia las reglas para los personajes involucrados.<\/span><\/i><\/p>\n<p>&nbsp;<\/p>\n<hr \/>\n<p>&nbsp;<\/p>\n<\/div>\n<div><img loading=\"lazy\" decoding=\"async\" src=\"http:\/\/www.animafestival.com.ar\/imgs\/2015_films\/shorts12.jpg\" alt=\"Pig | Ruozne druhy ludi\" width=\"300\" height=\"195\" \/><\/div>\n<\/div>\n<div style=\"text-align: justify\">\n<p>&nbsp;<\/p>\n<p><strong>Cerdo<\/strong><\/p>\n<p><span style=\"font-weight: 400\">2015 \/ Color \/ Medios mixtos \/ 3:19<\/span><\/p>\n<p><i><span style=\"font-weight: 400\">USA<\/span><\/i><\/p>\n<p><b>Steven Subotnick, Director<\/b><\/p>\n<p><span style=\"font-weight: 400\">El cerdo es todo<\/span><\/p>\n<p>&nbsp;<\/p>\n<hr \/>\n<p>&nbsp;<\/p>\n<p>&nbsp;<\/p>\n<p><strong>Distintos tipos de gente<\/strong><\/p>\n<p>2015 \/ Color \/ 2D \/ 3:15<\/p>\n<p><span style=\"font-weight: 400\">Rep\u00fablica Checa, Slovakia<\/span><\/p>\n<\/div>\n<div style=\"text-align: justify\">\n<p><b>Michaela Pavlatova, Director<\/b><\/p>\n<p><em><span style=\"font-weight: 400\">Videoclip de la canci\u00f3n de Dominika Fri\u010dova.<\/span><\/em><\/p>\n<p><em><span style=\"font-weight: 400\">Hay diferentes tipos de personas, alguien es terriblemente aburrido, alguien est\u00e1 jugando con la vida<\/span><span style=\"font-weight: 400\">.<\/span><\/em><\/p>\n<p>&nbsp;<\/p>\n<hr \/>\n<p>&nbsp;<\/p>\n<p>&nbsp;<\/p>\n<\/div>\n<div style=\"text-align: justify\">\n<div><img loading=\"lazy\" decoding=\"async\" src=\"http:\/\/www.animafestival.com.ar\/imgs\/2015_films\/shorts13.jpg\" alt=\"Sim Gyeong | Smart Monkey\" width=\"300\" height=\"195\" \/><\/div>\n<div>\n<p>&nbsp;<\/p>\n<p><strong>Espejo en Mente<\/strong><\/p>\n<p><span style=\"font-weight: 400\">2014\/ Color \/ Dibujos<\/span><span style=\"font-weight: 400\">\u00a0\/ 2:04<\/span><\/p>\n<p><span style=\"font-weight: 400\">Corea del Sur \/ South Korea<\/span><\/p>\n<p><b>Seunghee Kim, Director<\/b><\/p>\n<p><span style=\"font-weight: 400\">Yo soy el \u00e1ngel del jard\u00edn que la luz rodear\u00e1, para florecer por siempre.<\/span><\/p>\n<hr \/>\n<p>&nbsp;<\/p>\n<p>&nbsp;<\/p>\n<p><strong>Mono Inteligente<\/strong><\/p>\n<p><span style=\"font-weight: 400\">2014 \/ByN \/ Dibujos <\/span><span style=\"font-weight: 400\">\/ 18:00<\/span><\/p>\n<p><span style=\"font-weight: 400\">Francia<\/span><\/p>\n<\/div>\n<div>\n<p><b>Nicolas Pawlowski &amp; Winshluss (Vincent Parronaud), Directors<\/b><\/p>\n<p><i><span style=\"font-weight: 400\">La lucha del d\u00e9bil por sobrevivir al m\u00e1s fuerte es ancestral. En la jungla paleol\u00edtica, un revoltoso monito enfrenta a peligrosos depredadores. Un ep\u00edlogo, que sucede siglos m\u00e1s tarde, nos recuerda que la civilizaci\u00f3n no se cre\u00f3 sobre la base de los buenos sentimientos.<\/span><\/i><\/p>\n<\/div>\n<div><\/div>\n<hr \/>\n<div><\/div>\n<p>&nbsp;<\/p>\n<div><img loading=\"lazy\" decoding=\"async\" src=\"http:\/\/www.animafestival.com.ar\/imgs\/2015_films\/shorts14.jpg\" alt=\"Teeth | Tempete Sur Anorak\" width=\"300\" height=\"195\" \/><\/div>\n<\/div>\n<div style=\"text-align: justify\">\n<p><strong>Tormenta en anorak<\/strong><\/p>\n<p><span style=\"font-weight: 400\">2014 \/ Color \/ 2D \/ 13:00 <\/span><\/p>\n<p><span style=\"font-weight: 400\">Francia\u00a0<\/span><\/p>\n<p><b>Paul Cabon, Director<\/b><\/p>\n<p><span style=\"font-weight: 400\">Una tormenta azota las costas bretonas. La naturaleza enloquece, los acontecimientos se precipitan, dos j\u00f3venes cient\u00edficos quedan atrapados en el tumulto. Espionaje, tensiones rom\u00e1nticas y momentos de misticismo entrechocan con entusiasmo en el caos.<\/span><br \/>\n<b><\/b><\/p>\n<hr \/>\n<p>&nbsp;<\/p>\n<p>&nbsp;<\/p>\n<p><strong>Dientes<\/strong><\/p>\n<p><span style=\"font-weight: 400\">2015\/ Color \/ Dibujos<\/span><span style=\"font-weight: 400\">\u00a0\/ 6:00<\/span><\/p>\n<p><span style=\"font-weight: 400\">Reino Unido, Hungr\u00eda, USA\u00a0<\/span><\/p>\n<p><b>Daniel Gray &amp; Tom Brown, Directors<\/b><\/p>\n<p><span style=\"font-weight: 400\">La vida de un hombre equivocado e intensamente obsesionado, una cr\u00f3nica a trav\u00e9s de sus obsesiones orales.<\/span><\/p>\n<hr \/>\n<p>&nbsp;<\/p>\n<\/div>\n<div style=\"text-align: justify\">\n<div><img loading=\"lazy\" decoding=\"async\" src=\"http:\/\/www.animafestival.com.ar\/imgs\/2015_films\/shorts15.jpg\" alt=\"The Love Story | The Race\" width=\"300\" height=\"195\" \/><\/div>\n<div>\n<p>&nbsp;<\/p>\n<p><strong>La historia de amor<\/strong><\/p>\n<p><span style=\"font-weight: 400\">2015 \/ Color \/ 3D &amp; 2D \/ 5:17<\/span><\/p>\n<p><span style=\"font-weight: 400\">USA<\/span><\/p>\n<p><span style=\"font-weight: 400\">Rhode Island School of Design<\/span><\/p>\n<p><b>Evan Grothjan, Director<\/b><\/p>\n<p><span style=\"font-weight: 400\">Un hombre se despierta del sue\u00f1o Americano.<\/span><\/p>\n<p>&nbsp;<\/p>\n<hr \/>\n<p>&nbsp;<\/p>\n<p><strong><i>La raza<\/i><\/strong><\/p>\n<p><span style=\"font-weight: 400\">2015 \/ Color \/ CGI \/ 15:30<\/span><\/p>\n<p><span style=\"font-weight: 400\">Francia<\/span><\/p>\n<\/div>\n<div>\n<p><b>Micha\u00ebl LeMeur, Director<\/b><\/p>\n<p><i><span style=\"font-weight: 400\">Condenada a crecer, y nunca satisfecha la humanidad se apresura y corre hacia un mundo lento y limitado.<\/span><\/i><\/p>\n<p><i><span style=\"font-weight: 400\">\u00bfY si esta agitada carrera no es el fruto de nuestro libre albedr\u00edo sino el resultado de fuerzas mec\u00e1nicas que dirigen el mundo?<\/span><\/i><\/p>\n<p>&nbsp;<\/p>\n<hr \/>\n<p>&nbsp;<\/p>\n<\/div>\n<div><img loading=\"lazy\" decoding=\"async\" src=\"http:\/\/www.animafestival.com.ar\/imgs\/2015_films\/shorts16.jpg\" alt=\"This is not a time to lie | Uncanny Valley\" width=\"300\" height=\"195\" \/><\/div>\n<div>\n<p>&nbsp;<\/p>\n<p><strong><i>Este no es un tiempo para mentir<\/i><\/strong><\/p>\n<p><span style=\"font-weight: 400\">2014 \/ Color \/ 2D \/ 03:32<\/span><\/p>\n<p><i><span style=\"font-weight: 400\">China<\/span><\/i><\/p>\n<p><b>Lei Lei, Director<\/b><\/p>\n<p><span style=\"font-weight: 400\">Tengo miedo, no me atrevo a mirar hacia adelante.<\/span><\/p>\n<p><span style=\"font-weight: 400\">Este no es un buen momento para mentir.<\/span><\/p>\n<p>&nbsp;<\/p>\n<hr \/>\n<p>&nbsp;<\/p>\n<p><strong>Valle Misterioso<\/strong><\/p>\n<p><span style=\"font-weight: 400\">2015 \/ Color \/ Pixilation \/ 13:30<\/span><\/p>\n<p><span style=\"font-weight: 400\">Austria &#8211; Francia<\/span><\/p>\n<\/div>\n<div>\n<p><b>Paul Wenninger, Director<\/b><\/p>\n<p><i><span style=\"font-weight: 400\">En un museo, proyectan un diorama que representa a dos soldados en una trinchera. Los soldados cobran vida. No pueden ocultar su miedo. Explosiones, caos, niebla: cada vez que oyen un disparo, se encogen o se doblan de temor.<\/span><\/i><\/p>\n<p>&nbsp;<\/p>\n<\/div>\n<\/div>\n<div style=\"text-align: justify\">\n<hr \/>\n<\/div>\n<div style=\"text-align: justify\">\n<p>&nbsp;<\/p>\n<\/div>\n<div style=\"text-align: justify\">\n<div><img loading=\"lazy\" decoding=\"async\" src=\"http:\/\/www.animafestival.com.ar\/imgs\/2015_films\/shorts17.jpg\" alt=\"Us | Wiener Blut\" width=\"300\" height=\"195\" \/><\/div>\n<\/div>\n<div style=\"text-align: justify\">\n<p>&nbsp;<\/p>\n<p><strong>Nosotros<\/strong><\/p>\n<p><span style=\"font-weight: 400\">2013 \/ Color \/ Dibujos <\/span><span style=\"font-weight: 400\">\/ 8:53<\/span><\/p>\n<p><span style=\"font-weight: 400\">Francia &#8211; B\u00e9lgica\u00a0<\/span><\/p>\n<p><b>Ulrich Totier, Director<\/b><\/p>\n<p><i><span style=\"font-weight: 400\">En un escenario vac\u00edo y atemporal vagan unas graciosas y peque\u00f1as figuras &#8230; hasta que desde el cielo cae una piedra.<\/span><\/i><\/p>\n<p>&nbsp;<\/p>\n<hr \/>\n<p>&nbsp;<\/p>\n<p><strong>Sangre vienesa<\/strong><\/p>\n<p><span style=\"font-weight: 400\">2014 \/ Color \/ Dibujos \/ 8:03<\/span><\/p>\n<p><span style=\"font-weight: 400\">Croacia<\/span><\/p>\n<\/div>\n<div style=\"text-align: justify\">\n<p><b>Zlatko Bourek &amp; Pavao \u0160talter, Directors<\/b><\/p>\n<p><i><span style=\"font-weight: 400\">La pel\u00edcula narra los recuerdos del autor al comienzo de la Segunda Guerra Mundial. La acci\u00f3n sigue a la se\u00f1ora Sarika, que parte hacia el geri\u00e1trico jud\u00edo. Aquello que se supon\u00eda, ser\u00eda el sereno final de su vida, se convierte en el horror del holocausto en el que ser\u00e1 prisionera. Los elementos visuales de la pel\u00edcula est\u00e1n inspirados en Georg Grosz y Otto Dix<\/span><\/i><\/p>\n<p>&nbsp;<\/p>\n<hr \/>\n<p>&nbsp;<\/p>\n<\/div>\n","protected":false},"excerpt":{"rendered":"<p>Competencia Internacional de Cortometrajes &nbsp; Banderas de playa 2014 \/ Color \/ Dibujos\u00a0\/ 13:39 Francia Sarah Saidan, Director Vida es una joven guardavidas iran\u00ed. Muy popular en su equipo, est\u00e1 [&hellip;]<\/p>\n","protected":false},"author":1,"featured_media":0,"parent":0,"menu_order":0,"comment_status":"closed","ping_status":"closed","template":"","meta":{"footnotes":""},"class_list":["post-1440","page","type-page","status-publish","hentry"],"_links":{"self":[{"href":"http:\/\/www.animafestival.com.ar\/2015\/wp-json\/wp\/v2\/pages\/1440","targetHints":{"allow":["GET"]}}],"collection":[{"href":"http:\/\/www.animafestival.com.ar\/2015\/wp-json\/wp\/v2\/pages"}],"about":[{"href":"http:\/\/www.animafestival.com.ar\/2015\/wp-json\/wp\/v2\/types\/page"}],"author":[{"embeddable":true,"href":"http:\/\/www.animafestival.com.ar\/2015\/wp-json\/wp\/v2\/users\/1"}],"replies":[{"embeddable":true,"href":"http:\/\/www.animafestival.com.ar\/2015\/wp-json\/wp\/v2\/comments?post=1440"}],"version-history":[{"count":25,"href":"http:\/\/www.animafestival.com.ar\/2015\/wp-json\/wp\/v2\/pages\/1440\/revisions"}],"predecessor-version":[{"id":1619,"href":"http:\/\/www.animafestival.com.ar\/2015\/wp-json\/wp\/v2\/pages\/1440\/revisions\/1619"}],"wp:attachment":[{"href":"http:\/\/www.animafestival.com.ar\/2015\/wp-json\/wp\/v2\/media?parent=1440"}],"curies":[{"name":"wp","href":"https:\/\/api.w.org\/{rel}","templated":true}]}}