{"id":1463,"date":"2015-09-02T16:05:54","date_gmt":"2015-09-02T19:05:54","guid":{"rendered":"http:\/\/www.animafestival.com.ar\/2015\/?page_id=1463"},"modified":"2015-09-05T16:06:28","modified_gmt":"2015-09-05T19:06:28","slug":"competencia-argentina-2015","status":"publish","type":"page","link":"http:\/\/www.animafestival.com.ar\/2015\/competencia-argentina-2015\/","title":{"rendered":"Competencia Argentina 2015"},"content":{"rendered":"<h2>Competencia Argentina<\/h2>\n<div>\n<div><img fetchpriority=\"high\" decoding=\"async\" src=\"http:\/\/www.animafestival.com.ar\/imgs\/2015_films\/arg01.jpg\" alt=\"Arroz y F\u00f3sforos | Ases de luz\" width=\"300\" height=\"195\" \/><\/div>\n<div>\n<p><b>Arroz y F\u00f3sforos<\/b><\/p>\n<p><span style=\"font-weight: 400\">2015 \/ Color \/ 3D CGI \/ 9:00<\/span><\/p>\n<p><b>Javier Beltramino, Director<\/b><\/p>\n<p><span style=\"font-weight: 400\">Un anciano y su tristeza conviven en la m\u00e1s absoluta soledad. La muerte de su mujer y la pragm\u00e1tica indiferencia de sus hijos lo encuentran resentido, aferrado a su viejo malet\u00edn; depositario de sus ego\u00edstas ambiciones. Pero algo inesperado sacudir\u00e1.<\/span><\/p>\n<hr \/>\n<p>&nbsp;<\/p>\n<\/div>\n<div>\n<p>&nbsp;<\/p>\n<p><b>Ases de Luz<\/b><\/p>\n<p><span style=\"font-weight: 400\">2014 \/ Color \/ Dibujos \/ <\/span><i><span style=\"font-weight: 400\">Drawings<\/span><\/i><span style=\"font-weight: 400\"> \/ 1:00<\/span><\/p>\n<p><b>V\u00edctor Daniel Duche<\/b><b>, Director<\/b><\/p>\n<p><span style=\"font-weight: 400\">El As de la fuerza a\u00e9rea surca los cielos cuando, repentinamente, es invadido por una incre\u00edble emoci\u00f3n. Delante de \u00e9l, una bell\u00edsima luz blanca resplandece en el cielo y parece llamarlo para otorgarle felicidad. Completamente at\u00f3nito, se dirige a su encuentro y con \u00e9l, el resto de la escuadrilla.<\/span><\/p>\n<hr \/>\n<p>&nbsp;<\/p>\n<\/div>\n<div><\/div>\n<div><img decoding=\"async\" src=\"http:\/\/www.animafestival.com.ar\/imgs\/2015_films\/arg02.jpg\" alt=\"Desperteitor | Do\u00f1a Ubenza\" width=\"300\" height=\"195\" \/><\/div>\n<div>\n<p><b>Desperteitor<\/b><\/p>\n<p><span style=\"font-weight: 400\">2014 \/ Color \/ <\/span><span style=\"font-weight: 400\">Stop Motion &#8211; Pixillation <\/span><span style=\"font-weight: 400\">\/ 1:20<\/span><\/p>\n<p><b>Creaci\u00f3n colectiva<\/b><\/p>\n<p><span style=\"font-weight: 400\">Es una ma\u00f1ana como todas las dem\u00e1s, Elsa quiere dormir 5 minutos m\u00e1s. Pero su despertador est\u00e1 decidido a cumplir con su trabajo, cueste lo que cueste\u2026<\/span><\/p>\n<hr \/>\n<p>&nbsp;<\/p>\n<\/div>\n<div>\n<p>&nbsp;<\/p>\n<p><b>Do<\/b><b>\u00f1<\/b><b>a Ubenza<\/b><\/p>\n<p><span style=\"font-weight: 400\">2015 \/ Color \/ <\/span><span style=\"font-weight: 400\">Stop Motion <\/span><span style=\"font-weight: 400\">\/ 3:30<\/span><\/p>\n<p><b>Juan Manuel Costa<\/b><b>, Director<\/b><\/p>\n<p><span style=\"font-weight: 400\">La pastora sube la monta\u00f1a en busca de un momento especial.<\/span><\/p>\n<hr \/>\n<p>&nbsp;<\/p>\n<\/div>\n<div><\/div>\n<\/div>\n<div><\/div>\n<div>\n<div><img decoding=\"async\" src=\"http:\/\/www.animafestival.com.ar\/imgs\/2015_films\/arg03.jpg\" alt=\"El cuarto herm\u00e9tico | El gran Vairitosky\" width=\"300\" height=\"195\" \/><\/div>\n<div>\n<p><b>El Cuarto Herm\u00e9tico<\/b><\/p>\n<p><span style=\"font-weight: 400\">2014 \/ Color \/ <\/span><span style=\"font-weight: 400\">Stop Motion \/ <\/span><span style=\"font-weight: 400\">2:27<\/span><\/p>\n<p><b>Agust\u00edn Touri\u00f1o<\/b><b>, Director<\/b><\/p>\n<p><span style=\"font-weight: 400\">Un hombre aparece, sin saber por qu\u00e9, dentro de un peque\u00f1o cuarto. Al parecer no existe ninguna salida.<\/span><\/p>\n<hr \/>\n<p>&nbsp;<\/p>\n<\/div>\n<\/div>\n<div>\n<p>&nbsp;<\/p>\n<p><b>El gran vairitosky<\/b><\/p>\n<p><span style=\"font-weight: 400\">2014 \/ Color \/ <\/span><span style=\"font-weight: 400\">Stop Motion \/ <\/span><span style=\"font-weight: 400\">14:18<\/span><\/p>\n<p><b>Matias Carrizo<\/b><b>, Director<\/b><\/p>\n<p><span style=\"font-weight: 400\">Vairitosky es un artista de circo que tiene el don de ser inmortal. Pero algo sucede, Vairitosky no sale a escena. El p\u00fablico, compuesto por fr\u00edas personas de la alta sociedad exigir\u00e1n al presentador del circo que Vairitosky aparezca cueste lo que cueste.<\/span><\/p>\n<hr \/>\n<p>&nbsp;<\/p>\n<\/div>\n<div><\/div>\n<div>\n<div><img loading=\"lazy\" decoding=\"async\" src=\"http:\/\/www.animafestival.com.ar\/imgs\/2015_films\/arg04.jpg\" alt=\"Fuego | Inodorotem\" width=\"300\" height=\"195\" \/><\/div>\n<div>\n<p>&nbsp;<\/p>\n<p><b>Fuego<\/b><\/p>\n<p><span style=\"font-weight: 400\">2015 \/ Color \/ 3D CGI \/ 12:05<\/span><\/p>\n<p><span style=\"font-weight: 400\">Dise\u00f1o de Imagen y Sonido, FADU, UBA<\/span><\/p>\n<p><b>Pablo Penchansky, Director<\/b><\/p>\n<p><span style=\"font-weight: 400\">Alrededor de la fogata, se encuentran seis figuras. Una de ellas emprende una odisea.<\/span><\/p>\n<hr \/>\n<p>&nbsp;<\/p>\n<\/div>\n<div>\n<p>&nbsp;<\/p>\n<p><b>Inodorotem<\/b><\/p>\n<p><span style=\"font-weight: 400\">2014 \/ Color \/<\/span><i><span style=\"font-weight: 400\"> Stop Motion<\/span><\/i><span style=\"font-weight: 400\">\/ 2:49<\/span><\/p>\n<p><span style=\"font-weight: 400\">Dpto. de Cine y TV, Facultad de Artes, UNC<\/span><\/p>\n<p><b>Facundo Corsini, Franco Torres, Directores<\/b><\/p>\n<p><i><span style=\"font-weight: 400\">La vida de dos inodoros de un ba\u00f1o p\u00fablico se desarrolla estresante, durante su trabajo fundamental: hacer desaparecer lo desechable.<\/span><\/i><\/p>\n<hr \/>\n<p>&nbsp;<\/p>\n<\/div>\n<\/div>\n<div><\/div>\n<div>\n<div><img loading=\"lazy\" decoding=\"async\" src=\"http:\/\/www.animafestival.com.ar\/imgs\/2015_films\/arg05.jpg\" alt=\"Jojos | La gallina clueca\" width=\"300\" height=\"195\" \/><\/div>\n<div>\n<p><b>JOJOS<\/b><\/p>\n<p><span style=\"font-weight: 400\">2015 \/ Color \/ Dibujos<\/span><span style=\"font-weight: 400\">\u00a0\/ 4:20<\/span><\/p>\n<p><b>Sim\u00f3n Grigoleit, Director<\/b><\/p>\n<p><span style=\"font-weight: 400\">Un viaje al interior de los pensamientos de un ni\u00f1o, cuyos ojos ven lo que quieren ver, mezcl\u00e1ndolo y confundi\u00e9ndolo todo.<\/span><\/p>\n<hr \/>\n<p>&nbsp;<\/p>\n<\/div>\n<div>\n<p>&nbsp;<\/p>\n<p><b><i>La Gallina clueca<\/i><\/b><\/p>\n<p><span style=\"font-weight: 400\">2014 \/ Color \/ 2D \/<\/span> <span style=\"font-weight: 400\">11:00<\/span><\/p>\n<p><b>Maia Ferro, Director<\/b><\/p>\n<p><span style=\"font-weight: 400\">A\u00f1os \u201950 en las afueras de Rosario. El tango, y todo lo que este rodea, est\u00e1 en auge. Dos j\u00f3venes queridos del pueblo, Amalia y Carlos, se casan; festejan en un sal\u00f3n de club ambientado para la ocasi\u00f3n. Una orquesta t\u00edpica anima la fiesta. Pero al llegar el invitado m\u00e1s esperado y famoso del pueblo, har\u00e1 que la novia se vea envuelta en una situaci\u00f3n complicada.<\/span><\/p>\n<hr \/>\n<p>&nbsp;<\/p>\n<\/div>\n<div><\/div>\n<div><img loading=\"lazy\" decoding=\"async\" src=\"http:\/\/www.animafestival.com.ar\/imgs\/2015_films\/arg06.jpg\" alt=\"Life cycles | Meet me at the bottom\" width=\"300\" height=\"195\" \/><\/div>\n<div>\n<p><b><i>Life Cycles<\/i><\/b><\/p>\n<p><span style=\"font-weight: 400\">2014 \/ Color \/ 2D, 3D CGI \/ 1:27<\/span><\/p>\n<p><b>Roberto Connolly &amp; Andr\u00e9s Rossi, Directores<\/b><\/p>\n<p><span style=\"font-weight: 400\">Pieza conceptual \/ experimental sobre los ciclos de la vida.<\/span><\/p>\n<hr \/>\n<p>&nbsp;<\/p>\n<\/div>\n<div>\n<p>&nbsp;<\/p>\n<p><b>Meet me at the bottom<\/b><\/p>\n<p><span style=\"font-weight: 400\">2014 \/ Color\/<\/span> <span style=\"font-weight: 400\">Dibujos \/ <\/span><i><span style=\"font-weight: 400\">Drawings <\/span><\/i><span style=\"font-weight: 400\">\/ 2:52<\/span><\/p>\n<p><span style=\"font-weight: 400\">Argentina, Inglaterra<\/span><\/p>\n<p><b>Marcos Santiago Colombo, Director<\/b><\/p>\n<p><span style=\"font-weight: 400\">Videoclip animado para la canci\u00f3n \u00abMeet me at the bottom\u00bb del cantante LD Bundy.<\/span><\/p>\n<hr \/>\n<p>&nbsp;<\/p>\n<\/div>\n<div><\/div>\n<\/div>\n<div><\/div>\n<div>\n<div><img loading=\"lazy\" decoding=\"async\" src=\"http:\/\/www.animafestival.com.ar\/imgs\/2015_films\/arg07.jpg\" alt=\"Naturaleza Mala | Ronko\" width=\"300\" height=\"195\" \/><\/div>\n<div>\n<p><b>Naturaleza mala<\/b><\/p>\n<p><span style=\"font-weight: 400\">2014 \/ Color \/ Stop Motion \/ 1:00<\/span><\/p>\n<p><b>Juliana Gal, Director<\/b><\/p>\n<p><span style=\"font-weight: 400\">En la naturaleza bella, siempre pasan cosas oscuras. En la rutina diaria del bosque algunos comen bien y otros mueren.<\/span><\/p>\n<hr \/>\n<p>&nbsp;<\/p>\n<\/div>\n<div>\n<p>&nbsp;<\/p>\n<p><b>Ronko<\/b><\/p>\n<p><span style=\"font-weight: 400\">2015 \/ Color \/ Stop motion \/ 7:41<\/span><\/p>\n<p><span style=\"font-weight: 400\">Argentina<\/span><\/p>\n<p><b>Carlos Montoya, Director<\/b><\/p>\n<p><span style=\"font-weight: 400\">Un sue\u00f1o te puede cambiar la vida. Una pesadilla, tambi\u00e9n<\/span><i><span style=\"font-weight: 400\">.<\/span><\/i><\/p>\n<hr \/>\n<p>&nbsp;<\/p>\n<\/div>\n<div><\/div>\n<div><img loading=\"lazy\" decoding=\"async\" src=\"http:\/\/www.animafestival.com.ar\/imgs\/2015_films\/arg08.jpg\" alt=\"Todos los veranos | Vivos\" width=\"300\" height=\"195\" \/><\/div>\n<div>\n<p><b>Todos los veranos<\/b><\/p>\n<p><span style=\"font-weight: 400\">2014 \/ Color \/ Dibujos<\/span><i><span style=\"font-weight: 400\">\u00a0<\/span><\/i><span style=\"font-weight: 400\">\/ 3:42<\/span><\/p>\n<p><span style=\"font-weight: 400\">Dise\u00f1o de Imagen y Sonido, FADU, UBA<\/span><\/p>\n<p><b>Josefina Rossi &amp; Delfina Grennon Viel, Directoras<\/b><\/p>\n<p><span style=\"font-weight: 400\">Su danza es un encuentro con lo m\u00e1gico. Territorio del asombro, la sorpresa. Stella y el Agua se fusionan en el color, los movimientos y los ritmos del verano, entregando sus cuerpos al fluir que acontece. Una y otra vez se sumergen y reencuentran para seguir bailando en nuevas aguas.<\/span><\/p>\n<hr \/>\n<p>&nbsp;<\/p>\n<\/div>\n<div>\n<p>&nbsp;<\/p>\n<p><b>Vivos<\/b><\/p>\n<p><span style=\"font-weight: 400\">2014 \/ Color \/ Dibujos<\/span><span style=\"font-weight: 400\">\u00a0\/ 4:35<\/span><\/p>\n<p><b>Adrian Bohm, Director<\/b><\/p>\n<p><span style=\"font-weight: 400\">Los pasajeros de un misterioso tren, en el momento previo al inicio de un viaje con destino desconocido, muestras sus verdadero ser.<\/span><\/p>\n<hr \/>\n<p>&nbsp;<\/p>\n<\/div>\n<div><\/div>\n<\/div>\n<div><\/div>\n<div style=\"width: 100%;float: left\">\n<div><img loading=\"lazy\" decoding=\"async\" src=\"http:\/\/www.animafestival.com.ar\/imgs\/2015_films\/arg09.jpg\" alt=\"\u00a1Yo te quiero!\" width=\"300\" height=\"195\" \/><\/div>\n<div>\n<p><b>\u00a1Yo te quiero!<\/b><\/p>\n<p><span style=\"font-weight: 400\">2014 \/ Color \/ Stop Motion \/ 8:05<\/span><\/p>\n<p><span style=\"font-weight: 400\">Dise\u00f1o de Imagen y Sonido, FADU, UBA<\/span><\/p>\n<p><b>Nicol\u00e1s Conte, Director<\/b><\/p>\n<p><i><span style=\"font-weight: 400\">En el habitual camino de regreso desde la escuela, Juancito, un solitario ni\u00f1o de la estepa patag\u00f3nica, encuentra en una desolada estaci\u00f3n de tren a un caballito aparentemente abandonado. La alegr\u00eda de tener un nuevo amiguito para jugar, hace que el ni\u00f1o quiera apropiarse del caballito, sin darse cuenta que este espera el regreso de su verdadero due\u00f1o.<\/span><\/i><\/p>\n<p>&nbsp;<\/p>\n<\/div>\n<div style=\"height: 20px;width: 100%;background-color: transparent;clear: both\"><\/div>\n<\/div>\n","protected":false},"excerpt":{"rendered":"<p>Competencia Argentina Arroz y F\u00f3sforos 2015 \/ Color \/ 3D CGI \/ 9:00 Javier Beltramino, Director Un anciano y su tristeza conviven en la m\u00e1s absoluta soledad. La muerte de [&hellip;]<\/p>\n","protected":false},"author":1,"featured_media":0,"parent":0,"menu_order":0,"comment_status":"closed","ping_status":"closed","template":"","meta":{"footnotes":""},"class_list":["post-1463","page","type-page","status-publish","hentry"],"_links":{"self":[{"href":"http:\/\/www.animafestival.com.ar\/2015\/wp-json\/wp\/v2\/pages\/1463","targetHints":{"allow":["GET"]}}],"collection":[{"href":"http:\/\/www.animafestival.com.ar\/2015\/wp-json\/wp\/v2\/pages"}],"about":[{"href":"http:\/\/www.animafestival.com.ar\/2015\/wp-json\/wp\/v2\/types\/page"}],"author":[{"embeddable":true,"href":"http:\/\/www.animafestival.com.ar\/2015\/wp-json\/wp\/v2\/users\/1"}],"replies":[{"embeddable":true,"href":"http:\/\/www.animafestival.com.ar\/2015\/wp-json\/wp\/v2\/comments?post=1463"}],"version-history":[{"count":4,"href":"http:\/\/www.animafestival.com.ar\/2015\/wp-json\/wp\/v2\/pages\/1463\/revisions"}],"predecessor-version":[{"id":1623,"href":"http:\/\/www.animafestival.com.ar\/2015\/wp-json\/wp\/v2\/pages\/1463\/revisions\/1623"}],"wp:attachment":[{"href":"http:\/\/www.animafestival.com.ar\/2015\/wp-json\/wp\/v2\/media?parent=1463"}],"curies":[{"name":"wp","href":"https:\/\/api.w.org\/{rel}","templated":true}]}}