{"id":1465,"date":"2015-09-02T16:33:01","date_gmt":"2015-09-02T19:33:01","guid":{"rendered":"http:\/\/www.animafestival.com.ar\/2015\/?page_id=1465"},"modified":"2015-09-05T16:07:22","modified_gmt":"2015-09-05T19:07:22","slug":"largometrajes-2015","status":"publish","type":"page","link":"http:\/\/www.animafestival.com.ar\/2015\/largometrajes-2015\/","title":{"rendered":"Largometrajes 2015"},"content":{"rendered":"<h2><strong>Competencia Internacional de Largometrajes<\/strong><\/h2>\n<div>\n<div><img fetchpriority=\"high\" decoding=\"async\" src=\"http:\/\/www.animafestival.com.ar\/imgs\/2015_films\/largo01.jpg\" alt=\"Cheatin' | Hasta que Sb\u00f3rnia nos separe\" width=\"300\" height=\"195\" \/><\/div>\n<div>\n<p><strong>Infidelidad<\/strong><\/p>\n<p><span style=\"font-weight: 400\">2013 \/ Color \/<\/span> <span style=\"font-weight: 400\">Dibujos \/ Drawings \/ 76\u2019<\/span><\/p>\n<p><span style=\"font-weight: 400\">USA<\/span><\/p>\n<p><b>Bill Plympton, Director<\/b><\/p>\n<p><i><span style=\"font-weight: 400\">Una mujer reci\u00e9n casada pone a prueba la profundidad de su amor convirti\u00e9ndose en la mujer con la que su esposo la enga\u00f1a.<\/span><\/i><\/p>\n<p>&nbsp;<\/p>\n<\/div>\n<div>\n<hr \/>\n<p>&nbsp;<\/p>\n<p><b>Hasta que Sb\u00f3rnia nos Separe<\/b><\/p>\n<p><span style=\"font-weight: 400\">2013 \/ Color \/ 2D \/ 85\u00b4<\/span><\/p>\n<p><span style=\"font-weight: 400\">Brasil\u00a0<\/span><\/p>\n<p><b>Otto Guerra &amp; Ennio Torresan Jr<\/b><b>, Directors<\/b><\/p>\n<p><span style=\"font-weight: 400\">\u00bfQu\u00e9 sucede cuando la pared que separa un peque\u00f1o pa\u00eds del resto del mundo se cae accidentalmente? Tranquila y detenida en el tiempo, la gente de Sbornia es ahora azotada por los vientos de la modernidad que provienen de la gran ciudad.<\/span><\/p>\n<hr \/>\n<p>&nbsp;<\/p>\n<\/div>\n<div><\/div>\n<div><img decoding=\"async\" src=\"http:\/\/www.animafestival.com.ar\/imgs\/2015_films\/largo02.jpg\" alt=\"O menino e o mundo | Pos Eso\" width=\"300\" height=\"195\" \/><\/div>\n<\/div>\n<div>\n<p><strong>El ni\u00f1o y el mundo<\/strong><\/p>\n<p><span style=\"font-weight: 400\">2013 \/ Color \/ Dibujos<\/span><span style=\"font-weight: 400\">\u00a0\/ 80\u00b4<\/span><\/p>\n<p><span style=\"font-weight: 400\">Brasil\u00a0<\/span><\/p>\n<p><b>Al\u00ea Abreu, Director<\/b><\/p>\n<p><span style=\"font-weight: 400\">Sufriendo por la ausencia de su padre, un ni\u00f1o deja su pueblo y descubre un mundo fant\u00e1stico dominado por \u00a0m\u00e1quinas-gusanos y seres extra\u00f1os.<\/span><\/p>\n<hr \/>\n<p>&nbsp;<\/p>\n<\/div>\n<div>\n<p><b>Pos eso<\/b><\/p>\n<p><span style=\"font-weight: 400\">2014 \/ Color \/<\/span> <span style=\"font-weight: 400\">Stop Motion\/ 82\u00b4<\/span><\/p>\n<p><span style=\"font-weight: 400\">Espa\u00f1a\u00a0<\/span><\/p>\n<p><b>Samuel Ort\u00ed Mart\u00ed &#8211; SAM, Director<\/b><\/p>\n<p><span style=\"font-weight: 400\">La Trini, bailaora mundialmente conocida, abandona los tablaos sumida en una gran depresi\u00f3n. Damian, su hijo de 8 a\u00f1os, es pose\u00eddo por un mal\u00e9volo diablo, que le hace cometer las fechor\u00edas m\u00e1s crueles y sangrientas.<\/span><\/p>\n<p>&nbsp;<\/p>\n<\/div>\n<div style=\"height: 20px;width: 100%;background-color: transparent;clear: both\"><\/div>\n","protected":false},"excerpt":{"rendered":"<p>Competencia Internacional de Largometrajes Infidelidad 2013 \/ Color \/ Dibujos \/ Drawings \/ 76\u2019 USA Bill Plympton, Director Una mujer reci\u00e9n casada pone a prueba la profundidad de su amor [&hellip;]<\/p>\n","protected":false},"author":1,"featured_media":0,"parent":0,"menu_order":0,"comment_status":"closed","ping_status":"closed","template":"","meta":{"footnotes":""},"class_list":["post-1465","page","type-page","status-publish","hentry"],"_links":{"self":[{"href":"http:\/\/www.animafestival.com.ar\/2015\/wp-json\/wp\/v2\/pages\/1465","targetHints":{"allow":["GET"]}}],"collection":[{"href":"http:\/\/www.animafestival.com.ar\/2015\/wp-json\/wp\/v2\/pages"}],"about":[{"href":"http:\/\/www.animafestival.com.ar\/2015\/wp-json\/wp\/v2\/types\/page"}],"author":[{"embeddable":true,"href":"http:\/\/www.animafestival.com.ar\/2015\/wp-json\/wp\/v2\/users\/1"}],"replies":[{"embeddable":true,"href":"http:\/\/www.animafestival.com.ar\/2015\/wp-json\/wp\/v2\/comments?post=1465"}],"version-history":[{"count":5,"href":"http:\/\/www.animafestival.com.ar\/2015\/wp-json\/wp\/v2\/pages\/1465\/revisions"}],"predecessor-version":[{"id":1624,"href":"http:\/\/www.animafestival.com.ar\/2015\/wp-json\/wp\/v2\/pages\/1465\/revisions\/1624"}],"wp:attachment":[{"href":"http:\/\/www.animafestival.com.ar\/2015\/wp-json\/wp\/v2\/media?parent=1465"}],"curies":[{"name":"wp","href":"https:\/\/api.w.org\/{rel}","templated":true}]}}