{"id":1468,"date":"2015-09-02T16:42:16","date_gmt":"2015-09-02T19:42:16","guid":{"rendered":"http:\/\/www.animafestival.com.ar\/2015\/?page_id=1468"},"modified":"2015-09-05T16:02:42","modified_gmt":"2015-09-05T19:02:42","slug":"tv","status":"publish","type":"page","link":"http:\/\/www.animafestival.com.ar\/2015\/tv\/","title":{"rendered":"TV"},"content":{"rendered":"<h2>Competencia Internacional de TV y Series<\/h2>\n<div>\n<div><img fetchpriority=\"high\" decoding=\"async\" src=\"http:\/\/www.animafestival.com.ar\/imgs\/2015_films\/tv01.jpg\" alt=\"Dimitri \u00e1 Ubuyu | On Angel Wings\" width=\"300\" height=\"195\" \/><\/div>\n<div>\n<p><b>Dimitri \u00e0 Ubuyu<\/b><\/p>\n<p><span style=\"font-weight: 400\">Dimitri en Ubuyu<\/span><\/p>\n<p><span style=\"font-weight: 400\">2014 \/ Color \/ Stop Motion \/ 26:00<\/span><\/p>\n<p><span style=\"font-weight: 400\">Francia\u00a0<\/span><\/p>\n<p><b>Agn\u00e8s Lecreux, Director<\/b><\/p>\n<p><span style=\"font-weight: 400\">Dimitri, el pajarito de Europa del Norte aterriz\u00f3 en la planicie de Ubuyu, \u00c1frica. Todos los d\u00edas, aprende a superar sus miedos y a descubrir un mundo lleno de sorpresas. En Ubuyu ser diferente es una ventaja que compartir\u00e1 con Makeba la jirafa, Oko la zebra y Pili, la suricata.<\/span><\/p>\n<hr \/>\n<p><strong>En alas de \u00e1ngel<\/strong><\/p>\n<\/div>\n<\/div>\n<div>\n<p><span style=\"font-weight: 400\">2014 \/ Color \/ Dibujos \/ 28:08<\/span><\/p>\n<p><span style=\"font-weight: 400\">UK<\/span><\/p>\n<p><b>Dave Unwin, Director<\/b><\/p>\n<p><span style=\"font-weight: 400\">Una fr\u00eda noche estrellada, un viejo pastor relata la historia m\u00e1gica de c\u00f3mo lleg\u00f3 a ser el primer visitante del reci\u00e9n nacido ni\u00f1o Jes\u00fas &#8211; antes que los otros pastores, y en completo secreto. Basado en el libro de Michael Morpurgo.<\/span><\/p>\n<hr \/>\n<p>&nbsp;<\/p>\n<\/div>\n<div>\n<div><img decoding=\"async\" src=\"http:\/\/www.animafestival.com.ar\/imgs\/2015_films\/tv02.jpg\" alt=\"Rejected | Beto la serie\" width=\"300\" height=\"195\" \/><\/div>\n<\/div>\n<div>\n<p><strong>Rechazado<\/strong><\/p>\n<p><span style=\"font-weight: 400\">2014 \/ Color \/ 2D \/ 12:23<\/span><\/p>\n<p><span style=\"font-weight: 400\">Argentina<\/span><\/p>\n<p><b>Gonzalo Azpiri, Director<\/b><\/p>\n<p><span style=\"font-weight: 400\">Un conejo llamado Ned y Mario, el oso intentan convertirse en el pr\u00f3ximo \u00e9xito en animaci\u00f3n, pero todos los canales de televisi\u00f3n y productores los despiden una y otra vez.<\/span><\/p>\n<hr \/>\n<p>&nbsp;<\/p>\n<\/div>\n<div>\n<p><b>Beto la serie<\/b><\/p>\n<p><span style=\"font-weight: 400\">2012-2014 \/ Color \/ Stop Motion \/ 3:30<\/span><\/p>\n<p><span style=\"font-weight: 400\">Argentina<\/span><\/p>\n<p><b>Dante Sorgentini, Director<\/b><\/p>\n<p><span style=\"font-weight: 400\">Un ni\u00f1o con S\u00edndrome de Down. Su vida est\u00e1 llena de momentos en los que, con humor, se rescata lo valioso de cada situaci\u00f3n. \u00a0<\/span><\/p>\n<hr \/>\n<p>&nbsp;<\/p>\n<\/div>\n<div><\/div>\n<div>\n<div><img decoding=\"async\" src=\"http:\/\/www.animafestival.com.ar\/imgs\/2015_films\/tv03.jpg\" alt=\"Bigshot: Bighorror | Heidi\" width=\"300\" height=\"195\" \/><\/div>\n<div>\n<p><b>BIGSHOT: Bighorror<\/b><\/p>\n<p><span style=\"font-weight: 400\">2015 \/ Color \/ 2D \/ 2:05<\/span><\/p>\n<p><span style=\"font-weight: 400\">Francia<\/span><\/p>\n<p><b>Maurice Huvelin, Director<\/b><\/p>\n<p><span style=\"font-weight: 400\">Peque\u00f1os actores con humor corrosivo, atraviesan los decorados m\u00e1s grandes del cine enfrent\u00e1ndose con duros enemigos, monstruos absurdos y animales siempre victoriosos.<\/span><\/p>\n<hr \/>\n<p>&nbsp;<\/p>\n<\/div>\n<div>\n<p><b>Heidi<\/b><\/p>\n<p><span style=\"font-weight: 400\">2014 \/ Color \/ 3D CGI \/ 26:00<\/span><\/p>\n<p><span style=\"font-weight: 400\">Francia &#8211; Australia\u00a0<\/span><\/p>\n<p><b>J\u00e9r\u00f4me Mouscadet, Director<\/b><\/p>\n<p><span style=\"font-weight: 400\">Heidi, una joven hu\u00e9rfana con rizos morenos y carita de \u00e1ngel llega a las monta\u00f1as para vivir con su abuelo, un hombre solitario y callado. Enfrent\u00e1ndose con los nuevos retos de su vida, Heidi vive en el presente sin perder nunca su inocencia y su libertad.<\/span><\/p>\n<hr \/>\n<p>&nbsp;<\/p>\n<\/div>\n<div><\/div>\n<div><img loading=\"lazy\" decoding=\"async\" src=\"http:\/\/www.animafestival.com.ar\/imgs\/2015_films\/tv04.jpg\" alt=\"Ideas Rompe-Cr\u00e1neos | Kiwi\" width=\"300\" height=\"195\" \/><\/div>\n<\/div>\n<div>\n<p><b>Ideas Rompe-Cr\u00e1neos<\/b><\/p>\n<p><span style=\"font-weight: 400\">2014 \/ Color \/ 2D Cut-Out \/ 24:00<\/span><\/p>\n<p><span style=\"font-weight: 400\">Argentina &#8211; Corea<\/span><\/p>\n<p><b>Federico Bad\u00eda, Director<\/b><\/p>\n<p><span style=\"font-weight: 400\">En un teatro victoriano, el Baron Munchhausen ofrece un espect\u00e1culo que mezcla magia y ciencia: \u00a1Ideas Rompe-Cr\u00e1neos! Junto con un invitado muy especial, ponemos a prueba la mente de la audiencia con los descubrimientos m\u00e1s asombrosos de la Historia.<\/span><\/p>\n<hr \/>\n<p><b>Kiwi<\/b><\/p>\n<\/div>\n<div>\n<p><span style=\"font-weight: 400\">2015 \/ Color \/ Stop Motion \/ 5:00<\/span><\/p>\n<p><span style=\"font-weight: 400\">Francia\u00a0<\/span><\/p>\n<p><b>Isabelle Duval, Director<\/b><\/p>\n<p><span style=\"font-weight: 400\">Complices y torpes como Laurel y Hardy, los hermanos Kiwi proponen con humor una iniciaci\u00f3n al Ingl\u00e9s. Los Kiwi nos introducen en un mundo inesperado de sonidos, letras y palabras.<\/span><\/p>\n<hr \/>\n<p>&nbsp;<\/p>\n<\/div>\n<div>\n<div><img loading=\"lazy\" decoding=\"async\" src=\"http:\/\/www.animafestival.com.ar\/imgs\/2015_films\/tv05.jpg\" alt=\"O diario de Mika | Sitio do Picapau Amarelo: O dia perfeito\" width=\"300\" height=\"195\" \/><\/div>\n<div>\n<p><strong>El diario de Mika<\/strong><\/p>\n<p><span style=\"font-weight: 400\">2014 \/ Color \/ Cut Out \/ 7:00<\/span><\/p>\n<p><span style=\"font-weight: 400\">Brasil\u00a0<\/span><\/p>\n<p><b>Elizabeth Sena, Director<\/b><\/p>\n<p><span style=\"font-weight: 400\">El fant\u00e1stico mundo de descubrimientos y conquistas de una ni\u00f1a de cuatro a\u00f1os que, a trav\u00e9s de su tablet, desarrolla junto a sus amigos imaginarios una nueva visi\u00f3n sobre el tema de cada episodio.<\/span><\/p>\n<hr \/>\n<p>&nbsp;<\/p>\n<\/div>\n<div>\n<p><strong><i>El rancho del pajaro amarillo &#8211; El d\u00eda perfecto<\/i><\/strong><\/p>\n<p><span style=\"font-weight: 400\">2013 \/ Color \/<\/span> <span style=\"font-weight: 400\">2D Cut-out \/ 11:00<\/span><\/p>\n<p><span style=\"font-weight: 400\">Brasil\u00a0<\/span><\/p>\n<p><b>Humberto Avelar, Director<\/b><\/p>\n<p><span style=\"font-weight: 400\">Cuando Emilia descubre que todos en el rancho crecer\u00e1n excepto ella, se las arregla para encontrar una forma de detener el tiempo para que nada cambie y todo siga igual.<\/span><\/p>\n<hr \/>\n<p>&nbsp;<\/p>\n<\/div>\n<div><\/div>\n<div><img loading=\"lazy\" decoding=\"async\" src=\"http:\/\/www.animafestival.com.ar\/imgs\/2015_films\/tv06.jpg\" alt=\"The fog of Courage\" width=\"300\" height=\"195\" \/><\/div>\n<div>\n<div>\n<p><b>The fog of courage<\/b><\/p>\n<p><i>La niebla de Courage<\/i><\/p>\n<p>2013 \/ Color \/ CGI \/ 7:00<\/p>\n<p>USA<\/p>\n<p><b>John R. Dilworth, Director<\/b><\/p>\n<p><i>Un perro cobarde llamado Coraje debe rescatar a su querida ama, Muriel de la vengativa Niebla supernatural. Eustace, el ambicioso esposo de Muriel, se reh\u00fasa a devolver el collar de oro que pertenece a un antiguo amor de niebla.<\/i><\/p>\n<p><i>A cowardly dog named Courage must rescue his lovely owner, Muriel from a vengeful supernatural Fog. Eustace, Muriel&#8217;s greedy husband, refuses to return the gold necklace belonging to the Fog&#8217;s long lost love.<\/i><\/p>\n<\/div>\n<\/div>\n<\/div>\n","protected":false},"excerpt":{"rendered":"<p>Competencia Internacional de TV y Series Dimitri \u00e0 Ubuyu Dimitri en Ubuyu 2014 \/ Color \/ Stop Motion \/ 26:00 Francia\u00a0 Agn\u00e8s Lecreux, Director Dimitri, el pajarito de Europa del [&hellip;]<\/p>\n","protected":false},"author":1,"featured_media":0,"parent":0,"menu_order":0,"comment_status":"closed","ping_status":"closed","template":"","meta":{"footnotes":""},"class_list":["post-1468","page","type-page","status-publish","hentry"],"_links":{"self":[{"href":"http:\/\/www.animafestival.com.ar\/2015\/wp-json\/wp\/v2\/pages\/1468","targetHints":{"allow":["GET"]}}],"collection":[{"href":"http:\/\/www.animafestival.com.ar\/2015\/wp-json\/wp\/v2\/pages"}],"about":[{"href":"http:\/\/www.animafestival.com.ar\/2015\/wp-json\/wp\/v2\/types\/page"}],"author":[{"embeddable":true,"href":"http:\/\/www.animafestival.com.ar\/2015\/wp-json\/wp\/v2\/users\/1"}],"replies":[{"embeddable":true,"href":"http:\/\/www.animafestival.com.ar\/2015\/wp-json\/wp\/v2\/comments?post=1468"}],"version-history":[{"count":4,"href":"http:\/\/www.animafestival.com.ar\/2015\/wp-json\/wp\/v2\/pages\/1468\/revisions"}],"predecessor-version":[{"id":1621,"href":"http:\/\/www.animafestival.com.ar\/2015\/wp-json\/wp\/v2\/pages\/1468\/revisions\/1621"}],"wp:attachment":[{"href":"http:\/\/www.animafestival.com.ar\/2015\/wp-json\/wp\/v2\/media?parent=1468"}],"curies":[{"name":"wp","href":"https:\/\/api.w.org\/{rel}","templated":true}]}}