{"id":1472,"date":"2015-09-02T17:00:59","date_gmt":"2015-09-02T20:00:59","guid":{"rendered":"http:\/\/www.animafestival.com.ar\/2015\/?page_id=1472"},"modified":"2015-09-05T15:59:31","modified_gmt":"2015-09-05T18:59:31","slug":"ninos-2015","status":"publish","type":"page","link":"http:\/\/www.animafestival.com.ar\/2015\/ninos-2015\/","title":{"rendered":"Ni\u00f1os 2015"},"content":{"rendered":"<h2>Competencia de Animaci\u00f3n para ni\u00f1os<\/h2>\n<div>\n<div>\n<p>&nbsp;<\/p>\n<\/div>\n<div><img fetchpriority=\"high\" decoding=\"async\" src=\"http:\/\/www.animafestival.com.ar\/imgs\/2015_films\/child01.jpg\" alt=\"Banka | Batz\" width=\"300\" height=\"195\" \/><\/div>\n<div>\n<p><strong>Una lata<\/strong><\/p>\n<p><span style=\"font-weight: 400\">2014 \/ Color \/ Dibujos \/ <\/span><i><span style=\"font-weight: 400\">Drawings<\/span><\/i><span style=\"font-weight: 400\"> \/ 5:41<\/span><\/p>\n<p><span style=\"font-weight: 400\">Rusia<\/span><\/p>\n<\/div>\n<div>\n<p><b>Tatiana Kiseleva, Director<\/b><br \/>\n<i><span style=\"font-weight: 400\">Un divertido musical que nos recuerda que en la vida siempre hay un lugar para los peque\u00f1os milagros y para los placeres de la vida. Este placer puede estar ocasionado por algo tan simple como una lata vac\u00eda de leche condensada, que fue abandonada por astronautas sovi\u00e9ticos en \u00f3rbita y cay\u00f3 a la Tierra por accidente.<\/span><\/i><\/p>\n<\/div>\n<hr \/>\n<p>&nbsp;<\/p>\n<div>\n<p><b>Batz<\/b><\/p>\n<p><span style=\"font-weight: 400\">2013 \/ Color \/ 3D \/ 7:24<\/span><\/p>\n<p><span style=\"font-weight: 400\">Francia<\/span><\/p>\n<p><b>Max Maleo &amp; Aur\u00e9lien Predal, Directors<\/b><\/p>\n<p><span style=\"font-weight: 400\">Vamp y Rouss son dos murci\u00e9lagos opuestos en apariencia. \u00a1Ese encuentro va a propulsarlos a una loca aventura que pondr\u00e1 sus vidas patas arriba!<\/span><\/p>\n<hr \/>\n<p>&nbsp;<\/p>\n<\/div>\n<div><img decoding=\"async\" src=\"http:\/\/www.animafestival.com.ar\/imgs\/2015_films\/child02.jpg\" alt=\"Cinema Blue | Dayere Gachi\" width=\"300\" height=\"195\" \/><\/div>\n<div>\n<p><b>Cinema Blue<\/b><\/p>\n<p><span style=\"font-weight: 400\">2015 \/ Color \/ Dibujos<\/span><span style=\"font-weight: 400\">\u00a0\/ 2:19<\/span><\/p>\n<p><span style=\"font-weight: 400\">Argentina<\/span><\/p>\n<p><b>Emanuel Gastaldi, Director<\/b><\/p>\n<p><span style=\"font-weight: 400\">Dos ni\u00f1os quieren ingresar al cine a ver un pel\u00edcula de terror. Lamentablemente no es apta para menores de edad.<\/span><\/p>\n<p><span style=\"font-weight: 400\">\u00a1Sin embargo se las ingeniar\u00e1n para entrar de todos modos!<\/span><\/p>\n<hr \/>\n<p>&nbsp;<\/p>\n<p><strong>El c\u00edrculo de tiza<\/strong><\/p>\n<p><span style=\"font-weight: 400\">2014 \/ Color \/ Stop motion &amp; acci\u00f3n en vivo<\/span><i><span style=\"font-weight: 400\">\u00a0<\/span><\/i><span style=\"font-weight: 400\">\/ 3:08<\/span><\/p>\n<p><span style=\"font-weight: 400\">Iran<\/span><\/p>\n<p><b>Bahar Kiamoghaddam, Soheyl Seraji, Amin Djavadi, Directors<\/b><\/p>\n<p><span style=\"font-weight: 400\">Un ni\u00f1o limpiabotas ve en la calle a una madre y su hija. Despu\u00e9s de un rato \u00e9l se duerme y \u2026<\/span><\/p>\n<hr \/>\n<p>&nbsp;<\/p>\n<\/div>\n<\/div>\n<div><\/div>\n<div>\n<div><img decoding=\"async\" src=\"http:\/\/www.animafestival.com.ar\/imgs\/2015_films\/child03.jpg\" alt=\"Dji. Death Sails | Fulfilament\" width=\"300\" height=\"195\" \/><\/div>\n<div>\n<p><b>Dji. Death Sails<\/b><\/p>\n<p><span style=\"font-weight: 400\">2014 \/ Color \/ 3D CGI \/ 5:18<\/span><\/p>\n<p><span style=\"font-weight: 400\">Moldavia\u00a0<\/span><\/p>\n<p><b>Dmitri Voloshin, Director<\/b><\/p>\n<p><span style=\"font-weight: 400\">Dji es una Muerte terriblemente desafortunada que no es buena en su trabajo. Esta vez tiene que tomar el alma de un pirata atrapado en el medio del oc\u00e9ano, \u00a1Pero eso es m\u00e1s f\u00e1cil decirlo que hacerlo!<\/span><\/p>\n<hr \/>\n<p><strong>Fulfilament<\/strong><\/p>\n<p><span style=\"font-weight: 400\">2015 \/ Color \/ Stop Motion \/ 7:37<\/span><\/p>\n<p><span style=\"font-weight: 400\">National Film &amp; Television School<\/span><\/p>\n<p><span style=\"font-weight: 400\">Reino Unido \/ <\/span><i><span style=\"font-weight: 400\">UK<\/span><\/i><\/p>\n<p><b>Rhiannon Evans, Director<\/b><\/p>\n<p>&nbsp;<\/p>\n<p><i><span style=\"font-weight: 400\">Un viaje por el cerebro junto a un peque\u00f1o pensamiento perdido, para descubrir qu\u00e9 se necesita para tener una gran idea.<\/span><\/i><\/p>\n<p>&nbsp;<\/p>\n<hr \/>\n<p>&nbsp;<\/p>\n<\/div>\n<div><\/div>\n<div><img loading=\"lazy\" decoding=\"async\" src=\"http:\/\/www.animafestival.com.ar\/imgs\/2015_films\/child04.jpg\" alt=\"Juan y la Nube | Lady and the frog\" width=\"300\" height=\"195\" \/><\/div>\n<p><b>Juan y la nube<\/b><\/p>\n<p><span style=\"font-weight: 400\">2014 \/ Color \/ Stop Motion \/ 14:00<\/span><\/p>\n<p><span style=\"font-weight: 400\">Espa\u00f1a \/ <\/span><i><span style=\"font-weight: 400\">Spain<\/span><\/i><\/p>\n<p><strong>Giovanni Maccelli, Director<\/strong><\/p>\n<p><span style=\"font-weight: 400\">Juan es un ni\u00f1o que no tiene amigos. La Nube es una nube que no tiene amigas nubes. Se encuentran y se hacen amigos. Pero Juan crece y se pierde en el mundo gris de los adultos<\/span><\/p>\n<p>&nbsp;<\/p>\n<hr \/>\n<p>&nbsp;<\/p>\n<p>&nbsp;<\/p>\n<p><strong>La dama y el sapo<\/strong><\/p>\n<div>\n<p><span style=\"font-weight: 400\">2014 \/ Color \/ Dibujos 2D \/<\/span><span style=\"font-weight: 400\">\u00a03:12<\/span><\/p>\n<p><span style=\"font-weight: 400\">Academy of Art University<\/span><\/p>\n<p><span style=\"font-weight: 400\">USA<\/span><\/p>\n<p><b>Tina Hsu, Director<\/b><\/p>\n<p><span style=\"font-weight: 400\">Una rana se despierta en una bolsa de verduras mixtas en un supermercado. Una se\u00f1ora pasa por ah\u00ed y agarra la bolsa.<\/span><\/p>\n<hr \/>\n<p>&nbsp;<\/p>\n<\/div>\n<\/div>\n<div>\n<p>&nbsp;<\/p>\n<p>&nbsp;<\/p>\n<\/div>\n<div>\n<div><img loading=\"lazy\" decoding=\"async\" src=\"http:\/\/www.animafestival.com.ar\/imgs\/2015_films\/child05.jpg\" alt=\"Lune | Mythopolis\" width=\"300\" height=\"195\" \/><\/div>\n<div>\n<p><b>Lune<\/b><\/p>\n<p><span style=\"font-weight: 400\">2014 \/ Color \/ <\/span><i><span style=\"font-weight: 400\">3D CGI <\/span><\/i><span style=\"font-weight: 400\">\/ 6:16<\/span><\/p>\n<p><span style=\"font-weight: 400\">Francia<\/span><\/p>\n<p><b>Toma Leroux, Patrick Delage, Director<\/b><\/p>\n<p><i><span style=\"font-weight: 400\">Noche, un pueblo somnoliento, una cocina desierta, un microondas que gira, una mamadera se calienta, una beb\u00e9 balbucea. \u00bfQui\u00e9n la alimentar\u00e1?<\/span><\/i><\/p>\n<p>&nbsp;<\/p>\n<hr \/>\n<p>&nbsp;<\/p>\n<p>&nbsp;<\/p>\n<p><strong>Mitopolis<\/strong><\/p>\n<p><span style=\"font-weight: 400\">2013 \/ Color \/ 2D \/ 11:36<\/span><\/p>\n<p><span style=\"font-weight: 400\">FAMU<\/span><\/p>\n<p><span style=\"font-weight: 400\">Rep\u00fablica Checa<\/span><\/p>\n<\/div>\n<div>\n<p><b>Alexandra Hetmerov\u00e1, Director<\/b><br \/>\n<i><span style=\"font-weight: 400\">Personajes legendarios de la mitolog\u00eda griega viven sus vidas y resuelven sus problemas en el mundo actual.<\/span><\/i><\/p>\n<\/div>\n<div>\n<hr \/>\n<\/div>\n<div>\n<p>&nbsp;<\/p>\n<\/div>\n<div>\n<p>&nbsp;<\/p>\n<\/div>\n<div><img loading=\"lazy\" decoding=\"async\" src=\"http:\/\/www.animafestival.com.ar\/imgs\/2015_films\/child06.jpg\" alt=\"Pawo | Skriveni Talent\" width=\"300\" height=\"195\" \/><\/div>\n<div>\n<p><b>Pawo<\/b><\/p>\n<p><span style=\"font-weight: 400\">2015 \/ ByN <\/span><span style=\"font-weight: 400\">\u00a0\/ Dibujos<\/span><span style=\"font-weight: 400\">\u00a0\/ 7:39<\/span><\/p>\n<p><span style=\"font-weight: 400\">Alemania\u00a0<\/span><\/p>\n<p><b>Antje Heyn, Director<\/b><\/p>\n<p><i><span style=\"font-weight: 400\">PAWO (la voz tibetana para \u00bbser valiente\u00ab) es la aventura m\u00e1gica de una peque\u00f1a figura que se encuentra en un mundo curioso. Gracias a algunos extra\u00f1os compa\u00f1eros, de a poco va descubriendo sus fortalezas y habilidades\u2026<\/span><\/i><\/p>\n<p>&nbsp;<\/p>\n<hr \/>\n<p>&nbsp;<\/p>\n<p>&nbsp;<\/p>\n<p><strong>Talento Oculto<\/strong><\/p>\n<p><span style=\"font-weight: 400\">2013 \/ Color \/ 2D \/ 5:57<\/span><\/p>\n<p><span style=\"font-weight: 400\">Croacia<\/span><\/p>\n<\/div>\n<div>\n<p><b>Miran Miosic, Director<\/b><br \/>\n<i><span style=\"font-weight: 400\">Feline City tiene un alegre, sociable y cantar\u00edn gato peque\u00f1o llamado Bjelobrk; pero su musical &#8216;meow&#8217; es terrible, porque \u00e9l no sabe cantar. Esto no le impide continuar con su constante y desastroso canto.<\/span><\/i><\/p>\n<hr \/>\n<p>&nbsp;<\/p>\n<\/div>\n<\/div>\n<div><\/div>\n<div><\/div>\n<div>\n<div><img loading=\"lazy\" decoding=\"async\" src=\"http:\/\/www.animafestival.com.ar\/imgs\/2015_films\/child07.jpg\" alt=\"The tie | Tigres a la queue leu leu\" width=\"300\" height=\"195\" \/><\/div>\n<div>\n<p><strong>La corbata<\/strong><\/p>\n<p><span style=\"font-weight: 400\">2014 \/ Color \/ 3D CGI \/ 8:40<\/span><\/p>\n<p><span style=\"font-weight: 400\">B\u00e9lgica\u00a0<\/span><\/p>\n<p><b>Sara Maes, Director<\/b><\/p>\n<p><i><span style=\"font-weight: 400\">Una jirafa alta y una baja se encuentran por casualidad. A pesar de su evidente diferencia de estatura, descubren un parentesco.<\/span><\/i><\/p>\n<hr \/>\n<p>&nbsp;<\/p>\n<\/div>\n<\/div>\n<div>\n<p><strong>Tigres atados en fila india <\/strong><\/p>\n<\/div>\n<div>\n<p><span style=\"font-weight: 400\">2014 \/ Color \/ Dibujos<\/span><span style=\"font-weight: 400\">\u00a0\/ 7:57<\/span><\/p>\n<p><span style=\"font-weight: 400\">Francia<\/span><\/p>\n<p><b>Benoit Chieux, Director<\/b><\/p>\n<p><i><span style=\"font-weight: 400\">Un muchacho incre\u00edblemente perezoso es atosigado por su madre, que no soporta verlo comer y dormir todo el d\u00eda, todos los d\u00edas. Eventualmente, decide empezar a trabajar, y demuestra una inesperada imaginaci\u00f3n, creatividad y tenacidad.<\/span><\/i><\/p>\n<hr \/>\n<p>&nbsp;<\/p>\n<\/div>\n<div><\/div>\n<div>\n<div><img loading=\"lazy\" decoding=\"async\" src=\"http:\/\/www.animafestival.com.ar\/imgs\/2015_films\/child08.jpg\" alt=\"Toonocalypse | Viikset\" width=\"300\" height=\"195\" \/><\/div>\n<div>\n<p><b>Toonocalypse<\/b><\/p>\n<p><span style=\"font-weight: 400\">2015 \/ Color \/ 2D, live-action \/ 18:02<\/span><\/p>\n<p><span style=\"font-weight: 400\">Reino Unido\u00a0<\/span><\/p>\n<p><b>Owen Rixon, Director<\/b><\/p>\n<p><span style=\"font-weight: 400\">John (David Kaye) y Michael (Matt Martin) dos estudiantes que viven en Edimburgo, documentan la llegada a la Tierra de una especie de alien\u00edgenas peque\u00f1os, tiernos y estilo cartoon, conocidos como \u201cToons\u201d.<\/span><\/p>\n<hr \/>\n<p><strong>El Bigote<\/strong><\/p>\n<\/div>\n<div>\n<p><span style=\"font-weight: 400\">2015 \/ Color \/ Stop Motion \/ 3:36<\/span><\/p>\n<p><span style=\"font-weight: 400\">Turku Arts Academy<\/span><\/p>\n<p><span style=\"font-weight: 400\">Finlandia\u00a0<\/span><\/p>\n<p><b>Anni Oja, Director<\/b><\/p>\n<p><span style=\"font-weight: 400\">Esta ciudad no es lo suficientemente grande para los dos. Ni tampoco sus bigotes.<\/span><\/p>\n<hr \/>\n<p>&nbsp;<\/p>\n<\/div>\n<\/div>\n<div><\/div>\n<div style=\"width: 100%;float: left\">\n<div><img loading=\"lazy\" decoding=\"async\" src=\"http:\/\/www.animafestival.com.ar\/imgs\/2015_films\/child09.jpg\" alt=\"A little star\" width=\"300\" height=\"195\" \/><\/div>\n<div>\n<p><i><\/i><strong>\u00a0<\/strong><\/p>\n<p><strong>Una estrellita<\/strong><\/p>\n<p><span style=\"font-weight: 400\">2014 \/ Color \/ 2D \/ 5:30<\/span><\/p>\n<p><span style=\"font-weight: 400\">Rusia\u00a0<\/span><\/p>\n<p><b>Svetlana Andrianova, Director<\/b><\/p>\n<p><span style=\"font-weight: 400\">Aventuras de una estrellita en la noche de navidad.<\/span><\/p>\n<p>&nbsp;<\/p>\n<\/div>\n<div style=\"height: 20px;width: 100%;background-color: transparent;clear: both\"><\/div>\n<\/div>\n","protected":false},"excerpt":{"rendered":"<p>Competencia de Animaci\u00f3n para ni\u00f1os &nbsp; Una lata 2014 \/ Color \/ Dibujos \/ Drawings \/ 5:41 Rusia Tatiana Kiseleva, Director Un divertido musical que nos recuerda que en la [&hellip;]<\/p>\n","protected":false},"author":1,"featured_media":0,"parent":0,"menu_order":0,"comment_status":"closed","ping_status":"closed","template":"","meta":{"footnotes":""},"class_list":["post-1472","page","type-page","status-publish","hentry"],"_links":{"self":[{"href":"http:\/\/www.animafestival.com.ar\/2015\/wp-json\/wp\/v2\/pages\/1472","targetHints":{"allow":["GET"]}}],"collection":[{"href":"http:\/\/www.animafestival.com.ar\/2015\/wp-json\/wp\/v2\/pages"}],"about":[{"href":"http:\/\/www.animafestival.com.ar\/2015\/wp-json\/wp\/v2\/types\/page"}],"author":[{"embeddable":true,"href":"http:\/\/www.animafestival.com.ar\/2015\/wp-json\/wp\/v2\/users\/1"}],"replies":[{"embeddable":true,"href":"http:\/\/www.animafestival.com.ar\/2015\/wp-json\/wp\/v2\/comments?post=1472"}],"version-history":[{"count":6,"href":"http:\/\/www.animafestival.com.ar\/2015\/wp-json\/wp\/v2\/pages\/1472\/revisions"}],"predecessor-version":[{"id":1620,"href":"http:\/\/www.animafestival.com.ar\/2015\/wp-json\/wp\/v2\/pages\/1472\/revisions\/1620"}],"wp:attachment":[{"href":"http:\/\/www.animafestival.com.ar\/2015\/wp-json\/wp\/v2\/media?parent=1472"}],"curies":[{"name":"wp","href":"https:\/\/api.w.org\/{rel}","templated":true}]}}