{"id":1492,"date":"2015-09-03T00:14:27","date_gmt":"2015-09-03T03:14:27","guid":{"rendered":"http:\/\/www.animafestival.com.ar\/2015\/?page_id=1492"},"modified":"2015-09-05T16:10:58","modified_gmt":"2015-09-05T19:10:58","slug":"panorama-mundial-2015","status":"publish","type":"page","link":"http:\/\/www.animafestival.com.ar\/2015\/panorama-mundial-2015\/","title":{"rendered":"Panorama Mundial 2015"},"content":{"rendered":"<h2>Panorama Mundial<\/h2>\n<div>\n<div><img fetchpriority=\"high\" decoding=\"async\" src=\"http:\/\/www.animafestival.com.ar\/imgs\/2015_films\/mund01.jpg\" alt=\"Altin Vurus | Confessions\" width=\"300\" height=\"195\" \/><\/div>\n<div>\n<h1><strong>Tiro de oro<\/strong><\/h1>\n<p><span style=\"font-weight: 400\">2015 \/ Color \/ 3D CGI \/ 8:40<\/span><\/p>\n<p><span style=\"font-weight: 400\">Turqu\u00eda\u00a0<\/span><\/p>\n<p><b>G\u00f6kalp G\u00f6nen, Director<\/b><\/p>\n<p><span style=\"font-weight: 400\">M\u00e1quinas oxidadas que viven en sus casas peque\u00f1as, imaginan que el sol saldr\u00e1 y los llevar\u00e1 al cielo alg\u00fan d\u00eda. Una peque\u00f1a luz los mantiene vivos y so\u00f1ando. Pero una de las m\u00e1quinas quiere ver el mism\u00edsimo sol, y tiene un plan para eso.<\/span><\/p>\n<hr \/>\n<p>&nbsp;<\/p>\n<p>&nbsp;<\/p>\n<h1><strong>Confesiones<\/strong><\/h1>\n<p><span style=\"font-weight: 400\">2015 \/ Color \/ 3D CGI \/4:00<\/span><\/p>\n<p><span style=\"font-weight: 400\">Francia\u00a0<\/span><\/p>\n<p><b>Luce Grosjean, Director<\/b><\/p>\n<p><span style=\"font-weight: 400\">La entrevista a una personalidad importante.<\/span><\/p>\n<hr \/>\n<p>&nbsp;<\/p>\n<\/div>\n<div><img decoding=\"async\" src=\"http:\/\/www.animafestival.com.ar\/imgs\/2015_films\/mund02.jpg\" alt=\"Driving | El Canto\" width=\"300\" height=\"195\" \/><\/div>\n<div>\n<h1><strong><i>Conducir<\/i><\/strong><\/h1>\n<p><span style=\"font-weight: 400\">2014 \/ Color \/ 2D \/ 4:00<\/span><\/p>\n<p><span style=\"font-weight: 400\">USA<\/span><\/p>\n<p><b>Nate Theis, Director<\/b><\/p>\n<p><span style=\"font-weight: 400\">Una mirada sat\u00edrica a la gente en sus coches. Con explosiones.<\/span><\/p>\n<hr \/>\n<p>&nbsp;<\/p>\n<\/div>\n<div>\n<h1><\/h1>\n<h1><b>El canto<\/b><\/h1>\n<p><span style=\"font-weight: 400\">2013 \/ Color \/ Dibujo, pintura digital <\/span><span style=\"font-weight: 400\">\/ 8:30<\/span><\/p>\n<p><span style=\"font-weight: 400\">Francia\u00a0<\/span><\/p>\n<p><b>In\u00e9s Sed\u00e1n, Director<\/b><\/p>\n<p><span style=\"font-weight: 400\">Una mujer tiene que callar para siempre, obligada por el marido. Pero, cuando la mujer oye el canto de la naturaleza, encuentra su propio canto y la esperanza de una vida distinta.<\/span><\/p>\n<hr \/>\n<p>&nbsp;<\/p>\n<\/div>\n<\/div>\n<div><\/div>\n<div>\n<div><img decoding=\"async\" src=\"http:\/\/www.animafestival.com.ar\/imgs\/2015_films\/mund03.jpg\" alt=\"Happy &amp; Gay | Prey\" width=\"300\" height=\"195\" \/><\/div>\n<div>\n<h1><strong><i>Alegre y gay<\/i><\/strong><\/h1>\n<p><span style=\"font-weight: 400\">2015 \/ Color \/ Dibujos <\/span><span style=\"font-weight: 400\">\u00a0\/ 10:00<\/span><\/p>\n<p><b>Lorelei Pepi, Director<\/b><\/p>\n<p><i><span style=\"font-weight: 400\">Dos parejas salen a dar un paseo por la ciudad. Una Aventura animada queer, en blanco y negro, al estilo revisionismo hist\u00f3rico de la d\u00e9cada de 1930. La pel\u00edcula aborda temas hist\u00f3ricos como el estereotipo, la representaci\u00f3n, la censura y la homofobia.<\/span><\/i><\/p>\n<hr \/>\n<p>&nbsp;<\/p>\n<\/div>\n<div>\n<h1><b>Prey<\/b><\/h1>\n<p><span style=\"font-weight: 400\">2015 \/ Color \/ Dibujos<\/span><span style=\"font-weight: 400\">\u00a0\/ 4:10<\/span><\/p>\n<p><span style=\"font-weight: 400\">Corea del Sur<\/span><\/p>\n<p><b>Boyoung Kim, Director<\/b><\/p>\n<p><span style=\"font-weight: 400\">Una pececito sue\u00f1a con el hermoso mundo afuera de la pecera. Cuando por fin crece y sale de la pecera, el hermoso mundo no es lo que ella esperaba.<\/span><\/p>\n<hr \/>\n<p>&nbsp;<\/p>\n<\/div>\n<div><\/div>\n<div><img loading=\"lazy\" decoding=\"async\" src=\"http:\/\/www.animafestival.com.ar\/imgs\/2015_films\/mund04.jpg\" alt=\"Stakleni Covjek | The Orchestra\" width=\"300\" height=\"195\" \/><\/div>\n<div>\n<p>&nbsp;<\/p>\n<h1><strong>Transparencia<\/strong><\/h1>\n<p><span style=\"font-weight: 400\">2015 \/ Color \/ Dibujos<\/span><span style=\"font-weight: 400\">\u00a0\/ 6:00<\/span><\/p>\n<p><span style=\"font-weight: 400\">Croacia\u00a0<\/span><\/p>\n<p><b>Daniel \u0160ulji\u0107, Director<\/b><\/p>\n<p><i><span style=\"font-weight: 400\">Inserto en un mundo lleno de esc\u00e1neres y algoritmos de vigilancia, haciendo uso fr\u00edvolo de las distintas redes sociales, los formularios virtuales y las tarjetas de cr\u00e9dito, el hombre de hoy renuncia voluntariamente a la privacidad. Un ciudadano decente no tiene nada que ocultar Los criminales s\u00ed.<\/span><\/i><\/p>\n<hr \/>\n<p>&nbsp;<\/p>\n<\/div>\n<div>\n<p>&nbsp;<\/p>\n<h1><strong>La Orquesta<\/strong><\/h1>\n<p><span style=\"font-weight: 400\">2015 \/ Color \/ Dibujos<\/span><span style=\"font-weight: 400\">\u00a0\/ 15:00<\/span><\/p>\n<p><span style=\"font-weight: 400\">Australia<\/span><\/p>\n<p><b>Mikey Hill, Director<\/b><\/p>\n<p><i><span style=\"font-weight: 400\">Imagina un mundo en el que una banda de peque\u00f1os m\u00fasicos te sigue mientras va tocando la banda sonora de tu vida para comunicar tus emociones, miedos y esperanzas.<\/span><\/i><\/p>\n<hr \/>\n<p>&nbsp;<\/p>\n<\/div>\n<div><\/div>\n<\/div>\n<div><\/div>\n<div>\n<div><img loading=\"lazy\" decoding=\"async\" src=\"http:\/\/www.animafestival.com.ar\/imgs\/2015_films\/mund05.jpg\" alt=\"Ut\u00f6 | Watching the Ball\" width=\"300\" height=\"195\" \/><\/div>\n<div>\n<h1><b>Uto<\/b><\/h1>\n<p><span style=\"font-weight: 400\">2014 \/ Color \/ Acuarelas sobre papel \/ <\/span><i><span style=\"font-weight: 400\">Watercolors on paper<\/span><\/i><span style=\"font-weight: 400\"> \/ 7:38<\/span><\/p>\n<p><span style=\"font-weight: 400\">Alemania\u00a0<\/span><\/p>\n<p><b>David Buob,Director<\/b><\/p>\n<p><i><span style=\"font-weight: 400\">En Ut\u00f6, una isla habitada en el extremo sur de Finlandia, se conforma un inusual tri\u00e1ngulo amoroso. \u00bfCu\u00e1l es la diferencia entre los pasos de danza salpicados por el placer, y los movimientos salvajes impulsados por la rabia?<\/span><\/i><\/p>\n<hr \/>\n<p>&nbsp;<\/p>\n<\/div>\n<div><\/div>\n<div>\n<h1><strong>Viendo La Pelota<\/strong><\/h1>\n<p><span style=\"font-weight: 400\">2014 \/ Color \/ 3D, 2D, Cut-out \/ 12:35<\/span><\/p>\n<p><span style=\"font-weight: 400\">Serbia, Bosnia, Rusia, Estonia, Alemania\u00a0<\/span><\/p>\n<p><b>Martin Kleinmichel, Director<\/b><\/p>\n<p><span style=\"font-weight: 400\">22 jugadores, un bal\u00f3n, 6 astronautas, una prisi\u00f3n y 500 millones de espectadores. Esta pel\u00edcula trata del por qu\u00e9 el f\u00fatbol no se puede transmitir en el espacio, de como se mira la final del mundo en la casa de Ironman y c\u00f3mo un grupo de aficionados se convierten en monstruos.<\/span><\/p>\n<hr \/>\n<p>&nbsp;<\/p>\n<\/div>\n<div><\/div>\n<div><img loading=\"lazy\" decoding=\"async\" src=\"http:\/\/www.animafestival.com.ar\/imgs\/2015_films\/mund06.jpg\" alt=\"Zepo | Suddenly our lives changed\" width=\"300\" height=\"195\" \/><\/div>\n<div>\n<h1><b>Zepo<\/b><\/h1>\n<p><span style=\"font-weight: 400\">2014 \/ Color \/ Arena <\/span><span style=\"font-weight: 400\">\u00a0\/ 3:08<\/span><\/p>\n<p><span style=\"font-weight: 400\">Espa\u00f1a\u00a0<\/span><\/p>\n<p><b>C\u00e9sar D\u00edaz Mel\u00e9ndez, Director<\/b><\/p>\n<p><span style=\"font-weight: 400\">Hace tiempo, un d\u00eda de invierno sali\u00f3 a buscar le\u00f1a, se alej\u00f3 demasiado de casa, encontr\u00f3 un rastro de sangre\u2026 Y lo sigui\u00f3.<\/span><\/p>\n<hr \/>\n<p>&nbsp;<\/p>\n<\/div>\n<\/div>\n<div>\n<p>&nbsp;<\/p>\n<h1><strong>Repentinamente nuestra vida cambi\u00f3<\/strong><\/h1>\n<p><span style=\"font-weight: 400\">2015 \/ Color \/ Recortes, mixta \/ <\/span><i><span style=\"font-weight: 400\">Cut out, mixed<\/span><\/i><span style=\"font-weight: 400\"> \/ 2:52<\/span><\/p>\n<p><span style=\"font-weight: 400\">Ucrania<\/span><\/p>\n<p><b>Aleksey Balashov,Director<\/b><\/p>\n<p><span style=\"font-weight: 400\">Esta pel\u00edcula fue realizada por ni\u00f1os para adultos. Los habitantes de los campamentos de refugiados de Ucrania dicen por qu\u00e9 tuvieron que salir de su casa.<\/span><\/p>\n<p>&nbsp;<\/p>\n<\/div>\n","protected":false},"excerpt":{"rendered":"<p>Panorama Mundial Tiro de oro 2015 \/ Color \/ 3D CGI \/ 8:40 Turqu\u00eda\u00a0 G\u00f6kalp G\u00f6nen, Director M\u00e1quinas oxidadas que viven en sus casas peque\u00f1as, imaginan que el sol saldr\u00e1 [&hellip;]<\/p>\n","protected":false},"author":1,"featured_media":0,"parent":0,"menu_order":0,"comment_status":"closed","ping_status":"closed","template":"","meta":{"footnotes":""},"class_list":["post-1492","page","type-page","status-publish","hentry"],"_links":{"self":[{"href":"http:\/\/www.animafestival.com.ar\/2015\/wp-json\/wp\/v2\/pages\/1492","targetHints":{"allow":["GET"]}}],"collection":[{"href":"http:\/\/www.animafestival.com.ar\/2015\/wp-json\/wp\/v2\/pages"}],"about":[{"href":"http:\/\/www.animafestival.com.ar\/2015\/wp-json\/wp\/v2\/types\/page"}],"author":[{"embeddable":true,"href":"http:\/\/www.animafestival.com.ar\/2015\/wp-json\/wp\/v2\/users\/1"}],"replies":[{"embeddable":true,"href":"http:\/\/www.animafestival.com.ar\/2015\/wp-json\/wp\/v2\/comments?post=1492"}],"version-history":[{"count":5,"href":"http:\/\/www.animafestival.com.ar\/2015\/wp-json\/wp\/v2\/pages\/1492\/revisions"}],"predecessor-version":[{"id":1626,"href":"http:\/\/www.animafestival.com.ar\/2015\/wp-json\/wp\/v2\/pages\/1492\/revisions\/1626"}],"wp:attachment":[{"href":"http:\/\/www.animafestival.com.ar\/2015\/wp-json\/wp\/v2\/media?parent=1492"}],"curies":[{"name":"wp","href":"https:\/\/api.w.org\/{rel}","templated":true}]}}