{"id":1504,"date":"2015-09-03T00:21:08","date_gmt":"2015-09-03T03:21:08","guid":{"rendered":"http:\/\/www.animafestival.com.ar\/2015\/?page_id=1504"},"modified":"2015-09-03T20:45:01","modified_gmt":"2015-09-03T23:45:01","slug":"retrospectiva-steven-woloshen","status":"publish","type":"page","link":"http:\/\/www.animafestival.com.ar\/2015\/retrospectiva-steven-woloshen\/","title":{"rendered":"Retrospectiva Steven Woloshen"},"content":{"rendered":"<p><strong>Muestra Retrospectiva<\/strong><\/p>\n<p><strong>Steven Woloshen<\/strong><\/p>\n<p><a href=\"http:\/\/www.animafestival.com.ar\/2015\/files\/2015\/09\/me-at-work.jpg\"><img fetchpriority=\"high\" decoding=\"async\" class=\"alignnone size-medium wp-image-1574\" src=\"http:\/\/www.animafestival.com.ar\/2015\/files\/2015\/09\/DSC00152-225x300.jpg\" alt=\"DSC00152\" width=\"225\" height=\"300\" srcset=\"http:\/\/www.animafestival.com.ar\/2015\/files\/2015\/09\/DSC00152-225x300.jpg 225w, http:\/\/www.animafestival.com.ar\/2015\/files\/2015\/09\/DSC00152.jpg 300w\" sizes=\"(max-width: 225px) 100vw, 225px\" \/>\u00a0<img decoding=\"async\" class=\"alignnone wp-image-1573\" src=\"http:\/\/www.animafestival.com.ar\/2015\/files\/2015\/09\/me-at-work-300x225.jpg\" alt=\"me at work\" width=\"399\" height=\"299\" \/><\/a><\/p>\n<p><strong>Modera: Irene Blei<\/strong><\/p>\n<p>&nbsp;<\/p>\n<p><b>Ditty Dot Comma<\/b><span style=\"font-weight: 400\">, 3\u00b4, 2001<\/span><\/p>\n<p><span style=\"font-weight: 400\">Ditty Dot Comma es un film de 35mm pintado a mano, que honra la relaci\u00f3n entre el ojo y el o\u00eddo. El punto y la coma, literalmente signos de puntuaci\u00f3n, son tambi\u00e9n utilizados como s\u00edmbolos y dise\u00f1os.<\/span><\/p>\n<p>&nbsp;<\/p>\n<p><b>Bru Ha Ha!<\/b><span style=\"font-weight: 400\">, 2001<\/span><\/p>\n<p><a href=\"http:\/\/www.animafestival.com.ar\/2015\/files\/2015\/09\/Bru-Ha-Ha.jpg\"><img decoding=\"async\" class=\"alignnone size-medium wp-image-1555\" src=\"http:\/\/www.animafestival.com.ar\/2015\/files\/2015\/09\/Bru-Ha-Ha-300x166.jpg\" alt=\"Bru Ha Ha!\" width=\"300\" height=\"166\" \/><\/a><\/p>\n<p>&nbsp;<\/p>\n<p><b>The Babble On Palms, <\/b><span style=\"font-weight: 400\">4\u00b4, 2002<\/span><\/p>\n<p><span style=\"font-weight: 400\">Individualidad y experiencias comunes en el mundo actual.<\/span><\/p>\n<p><a href=\"http:\/\/www.animafestival.com.ar\/2015\/files\/2015\/09\/The-Babble-On-Palms-copia.jpg\"><img loading=\"lazy\" decoding=\"async\" class=\"alignnone size-medium wp-image-1570\" src=\"http:\/\/www.animafestival.com.ar\/2015\/files\/2015\/09\/The-Babble-On-Palms-copia-300x214.jpg\" alt=\"The Babble On Palms copia\" width=\"300\" height=\"214\" \/><\/a><\/p>\n<p>&nbsp;<\/p>\n<p><b>Cameras Take Five, <\/b><span style=\"font-weight: 400\">3\u00b4, 2003<\/span><\/p>\n<p>El romance duradero de las l\u00edneas. Una exploraci\u00f3n visual del cl\u00e1sico del jazz \u201cTake Five\u201d, de \u00a0Dave Brubeck.<\/p>\n<p><a href=\"http:\/\/www.animafestival.com.ar\/2015\/files\/2015\/09\/Cameras-Take-Five-copia.jpg\"><img loading=\"lazy\" decoding=\"async\" class=\"alignnone size-medium wp-image-1564\" src=\"http:\/\/www.animafestival.com.ar\/2015\/files\/2015\/09\/Cameras-Take-Five-copia-300x195.jpg\" alt=\"Cameras Take Five copia\" width=\"300\" height=\"195\" \/><\/a><\/p>\n<p>&nbsp;<\/p>\n<p><b>SNIP, <\/b><span style=\"font-weight: 400\">1:30, 2004<\/span><\/p>\n<p><span style=\"font-weight: 400\">Fragmentos de pel\u00edcula vuelan desde la pantalla con los sonidos fren\u00e9ticos del piano de Fats Waller.<\/span><\/p>\n<p><a href=\"http:\/\/www.animafestival.com.ar\/2015\/files\/2015\/09\/SNIP-.jpg\"><img loading=\"lazy\" decoding=\"async\" class=\"alignnone size-medium wp-image-1562\" src=\"http:\/\/www.animafestival.com.ar\/2015\/files\/2015\/09\/SNIP--300x144.jpg\" alt=\"SNIP\" width=\"300\" height=\"144\" \/><\/a><\/p>\n<p>&nbsp;<\/p>\n<p><b>The Curse of the Voodoo Child, <\/b><span style=\"font-weight: 400\">3:20, 2005<\/span><\/p>\n<p>El ciclo del sexo, nacimiento, fuego e infancia. \u00bfAcaso repetir\u00e1 mi hijo este ciclo, o inventar\u00e1 el propio?<\/p>\n<p><a href=\"http:\/\/www.animafestival.com.ar\/2015\/files\/2015\/09\/Curse-of-the-Voodoo-child-.jpg\"><img loading=\"lazy\" decoding=\"async\" class=\"alignnone size-medium wp-image-1558\" src=\"http:\/\/www.animafestival.com.ar\/2015\/files\/2015\/09\/Curse-of-the-Voodoo-child--300x200.jpg\" alt=\"Curse of the Voodoo child\" width=\"300\" height=\"200\" \/><\/a><\/p>\n<p>&nbsp;<\/p>\n<p><b>Fiesta Brava, <\/b><span style=\"font-weight: 400\">3:30, 2011<\/span><\/p>\n<p>Las corridas de toros terminaron. Ahora, los toros te invitan a la fiesta m\u00e1s grande del mundo.<\/p>\n<p><a href=\"http:\/\/www.animafestival.com.ar\/2015\/files\/2015\/09\/fiesta-Brava-copia.jpg\"><img loading=\"lazy\" decoding=\"async\" class=\"alignnone size-medium wp-image-1566\" src=\"http:\/\/www.animafestival.com.ar\/2015\/files\/2015\/09\/fiesta-Brava-copia-300x142.jpg\" alt=\"fiesta Brava copia\" width=\"300\" height=\"142\" \/><\/a><\/p>\n<p>&nbsp;<\/p>\n<p><b>Changing Evan, <\/b><span style=\"font-weight: 400\">1:15, 2006<\/span><\/p>\n<p>Creo que mi hija es un rompecabezas. Justo cuando pensaba que todo estaba bien, la varicela atac\u00f3\u2026<\/p>\n<p><a href=\"http:\/\/www.animafestival.com.ar\/2015\/files\/2015\/09\/Changing-Evan.jpg\"><img loading=\"lazy\" decoding=\"async\" class=\"alignnone size-medium wp-image-1556\" src=\"http:\/\/www.animafestival.com.ar\/2015\/files\/2015\/09\/Changing-Evan-300x108.jpg\" alt=\"Changing Evan\" width=\"300\" height=\"108\" \/><\/a><\/p>\n<p>&nbsp;<\/p>\n<p><b>Playtime, <\/b><span style=\"font-weight: 400\">2:44, 2009<\/span><\/p>\n<p>Jock MacDonald pintaba en ambos mundos: el de la figuraci\u00f3n y el de la abstracci\u00f3n. <i>Playtime<\/i> homenajea su dedicaci\u00f3n, esp\u00edritu y materia &#8211; tanto real como imaginaria.<\/p>\n<p><a href=\"http:\/\/www.animafestival.com.ar\/2015\/files\/2015\/09\/Playtime-copia.jpg\"><img loading=\"lazy\" decoding=\"async\" class=\"alignnone size-medium wp-image-1569\" src=\"http:\/\/www.animafestival.com.ar\/2015\/files\/2015\/09\/Playtime-copia-300x151.jpg\" alt=\"Playtime copia\" width=\"300\" height=\"151\" \/><\/a><\/p>\n<p>&nbsp;<\/p>\n<p><b>Free Speech, <\/b><span style=\"font-weight: 400\">20\u201d, 2012<\/span><\/p>\n<p>Producido con la asistencia de Unit Centrale, este anuncio fue realizado para apoyar al cineasta iran\u00ed Jafar Panahi en su dif\u00edcil situaci\u00f3n.<\/p>\n<p><a href=\"http:\/\/www.animafestival.com.ar\/2015\/files\/2015\/09\/Free-speech-copia.jpg\"><img loading=\"lazy\" decoding=\"async\" class=\"alignnone size-medium wp-image-1567\" src=\"http:\/\/www.animafestival.com.ar\/2015\/files\/2015\/09\/Free-speech-copia-300x181.jpg\" alt=\"Free speech copia\" width=\"300\" height=\"181\" \/><\/a><\/p>\n<p>&nbsp;<\/p>\n<p><b>Rebuttal, <\/b><span style=\"font-weight: 400\">2\u00b4, 2005<\/span><\/p>\n<p>Realizado bajo el alias Luther Carier, el film es una \u201crefutaci\u00f3n\u201d (rebuttal) abstracta al film abstracto en tono de burla <i>Spiral<\/i>, de W. P. Morton (pseud\u00f3nimo de Bill Plympton).<\/p>\n<p><a href=\"http:\/\/www.animafestival.com.ar\/2015\/files\/2015\/09\/Rebuttal.jpg\"><img loading=\"lazy\" decoding=\"async\" class=\"alignnone size-medium wp-image-1560\" src=\"http:\/\/www.animafestival.com.ar\/2015\/files\/2015\/09\/Rebuttal-300x225.jpg\" alt=\"Rebuttal\" width=\"300\" height=\"225\" \/><\/a><\/p>\n<p>&nbsp;<\/p>\n<p><b>Chronicle Reconstructions, <\/b><span style=\"font-weight: 400\">3\u00b4, 2008<\/span><\/p>\n<p>Un cortometraje sobre el amor, la p\u00e9rdida y la tribu Matabeleland de Rodesia del Sur.<\/p>\n<p><a href=\"http:\/\/www.animafestival.com.ar\/2015\/files\/2015\/09\/Chronicle-Reconstructions.jpg\"><img loading=\"lazy\" decoding=\"async\" class=\"alignnone size-medium wp-image-1557\" src=\"http:\/\/www.animafestival.com.ar\/2015\/files\/2015\/09\/Chronicle-Reconstructions-300x121.jpg\" alt=\"Chronicle Reconstructions\" width=\"300\" height=\"121\" \/><\/a><\/p>\n<p>&nbsp;<\/p>\n<p><b>Optical Itzak, <\/b><span style=\"font-weight: 400\">2:50, 2008<\/span><\/p>\n<p>Mi hijo Itzak observa muchas cosas. Quiz\u00e1s \u00e9sto es lo que \u00e9l ve.<\/p>\n<p><a href=\"http:\/\/www.animafestival.com.ar\/2015\/files\/2015\/09\/Optical-Itzak.jpg\"><img loading=\"lazy\" decoding=\"async\" class=\"alignnone size-medium wp-image-1559\" src=\"http:\/\/www.animafestival.com.ar\/2015\/files\/2015\/09\/Optical-Itzak-300x126.jpg\" alt=\"Optical Itzak\" width=\"300\" height=\"126\" \/><\/a><\/p>\n<p>&nbsp;<\/p>\n<p><b>Two Eastern Hair Lines, <\/b><span style=\"font-weight: 400\">4\u00b4 2004<\/span><\/p>\n<p>Una exploraci\u00f3n sobre la comunicaci\u00f3n y el aislamiento \/ este y oeste.<\/p>\n<p><a href=\"http:\/\/www.animafestival.com.ar\/2015\/files\/2015\/09\/2-eastern-hair-lines.jpg\"><img loading=\"lazy\" decoding=\"async\" class=\"alignnone size-full wp-image-1553\" src=\"http:\/\/www.animafestival.com.ar\/2015\/files\/2015\/09\/2-eastern-hair-lines.jpg\" alt=\"2 eastern hair lines\" width=\"278\" height=\"222\" \/><\/a><\/p>\n<p>&nbsp;<\/p>\n<p><b>Shimmer Box Drive, <\/b><span style=\"font-weight: 400\">3:45, 2007<\/span><\/p>\n<p>Pensamientos, visiones y reflexiones desde el asiento del conductor.<\/p>\n<p><a href=\"http:\/\/www.animafestival.com.ar\/2015\/files\/2015\/09\/Shimmer-Box-Drive-.jpg\"><img loading=\"lazy\" decoding=\"async\" class=\"alignnone size-medium wp-image-1561\" src=\"http:\/\/www.animafestival.com.ar\/2015\/files\/2015\/09\/Shimmer-Box-Drive--300x126.jpg\" alt=\"Shimmer Box Drive\" width=\"300\" height=\"126\" \/><\/a><\/p>\n<p>&nbsp;<\/p>\n<p><b>Vista, <\/b><span style=\"font-weight: 400\">1:30, sin sonido, 2009<\/span><\/p>\n<p>Una pel\u00edcula pintada a mano en formato Vista Vision<\/p>\n<p><a href=\"http:\/\/www.animafestival.com.ar\/2015\/files\/2015\/09\/Vista-copia.jpg\"><img loading=\"lazy\" decoding=\"async\" class=\"alignnone size-medium wp-image-1571\" src=\"http:\/\/www.animafestival.com.ar\/2015\/files\/2015\/09\/Vista-copia-300x199.jpg\" alt=\"Vista copia\" width=\"300\" height=\"199\" \/><\/a><\/p>\n<p>&nbsp;<\/p>\n<p><b>Minuet, <\/b><span style=\"font-weight: 400\">1\u00b4, 2003<\/span><\/p>\n<p>Un ensayo sobre armon\u00eda del color y los matices visuales. Un encargo del 2003 Images Film and Video Festival de Toronto.<\/p>\n<p><a href=\"http:\/\/www.animafestival.com.ar\/2015\/files\/2015\/09\/Minuet-copia.jpg\"><img loading=\"lazy\" decoding=\"async\" class=\"alignnone size-medium wp-image-1568\" src=\"http:\/\/www.animafestival.com.ar\/2015\/files\/2015\/09\/Minuet-copia-300x149.jpg\" alt=\"Minuet copia\" width=\"300\" height=\"149\" \/><\/a><\/p>\n<p>&nbsp;<\/p>\n<p><b>When the Sun Turns into Juice, <\/b><span style=\"font-weight: 400\">2\u00b4<\/span><\/p>\n<p><a href=\"http:\/\/www.animafestival.com.ar\/2015\/files\/2015\/09\/When-the-Sun-Turns-into-Juice-.jpg\"><img loading=\"lazy\" decoding=\"async\" class=\"alignnone size-medium wp-image-1563\" src=\"http:\/\/www.animafestival.com.ar\/2015\/files\/2015\/09\/When-the-Sun-Turns-into-Juice--300x117.jpg\" alt=\"When the Sun Turns into Juice\" width=\"300\" height=\"117\" \/><\/a><\/p>\n<p>&nbsp;<\/p>\n<p>&nbsp;<\/p>\n<p><b>2010 Melbourne Festival Trailer<\/b><span style=\"font-weight: 400\">, 30\u201d, 2010<\/span><\/p>\n<p>&nbsp;<\/p>\n<p><b>Crossing Victoria, <\/b><span style=\"font-weight: 400\">4\u00b4, 2013<\/span><\/p>\n<p>Diez a\u00f1os atr\u00e1s realic\u00e9 un peligroso viaje nocturno por un hito hist\u00f3rico de Montreal. A trav\u00e9s de la lluvia helada, el viento y la nieve, estas fueron las f\u00e9rreas alucinaciones que encontr\u00e9 en mi camino.<\/p>\n<p><a href=\"http:\/\/www.animafestival.com.ar\/2015\/files\/2015\/09\/Crossing-Victoria-copia.jpg\"><img loading=\"lazy\" decoding=\"async\" class=\"alignnone size-medium wp-image-1565\" src=\"http:\/\/www.animafestival.com.ar\/2015\/files\/2015\/09\/Crossing-Victoria-copia-300x214.jpg\" alt=\"Crossing Victoria copia\" width=\"300\" height=\"214\" \/><\/a><\/p>\n<p>&nbsp;<\/p>\n<p><b>1000 Plateaus (2004-2014)<\/b><span style=\"font-weight: 400\">, 3\u00b4, 2014<\/span><\/p>\n<p><a href=\"http:\/\/www.animafestival.com.ar\/2015\/files\/2015\/09\/1000-plateaus-.jpg\"><img loading=\"lazy\" decoding=\"async\" class=\"alignnone size-medium wp-image-1554\" src=\"http:\/\/www.animafestival.com.ar\/2015\/files\/2015\/09\/1000-plateaus--300x120.jpg\" alt=\"1000 plateaus\" width=\"300\" height=\"120\" \/><\/a><\/p>\n<p>&nbsp;<\/p>\n<p>&nbsp;<\/p>\n","protected":false},"excerpt":{"rendered":"<p>Muestra Retrospectiva Steven Woloshen \u00a0 Modera: Irene Blei &nbsp; Ditty Dot Comma, 3\u00b4, 2001 Ditty Dot Comma es un film de 35mm pintado a mano, que honra la relaci\u00f3n entre [&hellip;]<\/p>\n","protected":false},"author":1,"featured_media":0,"parent":0,"menu_order":0,"comment_status":"closed","ping_status":"closed","template":"","meta":{"footnotes":""},"class_list":["post-1504","page","type-page","status-publish","hentry"],"_links":{"self":[{"href":"http:\/\/www.animafestival.com.ar\/2015\/wp-json\/wp\/v2\/pages\/1504","targetHints":{"allow":["GET"]}}],"collection":[{"href":"http:\/\/www.animafestival.com.ar\/2015\/wp-json\/wp\/v2\/pages"}],"about":[{"href":"http:\/\/www.animafestival.com.ar\/2015\/wp-json\/wp\/v2\/types\/page"}],"author":[{"embeddable":true,"href":"http:\/\/www.animafestival.com.ar\/2015\/wp-json\/wp\/v2\/users\/1"}],"replies":[{"embeddable":true,"href":"http:\/\/www.animafestival.com.ar\/2015\/wp-json\/wp\/v2\/comments?post=1504"}],"version-history":[{"count":7,"href":"http:\/\/www.animafestival.com.ar\/2015\/wp-json\/wp\/v2\/pages\/1504\/revisions"}],"predecessor-version":[{"id":1576,"href":"http:\/\/www.animafestival.com.ar\/2015\/wp-json\/wp\/v2\/pages\/1504\/revisions\/1576"}],"wp:attachment":[{"href":"http:\/\/www.animafestival.com.ar\/2015\/wp-json\/wp\/v2\/media?parent=1504"}],"curies":[{"name":"wp","href":"https:\/\/api.w.org\/{rel}","templated":true}]}}