{"id":1535,"date":"2015-09-03T17:15:09","date_gmt":"2015-09-03T20:15:09","guid":{"rendered":"http:\/\/www.animafestival.com.ar\/2015\/?page_id=1535"},"modified":"2015-09-03T20:15:43","modified_gmt":"2015-09-03T23:15:43","slug":"jurados-2015","status":"publish","type":"page","link":"http:\/\/www.animafestival.com.ar\/2015\/jurados-2015\/","title":{"rendered":"Jurados 2015"},"content":{"rendered":"<ul>\n<li><strong>Jurado Competencia Internacional de Cortometrajes<\/strong><\/li>\n<\/ul>\n<p><a href=\"http:\/\/www.animafestival.com.ar\/2015\/files\/2015\/09\/02.-Jurado-Internac-cortom.jpg\"><img fetchpriority=\"high\" decoding=\"async\" class=\"alignnone size-medium wp-image-1546\" src=\"http:\/\/www.animafestival.com.ar\/2015\/files\/2015\/09\/02.-Jurado-Internac-cortom-300x200.jpg\" alt=\"01. Internac cortom\" width=\"300\" height=\"200\" srcset=\"http:\/\/www.animafestival.com.ar\/2015\/files\/2015\/09\/02.-Jurado-Internac-cortom-300x200.jpg 300w, http:\/\/www.animafestival.com.ar\/2015\/files\/2015\/09\/02.-Jurado-Internac-cortom.jpg 889w\" sizes=\"(max-width: 300px) 100vw, 300px\" \/><\/a><\/p>\n<p><strong>Ayar Blasco (Argentina)<\/strong><\/p>\n<p><span style=\"font-weight: 400\">Ayar Blasco es un artista multifac\u00e9tico argentino que se ha desempe\u00f1ado como realizador de cine animado, int\u00e9rprete, guionista, productor, director de animaci\u00f3n, historietista y dibujante. Creador, junto a Juan Ant\u00edn, de la serie animada televisiva y el largometraje \u201cMercano el Marciano\u201d, el cual particip\u00f3 en el Festival de Berl\u00edn, y fue galardonado con el Premio del P\u00fablico en el Festival de Sitges y el Premio Especial del Jurado en el Festival de Annecy.<\/span><\/p>\n<p><span style=\"font-weight: 400\">Su segundo largometraje, \u201cEl Sol\u201d, se estren\u00f3 comercialmente en 2012 y particip\u00f3 en festivales de Holanda, Polonia, Italia, Corea, Dinamarca, Cuba, Brasil y Argentina. Ocasionalmente publica historietas para las revistas <\/span><i><span style=\"font-weight: 400\">Fierro<\/span><\/i><span style=\"font-weight: 400\"> y <\/span><i><span style=\"font-weight: 400\">Haciendo Cine<\/span><\/i><span style=\"font-weight: 400\">, \u00a0y realiza animaciones de humor negro y absurdo en internet bajo el seud\u00f3nimo CHIMIBOGA.<\/span><\/p>\n<p>&nbsp;<\/p>\n<p><strong>Patricio Plaza (Argentina)<\/strong><\/p>\n<p><span style=\"font-weight: 400\">Animador, ilustrador e historietista. Curs\u00f3 estudios en el Bachillerato de Bellas Artes y en la Carrera de Comunicaci\u00f3n Audiovisual de la Facultad de Bellas Artes de la Universidad Nacional de La Plata. Comienza su formaci\u00f3n en el campo de la animaci\u00f3n a los catorce a\u00f1os, recibiendo una Beca de la Fundaci\u00f3n Bernardo Houssay para Estudiantes destacados en Artes. Se ha desempe\u00f1ado como animador de personajes en seis largometrajes para varias productoras, entre ellas Filmax Animation (Espa\u00f1a), Patagonik Film Group y Hook Up Animation (Argentina), para compa\u00f1\u00edas como Disney Television y Cartoon Network Latin America. Su trabajo como ilustrador e historietista incluye colaboraciones para compa\u00f1\u00edas editoriales y multimedia tales como Simon &amp; Schuster (EEUU), Zeros2Heroes (Canad\u00e1), Kapelusz (Espa\u00f1a y Argentina), Tinta Fresca (Argentina) y Estaci\u00f3n Mandioca (Argentina). Actualmente trabaja en el campo de la animaci\u00f3n independiente, donde fue productor y coguionista en cortometrajes animados como \u201cEl Empleo\u201d y \u201cPadre\u201d, del director Santiago \u2018Bou\u2019 Grasso, recibiendo m\u00e1s de 180 premios en Festivales de Cine y Animaci\u00f3n de todo el mundo, entre ellos Annecy, Hiroshima, Anima Mundi, Biarritz, Huesca y ANIMA C\u00f3rdoba, entre otros. <\/span><\/p>\n<p>&nbsp;<\/p>\n<p><strong>Steven Woloshen (Canada)<\/strong><\/p>\n<p><span style=\"font-weight: 400\">Steven Woloshen es un artista apasionado que desde hace 30 a\u00f1os crea, con sus propias manos, pel\u00edculas abstractas e instalaciones basadas en el tiempo. Woloshen se desempe\u00f1\u00f3 como disertante, jurado, t\u00e9cnico, animador, artesano y, m\u00e1s recientemente, como autor de <\/span><i><span style=\"font-weight: 400\">Recipes for Reconstruction<\/span><\/i><span style=\"font-weight: 400\">, el manual de recetas para el director, con t\u00e9cnicas caseras para la decadencia, la renovaci\u00f3n y otras sugerencias para pel\u00edculas an\u00e1logas.<\/span><\/p>\n<p>&nbsp;<\/p>\n<ul>\n<li><strong>Jurado Estudiantil<\/strong><\/li>\n<\/ul>\n<p><a href=\"http:\/\/www.animafestival.com.ar\/2015\/files\/2015\/09\/43.-Jurado-infantil.jpg\"><img decoding=\"async\" class=\"alignnone size-medium wp-image-1547\" src=\"http:\/\/www.animafestival.com.ar\/2015\/files\/2015\/09\/43.-Jurado-infantil-300x200.jpg\" alt=\"01. Internac cortom\" width=\"300\" height=\"200\" srcset=\"http:\/\/www.animafestival.com.ar\/2015\/files\/2015\/09\/43.-Jurado-infantil-300x200.jpg 300w, http:\/\/www.animafestival.com.ar\/2015\/files\/2015\/09\/43.-Jurado-infantil.jpg 889w\" sizes=\"(max-width: 300px) 100vw, 300px\" \/><\/a><\/p>\n<p><span style=\"font-weight: 400\">El Jurado Estudiantil otorga el Premio a la Mejor Animaci\u00f3n de Escuela.<\/span><\/p>\n<p>&nbsp;<\/p>\n<p><strong>Nadia Couto<\/strong><\/p>\n<p><span style=\"font-weight: 400\">Estudiante de la Lic. en Cine y TV, Facultad de Artes, Universidad Nacional de C\u00f3rdoba<\/span><\/p>\n<p>&nbsp;<\/p>\n<p><strong>Marina Pessutto<\/strong><\/p>\n<p><span style=\"font-weight: 400\">Estudiante de la Lic. en Cine y TV, Facultad de Artes, Universidad Nacional de C\u00f3rdoba<\/span><\/p>\n<p>&nbsp;<\/p>\n<p><strong>Camila R\u00e9<\/strong><\/p>\n<p><span style=\"font-weight: 400\">Estudiante de la Lic. en Dise\u00f1o y Producci\u00f3n Audiovisual, Universidad Nacional de Villa Mar\u00eda.<\/span><\/p>\n<p>&nbsp;<\/p>\n<ul>\n<li><strong>Jurado Infantil<\/strong><\/li>\n<\/ul>\n<p><span style=\"font-weight: 400\">El Jurado infantil otorga el Premio a la Mejor Animaci\u00f3n para Ni\u00f1os<\/span><\/p>\n<p><strong>Marco Conen &#8211;\u00a0<\/strong><span style=\"font-weight: 400\">8 a\u00f1os<\/span><\/p>\n<p><strong>Julieta Conen &#8211;\u00a0<\/strong><span style=\"font-weight: 400\">14 a\u00f1os<\/span><\/p>\n<p><strong>Aquiles Gonz\u00e1lez Sviatschi &#8211;\u00a0<\/strong><span style=\"font-weight: 400\">11 a\u00f1os<\/span><\/p>\n<p>&nbsp;<\/p>\n<div>\n<div>\n<ul>\n<li><strong>Jurado de Animaci\u00f3n para TV \/ Animaci\u00f3n Promocional y Publicitaria<\/strong><\/li>\n<\/ul>\n<p><a href=\"http:\/\/www.animafestival.com.ar\/2015\/files\/2015\/09\/33.-Jurado-TV.jpg\"><img decoding=\"async\" class=\"alignnone size-medium wp-image-1548\" src=\"http:\/\/www.animafestival.com.ar\/2015\/files\/2015\/09\/33.-Jurado-TV-300x200.jpg\" alt=\"01. Internac cortom\" width=\"300\" height=\"200\" srcset=\"http:\/\/www.animafestival.com.ar\/2015\/files\/2015\/09\/33.-Jurado-TV-300x200.jpg 300w, http:\/\/www.animafestival.com.ar\/2015\/files\/2015\/09\/33.-Jurado-TV.jpg 889w\" sizes=\"(max-width: 300px) 100vw, 300px\" \/><\/a><\/p>\n<\/div>\n<p><strong>M\u00f3nica Kirchheimer (Argentina)<\/strong><\/p>\n<p>M\u00f3nica S. Kirchheimer es Dra. en Ciencias Sociales por la UBA, docente-investigadora en la Universidad de Buenos Aires y en la Universidad Nacional de las Artes, donde tambi\u00e9n se desempe\u00f1a como Secretaria de Investigaci\u00f3n y Posgrado. Su \u00e1rea de investigaci\u00f3n es Arte y Medios, focalizando en narrativas televisivas y po\u00e9ticas animadas. Actualmente dirige e integra proyectos de investigaci\u00f3n nacionales en torno de los problemas de producci\u00f3n y circulaci\u00f3n de la animaci\u00f3n y el proyecto internacional \u201cRedes Sur a Sur. Red Internacional de Estudios de Animaci\u00f3n\u201d, y codirige el equipo Argentino de Obitel, Observatorio de Ficci\u00f3n Televisiva. Ha publicado numerosos art\u00edculos en revistas acad\u00e9micas y libros. Ha compilado el volumen <i>Animaci\u00f3n. Encuentros de lenguajes, g\u00e9neros, figuras<\/i>.<\/p>\n<p>&nbsp;<\/p>\n<\/div>\n<p><strong>Pablo Rodr\u00edguez J\u00e1uregui (Argentina)<\/strong><\/p>\n<p>(Santa Fe, Argentina, 1966). Entrenado por m\u00e9todos formales e informales en el oficio del Dibujo Animado. Desprolijo estudiante de Cine, Bellas Artes y Dibujo. Realizador Independiente de Dibujos Animados, productor y docente. Fundador en 2006 y director de la Escuela para Animadores de Rosario. Socio fundador de la Cooperativa de Trabajo Animadores de Rosario Ltda. que funciona desde 2008.<\/p>\n<p>Docente de nivel medio en los talleres art\u00edsticos profesionales de la Escuela Provincial de Artes Visuales Juan Mantovani de Santa Fe.<\/p>\n<p>Posee una larga trayectoria como realizador de dibujos animados de corto y largo metraje, tanto en forma independiente como por encargo. Entre sus trabajos destacan El Pibe (1993), Capit\u00e1n Cardozo (1994), El Rayo Rubio (2000), The Planet (largometraje, 2001) Cabeza de Rat\u00f3n (programa de TV abierta, 2009 &#8211; 2015), entre otros. Tambi\u00e9n ha colaborado con m\u00fasicos desarrollando video clips y peque\u00f1as piezas animadas (Leo Masliah, Juana Molina, Fernando Samalea y Mar\u00eda Gabriela Epumer).<\/p>\n<p>Entre los a\u00f1os 1992 y 2005 form\u00f3 parte del equipo de realizaci\u00f3n del programa de TV \u201cCaloi en su tinta\u201d para el cual realiz\u00f3 animaciones especiales en cada episodio, y en 2010 anim\u00f3 junto con la Cooperativa de Animadores de Rosario el corto llamado \u201cClaustr\u00f3polis\u201d que integra el largometraje \u201cAnima Buenos Aires\u201d producido y dirigido por Mar\u00eda Ver\u00f3nica Ramirez para \u201cCaloi en su tinta\u201d.<\/p>\n<p>&nbsp;<\/p>\n<p><strong>Cristina A. Siragusa (Argentina)<\/strong><\/p>\n<p>Comunicadora Social. Docente-Investigadora de la Licenciatura en Cine y TV (Universidad Nacional de C\u00f3rdoba) y de la Licenciatura en Dise\u00f1o y Producci\u00f3n Audiovisual (Universidad Nacional de Villa Mar\u00eda). Dirige proyectos de investigaci\u00f3n acreditados y subsidiados por instituciones universitarias en los que se aborda la ficci\u00f3n seriada televisiva, y la animaci\u00f3n argentina. Es compiladora, junto a Alejandro Gonz\u00e1lez, del libro \u00abPo\u00e9ticas de la Animaci\u00f3n Argentina 1960-2010: C\u00f3rdoba, Rosario y Buenos Aires\u00bb.<\/p>\n<p>&nbsp;<\/p>\n<ul>\n<li><strong>Jurado Argentino<\/strong><\/li>\n<\/ul>\n<p><a href=\"http:\/\/www.animafestival.com.ar\/2015\/files\/2015\/09\/20.-Jurado-Arg.jpg\"><img loading=\"lazy\" decoding=\"async\" class=\"alignnone size-medium wp-image-1549\" src=\"http:\/\/www.animafestival.com.ar\/2015\/files\/2015\/09\/20.-Jurado-Arg-300x198.jpg\" alt=\"01. Internac cortom\" width=\"300\" height=\"198\" srcset=\"http:\/\/www.animafestival.com.ar\/2015\/files\/2015\/09\/20.-Jurado-Arg-300x198.jpg 300w, http:\/\/www.animafestival.com.ar\/2015\/files\/2015\/09\/20.-Jurado-Arg-1024x675.jpg 1024w, http:\/\/www.animafestival.com.ar\/2015\/files\/2015\/09\/20.-Jurado-Arg.jpg 1202w\" sizes=\"(max-width: 300px) 100vw, 300px\" \/><\/a><\/p>\n<p><strong>Becho Lo Bianco (Argentina)<\/strong><\/p>\n<p><span style=\"font-weight: 400\">Becho Lo Bianco, co-fundador del estudio de animaci\u00f3n Can Can Club, inici\u00f3 su carrera en la serie <\/span><i><span style=\"font-weight: 400\">Capelito<\/span><\/i><span style=\"font-weight: 400\"> de Rodolfo Pastor en Barcelona. A su regreso a Argentina conoce a Javier Mrad, con quien realiza <\/span><i><span style=\"font-weight: 400\">2 metros<\/span><\/i><span style=\"font-weight: 400\"> y luego <\/span><i><span style=\"font-weight: 400\">Teclopolis<\/span><\/i><span style=\"font-weight: 400\">, pel\u00edcula que da nacimiento al Can Can Club. Este estudio, codirigido por Lo Bianco y Mariano Bergara, cuenta con una importante trayectoria y un relevante n\u00famero de trabajos comerciales y de autor reconocidos internacionalmente. <\/span><\/p>\n<p>&nbsp;<\/p>\n<p><strong>Ricardo Arce (Colombia)<\/strong><\/p>\n<p><span style=\"font-weight: 400\">Dise\u00f1ador, animador e investigador, es Docente Asociado de la Universidad Jorge Tadeo Lozano, en donde coordina el \u00e1rea de Animaci\u00f3n de los programas de Dise\u00f1o Gr\u00e1fico y de la Tecnolog\u00eda en Realizaci\u00f3n de Audiovisuales y Multimedia. Es miembro fundador y actual Presidente del cap\u00edtulo colombiano de la Asociaci\u00f3n Internacional de Films Animados, ASIFA Colombia, y miembro de la Junta Directiva de ASIFA Internacional. Estudi\u00f3 la carrera de Dise\u00f1o Gr\u00e1fico en la Universidad Nacional de Colombia, la Especializaci\u00f3n en Televisi\u00f3n de la Pontificia Universidad Javeriana y la Maestr\u00eda en Est\u00e9tica e Historia del Arte de la Universidad Jorge Tadeo Lozano. Ha participado en calidad de conferencista y de jurado en diferentes eventos nacionales e internacionales de animaci\u00f3n. Es coautor del libro La Animaci\u00f3n en Colombia hasta finales de los a\u00f1os 80, resultado de un proyecto de investigaci\u00f3n desarrollado en el Programa de Dise\u00f1o Gr\u00e1fico de la UJTL y publicado por la Universidad.<\/span><\/p>\n<p>&nbsp;<\/p>\n<p><strong>Claudia Ruiz (Argentina)<\/strong><\/p>\n<p><span style=\"font-weight: 400\">Licenciada en Dise\u00f1o de la Comunicaci\u00f3n Visual.Profesora de Artes Visuales. Becaria del Fondo Nacional de las Artes.<\/span><\/p>\n<p><span style=\"font-weight: 400\">Desde el a\u00f1o 97 desarrolla talleres de Cine por y para Ni\u00f1os en Santa Fe (Taller El Pibe, Taller Solar de las Artes, Taller El Globo Rojo) y en festivales Nacionales e Internacionales (Festival Iberoamericano Im\u00e1genes J\u00f3venes, Festival Internacional Nueva Mirada, Bs. As., Festival Internacional para ni\u00f1os y no tanto, La Matatena, M\u00e9xico). Desde el a\u00f1o 2001 comparte la c\u00e1tedra de animaci\u00f3n con Pablo Rodr\u00edguez J\u00e1uregui en la Escuela Profesor Juan Mantovani. Desde el a\u00f1o 2011 es Profesora de Animaci\u00f3n en el Instituto Superior de Cine y Artes Audiovisuales de Santa Fe. Miembro de la Asociaci\u00f3n Nueva Mirada.<\/span><\/p>\n<p><span style=\"font-weight: 400\">Directora de la productora de animaci\u00f3n independiente \u201cEl Molinete Animaciones\u201d, productora nacida en el a\u00f1o 2005 \u00fanica especializada en stop motion en la regi\u00f3n litoral.<\/span><\/p>\n<p>&nbsp;<\/p>\n<ul>\n<li><strong>Jurado de Competencia Internacional de Largometrajes Animados<\/strong><\/li>\n<\/ul>\n<p><a href=\"http:\/\/www.animafestival.com.ar\/2015\/files\/2015\/09\/30.-Jurado-largom.jpg\"><img loading=\"lazy\" decoding=\"async\" class=\"alignnone size-medium wp-image-1550\" src=\"http:\/\/www.animafestival.com.ar\/2015\/files\/2015\/09\/30.-Jurado-largom-300x200.jpg\" alt=\"01. Internac cortom\" width=\"300\" height=\"200\" srcset=\"http:\/\/www.animafestival.com.ar\/2015\/files\/2015\/09\/30.-Jurado-largom-300x200.jpg 300w, http:\/\/www.animafestival.com.ar\/2015\/files\/2015\/09\/30.-Jurado-largom.jpg 889w\" sizes=\"(max-width: 300px) 100vw, 300px\" \/><\/a><\/p>\n<p><strong>Alejo Schettini (Uruguay)<\/strong><\/p>\n<p><span style=\"font-weight: 400\">Montevideo, 1978 Ilustrador, guionista y animador. En 1997 logra el 1er premio en la categor\u00eda video (dibujo animado) en el concurso \u201cUn libro, un mundo\u201d auspiciado por Canal 12 y diario El Pa\u00eds.Entre el 2001 y el 2003 es director de animaci\u00f3n y realizador del programa \u201cLa mano que mira\u201d de Tunda Prada, producido y emitido por TV ciudad. En ese per\u00edodo crea las series de dibujo animado \u201cJuan y Jos\u00e9\u201d y \u201cEl toro\u201d entre otros trabajos unitarios emitidos por TV ciudad y Televisi\u00f3n Nacional de Uruguay. En 2005 funda Palermo Estudio junto a Alfredo Soderguit, plataforma desde la cual desarrollan diversos proyectos de animaci\u00f3n. Como ilustrador ha trabajado en la \u201cLa gu\u00eda ilustrada de Montevideo\u201d publicado por el Centro Cultural de Espa\u00f1a, de la serie de libros \u201cCuento Contigo\u201d publicado por editorial EME , \u201cPreguntas y respuestas sobre animales del Uruguay\u201d escrito por Leonardo Haberkorn ,\u201cCasi P\u00e1jaro\u201d escrito por Pedro Piccatto y publicado por editorial Mas pimienta, \u201cCanciones con bigote\u201d y \u201cPensamiento de caracol\u201d de Criatura Editora. Entre 2009 y 2012 trabaj\u00f3 como director de animaci\u00f3n y co\u00adguionista del largometraje animado \u201cAninA\u201d de Alfredo Soderguit. En el 2013 trabaj\u00f3 como director de animaci\u00f3n del corto \u201cNoctiluca\u201d de Juan Carve. En 2014 dirigi\u00f3 la animaci\u00f3n de la serie \u201cAnselmo quiere saber\u201d producido por Tarkio Films. En 2015 dirige junto a Germ\u00e1n Tejeira el corto \u201cIrma\u201d de Palermo Estudio y Raindogs Cine(actualmente en postproducci\u00f3n).<\/span><\/p>\n<p>&nbsp;<\/p>\n<p><strong>Felipe Silva Montellano (Chile)<\/strong><\/p>\n<p><span style=\"font-weight: 400\">Es Dise\u00f1ador en Comunicaci\u00f3n Visual en la Universidad Tecnol\u00f3gica Metropolitana y en el a\u00f1o 2005 obtiene el grado acad\u00e9mico de \u00a0Doctor en Bellas Artes, especializado en Cine Animaci\u00f3n, por la Universidad Polit\u00e9cnica de Valencia. Posee experiencia profesional en el desarrollo de multimedia interactiva educacional, direcci\u00f3n y desarrollo de producciones audiovisuales animadas. Ha participado activamente en variadas exposiciones, ponencias, publicaciones individuales y colectivas en Chile, M\u00e9xico y en Espa\u00f1a. En la actualidad es Acad\u00e9mico del Departamento de Dise\u00f1o de la Facultad de Humanidades y Tecnolog\u00edas de la Comunicaci\u00f3n Social en la UTEM, Santiago, Chile. Al presente es Investigador Responsable del Fondo Nacional de Desarrollo Cient\u00edfico y Tecnol\u00f3gico (FONDECYT).<\/span><\/p>\n<p>&nbsp;<\/p>\n<p><strong>Diego Rolle (Argentina)<\/strong><\/p>\n<p><span style=\"font-weight: 400\">Es socio de la Cooperativa de Trabajo Animadores de Rosario y docente de la Escuela Para Animadores de Rosario, dirigi\u00f3 y anim\u00f3 en el programa televisivo de dibujos animados <\/span><i><span style=\"font-weight: 400\">Cabeza de Rat\u00f3n<\/span><\/i><span style=\"font-weight: 400\"> (2009, 2010, 2011, 2012\/2013, 2015) que actualmente se emite por Canal 5 de Rosario (Grupo TELEFE), y los cortos <\/span><i><span style=\"font-weight: 400\">Viaje a la Tierra<\/span><\/i><span style=\"font-weight: 400\"> (2010) y <\/span><i><span style=\"font-weight: 400\">Con este amor<\/span><\/i><span style=\"font-weight: 400\"> (2008) entre muchos otros. Fue animador en <\/span><i><span style=\"font-weight: 400\">Clautr\u00f3polis<\/span><\/i><span style=\"font-weight: 400\"> (2012) cortometraje del largometraje animado <\/span><i><span style=\"font-weight: 400\">\u00c1nima Buenos Aires<\/span><\/i><span style=\"font-weight: 400\">, producida por Caloi en su Tinta y en <\/span><i><span style=\"font-weight: 400\">Modesta historia de un suntuoso derroch\u00f3n<\/span><\/i><span style=\"font-weight: 400\"> (2012). Fue productor y animador en <\/span><i><span style=\"font-weight: 400\">Gu\u00eda de Rosario Misteriosa<\/span><\/i><span style=\"font-weight: 400\"> (2009) y tambi\u00e9n animador en <\/span><i><span style=\"font-weight: 400\">Gu\u00eda de Rosario Misteriosa 2<\/span><\/i><span style=\"font-weight: 400\"> (2014). Fue asistente de direcci\u00f3n y animador en <\/span><i><span style=\"font-weight: 400\">El viaje de Gaia<\/span><\/i><span style=\"font-weight: 400\"> (2015). Ha realizado numerosas publicidades y campa\u00f1as animadas para diversos clientes.<\/span><\/p>\n","protected":false},"excerpt":{"rendered":"<p>Jurado Competencia Internacional de Cortometrajes Ayar Blasco (Argentina) Ayar Blasco es un artista multifac\u00e9tico argentino que se ha desempe\u00f1ado como realizador de cine animado, int\u00e9rprete, guionista, productor, director de animaci\u00f3n, [&hellip;]<\/p>\n","protected":false},"author":1,"featured_media":0,"parent":0,"menu_order":0,"comment_status":"closed","ping_status":"closed","template":"","meta":{"footnotes":""},"class_list":["post-1535","page","type-page","status-publish","hentry"],"_links":{"self":[{"href":"http:\/\/www.animafestival.com.ar\/2015\/wp-json\/wp\/v2\/pages\/1535","targetHints":{"allow":["GET"]}}],"collection":[{"href":"http:\/\/www.animafestival.com.ar\/2015\/wp-json\/wp\/v2\/pages"}],"about":[{"href":"http:\/\/www.animafestival.com.ar\/2015\/wp-json\/wp\/v2\/types\/page"}],"author":[{"embeddable":true,"href":"http:\/\/www.animafestival.com.ar\/2015\/wp-json\/wp\/v2\/users\/1"}],"replies":[{"embeddable":true,"href":"http:\/\/www.animafestival.com.ar\/2015\/wp-json\/wp\/v2\/comments?post=1535"}],"version-history":[{"count":5,"href":"http:\/\/www.animafestival.com.ar\/2015\/wp-json\/wp\/v2\/pages\/1535\/revisions"}],"predecessor-version":[{"id":1552,"href":"http:\/\/www.animafestival.com.ar\/2015\/wp-json\/wp\/v2\/pages\/1535\/revisions\/1552"}],"wp:attachment":[{"href":"http:\/\/www.animafestival.com.ar\/2015\/wp-json\/wp\/v2\/media?parent=1535"}],"curies":[{"name":"wp","href":"https:\/\/api.w.org\/{rel}","templated":true}]}}