{"id":1616,"date":"2015-09-05T14:19:17","date_gmt":"2015-09-05T17:19:17","guid":{"rendered":"http:\/\/www.animafestival.com.ar\/2015\/?page_id=1616"},"modified":"2015-09-05T16:28:47","modified_gmt":"2015-09-05T19:28:47","slug":"animakuch","status":"publish","type":"page","link":"http:\/\/www.animafestival.com.ar\/2015\/animakuch\/","title":{"rendered":"AnimaKucha"},"content":{"rendered":"<h1><strong>AnimaKucha<\/strong><\/h1>\n<h1>\u00a0<a href=\"http:\/\/www.animafestival.com.ar\/2015\/files\/2015\/09\/11059248_1011284878916814_8399283887771360922_o.jpg\"><img fetchpriority=\"high\" decoding=\"async\" class=\"alignnone size-medium wp-image-1631\" src=\"http:\/\/www.animafestival.com.ar\/2015\/files\/2015\/09\/11059248_1011284878916814_8399283887771360922_o-300x212.jpg\" alt=\"11059248_1011284878916814_8399283887771360922_o\" width=\"300\" height=\"212\" srcset=\"http:\/\/www.animafestival.com.ar\/2015\/files\/2015\/09\/11059248_1011284878916814_8399283887771360922_o-300x212.jpg 300w, http:\/\/www.animafestival.com.ar\/2015\/files\/2015\/09\/11059248_1011284878916814_8399283887771360922_o-1024x725.jpg 1024w, http:\/\/www.animafestival.com.ar\/2015\/files\/2015\/09\/11059248_1011284878916814_8399283887771360922_o.jpg 2048w\" sizes=\"(max-width: 300px) 100vw, 300px\" \/><\/a><\/h1>\n<h1><strong>\u00bfQu\u00e9 es AnimaKucha? <\/strong><\/h1>\n<p>Un punto de encuentro para que los animadores invitados, esp\u00edritu de nuestro Festival, converjan en un espacio com\u00fan donde poder mostrar, fuera de la pantalla en competencia, sus procesos de producci\u00f3n art\u00edstica.<\/p>\n<p>&nbsp;<\/p>\n<p>Entendiendo la importancia de aprovechar estos espacios como instancia de encuentro e intercambio, AnimaKucha brinda a cada animador la posibilidad de una presentaci\u00f3n en 7 (siete) minutos de 10 (diez) im\u00e1genes diapositivas que den cuenta de su proceso de producci\u00f3n y creaci\u00f3n de una obra espec\u00edfica o filmograf\u00eda en general.<\/p>\n","protected":false},"excerpt":{"rendered":"<p>AnimaKucha \u00a0 \u00bfQu\u00e9 es AnimaKucha? Un punto de encuentro para que los animadores invitados, esp\u00edritu de nuestro Festival, converjan en un espacio com\u00fan donde poder mostrar, fuera de la pantalla [&hellip;]<\/p>\n","protected":false},"author":1,"featured_media":0,"parent":0,"menu_order":0,"comment_status":"closed","ping_status":"closed","template":"","meta":{"footnotes":""},"class_list":["post-1616","page","type-page","status-publish","hentry"],"_links":{"self":[{"href":"http:\/\/www.animafestival.com.ar\/2015\/wp-json\/wp\/v2\/pages\/1616","targetHints":{"allow":["GET"]}}],"collection":[{"href":"http:\/\/www.animafestival.com.ar\/2015\/wp-json\/wp\/v2\/pages"}],"about":[{"href":"http:\/\/www.animafestival.com.ar\/2015\/wp-json\/wp\/v2\/types\/page"}],"author":[{"embeddable":true,"href":"http:\/\/www.animafestival.com.ar\/2015\/wp-json\/wp\/v2\/users\/1"}],"replies":[{"embeddable":true,"href":"http:\/\/www.animafestival.com.ar\/2015\/wp-json\/wp\/v2\/comments?post=1616"}],"version-history":[{"count":4,"href":"http:\/\/www.animafestival.com.ar\/2015\/wp-json\/wp\/v2\/pages\/1616\/revisions"}],"predecessor-version":[{"id":1632,"href":"http:\/\/www.animafestival.com.ar\/2015\/wp-json\/wp\/v2\/pages\/1616\/revisions\/1632"}],"wp:attachment":[{"href":"http:\/\/www.animafestival.com.ar\/2015\/wp-json\/wp\/v2\/media?parent=1616"}],"curies":[{"name":"wp","href":"https:\/\/api.w.org\/{rel}","templated":true}]}}