{"id":179,"date":"2013-09-17T15:51:17","date_gmt":"2013-09-17T18:51:17","guid":{"rendered":"http:\/\/www.animafestival.com.ar\/2013\/?page_id=179"},"modified":"2013-10-01T01:27:31","modified_gmt":"2013-10-01T04:27:31","slug":"jurado-largometraje","status":"publish","type":"page","link":"http:\/\/www.animafestival.com.ar\/2015\/jurado-largometraje\/","title":{"rendered":"Jurado Largometraje"},"content":{"rendered":"<p><img fetchpriority=\"high\" decoding=\"async\" class=\"aligncenter\" alt=\"\" src=\"https:\/\/fbcdn-sphotos-f-a.akamaihd.net\/hphotos-ak-prn2\/1235482_625321114179861_324800244_n.jpg\" width=\"672\" height=\"227\" \/><\/p>\n<p style=\"text-align: justify;\"><strong>Marcy Page (Canada)<br \/>\n<\/strong><\/p>\n<p>Marcy Page ha desarrollado su inter\u00e9s por la animaci\u00f3n durante m\u00e1s de de 35 a\u00f1os. Nacida y criada en California, realiz\u00f3 animaciones para m\u00e1s de una docena de productoras y dict\u00f3 cursos de animaci\u00f3n en la San Francisco State University y la California College of Arts &amp; Crafts, adem\u00e1s de desarrollar su propia producci\u00f3n independiente, antes de emigrar a Canad\u00e1. Previo a incorporarse al National Film Board de Canad\u00e1 en 1990, su pel\u00edcula personal <em>Paradisia<\/em> fue premiada en numerosos festivales internacionales.<\/p>\n<p>Como productora de animaci\u00f3n del NFB, en los numerosos proyectos donde ha colaborado ha mantenido su compromiso de lograr producciones ecl\u00e9cticos e inusuales que amplien los l\u00edmites del medio. Ha colaborado a liderar el camino en el matrimonio entre la tecnolog\u00eda inform\u00e1tica y el arte, como productora del NFB en pel\u00edculas tales como <em>Ryan<\/em>, documental animado en 3D CGI del director Chris Landreth y ganadora del Oscar\u00ae; y en proyectos de animaci\u00f3n estereosc\u00f3pica como <em>Falling in Love Again<\/em> y <em>June<\/em> (2003, Munro Ferguson, dir.).<\/p>\n<p align=\"JUSTIFY\">Ha producido o coproducido trabajo con muchos otros directores de animaci\u00f3n de renombre mundial, como Paul Driessen, Janet Perlman, John Weldon, Chris Hinton, Gayle Thomas, Sheldon Cohen, Craig Welch y Lynn Smith. Co-produjo la pel\u00edcula de Wendy Tilby y Amanda Forbis <em>Wild Life<\/em>, nominada al Oscar\u00ae; y tambi\u00e9n ha colaborado en las primeras pel\u00edculas de animaci\u00f3n profesional de talentos emergentes tales como Chris Lavis y Maciek Szczerbowski en su cortometraje nominado al Oscar\u00ae <em>Madame Tutli-Putli<\/em>; las primeras pel\u00edculas por Torill Kove, la nominada al Oscar\u00ae <em>My Grandmother Ironed the King&#8217;s Shirts<\/em> (co-producido con Studio Magica de Noruega), y la ganadora del Oscar\u00ae <em>The Danish Poet<\/em> (coproducida con Mikrofilm de Noruega). Marcy Page ha ayudado a dar forma a decenas de pel\u00edculas narrativas y no narrativas, que juntas han ganado m\u00e1s de 250 premios internacionales para el NFB y su celebrado programa de animaci\u00f3n.<\/p>\n<p>&nbsp;<\/p>\n<p style=\"text-align: justify;\"><strong>Andrea Martignoni (Italia)<br \/>\n<\/strong><\/p>\n<p style=\"text-align: justify;\"><strong><\/strong>Nacido en Bolonia el 19 de septiembre de 1961. Se gradu\u00f3 en la Universidad de Bolonia, en las disciplinas de la m\u00fasica, con una tesis dedicada a la relaci\u00f3n entre m\u00fasica e imagen en el cine y la animaci\u00f3n y en Ciencias geogr\u00e1ficas con una tesis sobre el paisaje sonoro. Fue miembro fundador del Laboratorio de M\u00fasica e Iimagen y del Ensamble Eva Kant, grupo musical activo desde principios de los noventa, con quien actu\u00f3 en concierto en festivales y eventos musicales en toda Europa.<\/p>\n<p style=\"text-align: justify;\">Colabora con la Compagnia d\u2019Arte Drummatica con el sonido en vivo de los cortometrajes de animaci\u00f3n y cine experimental, actuando en festivales internacionales de cine como Animator Festival Poznan (Polonia) e Animateka Ljubljana (Slovenia) y Rencotres Iternationals du Cin\u00e9ma d\u2019Animation de Wissembourg (Francia). En 1995 obtuvo una beca del gobierno canadiense y entre 1996 y 1997 profundiz\u00f3 sus estudios en m\u00fasica y sonido en el cine experimental y animaci\u00f3n, investigando en el National Film Board of Canada y el Cin\u00e9math\u00e8que Qu\u00e9b\u00e9coise en Montreal.<\/p>\n<p style=\"text-align: justify;\">Ha compuesto bandas sonoras para cortometrajes de animaci\u00f3n en Italia y Canada collaborando con la Cin\u00e9math\u00e8que Qu\u00e9b\u00e9coise, Flavia Ruotolo: MicroMantra; Saul Saguatti: Life from Pluto, Basmati, A Mano, Pellicole da Camera, Roma Astratta, Corpus Nobody, Aemilia; Blu Fino, Muto (menci\u00f3n especial por mejor banda sonora en el Unlimited international short film festival, K\u00f6ln 2009), Big Bang Big Boom (Premio a la mejor banda sonora Dresden international short film festival 2011), Virgilio Villoresi (J), Marcin Gizycki (Panta Rhei, Aqatura), Pierre H\u00e9bert (Histoire Verte, Rivi\u00e8re au Tonnerre. Triptyque 2), Michele Bernardi (Djuma), Borislava Zakova (Open); Ha actuado en los proyectos de performance interactiva con el cineasta canadiense Pierre H\u00e9bert, con Saul Saguatti e con el director Bulgaro\/Canadese Theodore Ushev;\u00a0 en espect\u00e1culos teatrales \u00a0con Daniel Diaz (Entre R\u00eaves) y Michele Vietri (Epistolario).<\/p>\n<p>En 2008 cre\u00f3 con Roberto Paganelli\u00a0 SassoPasso: agencia para la promoci\u00f3n del cortometraje animado italiano \u00a0en festivales internacionales de cine. Desde el 2005 es seleccionador oficial del Sedicicorto International Film Festival\u00a0 de Forl\u00ec, y ha sido invitado a formar parte de jurados internacionales en festivales de cortometrajes y animaci\u00f3n<\/p>\n<p style=\"text-align: justify;\"><strong>Eduardo A. Russo (Argentina)<br \/>\n<\/strong><\/p>\n<p style=\"text-align: justify;\"><strong><\/strong>Cr\u00edtico, docente e investigador de cine y artes audiovisuales. Doctor en Psicolog\u00eda Social.\u00a0Dirige el Doctorado en Artes de la Facultad de Bellas Artes, Universidad Nacional de La\u00a0Plata, Argentina. Profesor de Teor\u00eda, An\u00e1lisis y Cr\u00edtica de Artes Audiovisuales y nuevos\u00a0medios en carreras de grado y posgrado de Argentina (UBA, UNT, UNC) y diversos pa\u00edses\u00a0latinoamericanos (Univ. Javeriana, Univ. Nac. De Colombia, U. de Caldas, U. de Cartagena,\u00a0U. de Guadalajara, PUCP-Lima, Univ. Cat\u00f3lica y Univ. de Valpara\u00edso, Chile, y Univ. ORTMontevideo, entre otras). Ense\u00f1a Teor\u00eda y Est\u00e9tica el Cine en la ENERC.\u00a0Integra el Observatorio de Cine Latinoamericano de la U. Nacional de Colombia, la Red de\u00a0Investigadores de Cine Redic\/UDG-M\u00e9xico y la Red de Investigadores de Cine Latinoamericano\u00a0RiCiLA. Miembro de FIPRESCI, Federaci\u00f3n Internacional de Cr\u00edticos de Cine.\u00a0Autor de Diccionario de Cine (Paid\u00f3s, 1998) y El cine cl\u00e1sico: itinerario, variaciones y replanteos\u00a0de una idea (Manantial, 2008). Compilador de Interrogaciones sobre Hitchcock (Simurg, 2001),\u00a0Cine Ojo: un punto de vista en el territorio de lo real (2007), Hacer Cine: Producci\u00f3n Audiovisual\u00a0en Am\u00e9rica Latina (Paid\u00f3s, 2008) y The Film Edge: Contemporary Filmmaking in Latin America\u00a0(2010). Actualmente \u00a0repara una nueva edici\u00f3n actualizada y aumentada de su Diccionario\u00a0de Cine y el libro Kenji Mizoguchi: retrato del \u00a0rtista con mujeres y fantasmas. Se encuentra\u00a0compilando un pr\u00f3ximo volumen colectivo: Interrogaciones sobre Orson \u00a0elles. Escribe en\u00a0las revistas El Amante-Cine (Argentina), La Tempestad-Artes (M\u00e9xico) y Ventana Indiscreta y Desistfilm (Lima)<\/p>\n","protected":false},"excerpt":{"rendered":"<p>Marcy Page (Canada) Marcy Page ha desarrollado su inter\u00e9s por la animaci\u00f3n durante m\u00e1s de de 35 a\u00f1os. Nacida y criada en California, realiz\u00f3 animaciones para m\u00e1s de una docena [&hellip;]<\/p>\n","protected":false},"author":1,"featured_media":0,"parent":0,"menu_order":0,"comment_status":"closed","ping_status":"open","template":"","meta":{"footnotes":""},"class_list":["post-179","page","type-page","status-publish","hentry"],"_links":{"self":[{"href":"http:\/\/www.animafestival.com.ar\/2015\/wp-json\/wp\/v2\/pages\/179","targetHints":{"allow":["GET"]}}],"collection":[{"href":"http:\/\/www.animafestival.com.ar\/2015\/wp-json\/wp\/v2\/pages"}],"about":[{"href":"http:\/\/www.animafestival.com.ar\/2015\/wp-json\/wp\/v2\/types\/page"}],"author":[{"embeddable":true,"href":"http:\/\/www.animafestival.com.ar\/2015\/wp-json\/wp\/v2\/users\/1"}],"replies":[{"embeddable":true,"href":"http:\/\/www.animafestival.com.ar\/2015\/wp-json\/wp\/v2\/comments?post=179"}],"version-history":[{"count":5,"href":"http:\/\/www.animafestival.com.ar\/2015\/wp-json\/wp\/v2\/pages\/179\/revisions"}],"predecessor-version":[{"id":1043,"href":"http:\/\/www.animafestival.com.ar\/2015\/wp-json\/wp\/v2\/pages\/179\/revisions\/1043"}],"wp:attachment":[{"href":"http:\/\/www.animafestival.com.ar\/2015\/wp-json\/wp\/v2\/media?parent=179"}],"curies":[{"name":"wp","href":"https:\/\/api.w.org\/{rel}","templated":true}]}}