{"id":190,"date":"2013-09-17T16:53:27","date_gmt":"2013-09-17T19:53:27","guid":{"rendered":"http:\/\/www.animafestival.com.ar\/2013\/?page_id=190"},"modified":"2013-10-02T17:08:33","modified_gmt":"2013-10-02T20:08:33","slug":"jurado-tv","status":"publish","type":"page","link":"http:\/\/www.animafestival.com.ar\/2015\/jurado-tv\/","title":{"rendered":"Jurado TV"},"content":{"rendered":"<p><img fetchpriority=\"high\" decoding=\"async\" class=\"alignnone\" alt=\"\" src=\"https:\/\/fbcdn-sphotos-b-a.akamaihd.net\/hphotos-ak-prn2\/1237080_626672197378086_473242173_n.jpg\" width=\"691\" height=\"233\" \/><\/p>\n<p>&nbsp;<\/p>\n<p><strong>Hector Gentile<\/strong><\/p>\n<p>Licenciado en Cinematograf\u00eda (UNC). Reconocido realizador audiovisual (cine-televisivo) con infinidad de trabajos en el rubro publicitario, documental, ficcional y programas televisivos de todos los formatos; galardonado con numerosos premios, entre ellos el Mart\u00edn Fierro en los a\u00f1os 1990-91.<\/p>\n<p lang=\"en-GB\">A partir de 1999 su actividad exclusiva se desarrolla en el \u00e1mbito universitario. Actualmente es Profesor Titular concursado a cargo de las C\u00e1tedras \u201cSonido II\u201d (UNC), \u201cDise\u00f1o y Producci\u00f3n Audiovisual II\u201d, \u201cProgramaci\u00f3n y Gerenciamiento de TV\u201d, \u201cT\u00e9cnicas de Grabaci\u00f3n y Edici\u00f3n en Video\u201d y \u201cRealizaci\u00f3n de Programas de TV\u201d (UNVM). Desde 1998 participa en diversos proyectos de investigaci\u00f3n acreditados, tanto como Director o como integrante de los equipos de investigaci\u00f3n en la UNC y en la UNVM. Es el Coordinador del Polo Audiovisual Tecnol\u00f3gico Centro del Programa Polos y Nodos Audiovisuales del Consejo Asesor del SATVD-T.<\/p>\n<p><strong>Pedro Ernesto Sorrentino<\/strong><\/p>\n<p>MAGISTER EN COMUNICACI\u00d3N (UIA, Espa\u00f1a) y LICENCIADO EN CINE Y TELEVISI\u00d3N\u00a0(UNC)\u00a0Profesor Titular T\u00c9CNICAS DE EDICI\u00d3N, GRABACI\u00d3N Y PRODUCCI\u00d3N EN VIDEO desde\u00a01999 e Investigador del Departamento de Cine y Televisi\u00f3n, Facultad de Artes (UNC)\u00a0EX Director del Cine Club Universitario de la UNC (2008-2012)\u00a0Ex -Becario Doctorado Programa Alban (Uni\u00f3n Europea) 2004-2007.\u00a0Director de Becarios, Pasantes y Tesistas de Grado\u00a0Autor de diversas publicaciones en libros y revistas especializadas sobre temas de producci\u00f3n y\u00a0tecnolog\u00eda audiovisual e historia del cine argentino.<\/p>\n<p><strong>Erwin G\u00f3mez Vi\u00f1ales\u00a0<\/strong><\/p>\n<p>Funda en 1998 SPONDYLUS donde genera contenidos en torno a nuestro patrimonio\u00a0inmaterial. Realiza cortometrajes, series y preproducci\u00f3n de pelicula animada en 3D y mocap,\u00a0de un alto nivel art\u00edstico que explora la animaci\u00f3n de nuestro patrimonio cultural. Ganador\u00a0Premio Pedro Sienna y premios internacionales.Desde el 2008 incursiona en el \u00e1mbito de\u00a0nuevos medios, relacionando la animaci\u00f3n con teatro: \u201cDise\u00f1o de Ilusi\u00f3n\u201d participando en \u201cSin\u00a0Sangre\u201d de la C\u00eda Teatro Cinema,\u201cEl Hombre que daba..\u201d. y con Ra\u00fal Ruiz en \u201cAmledi el tonto\u201d.\u00a0Creador Festival Chilemonos y su itinerancia intenacional<\/p>\n","protected":false},"excerpt":{"rendered":"<p>&nbsp; Hector Gentile Licenciado en Cinematograf\u00eda (UNC). Reconocido realizador audiovisual (cine-televisivo) con infinidad de trabajos en el rubro publicitario, documental, ficcional y programas televisivos de todos los formatos; galardonado con [&hellip;]<\/p>\n","protected":false},"author":1,"featured_media":0,"parent":0,"menu_order":0,"comment_status":"closed","ping_status":"open","template":"","meta":{"footnotes":""},"class_list":["post-190","page","type-page","status-publish","hentry"],"_links":{"self":[{"href":"http:\/\/www.animafestival.com.ar\/2015\/wp-json\/wp\/v2\/pages\/190","targetHints":{"allow":["GET"]}}],"collection":[{"href":"http:\/\/www.animafestival.com.ar\/2015\/wp-json\/wp\/v2\/pages"}],"about":[{"href":"http:\/\/www.animafestival.com.ar\/2015\/wp-json\/wp\/v2\/types\/page"}],"author":[{"embeddable":true,"href":"http:\/\/www.animafestival.com.ar\/2015\/wp-json\/wp\/v2\/users\/1"}],"replies":[{"embeddable":true,"href":"http:\/\/www.animafestival.com.ar\/2015\/wp-json\/wp\/v2\/comments?post=190"}],"version-history":[{"count":6,"href":"http:\/\/www.animafestival.com.ar\/2015\/wp-json\/wp\/v2\/pages\/190\/revisions"}],"predecessor-version":[{"id":1079,"href":"http:\/\/www.animafestival.com.ar\/2015\/wp-json\/wp\/v2\/pages\/190\/revisions\/1079"}],"wp:attachment":[{"href":"http:\/\/www.animafestival.com.ar\/2015\/wp-json\/wp\/v2\/media?parent=190"}],"curies":[{"name":"wp","href":"https:\/\/api.w.org\/{rel}","templated":true}]}}