{"id":34,"date":"2013-08-21T00:21:27","date_gmt":"2013-08-21T00:21:27","guid":{"rendered":"http:\/\/www.animafestival.com.ar\/origami\/?page_id=34"},"modified":"2013-09-30T17:16:37","modified_gmt":"2013-09-30T20:16:37","slug":"foro-academico-2013","status":"publish","type":"page","link":"http:\/\/www.animafestival.com.ar\/2015\/foro-academico-2013\/","title":{"rendered":"Foro Acad\u00e9mico 2013"},"content":{"rendered":"<div>\n<h1>Foro Acad\u00e9mico 2013<\/h1>\n<\/div>\n<div>\n<h2><strong>III Foro Acad\u00e9mico Internacional sobre Animaci\u00f3n<\/strong><\/h2>\n<h3><strong>Universidad Nacional de C\u00f3rdoba, 10 al 12 de Octubre de 2013<\/strong><\/h3>\n<h5><strong>Organizado por:<\/strong><br \/>\n<strong>Centro Experimental de Animaci\u00f3n, Facultad de Artes, Universidad Nacional de C\u00f3rdoba<\/strong><br \/>\n<strong>C\u00e1tedra Animaci\u00f3n, IAPCH, Universidad Nacional de Villa Mar\u00eda<\/strong><\/h5>\n<p>___________________________________________________________________________________________<\/p>\n<p><strong>PROGRAMA:<\/strong><\/p>\n<p><strong>PARTICIPACI\u00d3N LIBRE Y GRATUITA<\/strong> (Sin certificaci\u00f3n) &#8211; $150 (Certificaci\u00f3n de asistencia)<\/p>\n<p>Para mayor informaci\u00f3n escribir a: <strong>acredit@animafestival.com.ar<\/strong><\/p>\n<p>&nbsp;<\/p>\n<p><b>Jueves 10 de octubre de 2013<\/b><\/p>\n<p>Lugar: <strong>Auditorio del CePIA<\/strong> (Av. Medina Allende s\/n \u2013 Ciudad Universitaria \u2013 C\u00f3rdoba)<\/p>\n<p>&nbsp;<\/p>\n<p><strong>8:30 hs.<\/strong> <b>ACREDITACIONES <\/b>\/ REGISTRATIONS<\/p>\n<p><strong>9:30 hs<\/strong>. <b>APERTURA III FORO ACAD\u00c9MICO<\/b> \/ Opening III Forum<\/p>\n<p><b>9:45 hs. CONFERENCIA PAUL WELLS <\/b>\/ Plenary Lecture Paul Wells: <i>Toy Stories, Trade Tattoos and Taiwan Tigers: Or What\u2019s Animation Ever Done For Us? \u2013 Validating the Animated Film.<\/i><\/p>\n<p><strong>11.00 hs. Caf\u00e9\u00a0 &#8211; Coffee break<\/strong><\/p>\n<p><strong>11:15 hs.<\/strong> <b>1\u00b0 MESA\u00a0 DE PONENCIAS<\/b> \/ 1\u00b0 Panels (Modera: Carmen Garz\u00f3n)<\/p>\n<ul>\n<li>V\u00eda Tango, una danza animada. Adriana Navarro \u00c1lvarez (UPV \/ Espa\u00f1a)<\/li>\n<li>A dance of two doubles: animation and live action cinema. Leonardo Freitas Riveiro (PUC Rio \/ Brasil)<\/li>\n<li>\u201cO Reino Azul\u201d y los procesos de traducci\u00f3n entre el cine de animaci\u00f3n Brasilero y la historieta Argentina. Carla Schneider (UFPel \/ Brasil)<\/li>\n<li>Animado un cl\u00e1sico: Mart\u00edn Fierro, del libro a la pel\u00edcula. Carolina Hern\u00e1ndez\u00a0 y\u00a0 Ma. Luz Cantisani (UNVM \/ Argentina)<\/li>\n<li>Di\u00e1logos, continuidades y distancias entre dibujos animados anal\u00f3gicos y digitales. Ma. Alejandra Alonso (IUNA &#8211; UBA \/ Argentina)<\/li>\n<\/ul>\n<p>&nbsp;<\/p>\n<p><b>Viernes 11 de octubre de 2013<\/b><\/p>\n<p><strong>9:00 hs.<\/strong> <b>2\u00b0 MESA\u00a0 DE PONENCIAS<\/b> \/ 2\u00b0 Panels (Modera: Alejandro Gonz\u00e1lez)<\/p>\n<ul>\n<li>Los recursos de lenguaje que advienen de la estereocopia aplicados a la animaci\u00f3n en la era digital. Marlene Nascimento da Silva (UBA \/ Argentina)<\/li>\n<li>Cuerpos, cyborg e inteligencia artificial en los Anim\u00e9 Japoneses.\u00a0 Hugo C\u00f3rdova Quero (GTU \/ USA)<\/li>\n<li>Videojuegos y animaci\u00f3n: di\u00e1logo entre lenguajes. Diego Mat\u00e9 (IUNA \/ Argentina)<\/li>\n<li>Cuadernos de viaje animados: Memoria, tr\u00e1nsito y experiencia. Mar\u00eda Lorenzo Hern\u00e1ndez (UPV \/ Espa\u00f1a)<\/li>\n<li>Miguel de Lorenzi: un art\u00edsta gr\u00e1fico en movimiento. Mar\u00eda Eugenia Fiorenza Silvano y Carolina In\u00e9s Segre (UNVM \/ Argentina)<\/li>\n<li>Caloi en su Tinta y su influencia en la animaci\u00f3n Argentina. Alejandro R. Gonz\u00e1lez (UNC &#8211; UNVM \/ Argentina)<\/li>\n<\/ul>\n<p><strong>10:30 hs. Caf\u00e9\u00a0 &#8211; Coffee break<\/strong><\/p>\n<p><strong>10:45 hs.<\/strong> <b>CONFERENCIA RA\u00daL MANRUPE<\/b> \/ Plenary Lecture Ra\u00fal Manrupe: <i>Un lejano romance. El cine de animaci\u00f3n y sus relaciones con las dem\u00e1s artes.<\/i><\/p>\n<p><strong>12:00 hs.<\/strong> <b>3\u00b0 MESA\u00a0 DE PONENCIAS<\/b> \/ 3\u00b0\u00a0 Panels (Modera: Cristina Siragusa)<\/p>\n<ul>\n<li>De animador a animador: Sobre el fen\u00f3meno de la meta animaci\u00f3n en Argentina. Cristina Siragusa y Paula As\u00eds Ferri (UNVM &#8211; UNC \/ Argentina)<\/li>\n<li>Consideraciones epist\u00e9micas sobre corpus de muestras en an\u00e1lisis de audiovisuales animados. Felipe Javier Silva Montellano (UTEM\/ Chile)<\/li>\n<li>El derrotero de una b\u00fasqueda estil\u00edstica. Largometrajes animados Argentinos.\u00a0 M\u00f3nica Susana Kirchheimer (IUNA &#8211; UBA \/ Argentina)<\/li>\n<li>De Little Nemo a Ghost in the shell: sobre los m\u00e1rgenes de las im\u00e1genes en movimiento. Agust\u00edn Berti (UNC \/ Argentina)<\/li>\n<li>La creaci\u00f3n de pel\u00edculas de animaci\u00f3n y construcci\u00f3n de nuevas identidades. Clarissa Machado Belarmino (UFPer \/ Brasil)<\/li>\n<\/ul>\n<p><b>\u00a0<\/b><\/p>\n<p><b>HALL de entrada del CePIA<\/b><\/p>\n<p><b>POSTERS <\/b>(muestra permanente)<\/p>\n<p><b>&#8211; <\/b>Proceso de realizaci\u00f3n de un cortometraje animado en 3D. Joaqu\u00edn Ortiz (UNL \/ Argentina)<\/p>\n<p>&nbsp;<\/p>\n<p>____________________________________________________________________________________________<strong>CONVOCATORIA:<\/strong><\/p>\n<p style=\"text-align: justify\">La animaci\u00f3n es un arte heterog\u00e9neo con el poder de dar vida a aquello sobre lo que se posa. El film animado es una combinaci\u00f3n de distintos materiales, provenientes de m\u00faltiples fuentes, que logran coherencia y unidad a trav\u00e9s de la propia animaci\u00f3n. De la misma manera en que el Dr Frankestein genera su criatura con retazos de otros seres, el animador extrae de diversos universos art\u00edsticos lo que le resulta de mayor utilidad para generar su obra, su propia criatura.<\/p>\n<p style=\"text-align: justify\">Bajo la premisa\u00a0<strong>\u201cLa animaci\u00f3n y las otras artes\u201d<\/strong>, convocamos a participar en el\u00a0<strong>III Foro Acad\u00e9mico Internacional sobre Animaci\u00f3n<\/strong>\u00a0con la presentaci\u00f3n de\u00a0<strong>ponencias y p\u00f3sters<\/strong>. El Foro se desarrollar\u00e1 en el marco del\u00a0<em>VII Festival Internacional de Animaci\u00f3n de C\u00f3rdoba ANIMA2013<\/em>, del 10 al 12 de Octubre de 2013.<\/p>\n<p><span style=\"color: #ff00ff\"><a title=\"Convocatoria Foro Acad\u00e9mico ANIMA2013 \" href=\"http:\/\/www.animafestival.com.ar\/imgs\/2013\/ANIMA2013_foro_academico.pdf\" target=\"_blank\"><span style=\"color: #ff00ff\">Descargar la Convocatoria completa<\/span><\/a>\u00a0<\/span>(Archivo PDF)<\/p>\n<h3><strong>Fecha l\u00edmite de recepci\u00f3n de ponencias y propuestas de p\u00f3sters<\/strong><\/h3>\n<h3><strong>Los trabajos deben ser enviados en formato \u201c.doc\u201d a\u00a0<span style=\"color: #ff00ff\"><a href=\"mailto:jornadas@animafestival.com.ar\" target=\"_blank\"><span style=\"color: #ff00ff\">jornadas@animafestival.com.ar<\/span><\/a><\/span>, hasta el\u00a0<span style=\"color: #ff0000\"><del>15 de Junio de 2013<\/del><\/span>\u00a030 de junio de 2013.<\/strong><\/h3>\n<\/div>\n","protected":false},"excerpt":{"rendered":"<p>Foro Acad\u00e9mico 2013 III Foro Acad\u00e9mico Internacional sobre Animaci\u00f3n Universidad Nacional de C\u00f3rdoba, 10 al 12 de Octubre de 2013 Organizado por: Centro Experimental de Animaci\u00f3n, Facultad de Artes, Universidad [&hellip;]<\/p>\n","protected":false},"author":1,"featured_media":0,"parent":0,"menu_order":0,"comment_status":"closed","ping_status":"open","template":"","meta":{"footnotes":""},"class_list":["post-34","page","type-page","status-publish","hentry"],"_links":{"self":[{"href":"http:\/\/www.animafestival.com.ar\/2015\/wp-json\/wp\/v2\/pages\/34","targetHints":{"allow":["GET"]}}],"collection":[{"href":"http:\/\/www.animafestival.com.ar\/2015\/wp-json\/wp\/v2\/pages"}],"about":[{"href":"http:\/\/www.animafestival.com.ar\/2015\/wp-json\/wp\/v2\/types\/page"}],"author":[{"embeddable":true,"href":"http:\/\/www.animafestival.com.ar\/2015\/wp-json\/wp\/v2\/users\/1"}],"replies":[{"embeddable":true,"href":"http:\/\/www.animafestival.com.ar\/2015\/wp-json\/wp\/v2\/comments?post=34"}],"version-history":[{"count":8,"href":"http:\/\/www.animafestival.com.ar\/2015\/wp-json\/wp\/v2\/pages\/34\/revisions"}],"predecessor-version":[{"id":142,"href":"http:\/\/www.animafestival.com.ar\/2015\/wp-json\/wp\/v2\/pages\/34\/revisions\/142"}],"wp:attachment":[{"href":"http:\/\/www.animafestival.com.ar\/2015\/wp-json\/wp\/v2\/media?parent=34"}],"curies":[{"name":"wp","href":"https:\/\/api.w.org\/{rel}","templated":true}]}}