{"id":36,"date":"2013-08-21T00:23:29","date_gmt":"2013-08-21T00:23:29","guid":{"rendered":"http:\/\/www.animafestival.com.ar\/origami\/?page_id=36"},"modified":"2015-09-03T22:21:01","modified_gmt":"2015-09-04T01:21:01","slug":"creditos","status":"publish","type":"page","link":"http:\/\/www.animafestival.com.ar\/2015\/creditos\/","title":{"rendered":"Cr\u00e9ditos"},"content":{"rendered":"<p><!--:es--><\/p>\n<div>\n<h1>Cr\u00e9ditos<\/h1>\n<\/div>\n<div>\n<p>Por consultas generales, por favor cont\u00e1ctenos a la direcci\u00f3n\u00a0<a href=\"mailto:info@animafestival.com.ar\" target=\"_blank\">info@animafestival.com.ar<\/a><\/p>\n<h2><strong>ANIMA2015<br \/>\nVII Festival Internacional de Animaci\u00f3n de C\u00f3rdoba<br \/>\n<\/strong><\/h2>\n<h3><strong>Cr\u00e9ditos<\/strong><\/h3>\n<p><strong>Director Art\u00edstico,\u00a0<\/strong><strong>Coordinaci\u00f3n General<\/strong><br \/>\nAlejandro R. Gonz\u00e1lez<br \/>\ndireccion@animafestival.com.ar<\/p>\n<p><strong>Coordinaci\u00f3n Acad\u00e9mica<\/strong><br \/>\nPaula As\u00eds Ferri<br \/>\njornadas@animafestival.com.ar<\/p>\n<p><strong>Producci\u00f3n<\/strong><br \/>\nPaula As\u00eds Ferri<br \/>\nMar\u00eda Constanza Curatitoli<br \/>\nAlejandro R. Gonz\u00e1lez<br \/>\nproduccion@animafestival.com.ar<\/p>\n<p><strong>Inscripciones y Copias<\/strong><br \/>\nPaula Daveloza<br \/>\ninfo@animafestival.com.ar<\/p>\n<p><strong>Acreditaciones<\/strong><br \/>\nMar\u00eda Constanza Curatitoli<br \/>\nacredit@animafestival.com.ar<\/p>\n<p><strong>Prensa y Comunicaci\u00f3n<\/strong><br \/>\nMalena Catoni<br \/>\nNadia Couto<br \/>\nprensa@animafestival.com.ar<\/p>\n<p><strong>Comit\u00e9 Organizador del IV Foro Acad\u00e9mico Internacional sobre Animaci\u00f3n<\/strong><br \/>\nLic. Paula As\u00eds Ferri<br \/>\nLic. Mar\u00eda Constanza Curatitoli<br \/>\nLic. Mar\u00eda Eugenia Fiorenza Silvano<br \/>\nLic. Alejandro R. Gonz\u00e1lez<br \/>\nLic. Carolina Segre<br \/>\nLic. Cristina Siragusa<\/p>\n<hr size=\"1\" \/>\n<h3><strong>Universidad Nacional de C\u00f3rdoba<\/strong><\/h3>\n<p><a href=\"http:\/\/www.unc.edu.ar\/\" target=\"_blank\">http:\/\/www.unc.edu.ar<\/a><\/p>\n<p><strong>Rector:<\/strong>\u00a0Dr. Francisco Tamarit<br \/>\n<strong>Vicerrectora:<\/strong>\u00a0Dra. Silvia Barei<\/p>\n<p><strong>Facultad de Artes<\/strong><\/p>\n<p><a href=\"http:\/\/www.artes.unc.edu.ar\/\" target=\"_blank\">http:\/\/www.artes.unc.edu.ar<\/a><br \/>\n<strong>Decana:<\/strong>\u00a0Lic. Ana Guillermina Yukelson<br \/>\n<strong>Vicedecano:<\/strong>\u00a0Prof. Dardo Alzogaray<\/p>\n<p><strong>Departamento de Cine y TV<\/strong><br \/>\n<strong>Directora Disciplinar:<\/strong>\u00a0Mgter. Ana Mohaded<\/p>\n<p><strong>Centro Experimental de Animaci\u00f3n (CEAn)<\/strong><br \/>\n<strong>Coordinadora:<\/strong>\u00a0Lic. Carmen Garz\u00f3n<br \/>\n<strong>Coordinador del \u00c1rea de Producci\u00f3n, Gesti\u00f3n y Extensi\u00f3n:<\/strong>\u00a0Lic. Alejandro Gonz\u00e1lez<br \/>\n<strong>Coordinadora del \u00c1rea de Docencia e Investigaci\u00f3n en Animaci\u00f3n:<\/strong>\u00a0Lic. Paula As\u00eds<\/p>\n<p><strong>Centro de Producci\u00f3n e Investigaci\u00f3n en Artes<\/strong><br \/>\n<strong>Directora:<\/strong> Lic. Magal\u00ed Vaca<br \/>\n<strong>Secretaria de Coordinaci\u00f3n General:<\/strong> Lic. Carolina Cismondi<br \/>\n<strong>Prosecretario de Gesti\u00f3n y Administraci\u00f3n:<\/strong> Lic. Sebasti\u00e1n Pautasso<\/p>\n<p><strong>C\u00e1tedra Cine Animaci\u00f3n con Elementos de Dise\u00f1o Gr\u00e1fico<\/strong><br \/>\n<strong>Profesora Titular:<\/strong>\u00a0Lic. Carmen Garz\u00f3n<br \/>\n<strong>Profesor Asistente:<\/strong>\u00a0Lic. Alejandro R. Gonz\u00e1lez<\/p>\n<hr size=\"1\" \/>\n<h3><strong>Universidad Nacional de Villa Mar\u00eda<\/strong><\/h3>\n<p><a href=\"http:\/\/www.unvm.edu.ar\/\" target=\"_blank\">http:\/\/www.unvm.edu.ar<\/a><br \/>\n<strong>Rector:<\/strong>\u00a0Abog. Mart\u00edn Rodrigo Gill<br \/>\n<strong>Vicerectora (a cargo del Rectorado):<\/strong>\u00a0Cra. Mar\u00eda Cecilia Ana Conci<\/p>\n<p><strong>Instituto Acad\u00e9mico Pedag\u00f3gico de Ciencias Humanas<\/strong><br \/>\n<strong>Decano:<\/strong>\u00a0Abog. Luis Alberto Negretti<\/p>\n<p><strong>C\u00e1tedra Animaci\u00f3n<\/strong><br \/>\n<strong>Profesor Adjunto a cargo:<\/strong>\u00a0Lic. Alejandro R. Gonz\u00e1lez<br \/>\n<strong>Jefe de Trabajos Pr\u00e1cticos:<\/strong>\u00a0Lic. Paula As\u00eds<br \/>\n<strong>Auxiliar de 1\u00b0: Carolina Segre<\/strong><\/p>\n<hr size=\"1\" \/>\n<h3>Centro Cultural Espa\u00f1a C\u00f3rdoba<\/h3>\n<p><strong>Direcci\u00f3n:<\/strong>\u00a0Daniela Bobbio<\/p>\n<p><strong>Coordinaci\u00f3n \/ Programaci\u00f3n<\/strong><br \/>\nCarolina Chavez &#8211; Coordinador de la Programaci\u00f3n<br \/>\nRomina Casti\u00f1eira \u2013 Artes visuales<br \/>\nGonzalo Biffarella \u2013 Anilla Cultural y Arte sonora<\/p>\n<p><strong>Administraci\u00f3n<\/strong><br \/>\nCecilia Arneodo<br \/>\nMacarena B\u00e1rcena \u2013 Asistencia de administraci\u00f3n<\/p>\n<p><strong>Comunicaci\u00f3n<\/strong><br \/>\nPriscila Listello Molinero<br \/>\nplistello@ccec.org.ar<\/p>\n<p>Felix Gonzalez<br \/>\nfgonzalez@ccec.org.ar<\/p>\n<p><strong>Producci\u00f3n y T\u00e9cnica<\/strong><br \/>\nLeonardo Gonzalez<br \/>\nSantiago Rodr\u00edguez<br \/>\nGuillermo Baldissone<br \/>\nGustavo Palacios<\/p>\n<\/div>\n<p><!--:--><!--:en--><\/p>\n<div>\n<h1>Credits<\/h1>\n<\/div>\n<div>\n<p>For general enquiries, please contact us at\u00a0<a href=\"mailto:info@animafestival.com.ar\" target=\"_blank\">info@animafestival.com.ar<\/a><\/p>\n<h2><strong>ANIMA2015<br \/>\nVII C\u00f3rdoba International Animation Festival<br \/>\n<\/strong><\/h2>\n<h3><strong>Credits<\/strong><\/h3>\n<p><strong>Artistic Director, General Coordination<\/strong><br \/>\nAlejandro R. Gonz\u00e1lez<br \/>\ndireccion@animafestival.com.ar<\/p>\n<p><strong>Academic Coordination<\/strong><br \/>\nPaula As\u00eds Ferri<br \/>\njornadas@animafestival.com.ar<\/p>\n<p><strong>Producers<\/strong><br \/>\nPaula As\u00eds Ferri<br \/>\nMar\u00eda Constanza Curatitoli<br \/>\nAlejandro R. Gonz\u00e1lez<br \/>\nproduccion@animafestival.com.ar<\/p>\n<p><strong>Registration and Copies<\/strong><br \/>\nPaula Daveloza<br \/>\ninfo@animafestival.com.ar<\/p>\n<p><strong>Accreditations<\/strong><br \/>\nMar\u00eda Constanza Curatitoli<br \/>\nacredit@animafestival.com.ar<\/p>\n<p><strong>Press and Communications<\/strong><br \/>\nMalena Catoni<br \/>\nNadia Couto<br \/>\nprensa@animafestival.com.ar<\/p>\n<p><strong>Organizing Committee, IV International Academic Forum on Animation<\/strong><br \/>\nLic. Paula As\u00eds Ferri<br \/>\nLic. Mar\u00eda Constanza Curatitoli<br \/>\nLic. Mar\u00eda Eugenia Fiorenza Silvano<br \/>\nLic. Alejandro R. Gonz\u00e1lez<br \/>\nLic. Carolina Segre<br \/>\nLic. Cristina Siragusa<\/p>\n<hr size=\"1\" \/>\n<h3><strong>National University of C\u00f3rdoba<br \/>\n<\/strong><\/h3>\n<p><a href=\"http:\/\/www.unc.edu.ar\/\" target=\"_blank\">http:\/\/www.unc.edu.ar<\/a><\/p>\n<p><strong>Rector:<\/strong>\u00a0Dr. Francisco Tamarit<br \/>\n<strong>Vice-rector:<\/strong>\u00a0Dr. Silvia Barei<\/p>\n<p><strong>Faculty of Arts<\/strong><\/p>\n<p><a href=\"http:\/\/www.artes.unc.edu.ar\/\" target=\"_blank\">http:\/\/www.artes.unc.edu.ar<\/a><br \/>\n<strong>Dean:<\/strong>\u00a0Lic. Ana Guillermina Yukelson<br \/>\n<strong>Vice-dean:<\/strong>\u00a0Prof. Dardo Alzogaray<\/p>\n<p><strong>Department of Film and TV<\/strong><br \/>\n<strong>Director:<\/strong>\u00a0Mgter. Ana Mohaded<\/p>\n<p><strong>Centro Experimental de Animaci\u00f3n (CEAn)<\/strong><br \/>\n<strong>Coordinator:<\/strong>\u00a0Lic. Carmen Garz\u00f3n<br \/>\n<strong>Coordinador: Animation Production, Extension and Management Areas:<\/strong>\u00a0Lic. Alejandro Gonz\u00e1lez<br \/>\n<strong>Coordinador: Animation Teaching and Research:<\/strong>\u00a0Lic. Paula As\u00eds<\/p>\n<p><strong>Centro de Producci\u00f3n e Investigaci\u00f3n en Artes<\/strong><br \/>\n<strong>Director:<\/strong> Lic. Magal\u00ed Vaca<br \/>\n<strong>Secretary of General Coordination:<\/strong> Lic. Carolina Cismondi<br \/>\n<strong>Undersecretary of Management and Administration:<\/strong> Lic. Sebasti\u00e1n Pautasso<\/p>\n<hr size=\"1\" \/>\n<h3><strong>National University of Villa Mar\u00eda<br \/>\n<\/strong><\/h3>\n<p><a href=\"http:\/\/www.unvm.edu.ar\/\" target=\"_blank\">http:\/\/www.unvm.edu.ar<\/a><br \/>\n<strong>Rector:<\/strong>\u00a0Abog. Mart\u00edn Rodrigo Gill<br \/>\n<strong>Vice-rector:<\/strong>\u00a0Cra. Mar\u00eda Cecilia Ana Conci<\/p>\n<p><strong>Academic Pedagogical Institute of Human Sciences<\/strong><br \/>\n<strong>Dean:<\/strong>\u00a0Abog. Luis Alberto Negretti<\/p>\n<hr size=\"1\" \/>\n<h3>Centro Cultural Espa\u00f1a C\u00f3rdoba<\/h3>\n<p><strong>Director:<\/strong>\u00a0Daniela Bobbio<\/p>\n<p><strong>Coordination \/ Programming<\/strong><br \/>\nCarolina Ch\u00e1vez &#8211; Programming Coordinator<br \/>\nRomina Casti\u00f1eira \u2013 Visual Arts<br \/>\nGonzalo Biffarella \u2013 Anilla Cultural and Sound Arts<\/p>\n<p><strong>Management<\/strong><br \/>\nCecilia Arneodo<br \/>\nMacarena B\u00e1rcena \u2013 Assistant<\/p>\n<p><strong>Communication<\/strong><br \/>\nPriscila Listello Molinero<br \/>\nplistello@ccec.org.ar<\/p>\n<p>Felix Gonzalez<br \/>\nfgonzalez@ccec.org.ar<\/p>\n<p><strong>Producci\u00f3n y T\u00e9cnica<\/strong><br \/>\nLeonardo Gonzalez<br \/>\nSantiago Rodr\u00edguez<br \/>\nGuillermo Baldissone<br \/>\nGustavo Palacios<\/p>\n<\/div>\n<p><!--:--><\/p>\n","protected":false},"excerpt":{"rendered":"<p>Cr\u00e9ditos Por consultas generales, por favor cont\u00e1ctenos a la direcci\u00f3n\u00a0info@animafestival.com.ar ANIMA2015 VII Festival Internacional de Animaci\u00f3n de C\u00f3rdoba Cr\u00e9ditos Director Art\u00edstico,\u00a0Coordinaci\u00f3n General Alejandro R. Gonz\u00e1lez direccion@animafestival.com.ar Coordinaci\u00f3n Acad\u00e9mica Paula As\u00eds [&hellip;]<\/p>\n","protected":false},"author":1,"featured_media":0,"parent":0,"menu_order":0,"comment_status":"closed","ping_status":"closed","template":"","meta":{"footnotes":""},"class_list":["post-36","page","type-page","status-publish","hentry"],"_links":{"self":[{"href":"http:\/\/www.animafestival.com.ar\/2015\/wp-json\/wp\/v2\/pages\/36","targetHints":{"allow":["GET"]}}],"collection":[{"href":"http:\/\/www.animafestival.com.ar\/2015\/wp-json\/wp\/v2\/pages"}],"about":[{"href":"http:\/\/www.animafestival.com.ar\/2015\/wp-json\/wp\/v2\/types\/page"}],"author":[{"embeddable":true,"href":"http:\/\/www.animafestival.com.ar\/2015\/wp-json\/wp\/v2\/users\/1"}],"replies":[{"embeddable":true,"href":"http:\/\/www.animafestival.com.ar\/2015\/wp-json\/wp\/v2\/comments?post=36"}],"version-history":[{"count":8,"href":"http:\/\/www.animafestival.com.ar\/2015\/wp-json\/wp\/v2\/pages\/36\/revisions"}],"predecessor-version":[{"id":1582,"href":"http:\/\/www.animafestival.com.ar\/2015\/wp-json\/wp\/v2\/pages\/36\/revisions\/1582"}],"wp:attachment":[{"href":"http:\/\/www.animafestival.com.ar\/2015\/wp-json\/wp\/v2\/media?parent=36"}],"curies":[{"name":"wp","href":"https:\/\/api.w.org\/{rel}","templated":true}]}}