{"id":806,"date":"2013-09-30T11:51:45","date_gmt":"2013-09-30T14:51:45","guid":{"rendered":"http:\/\/www.animafestival.com.ar\/2013\/?page_id=806"},"modified":"2021-12-06T14:45:49","modified_gmt":"2021-12-06T17:45:49","slug":"animando-para-videojuegos","status":"publish","type":"page","link":"http:\/\/www.animafestival.com.ar\/2015\/animando-para-videojuegos\/","title":{"rendered":"Charla: Un mundo nuevo: Animando para Videojuegos"},"content":{"rendered":"<p><strong>Dictada por<\/strong><b> <strong>JUAN SEBASTI\u00c1N LINIETSKY <\/strong><\/b>(<a href=\"http:\/\/okamstudio.com\/\">Okam Studio<\/a>)<\/p>\n<p>&nbsp;<\/p>\n<p><b>Viernes 11 de octubre de 16 a 18 Hs.&nbsp; <\/b><\/p>\n<p><b>Lugar: <b>Sub suelo Pabell\u00f3n Argentina <\/b><\/b>(Haya de la Torre s\/n \u2013 Ciudad Universitaria \u2013 C\u00f3rdoba)<br \/>\n<b><\/b><\/p>\n<p>&nbsp;<\/p>\n<p><strong>Fundamentaci\u00f3n:<\/strong><\/p>\n<p>Los videojuegos constituyen hoy una parte de la industria de entretenimiento que ha experimentado mayor crecimiento en las \u00faltimas d\u00e9cadas, y la animaci\u00f3n es una de sus piezas fundamentales. Muchos estudios y animadores independientes ven en este medio creativo oportunidades para expandir su experiencia y horizonte laboral, as\u00ed como una herramienta m\u00e1s para transmitir sus ideas.<\/p>\n<p>Sin embargo, para aventurarse en este continente, los artistas deber\u00e1n aprender a convivir de forma m\u00e1s estrecha con la tecnolog\u00eda. Solo una vez familiarizados con las posibilidades y limitaciones que impone el medio podr\u00e1n desatar todo su potencial creativo.<\/p>\n<p>El objetivo principal de esta charla es que los interesados conozcan el proceso de creaci\u00f3n de contenido art\u00edstico para videojuegos, partiendo de un concepto y finalizando en personajes animados y escenarios. &nbsp;Para este fin se tratar\u00e1n contenidos &nbsp;del espectro t\u00e9cnico, tales como: 2D tradicional, <i>cut-out<\/i> e h\u00edbrido, 3D y generaci\u00f3n procedural, poniendo \u00e9nfasis en las herramientas m\u00e1s utilizadas y en las caracter\u00edsticas tecnol\u00f3gicas que debe poseer cualquier plataforma de trabajo para desarrollar este tipo de actividad &nbsp;(memoria, procesador, chip gr\u00e1fico), considerando que el contenido que se desarrolla debe ser procesado y reproducido, en todo momento, en tiempo real.<\/p>\n<p>&nbsp;<\/p>\n<p><strong>Contenidos:<\/strong><\/p>\n<p>&#8211;&nbsp;&nbsp; &nbsp;&nbsp;&nbsp;&nbsp; Introducci\u00f3n a la Industria<\/p>\n<p>&#8211;&nbsp;&nbsp; &nbsp;&nbsp;&nbsp;&nbsp; Lenguaje y Convenciones.<\/p>\n<p>&#8211;&nbsp;&nbsp; &nbsp;&nbsp;&nbsp;&nbsp; T\u00e9cnicas y Herramientas.<\/p>\n<p>&#8211;&nbsp;&nbsp; &nbsp;&nbsp;&nbsp;&nbsp; L\u00edmites y Posibilidades.<\/p>\n<p>&nbsp;<\/p>\n<p><i><strong><a href=\"http:\/\/www.animafestival.com.ar\/2013\/files\/2013\/09\/animando-videojuegos.jpg\"><img fetchpriority=\"high\" decoding=\"async\" class=\"size-medium wp-image-856 alignleft\" alt=\"animando videojuegos\" src=\"http:\/\/www.animafestival.com.ar\/2013\/files\/2013\/09\/animando-videojuegos-289x300.jpg\" width=\"289\" height=\"300\" srcset=\"http:\/\/www.animafestival.com.ar\/2015\/files\/2013\/09\/animando-videojuegos-289x300.jpg 289w, http:\/\/www.animafestival.com.ar\/2015\/files\/2013\/09\/animando-videojuegos.jpg 480w\" sizes=\"(max-width: 289px) 100vw, 289px\" \/><\/a>Arancel:<\/strong> Sin costo (Sin certificaci\u00f3n) \/$150.-&nbsp; (Con certificaci\u00f3n de asistencia)<\/i><\/p>\n<p>&nbsp;<\/p>\n<p dir=\"ltr\"><strong>Por dudas o para mayor informaci\u00f3n sobre \u00e9stas actividades escribir a: <strong>acredit@animafestival.com.ar <\/strong><\/strong><\/p>\n<p dir=\"ltr\">\n<p dir=\"ltr\">\n<p dir=\"ltr\"><strong>Inscripciones<\/strong> en <a href=\"http:\/\/www.autoentrada.com\"><strong>www.autoentrada.com<\/strong><\/a><\/p>\n","protected":false},"excerpt":{"rendered":"<p>Dictada por JUAN SEBASTI\u00c1N LINIETSKY (Okam Studio) &nbsp; Viernes 11 de octubre de 16 a 18 Hs.&nbsp; Lugar: Sub suelo Pabell\u00f3n Argentina (Haya de la Torre s\/n \u2013 Ciudad Universitaria [&hellip;]<\/p>\n","protected":false},"author":1,"featured_media":0,"parent":0,"menu_order":0,"comment_status":"closed","ping_status":"open","template":"","meta":{"footnotes":""},"class_list":["post-806","page","type-page","status-publish","hentry"],"_links":{"self":[{"href":"http:\/\/www.animafestival.com.ar\/2015\/wp-json\/wp\/v2\/pages\/806","targetHints":{"allow":["GET"]}}],"collection":[{"href":"http:\/\/www.animafestival.com.ar\/2015\/wp-json\/wp\/v2\/pages"}],"about":[{"href":"http:\/\/www.animafestival.com.ar\/2015\/wp-json\/wp\/v2\/types\/page"}],"author":[{"embeddable":true,"href":"http:\/\/www.animafestival.com.ar\/2015\/wp-json\/wp\/v2\/users\/1"}],"replies":[{"embeddable":true,"href":"http:\/\/www.animafestival.com.ar\/2015\/wp-json\/wp\/v2\/comments?post=806"}],"version-history":[{"count":13,"href":"http:\/\/www.animafestival.com.ar\/2015\/wp-json\/wp\/v2\/pages\/806\/revisions"}],"predecessor-version":[{"id":1682,"href":"http:\/\/www.animafestival.com.ar\/2015\/wp-json\/wp\/v2\/pages\/806\/revisions\/1682"}],"wp:attachment":[{"href":"http:\/\/www.animafestival.com.ar\/2015\/wp-json\/wp\/v2\/media?parent=806"}],"curies":[{"name":"wp","href":"https:\/\/api.w.org\/{rel}","templated":true}]}}