{"id":808,"date":"2013-09-30T11:52:08","date_gmt":"2013-09-30T14:52:08","guid":{"rendered":"http:\/\/www.animafestival.com.ar\/2013\/?page_id=808"},"modified":"2021-12-06T14:51:03","modified_gmt":"2021-12-06T17:51:03","slug":"transmedia-storytelling","status":"publish","type":"page","link":"http:\/\/www.animafestival.com.ar\/2015\/transmedia-storytelling\/","title":{"rendered":"Charla: El arte de manufacturar un universo: Transmedia Storytelling"},"content":{"rendered":"<p><strong>Dictada por<\/strong><b>\u00a0<strong><b>LUCAS BLAS GONDOLO<\/b> <\/strong><\/b>(<a href=\"http:\/\/okamstudio.com\/\">Okam Studio<\/a>)<\/p>\n<p>&nbsp;<\/p>\n<p><b>Viernes 11 de octubre de 18 a 19:30 Hs.\u00a0 <\/b><\/p>\n<p><b>Cede: <b>Sub suelo Pabell\u00f3n Argentina <\/b><\/b>(Haya de la Torre s\/n \u2013 Ciudad Universitaria \u2013 C\u00f3rdoba)<\/p>\n<p>&nbsp;<\/p>\n<p><b>FUNDAMENTACI\u00d3N:<\/b><\/p>\n<p style=\"text-align: justify\">El t\u00e9rmino Cross-media hace referencia a la distribuci\u00f3n del contenido a trav\u00e9s de diferentes medios. En este tipo de productos, el contenido se ajusta a cada plataforma para hacer un uso \u00f3ptimo de sus caracter\u00edsticas m\u00e1s sobresalientes. En cambio en un proyecto Transmedia, el contenido interact\u00faa de manera compleja entre cada una de las plataformas. En otras palabras, los consumidores tienen la libertad de ir y venir, llev\u00e1ndose con ellos un trozo de informaci\u00f3n o alg\u00fan conocimiento de una plataforma hacia la otra. En estos casos es com\u00fan que para conocer el conjunto de la historia, el p\u00fablico debe migrar a trav\u00e9s de todas las plataformas, recogiendo piezas de informaci\u00f3n. Este proceso resulta altamente interactivo y tiene como fin crear m\u00faltiples puntos de entrada al universo ficcional, cada uno de ellos de manera independiente, pero con un papel definido en el macro esquema narrativo.<\/p>\n<p>&nbsp;<\/p>\n<p><b>CONTENIDOS:<\/b><\/p>\n<ul>\n<li>Construcci\u00f3n del universo ficcional<\/li>\n<li>Historia vs Trama<\/li>\n<li>High concept vs Core concept<\/li>\n<li>Character Driven vs Story driven<\/li>\n<li>Estrategias de distribuci\u00f3n<\/li>\n<li>An\u00e1lisis de Ejemplo: \u00abLas Aventuras de Dog Mendon\u00e7a &amp; Pizza Boy\u00bb<\/li>\n<\/ul>\n<p>&nbsp;<\/p>\n<p><a href=\"http:\/\/www.animafestival.com.ar\/2013\/files\/2013\/09\/transmedia.jpg\"><img fetchpriority=\"high\" decoding=\"async\" class=\"size-medium wp-image-864 alignleft\" alt=\"transmedia\" src=\"http:\/\/www.animafestival.com.ar\/2013\/files\/2013\/09\/transmedia-289x300.jpg\" width=\"289\" height=\"300\" srcset=\"http:\/\/www.animafestival.com.ar\/2015\/files\/2013\/09\/transmedia-289x300.jpg 289w, http:\/\/www.animafestival.com.ar\/2015\/files\/2013\/09\/transmedia.jpg 480w\" sizes=\"(max-width: 289px) 100vw, 289px\" \/><\/a><i><strong>Arancel:<\/strong> Sin costo (Sin certificaci\u00f3n) \/$150.-\u00a0 (Con certificaci\u00f3n de asistencia)<\/i><\/p>\n<p>&nbsp;<\/p>\n<p dir=\"ltr\"><strong>Por dudas o para mayor informaci\u00f3n sobre \u00e9stas actividades escribir a: <strong>acredit@animafestival.com.ar <\/strong><\/strong><\/p>\n<p>&nbsp;<\/p>\n<p><strong>Inscripciones<\/strong> en <a href=\"http:\/\/www.autoentrada.com\"><strong>www.autoentrada.com<\/strong><\/a><\/p>\n","protected":false},"excerpt":{"rendered":"<p>Dictada por\u00a0LUCAS BLAS GONDOLO (Okam Studio) &nbsp; Viernes 11 de octubre de 18 a 19:30 Hs.\u00a0 Cede: Sub suelo Pabell\u00f3n Argentina (Haya de la Torre s\/n \u2013 Ciudad Universitaria \u2013 [&hellip;]<\/p>\n","protected":false},"author":1,"featured_media":0,"parent":0,"menu_order":0,"comment_status":"closed","ping_status":"closed","template":"","meta":{"footnotes":""},"class_list":["post-808","page","type-page","status-publish","hentry"],"_links":{"self":[{"href":"http:\/\/www.animafestival.com.ar\/2015\/wp-json\/wp\/v2\/pages\/808","targetHints":{"allow":["GET"]}}],"collection":[{"href":"http:\/\/www.animafestival.com.ar\/2015\/wp-json\/wp\/v2\/pages"}],"about":[{"href":"http:\/\/www.animafestival.com.ar\/2015\/wp-json\/wp\/v2\/types\/page"}],"author":[{"embeddable":true,"href":"http:\/\/www.animafestival.com.ar\/2015\/wp-json\/wp\/v2\/users\/1"}],"replies":[{"embeddable":true,"href":"http:\/\/www.animafestival.com.ar\/2015\/wp-json\/wp\/v2\/comments?post=808"}],"version-history":[{"count":7,"href":"http:\/\/www.animafestival.com.ar\/2015\/wp-json\/wp\/v2\/pages\/808\/revisions"}],"predecessor-version":[{"id":942,"href":"http:\/\/www.animafestival.com.ar\/2015\/wp-json\/wp\/v2\/pages\/808\/revisions\/942"}],"wp:attachment":[{"href":"http:\/\/www.animafestival.com.ar\/2015\/wp-json\/wp\/v2\/media?parent=808"}],"curies":[{"name":"wp","href":"https:\/\/api.w.org\/{rel}","templated":true}]}}