{"id":810,"date":"2013-09-30T11:52:52","date_gmt":"2013-09-30T14:52:52","guid":{"rendered":"http:\/\/www.animafestival.com.ar\/2013\/?page_id=810"},"modified":"2021-12-06T14:55:20","modified_gmt":"2021-12-06T17:55:20","slug":"produccion-audiovisual-con-herramientas-libres","status":"publish","type":"page","link":"http:\/\/www.animafestival.com.ar\/2015\/produccion-audiovisual-con-herramientas-libres\/","title":{"rendered":"Seminario: Producci\u00f3n Audiovisual con Herramientas Libres"},"content":{"rendered":"<p><strong>Seminario dictado por TERESA SEMPERE \u2013 MANUEL QUI\u00d1ONES \u2013 LILA PAGOLA \u2013 GUILLERMO ESPERTINO (GEZ)<\/strong><\/p>\n<p>&nbsp;<\/p>\n<p><b>Jueves 10 de octubre de 15:30 a 18:3o hs y Viernes 11 de octubre de 15:30 a 18:30 hs<\/b><\/p>\n<p><strong>Lugar:<\/strong> <strong>CePIA<\/strong> (Av. Medina Allende s\/n \u2013 Ciudad Universitaria \u2013 C\u00f3rdoba)<\/p>\n<p>&nbsp;<\/p>\n<p><b>Objetivos:<\/b><\/p>\n<p style=\"text-align: justify;\">&#8211; Entender el uso de herramientas y tecnolog\u00edas libres como una postura \u00e9tica y pol\u00edtica que, por un lado, facilita el acceso, la utilizaci\u00f3n y el intercambio de informaci\u00f3n y conocimiento, y por otro, crea, fortalece y beneficia a la comunidad en general.<\/p>\n<p style=\"text-align: justify;\">&#8211; Incentivar y fortalecer pr\u00e1cticas de producci\u00f3n, difusi\u00f3n y circulaci\u00f3n de materiales\u00a0 audiovisuales elaborados\/licenciados con SL\/c\u00f3digo abierto.<\/p>\n<p><b>\u00a0<\/b><\/p>\n<p><b>Descripci\u00f3n: <\/b><\/p>\n<p>Seminario pr\u00e1ctico en el que, a partir de un ejemplo concreto (cortometraje \u201cViaje a la Tierra del Quebracho\u201d), se abordar\u00e1n cuestiones relativas a la producci\u00f3n audiovisual con software y licencias libres.<\/p>\n<p><b>\u00a0<\/b><\/p>\n<p style=\"text-align: justify;\"><b>P\u00fablico Objetivo: <\/b>Estudiantes o profesionales de cine, animaci\u00f3n, dise\u00f1o gr\u00e1fico.<b><\/b><\/p>\n<p style=\"text-align: justify;\"><b>MODULO A<\/b><\/p>\n<p style=\"text-align: justify;\">Teresa Sempere: Esp\u00edritu del software y la cultura libre. (15min)<\/p>\n<p style=\"text-align: justify;\">Manuel Qui\u00f1ones: Proyecci\u00f3n \u201cViaje a la Tierra del Quebracho\u201d (12min)<\/p>\n<p style=\"text-align: justify;\">Manuel Qui\u00f1ones: Producci\u00f3n audiovisual con SL paso a paso. Ejemplo cortometraje \u201cViaje a la Tierra del Quebracho\u201d &#8211; Objetivos, alcances, obst\u00e1culos, dificultades (45min)<\/p>\n<p style=\"text-align: justify;\">DESCANSO (20min)<\/p>\n<p style=\"text-align: justify;\">Guillermo Espertino (Gez): Introducci\u00f3n herramientas de imagen, animaci\u00f3n y 3D con software libre. Conectando distintas herramientas para lograr un proyecto: GIMP, Krita, MyPaint, Inkscape, Blender, etc. (90min)<\/p>\n<p style=\"text-align: justify;\"><strong>Duraci\u00f3n TOTAL 3 hs aprox.<\/strong><\/p>\n<p style=\"text-align: justify;\"><b>\u00a0<\/b><\/p>\n<p style=\"text-align: justify;\"><b>MODULO B<\/b><\/p>\n<p style=\"text-align: justify;\">Manuel Qui\u00f1ones: Videojuegos con software libre.<\/p>\n<p style=\"text-align: justify;\">Desarrollo, dise\u00f1o, animaci\u00f3n y producci\u00f3n<\/p>\n<p style=\"text-align: justify;\"><b><i>\u201cSi Norman McLaren hubiera conocido Processing\u201d: <\/i><\/b>Se trabajar\u00e1 en recrear una obra de Luis Bras, animador rosarino disc\u00edpulo de McLaren, con Processing \u00a0http:\/\/ processing . org \/ y se explorar\u00e1n animaciones abstractas, obras visuales interactivas, ritmo y color.<\/p>\n<p style=\"text-align: justify;\"><b><i>\u201cAnimaci\u00f3n para videojuegos con Pilas engine\u201d: <\/i><\/b>Pilas \u00a0http:\/\/pilas &#8211; engine.com.ar \/ es un motor de videojuegos desarrollado en Argentina, enteramente en espa\u00f1ol. Servir\u00e1 para entender los conceptos tradicionales de animaci\u00f3n para videojuegos (desde qu\u00e9 es un sprite en adelante) (90min)<\/p>\n<p style=\"text-align: justify;\">Lila Pagola: Cuestiones legales \/Alternativas en la difusi\u00f3n y circulaci\u00f3n de bienes culturales: Licencias CC (casos aplicados a la industria cinematogr\u00e1fica) &#8211;\u00a0 (30min)<\/p>\n<p><strong>Duraci\u00f3n TOTAL 2 hs aprox.<\/strong><\/p>\n<p>&nbsp;<\/p>\n<p>&nbsp;<\/p>\n<p><a href=\"http:\/\/www.animafestival.com.ar\/2013\/files\/2013\/09\/tere.jpg\"><img fetchpriority=\"high\" decoding=\"async\" class=\"size-medium wp-image-902 alignleft\" alt=\"tere\" src=\"http:\/\/www.animafestival.com.ar\/2013\/files\/2013\/09\/tere-289x300.jpg\" width=\"373\" height=\"387\" srcset=\"http:\/\/www.animafestival.com.ar\/2015\/files\/2013\/09\/tere-289x300.jpg 289w, http:\/\/www.animafestival.com.ar\/2015\/files\/2013\/09\/tere.jpg 480w\" sizes=\"(max-width: 373px) 100vw, 373px\" \/><\/a><i><strong>Arancel:<\/strong> sin costo (sin certificaci\u00f3n) &#8211; $150.-\u00a0 (Con certificaci\u00f3n de asistencia)<\/i><\/p>\n<p>&nbsp;<\/p>\n<p dir=\"ltr\"><strong>Por dudas o para mayor informaci\u00f3n sobre \u00e9stas actividades escribir a:<strong> acredit@animafestival.com.ar <\/strong><\/strong><\/p>\n<p dir=\"ltr\"><strong>Inscripciones<\/strong> en <a href=\"http:\/\/www.autoentrada.com\"><strong>www.autoentrada.com<\/strong><\/a><\/p>\n","protected":false},"excerpt":{"rendered":"<p>Seminario dictado por TERESA SEMPERE \u2013 MANUEL QUI\u00d1ONES \u2013 LILA PAGOLA \u2013 GUILLERMO ESPERTINO (GEZ) &nbsp; Jueves 10 de octubre de 15:30 a 18:3o hs y Viernes 11 de octubre [&hellip;]<\/p>\n","protected":false},"author":1,"featured_media":0,"parent":0,"menu_order":0,"comment_status":"closed","ping_status":"closed","template":"","meta":{"footnotes":""},"class_list":["post-810","page","type-page","status-publish","hentry"],"_links":{"self":[{"href":"http:\/\/www.animafestival.com.ar\/2015\/wp-json\/wp\/v2\/pages\/810","targetHints":{"allow":["GET"]}}],"collection":[{"href":"http:\/\/www.animafestival.com.ar\/2015\/wp-json\/wp\/v2\/pages"}],"about":[{"href":"http:\/\/www.animafestival.com.ar\/2015\/wp-json\/wp\/v2\/types\/page"}],"author":[{"embeddable":true,"href":"http:\/\/www.animafestival.com.ar\/2015\/wp-json\/wp\/v2\/users\/1"}],"replies":[{"embeddable":true,"href":"http:\/\/www.animafestival.com.ar\/2015\/wp-json\/wp\/v2\/comments?post=810"}],"version-history":[{"count":7,"href":"http:\/\/www.animafestival.com.ar\/2015\/wp-json\/wp\/v2\/pages\/810\/revisions"}],"predecessor-version":[{"id":1061,"href":"http:\/\/www.animafestival.com.ar\/2015\/wp-json\/wp\/v2\/pages\/810\/revisions\/1061"}],"wp:attachment":[{"href":"http:\/\/www.animafestival.com.ar\/2015\/wp-json\/wp\/v2\/media?parent=810"}],"curies":[{"name":"wp","href":"https:\/\/api.w.org\/{rel}","templated":true}]}}