{"id":819,"date":"2013-09-30T11:55:35","date_gmt":"2013-09-30T14:55:35","guid":{"rendered":"http:\/\/www.animafestival.com.ar\/2013\/?page_id=819"},"modified":"2013-10-08T21:03:28","modified_gmt":"2013-10-09T00:03:28","slug":"doblaje-para-animacion","status":"publish","type":"page","link":"http:\/\/www.animafestival.com.ar\/2015\/doblaje-para-animacion\/","title":{"rendered":"Taller: Doblaje para Animaci\u00f3n"},"content":{"rendered":"<p><strong>Dictado por DANNY DEALZAGA <\/strong><a href=\"http:\/\/www.escuelaargentinadedoblaje.com\/\">(Escuela Argentina de doblaje)<\/a><\/p>\n<p>&nbsp;<\/p>\n<p><b>Viernes 11 de octubre\u00a0 de 9 a 14.30hs y S\u00e1bado 12 de octubre de 9 a 14:30 hs<\/b><\/p>\n<p><strong>Lugar: La Lumiere<\/strong> (Independencia 566 2\u00b0 P &#8211; C\u00f3rdoba)<\/p>\n<p>&nbsp;<\/p>\n<p><strong>Fundamentaci\u00f3n:<\/strong><\/p>\n<p style=\"text-align: justify\">Ser actor de doblaje no es sencillo. Requiere un alto conocimiento interpretativo, una voz adecuada (no confundir con bonita), una excelente dicci\u00f3n, buena memoria, un profundo conocimiento de las diferentes t\u00e9cnicas de sincron\u00eda y mucha pr\u00e1ctica\u2026<b> <\/b><\/p>\n<p>&nbsp;<\/p>\n<p><strong>Contenidos y Actividades a desarrollar:<\/strong><\/p>\n<ul>\n<li>Castellano Neutro. Caracter\u00edsticas generales.<\/li>\n<li>Lectura, Comprensi\u00f3n del gui\u00f3n, Dicci\u00f3n.<\/li>\n<li>Synchro, Lipsync.<\/li>\n<li>Interpretaci\u00f3n de ficci\u00f3n, FX, voces secundarias.<\/li>\n<li>Ensayo de escena.<\/li>\n<li>Grabaci\u00f3n.<\/li>\n<li>An\u00e1lisis, entrega de demo y despedida.<\/li>\n<\/ul>\n<p>&nbsp;<\/p>\n<p><a href=\"http:\/\/www.animafestival.com.ar\/2013\/files\/2013\/09\/doblaje.jpg\"><img fetchpriority=\"high\" decoding=\"async\" class=\"size-medium wp-image-899 alignleft\" alt=\"doblaje\" src=\"http:\/\/www.animafestival.com.ar\/2013\/files\/2013\/09\/doblaje-289x300.jpg\" width=\"289\" height=\"300\" srcset=\"http:\/\/www.animafestival.com.ar\/2015\/files\/2013\/09\/doblaje-289x300.jpg 289w, http:\/\/www.animafestival.com.ar\/2015\/files\/2013\/09\/doblaje.jpg 480w\" sizes=\"(max-width: 289px) 100vw, 289px\" \/><\/a><i><strong>Arancel:<\/strong> $350.-\u00a0 (Con certificaci\u00f3n)<\/i><\/p>\n<p>&nbsp;<\/p>\n<p dir=\"ltr\"><strong>Por dudas o para mayor informaci\u00f3n sobre \u00e9stas actividades escribir a: <strong>acredit@animafestival.com.ar <\/strong><\/strong><\/p>\n<p dir=\"ltr\">\n<p dir=\"ltr\">\n<p dir=\"ltr\"><strong>Inscripciones<\/strong> en <a href=\"http:\/\/www.autoentrada.com\"><strong>www.autoentrada.com<\/strong><\/a><\/p>\n","protected":false},"excerpt":{"rendered":"<p>Dictado por DANNY DEALZAGA (Escuela Argentina de doblaje) &nbsp; Viernes 11 de octubre\u00a0 de 9 a 14.30hs y S\u00e1bado 12 de octubre de 9 a 14:30 hs Lugar: La Lumiere [&hellip;]<\/p>\n","protected":false},"author":1,"featured_media":0,"parent":0,"menu_order":0,"comment_status":"closed","ping_status":"open","template":"","meta":{"footnotes":""},"class_list":["post-819","page","type-page","status-publish","hentry"],"_links":{"self":[{"href":"http:\/\/www.animafestival.com.ar\/2015\/wp-json\/wp\/v2\/pages\/819","targetHints":{"allow":["GET"]}}],"collection":[{"href":"http:\/\/www.animafestival.com.ar\/2015\/wp-json\/wp\/v2\/pages"}],"about":[{"href":"http:\/\/www.animafestival.com.ar\/2015\/wp-json\/wp\/v2\/types\/page"}],"author":[{"embeddable":true,"href":"http:\/\/www.animafestival.com.ar\/2015\/wp-json\/wp\/v2\/users\/1"}],"replies":[{"embeddable":true,"href":"http:\/\/www.animafestival.com.ar\/2015\/wp-json\/wp\/v2\/comments?post=819"}],"version-history":[{"count":5,"href":"http:\/\/www.animafestival.com.ar\/2015\/wp-json\/wp\/v2\/pages\/819\/revisions"}],"predecessor-version":[{"id":938,"href":"http:\/\/www.animafestival.com.ar\/2015\/wp-json\/wp\/v2\/pages\/819\/revisions\/938"}],"wp:attachment":[{"href":"http:\/\/www.animafestival.com.ar\/2015\/wp-json\/wp\/v2\/media?parent=819"}],"curies":[{"name":"wp","href":"https:\/\/api.w.org\/{rel}","templated":true}]}}