{"id":821,"date":"2013-09-30T11:55:55","date_gmt":"2013-09-30T14:55:55","guid":{"rendered":"http:\/\/www.animafestival.com.ar\/2013\/?page_id=821"},"modified":"2021-12-06T14:46:53","modified_gmt":"2021-12-06T17:46:53","slug":"paisaje-sonoro-animado","status":"publish","type":"page","link":"http:\/\/www.animafestival.com.ar\/2015\/paisaje-sonoro-animado\/","title":{"rendered":"Taller: Paisaje Sonoro Animado"},"content":{"rendered":"<p><b>Dictado por\u00a0<strong>ANDREA MARTIGNONI <\/strong><\/b>(<a href=\"http:\/\/blublu.org\/\">Blu<\/a>)<b><strong><br \/>\n<\/strong><\/b><\/p>\n<p>&nbsp;<\/p>\n<p><b>Jueves 10 de\u00a0 Oct<\/b><b>ubre de 9 a 13hs. yJueves 11 de\u00a0 Oct<\/b><b>ubre de 9 a 13hs.<\/b><\/p>\n<p>Lugar<b>: Centro CulturalEspa\u00f1a C\u00f3rdoba\u00a0<\/b>(Entre R\u00edos 40 \u2013 C\u00f3rdoba)<\/p>\n<p>&nbsp;<\/p>\n<p><b>Fundamentaci\u00f3n.<\/b><\/p>\n<p style=\"text-align: justify\">Voces, rumores, m\u00fasicas y sonidos son los elementos que componen el paisaje sonoro de cualquier lugar existente.<\/p>\n<p style=\"text-align: justify\">Quien se ocupa de crear la banda sonora para un cortometraje de animaci\u00f3n tiene la tarea de recoger los sonidos,\u00a0 capturarlos en su forma original, sacarlos de contexto e insertarlos en un nuevo contexto: el del film. De este modo el compositor da la banda sonora para un film de animaci\u00f3n dota de\u00a0 una nueva\u00a0 alma a los sonidos.<\/p>\n<p style=\"text-align: justify\">Contrariamente al cine de acci\u00f3n real donde, en general, las voces y los di\u00e1logos de los actores se apoderan de la dimensi\u00f3n sonora de la pel\u00edcula, las pel\u00edculas animadas pueden desconectarse o liberarse de la supremac\u00eda de las palabras. Esto no es s\u00f3lo porque el lenguaje de la animaci\u00f3n siempre ha tenido una vocaci\u00f3n para hablar y narrar a trav\u00e9s de im\u00e1genes en movimiento, sino tambi\u00e9n porque, en general, la pel\u00edcula de animaci\u00f3n naci\u00f3 sin sonidos: a veces se adapta a la m\u00fasica preexistente, pero frecuentemente, al nacer mudo requiere la construcci\u00f3n de un sonido propio, acorde a su ets\u00e9tica, un paisaje sonoro construido espec\u00edficamente para esa pel\u00edcula.<\/p>\n<p>Todo es permitido en una compleja composici\u00f3n electro ac\u00fastica, hecha\u00a0 de sonidos de instrumentos que se mezclan a sonidos capturados al real, elaboraciones electr\u00f3nicas y muestras de alg\u00fan tipo sonoro de voces y de objetos sonoros,\u00a0 pero siempre exclusivos y al servicio del film.<\/p>\n<p>&nbsp;<\/p>\n<p><b>Primera Jornada: 3 horas<\/b><\/p>\n<p><b>Primera y segunda hora<\/b><\/p>\n<p>Presentaci\u00f3n de Work shop<\/p>\n<p>La importancia de la banda sonora en el cortometraje de animaci\u00f3n.<\/p>\n<p>Escucha de una la banda sonora de un film sin ver el film (Deputy Droopy de tex Avery\/Scott Bradley)<\/p>\n<p>Proyecci\u00f3n y an\u00e1lisis de cortometrajes: Deputy Droopy De Tex Avery, Bilinkity Blank de Norman Mclaren,Extracto de dimensiones of di\u00e1logos de Jan Svankmajer .<\/p>\n<p>Presentaci\u00f3n de mi trabajo: la colaboraci\u00f3n con Blu,es. De soundtrack compuesta primero del film (al final de blu) El concepto sonoro en mudo e Big Bang Big Boom)<\/p>\n<p><b>\u00a0<\/b><\/p>\n<p><b>Tercera\u00a0 hora<\/b><\/p>\n<p>Introducci\u00f3n\u00a0 a los instrumentos para registrar los sonidos.<\/p>\n<p>&nbsp;<\/p>\n<p><b>Segunda jornada: 3-4 horas<\/b><\/p>\n<p>Registro en diferentes espacios: interiores y exteriores<\/p>\n<p>Registro de objetos sonoros con micr\u00f3fonos de contacto<\/p>\n<p>Escucha de los materiales registrados<\/p>\n<p>Creaci\u00f3n colectiva de un bosquejo de banda sonora<\/p>\n<p>&nbsp;<\/p>\n<p><a href=\"http:\/\/www.animafestival.com.ar\/2013\/files\/2013\/09\/946315_628337850544854_1132598292_n.jpg\"><img fetchpriority=\"high\" decoding=\"async\" class=\"size-medium wp-image-880 alignleft\" alt=\"Arancel: $400.- (Con certificaci\u00f3n de asistencia) Por dudas o para obtener mayor m\u00e1s informaci\u00f3n sobre estas actividades escribir a: acredit@animafestival.com.ar  Inscripciones en www.autoentrada.com\" src=\"http:\/\/www.animafestival.com.ar\/2013\/files\/2013\/09\/946315_628337850544854_1132598292_n-289x300.jpg\" width=\"340\" height=\"353\" srcset=\"http:\/\/www.animafestival.com.ar\/2015\/files\/2013\/09\/946315_628337850544854_1132598292_n-289x300.jpg 289w, http:\/\/www.animafestival.com.ar\/2015\/files\/2013\/09\/946315_628337850544854_1132598292_n.jpg 926w\" sizes=\"(max-width: 340px) 100vw, 340px\" \/><\/a><em><strong>Arancel: <\/strong>$400.- (Con certificaci\u00f3n)<\/em><\/p>\n<p>&nbsp;<\/p>\n<p>Por dudas o para mayor informaci\u00f3n sobre \u00e9stas actividades escribir a: <strong>acredit@animafestival.com.ar <\/strong><\/p>\n<p>&nbsp;<\/p>\n<p><strong>Inscripciones<\/strong> en <a href=\"www.autoentrada.com\"><strong>www.autoentrada.com<\/strong><\/a><\/p>\n","protected":false},"excerpt":{"rendered":"<p>Dictado por\u00a0ANDREA MARTIGNONI (Blu) &nbsp; Jueves 10 de\u00a0 Octubre de 9 a 13hs. yJueves 11 de\u00a0 Octubre de 9 a 13hs. Lugar: Centro CulturalEspa\u00f1a C\u00f3rdoba\u00a0(Entre R\u00edos 40 \u2013 C\u00f3rdoba) &nbsp; [&hellip;]<\/p>\n","protected":false},"author":1,"featured_media":0,"parent":0,"menu_order":0,"comment_status":"closed","ping_status":"closed","template":"","meta":{"footnotes":""},"class_list":["post-821","page","type-page","status-publish","hentry"],"_links":{"self":[{"href":"http:\/\/www.animafestival.com.ar\/2015\/wp-json\/wp\/v2\/pages\/821","targetHints":{"allow":["GET"]}}],"collection":[{"href":"http:\/\/www.animafestival.com.ar\/2015\/wp-json\/wp\/v2\/pages"}],"about":[{"href":"http:\/\/www.animafestival.com.ar\/2015\/wp-json\/wp\/v2\/types\/page"}],"author":[{"embeddable":true,"href":"http:\/\/www.animafestival.com.ar\/2015\/wp-json\/wp\/v2\/users\/1"}],"replies":[{"embeddable":true,"href":"http:\/\/www.animafestival.com.ar\/2015\/wp-json\/wp\/v2\/comments?post=821"}],"version-history":[{"count":8,"href":"http:\/\/www.animafestival.com.ar\/2015\/wp-json\/wp\/v2\/pages\/821\/revisions"}],"predecessor-version":[{"id":940,"href":"http:\/\/www.animafestival.com.ar\/2015\/wp-json\/wp\/v2\/pages\/821\/revisions\/940"}],"wp:attachment":[{"href":"http:\/\/www.animafestival.com.ar\/2015\/wp-json\/wp\/v2\/media?parent=821"}],"curies":[{"name":"wp","href":"https:\/\/api.w.org\/{rel}","templated":true}]}}