{"id":828,"date":"2013-09-30T11:57:26","date_gmt":"2013-09-30T14:57:26","guid":{"rendered":"http:\/\/www.animafestival.com.ar\/2013\/?page_id=828"},"modified":"2019-09-06T23:59:49","modified_gmt":"2019-09-07T02:59:49","slug":"animacion-en-la-escuela-propuesta-para-la-alfabetizacion-audiovisual","status":"publish","type":"page","link":"http:\/\/www.animafestival.com.ar\/2015\/animacion-en-la-escuela-propuesta-para-la-alfabetizacion-audiovisual\/","title":{"rendered":"Taller: Animaci\u00f3n en la Escuela &#8211; Propuesta para la alfabetizaci\u00f3n audiovisual"},"content":{"rendered":"<p><b>dictado por <\/b><strong>PABLO LOBERA y VERONICA PASTORINO<\/strong><\/p>\n<p>&nbsp;<\/p>\n<p><strong>Jueves 10 de 9 a 13hs, viernes 11 de 9 a 13hs y s\u00e1bado 12 de 9 a 13hs. <\/strong><\/p>\n<p><strong>Lugar: Sub suelo Pabell\u00f3n Argentina <\/strong>(Haya de la Torre s\/n \u2013 Ciudad Universitaria \u2013 C\u00f3rdoba)<strong><br \/>\n<\/strong><\/p>\n<p>&nbsp;<\/p>\n<p><strong>Requicitos:<\/strong> Computadora personal<\/p>\n<p>&nbsp;<\/p>\n<p><b>Fundamentaci\u00f3n: <\/b><\/p>\n<p style=\"text-align: justify\">&nbsp;&nbsp;&nbsp;&nbsp;&nbsp;&nbsp;&nbsp;&nbsp;&nbsp;&nbsp;&nbsp; Con la evoluci\u00f3n de las nuevas tecnolog\u00edas de comunicaci\u00f3n, la animaci\u00f3n se volvi\u00f3 m\u00e1s accesible, permitiendo utilizar estas herramientas como instrumentos para el aprendizaje. A pesar de estar al alcance de docentes y estudiantes el uso de la tecnolog\u00eda en contextos educativos sigue siendo un tema conflictivo. Ya que implica al docente re-estructurar los tiempos y los espacios tradicionales de la clase.<\/p>\n<p style=\"text-align: justify\">&nbsp;&nbsp;&nbsp;&nbsp;&nbsp;&nbsp;&nbsp;&nbsp;&nbsp;&nbsp;&nbsp; La animaci\u00f3n abarca muchos conceptos distintos: el gui\u00f3n, la pre-producci\u00f3n, la escenograf\u00eda, la construcci\u00f3n de personajes, la fotograf\u00eda y la edici\u00f3n, por citar algunos de los m\u00e1s generales.<\/p>\n<p style=\"text-align: justify\">&nbsp;&nbsp;&nbsp;&nbsp;&nbsp;&nbsp;&nbsp;&nbsp;&nbsp;&nbsp;&nbsp; Sin embargo, hay un concepto com\u00fan en la producci\u00f3n de animaciones con ni\u00f1os, ni\u00f1as o j\u00f3venes, es el referido a la identidad, que se manifiesta en las elecciones que toman para la producci\u00f3n, la historia que deciden contar, el contexto donde se desarrolla, las caracter\u00edsticas de los personajes etc\u2026<\/p>\n<p style=\"text-align: justify\">&nbsp;&nbsp;&nbsp;&nbsp;&nbsp;&nbsp;&nbsp;&nbsp;&nbsp;&nbsp;&nbsp; El abordaje de contenidos formales de la escuela a trav\u00e9s del lenguaje audiovisual permite a los estudiantes apropiarse de los contenidos y re-significarlos utilizando su propio lenguaje con la posibilidad de devolver un producto educativo para su desarrollo. Teniendo en cuenta que se trata de un lenguaje nuevo para el \u00e1mbito educativo, es importante generar espacios institucionales para el desarrollo de estas experiencias y &nbsp;su difusi\u00f3n tanto entre estudiantes como entre docentes, con propuestas formativas que permitan multiplicar las experiencias.<\/p>\n<p style=\"text-align: justify\">&nbsp;&nbsp;&nbsp;&nbsp;&nbsp;&nbsp;&nbsp;&nbsp;&nbsp;&nbsp;&nbsp; El siguiente taller propone abordar los elementos b\u00e1sicos de la animaci\u00f3n sin depender de grandes equipamientos ni manejo t\u00e9cnico especializado. A trav\u00e9s de una experiencia de producci\u00f3n vivenciada. Donde&nbsp; las y los participantes construyan desde sus propios conocimientos y experiencias una producci\u00f3n que integre las diferentes disciplinas con el lenguaje de la animaci\u00f3n.<\/p>\n<p style=\"text-align: justify\">&nbsp;&nbsp;&nbsp;&nbsp;&nbsp;&nbsp;&nbsp;&nbsp;&nbsp;&nbsp;&nbsp; La experiencia pretende superar la mirada instrumental y t\u00e9cnica, que puede generar resistencia e inconvenientes. Pensando los recursos que ofrece el trabajo con animaci\u00f3n desde una visi\u00f3n hol\u00edstica enfocada en los contenidos que se pueden lograr sin depender de grandes manejos t\u00e9cnicos y reconociendo la facilidad de los y las estudiantes para su manejo.<\/p>\n<p>&nbsp;<\/p>\n<p><strong>Contenidos:<\/strong><\/p>\n<p><strong>Animaci\u00f3n<\/strong><\/p>\n<ul>\n<li>Elementos expresivos y comunicativos de la animaci\u00f3n<\/li>\n<li>Expresi\u00f3n y comunicaci\u00f3n en al animaci\u00f3n<\/li>\n<li>Animaci\u00f3n y medios masivos de comunicaci\u00f3n<\/li>\n<li>T\u00e9cnica basica del stop moti\u00f3n<\/li>\n<\/ul>\n<p><strong>pedag\u00f3gico-did\u00e1ctico<\/strong><\/p>\n<ul>\n<li>El diagn\u00f3stico, planificaci\u00f3n y estrategia de trabajo<\/li>\n<li>Organizaci\u00f3n de roles y responsabilidades<\/li>\n<li>La producci\u00f3n de contenido: formadora de juicio cr\u00edtico y de identidad.<\/li>\n<\/ul>\n<p><strong>TIC<\/strong><\/p>\n<ul>\n<li>Programas b\u00e1sicos de edici\u00f3n de video.<\/li>\n<li>Herramientas de sistema para generar animaciones.<\/li>\n<li>Aplicaciones en l\u00ednea para para realizar animaciones<\/li>\n<\/ul>\n<p><b>&nbsp;<\/b><\/p>\n<p><b>Actividades:<\/b><\/p>\n<p><b>Primera jornada: <\/b><\/p>\n<ul>\n<li>Presentaci\u00f3n de los participantes, definici\u00f3n de posibilidades y expectativas respecto del curso.<\/li>\n<li>Exposici\u00f3n oral y audiovisual sobre la animaci\u00f3n en la comunicaci\u00f3n digital: Elementos expresivos y comunicativos, su relaci\u00f3n con los medios masivos de comunicaci\u00f3n, evoluci\u00f3n hist\u00f3rica de la animaci\u00f3n y clasificaci\u00f3n de las t\u00e9cnicas de animaci\u00f3n.<\/li>\n<li>Proyecci\u00f3n de diferentes enfoques t\u00e9cnicos para la producci\u00f3n de animaci\u00f3n, an\u00e1lisis de diferentes posibilidades de aplicaci\u00f3n. Recursos expresivos: El sonido y la m\u00fasica en la animaci\u00f3n. La luz y el color en la animaci\u00f3n.<\/li>\n<li>Propuesta de actividades para la clase 2\u00b0 y 3\u00b0. Organizaci\u00f3n de grupos de trabajo, seg\u00fan intereses y posibilidades. Reconocimiento de elementos b\u00e1sicos de trabajo.<\/li>\n<li>Desarrollo de gui\u00f3n \u00abnominal\u00bb (acciones que podr\u00e1n desarrollar con los elementos propuestos)<\/li>\n<li>Plenario integrador<\/li>\n<\/ul>\n<p>&nbsp;<\/p>\n<p><b>Segunda Jornada<\/b>:<\/p>\n<ul>\n<li>Proyecci\u00f3n de experiencias de animaci\u00f3n en el aula.<\/li>\n<li>Reconocimiento de aprendizajes involucrados en la producci\u00f3n de animaci\u00f3n y potencialidades de aplicaci\u00f3n.<\/li>\n<li>Identificaci\u00f3n de las etapas de la producci\u00f3n. Diferenciaci\u00f3n de prioridades y niveles de participaci\u00f3n.<\/li>\n<li>Lenguaje audiovisual: Planos, Enfoques, Movimiento<\/li>\n<li>Definici\u00f3n de aspectos t\u00e9cnicos b\u00e1sicos para la producci\u00f3n de animaci\u00f3n stop motion (G\u00e9neros, Roles, Gui\u00f3n, Storyboard, Fotograf\u00eda).<\/li>\n<li>Desarrollo de la producci\u00f3n fotogr\u00e1fica de la animaci\u00f3n. Control de los resultados y detecci\u00f3n de obst\u00e1culos potenciales en el trabajo con los estudiantes.<\/li>\n<\/ul>\n<p>&nbsp;<\/p>\n<p><b>Tercera jornada: <\/b><\/p>\n<ul>\n<li>Proyecci\u00f3n de los resultados de la clase anterior.<\/li>\n<li>Definici\u00f3n de aspectos t\u00e9cnicos b\u00e1sicos para la producci\u00f3n de animaci\u00f3n pixilation.<\/li>\n<li>Identificaci\u00f3n de las etapas de la producci\u00f3n. Diferenciar prioridades y niveles de participaci\u00f3n.<\/li>\n<li>Desarrollar la producci\u00f3n fotogr\u00e1fica de la pixilation. Controlar los resultados e identificar obst\u00e1culos potenciales en el trabajo con los estudiantes.<\/li>\n<li>Presentaci\u00f3n de los diferentes recursos para la edici\u00f3n digital: Aplicaciones, Software etc.<\/li>\n<li>Utilizar el software para la edici\u00f3n y el montaje digital.<\/li>\n<li>Identificar: contenidos a desarrollar a trav\u00e9s de la producci\u00f3n de animaciones, aspectos t\u00e9cnicos significativos y tipos de software necesario.<\/li>\n<li>Desarrollar estrategias innovadoras a poner en pr\u00e1ctica en la producci\u00f3n de animaci\u00f3n en la escuela y criterios de evaluaci\u00f3n.<\/li>\n<li>Diferenciar la modalidad de abordaje de contenido a trav\u00e9s de la producci\u00f3n de animaciones.<\/li>\n<li>Plenario integrador<\/li>\n<li>Evaluaci\u00f3n del taller.<b> <\/b><\/li>\n<\/ul>\n<p>&nbsp;<\/p>\n<p><a href=\"http:\/\/www.animafestival.com.ar\/2013\/files\/2013\/09\/escuela.jpg\"><img fetchpriority=\"high\" decoding=\"async\" class=\"size-medium wp-image-878 alignleft\" alt=\"escuela\" src=\"http:\/\/www.animafestival.com.ar\/2013\/files\/2013\/09\/escuela-289x300.jpg\" width=\"322\" height=\"334\" srcset=\"http:\/\/www.animafestival.com.ar\/2015\/files\/2013\/09\/escuela-289x300.jpg 289w, http:\/\/www.animafestival.com.ar\/2015\/files\/2013\/09\/escuela.jpg 480w\" sizes=\"(max-width: 322px) 100vw, 322px\" \/><\/a><i><strong>Arancel:<\/strong> $250.-&nbsp; (Con certificaci\u00f3n)<\/i><\/p>\n<p>&nbsp;<\/p>\n<p dir=\"ltr\"><strong>Por dudas o para mayor informaci\u00f3n sobre \u00e9stas actividades escribir a: <strong>acredit@animafestival.com.ar<\/strong><br \/>\n<\/strong><\/p>\n<p dir=\"ltr\">\n<p dir=\"ltr\"><strong>Inscripciones<\/strong> en <a href=\"http:\/\/www.autoentrada.com\"><strong>www.autoentrada.com<\/strong><\/a><\/p>\n","protected":false},"excerpt":{"rendered":"<p>dictado por PABLO LOBERA y VERONICA PASTORINO &nbsp; Jueves 10 de 9 a 13hs, viernes 11 de 9 a 13hs y s\u00e1bado 12 de 9 a 13hs. Lugar: Sub suelo [&hellip;]<\/p>\n","protected":false},"author":1,"featured_media":0,"parent":0,"menu_order":0,"comment_status":"closed","ping_status":"open","template":"","meta":{"footnotes":""},"class_list":["post-828","page","type-page","status-publish","hentry"],"_links":{"self":[{"href":"http:\/\/www.animafestival.com.ar\/2015\/wp-json\/wp\/v2\/pages\/828","targetHints":{"allow":["GET"]}}],"collection":[{"href":"http:\/\/www.animafestival.com.ar\/2015\/wp-json\/wp\/v2\/pages"}],"about":[{"href":"http:\/\/www.animafestival.com.ar\/2015\/wp-json\/wp\/v2\/types\/page"}],"author":[{"embeddable":true,"href":"http:\/\/www.animafestival.com.ar\/2015\/wp-json\/wp\/v2\/users\/1"}],"replies":[{"embeddable":true,"href":"http:\/\/www.animafestival.com.ar\/2015\/wp-json\/wp\/v2\/comments?post=828"}],"version-history":[{"count":7,"href":"http:\/\/www.animafestival.com.ar\/2015\/wp-json\/wp\/v2\/pages\/828\/revisions"}],"predecessor-version":[{"id":1659,"href":"http:\/\/www.animafestival.com.ar\/2015\/wp-json\/wp\/v2\/pages\/828\/revisions\/1659"}],"wp:attachment":[{"href":"http:\/\/www.animafestival.com.ar\/2015\/wp-json\/wp\/v2\/media?parent=828"}],"curies":[{"name":"wp","href":"https:\/\/api.w.org\/{rel}","templated":true}]}}