{"id":946,"date":"2013-09-30T18:12:40","date_gmt":"2013-09-30T21:12:40","guid":{"rendered":"http:\/\/www.animafestival.com.ar\/2013\/?page_id=946"},"modified":"2021-12-06T14:47:35","modified_gmt":"2021-12-06T17:47:35","slug":"conozca-al-jurado-martine-chartrand","status":"publish","type":"page","link":"http:\/\/www.animafestival.com.ar\/2015\/conozca-al-jurado-martine-chartrand\/","title":{"rendered":"Conozca al Jurado: LUIS PAREDES \/ NELSON LUTY \/ ERWIN G\u00d3MEZ VI\u00d1ALES"},"content":{"rendered":"<p><strong>Viernes 11 de Octubre 14hs. CePIA.<\/strong><\/p>\n<p>Entrada libre y gratuita<\/p>\n<p>&nbsp;<\/p>\n<p style=\"text-align: justify\"><span style=\"font-family: arial, helvetica, sans-serif\"><span style=\"text-decoration: underline\"><strong>Luis Paredes -Jurado Nacional<\/strong><\/span><br \/>\nIlustrador y animador. En\u00a0el\u00a0a\u00f1o 2000 co-funda\u00a0el\u00a0estudio GarabatoAnimaciones, donde se realiz\u00f3 la serie televisiva \u00abORSON\u00bb (primera serie animada realizada desde\u00a0el\u00a0interior del pa\u00eds). Ha trabajado como postproductor, editor y animador del programa \u00abPi\u00f1on Fijo es mi Nombre\u00bb (2008-2010).\u00a0<\/span><span style=\"font-family: arial, helvetica, sans-serif\">Como ilustrador ha colaborado en los libros\u00a0<i>Peinate que viene Gente Vol I y II<\/i>\u00a0y\u00a0<i>La Belleza del\u00a0<\/i>Escandalo (ambos de Jos\u00e9 Playo);\u00a0<i>Cine a la Intemperie, instant\u00e1neas de dos mujeres por Latinoam\u00e9rica<\/i>\u00a0(Viviana Garc\u00eda, Griselda Moreno) y<i>Cr\u00f3nicas de un Superpap\u00e1<\/i>\u00a0(Teti Cavo). Es autor y editor de los\u00a0libros\u00a0<i>Ave Sedario<\/i>\u00a0(2012) y\u00a0<i>Abril<\/i>, de pr\u00f3xima aparici\u00f3n. Tambi\u00e9n ha realizado murales en espacios p\u00fablicos: Museo Barrilete, Tarjeta Naranja, BiciUrbanos, Municipalidad de Carlos Paz, Hospital Infantil, Hospital Misericordia. Su primera exposici\u00f3n individual,\u00a0<i>Paredes Chinas<\/i>, se realiz\u00f3 en\u00a0elmarco del evento\u00a0<i>Cuatrociencia<\/i>\u00a0(Universidad Nacional de C\u00f3rdoba, 2013). Actualmente Luis dicta talleres de ilustraci\u00f3n destinados a un p\u00fablico infantil y juvenil en espacios culturales de la ciudad de C\u00f3rdoba (librer\u00eda En Un Lugar de La Mancha, a\u00f1os 2012-2013; Museo Barrilete a\u00f1o 2012; Feria del Libro Infantil 2012 \u2013 2013; Cabildo de la Ciudad de C\u00f3rdoba a\u00f1o 2013)<\/span><\/p>\n<p style=\"text-align: justify\"><span style=\"text-decoration: underline\"><b><span style=\"font-family: arial, helvetica, sans-serif\">Nelson Luty\u00a0<strong>-Jurado Nacional<\/strong><\/span><\/b><\/span><\/p>\n<p style=\"text-align: justify\">\u00a0<span style=\"font-family: arial, helvetica, sans-serif\">Nacido y criado en la ciudad de Buenos Aires (Argentina), Nelson Luty lleva m\u00e1s de 10 a\u00f1os trabajando en la industria cinematogr\u00e1fica prestando sus servicios a muchos estudios de animaci\u00f3n (Shazam Studios, Patagonik Animation Studios, Filmax Studios, Fox Tv channel, Encuadre Studios, Caloi en su Tinta, Illusion Studios, Bittanimation Studios, 100 Bares, Catmandu Branded Entrainment, entre otros) como artista en\u00a0el\u00a0desarrollo escenografico de fondos y sus mec\u00e1nicas. Ha colaborado en los largometrajes\u00a0Teo\u00a0el\u00a0cazador intergalactico, Patoruzito 1,\u00a0El\u00a0Arca,\u00a0El\u00a0Raton Perez 1,El\u00a0Raton Perez 2,\u00a0Gisaku, Galileo, Scrap Force, Anima Buenos Aires, Gaturro, Metegol,\u00a0The Games Makers.<\/span><\/p>\n<p style=\"text-align: justify\"><span style=\"text-decoration: underline\"><b><span style=\"font-family: arial, helvetica, sans-serif\">Erwin G\u00f3mez Vi\u00f1ales (Chile)- Jurado TV<\/span><\/b><\/span><\/p>\n<p style=\"text-align: justify\"><span style=\"font-family: arial, helvetica, sans-serif\">Funda en 1998 SPONDYLUS donde genera contenidos en torno\u00a0al\u00a0patrimonio inmaterial de Chile. Realiza cortometrajes, series y preproducci\u00f3n de pel\u00edcula animada en 3D y mocap, de un alto nivel art\u00edstico que explora la animaci\u00f3n de nuestro patrimonio cultural. Ganador Premio Pedro Sienna y premios internacionales.<\/span><span style=\"font-family: arial, helvetica, sans-serif\">Desde\u00a0el\u00a02008 incursiona en\u00a0el\u00a0\u00e1mbito de nuevos medios, relacionando la animaci\u00f3n\u00a0con\u00a0teatro: \u201cDise\u00f1o de Ilusi\u00f3n\u201d participando en \u201cSin Sangre\u201d de la C\u00eda Teatro Cinema, \u201cEl\u00a0Hombre que daba..\u201d. y\u00a0con\u00a0Ra\u00fal Ruiz en \u201cAmledi\u00a0eltonto\u201d.\u00a0 Creador y Director Art\u00edstico Festival Chilemonos y su itinerancia internacional<\/span><\/p>\n<p>&nbsp;<\/p>\n","protected":false},"excerpt":{"rendered":"<p>Viernes 11 de Octubre 14hs. CePIA. Entrada libre y gratuita &nbsp; Luis Paredes -Jurado Nacional Ilustrador y animador. En\u00a0el\u00a0a\u00f1o 2000 co-funda\u00a0el\u00a0estudio GarabatoAnimaciones, donde se realiz\u00f3 la serie televisiva \u00abORSON\u00bb (primera [&hellip;]<\/p>\n","protected":false},"author":1,"featured_media":0,"parent":0,"menu_order":0,"comment_status":"closed","ping_status":"closed","template":"","meta":{"footnotes":""},"class_list":["post-946","page","type-page","status-publish","hentry"],"_links":{"self":[{"href":"http:\/\/www.animafestival.com.ar\/2015\/wp-json\/wp\/v2\/pages\/946","targetHints":{"allow":["GET"]}}],"collection":[{"href":"http:\/\/www.animafestival.com.ar\/2015\/wp-json\/wp\/v2\/pages"}],"about":[{"href":"http:\/\/www.animafestival.com.ar\/2015\/wp-json\/wp\/v2\/types\/page"}],"author":[{"embeddable":true,"href":"http:\/\/www.animafestival.com.ar\/2015\/wp-json\/wp\/v2\/users\/1"}],"replies":[{"embeddable":true,"href":"http:\/\/www.animafestival.com.ar\/2015\/wp-json\/wp\/v2\/comments?post=946"}],"version-history":[{"count":7,"href":"http:\/\/www.animafestival.com.ar\/2015\/wp-json\/wp\/v2\/pages\/946\/revisions"}],"predecessor-version":[{"id":1121,"href":"http:\/\/www.animafestival.com.ar\/2015\/wp-json\/wp\/v2\/pages\/946\/revisions\/1121"}],"wp:attachment":[{"href":"http:\/\/www.animafestival.com.ar\/2015\/wp-json\/wp\/v2\/media?parent=946"}],"curies":[{"name":"wp","href":"https:\/\/api.w.org\/{rel}","templated":true}]}}