{"id":984,"date":"2013-10-01T00:25:01","date_gmt":"2013-10-01T03:25:01","guid":{"rendered":"http:\/\/www.animafestival.com.ar\/2013\/?page_id=984"},"modified":"2013-10-12T00:10:39","modified_gmt":"2013-10-12T03:10:39","slug":"historias-animadas-2","status":"publish","type":"page","link":"http:\/\/www.animafestival.com.ar\/2015\/historias-animadas-2\/","title":{"rendered":"Historias Animadas"},"content":{"rendered":"<table width=\"600\" border=\"0\" cellspacing=\"0\" cellpadding=\"0\">\n<tbody>\n<tr>\n<td width=\"475\" height=\"26\">\n<h3>Boles<br \/>\nDir: Spela Cadez<\/h3>\n<\/td>\n<td width=\"455\"><\/td>\n<td style=\"text-align: center;\"><strong><img decoding=\"async\" alt=\"\" src=\"http:\/\/www.animafestival.com.ar\/cortos2013\/1.jpg\" width=\"250\" height=\"152\" \/><\/strong><\/td>\n<\/tr>\n<tr>\n<td width=\"475\" height=\"26\">\n<h3>Braise<br \/>\nDir: Hugo Frassetto<\/h3>\n<\/td>\n<td width=\"455\"><\/td>\n<td style=\"text-align: center;\"><strong><img decoding=\"async\" alt=\"\" src=\"http:\/\/www.animafestival.com.ar\/cortos2013\/2.jpg\" width=\"250\" height=\"152\" \/><\/strong><\/td>\n<\/tr>\n<tr>\n<td width=\"475\" height=\"26\">\n<h3>Collectors<br \/>\n<em>Coleccionistas<\/em><br \/>\nDir: Marcel Hobi<\/h3>\n<\/td>\n<td width=\"455\"><\/td>\n<td style=\"text-align: center;\"><strong><img decoding=\"async\" alt=\"\" src=\"http:\/\/www.animafestival.com.ar\/cortos2013\/3.jpg\" width=\"250\" height=\"152\" \/><\/strong><\/td>\n<\/tr>\n<tr>\n<td width=\"475\" height=\"26\">\n<h3>Le Cosmos Sauvera le Peuple<br \/>\n<em>El cosmos salvar\u00e1 al mundo<br \/>\nCosmos will save the world<\/em><br \/>\nDir: Patrick Lapierre<\/h3>\n<\/td>\n<td width=\"455\"><\/td>\n<td style=\"text-align: center;\"><strong><img loading=\"lazy\" decoding=\"async\" alt=\"\" src=\"http:\/\/www.animafestival.com.ar\/cortos2013\/4.jpg\" width=\"250\" height=\"152\" \/><\/strong><\/td>\n<\/tr>\n<tr>\n<td width=\"475\" height=\"26\">\n<h3>DAY_6011<br \/>\nDir: Raf Wathion<\/h3>\n<\/td>\n<td width=\"455\"><\/td>\n<td style=\"text-align: center;\"><strong><img loading=\"lazy\" decoding=\"async\" alt=\"\" src=\"http:\/\/www.animafestival.com.ar\/cortos2013\/5.jpg\" width=\"250\" height=\"152\" \/><\/strong><\/td>\n<\/tr>\n<tr>\n<td width=\"475\" height=\"26\">\n<h3>Drunker Than a Skunk<br \/>\n<em>M\u00e1s borracho que una cuba<\/em><br \/>\nDir: Bill Plympton<\/h3>\n<\/td>\n<td width=\"455\"><\/td>\n<td style=\"text-align: center;\"><strong><img loading=\"lazy\" decoding=\"async\" alt=\"\" src=\"http:\/\/www.animafestival.com.ar\/cortos2013\/6.jpg\" width=\"250\" height=\"152\" \/><\/strong><\/td>\n<\/tr>\n<tr>\n<td width=\"475\" height=\"26\">\n<h3>Everything I Can See From Here<br \/>\n<em>Todo lo puedo ver desde aqu\u00ed<\/em><br \/>\nDir: Bjor-Erik Aschim &amp; Sam Taylor<\/h3>\n<\/td>\n<td width=\"455\"><\/td>\n<td style=\"text-align: center;\"><strong><img loading=\"lazy\" decoding=\"async\" alt=\"\" src=\"http:\/\/www.animafestival.com.ar\/cortos2013\/7.jpg\" width=\"250\" height=\"152\" \/><\/strong><\/td>\n<\/tr>\n<tr>\n<td width=\"475\" height=\"26\">\n<h3>Feet In The Lake<br \/>\n<em>Pies en el lago<\/em><br \/>\nDir: Avi Ofer<\/h3>\n<\/td>\n<td width=\"455\"><\/td>\n<td style=\"text-align: center;\"><strong><img loading=\"lazy\" decoding=\"async\" alt=\"\" src=\"http:\/\/www.animafestival.com.ar\/cortos2013\/8.jpg\" width=\"250\" height=\"152\" \/><\/strong><\/td>\n<\/tr>\n<tr>\n<td width=\"475\" height=\"26\">\n<h3>\u05e8\u05d7 \u05de\u05dc\u05d0<br \/>\n<em>Luna llena<br \/>\nFull Moon<\/em><br \/>\nDir: Revital Laufer &amp; Guy Garibian<\/h3>\n<\/td>\n<td width=\"455\"><\/td>\n<td style=\"text-align: center;\"><strong><img loading=\"lazy\" decoding=\"async\" alt=\"\" src=\"http:\/\/www.animafestival.com.ar\/cortos2013\/23.jpg\" width=\"250\" height=\"152\" \/><\/strong><\/td>\n<\/tr>\n<tr>\n<td width=\"475\" height=\"26\">\n<h3>Handle With Care<br \/>\n<em>Tr\u00e1tese con cuidado<\/em><br \/>\nDir: Jun Iwakawa<\/h3>\n<\/td>\n<td width=\"455\"><\/td>\n<td style=\"text-align: center;\"><strong><img loading=\"lazy\" decoding=\"async\" alt=\"\" src=\"http:\/\/www.animafestival.com.ar\/cortos2013\/9.jpg\" width=\"250\" height=\"152\" \/><\/strong><\/td>\n<\/tr>\n<tr>\n<td width=\"475\" height=\"26\">\n<h3>Hijo de Dios<br \/>\n<em>Son of God<\/em><br \/>\nDir: \u00c1lvaro Rozas Leiva &amp; Tom\u00e1s Montalva<\/h3>\n<\/td>\n<td width=\"455\"><\/td>\n<td style=\"text-align: center;\"><strong><img loading=\"lazy\" decoding=\"async\" alt=\"\" src=\"http:\/\/www.animafestival.com.ar\/cortos2013\/10.jpg\" width=\"250\" height=\"152\" \/><\/strong><\/td>\n<\/tr>\n<tr>\n<td width=\"475\" height=\"26\">\n<h3>I Am Tom Moody<br \/>\n<em>Yo soy Tom Moody<\/em><br \/>\nDir: Ainslie Henderson<\/h3>\n<\/td>\n<td width=\"455\"><\/td>\n<td style=\"text-align: center;\"><strong><img loading=\"lazy\" decoding=\"async\" alt=\"\" src=\"http:\/\/www.animafestival.com.ar\/cortos2013\/11.jpg\" width=\"250\" height=\"152\" \/><\/strong><\/td>\n<\/tr>\n<tr>\n<td width=\"475\" height=\"26\">\n<h3>Inercia<br \/>\n<em>Inertia<\/em><br \/>\nDir: Becho Lo Bianco &amp; Mariano Bergara<\/h3>\n<\/td>\n<td width=\"455\"><\/td>\n<td style=\"text-align: center;\"><strong><img loading=\"lazy\" decoding=\"async\" alt=\"\" src=\"http:\/\/www.animafestival.com.ar\/cortos2013\/12.jpg\" width=\"250\" height=\"152\" \/><\/strong><\/td>\n<\/tr>\n<tr>\n<td width=\"475\" height=\"26\">\n<h3>Jam\u00f3n<br \/>\n<em>Ham<\/em><br \/>\nDir: Iria L\u00f3pez<\/h3>\n<\/td>\n<td width=\"455\"><\/td>\n<td style=\"text-align: center;\"><strong><img loading=\"lazy\" decoding=\"async\" alt=\"\" src=\"http:\/\/www.animafestival.com.ar\/cortos2013\/13.jpg\" width=\"250\" height=\"152\" \/><\/strong><\/td>\n<\/tr>\n<tr>\n<td width=\"475\" height=\"26\">\n<h3>La fuga<br \/>\n<em>The Breakout<\/em><br \/>\nDir: Fernando Primavera, Ignacio Lavizzari &amp; Mauricio Medina<\/h3>\n<\/td>\n<td width=\"455\"><\/td>\n<td style=\"text-align: center;\"><strong><img loading=\"lazy\" decoding=\"async\" alt=\"\" src=\"http:\/\/www.animafestival.com.ar\/cortos2013\/19.jpg\" width=\"250\" height=\"152\" \/><\/strong><\/td>\n<\/tr>\n<tr>\n<td width=\"475\" height=\"26\">\n<h3>On\/Off<br \/>\nDir: Piotr Ludwik<\/h3>\n<\/td>\n<td width=\"455\"><\/td>\n<td style=\"text-align: center;\"><strong><img loading=\"lazy\" decoding=\"async\" alt=\"\" src=\"http:\/\/www.animafestival.com.ar\/cortos2013\/14.jpg\" width=\"250\" height=\"152\" \/><\/strong><\/td>\n<\/tr>\n<tr>\n<td width=\"475\" height=\"26\">\n<h3>Padre<br \/>\n<em>Father<\/em><br \/>\nDir: Santiago &#8216;Bou&#8217; Grasso<\/h3>\n<\/td>\n<td width=\"455\"><\/td>\n<td style=\"text-align: center;\"><strong><img loading=\"lazy\" decoding=\"async\" alt=\"\" src=\"http:\/\/www.animafestival.com.ar\/cortos2013\/15.jpg\" width=\"250\" height=\"152\" \/><\/strong><\/td>\n<\/tr>\n<tr>\n<td width=\"475\" height=\"26\">\n<h3>Pandy<br \/>\nDir: Mat\u00fa\u0161 Viz\u00e1r<\/h3>\n<\/td>\n<td width=\"455\"><\/td>\n<td style=\"text-align: center;\"><strong><img loading=\"lazy\" decoding=\"async\" alt=\"\" src=\"http:\/\/www.animafestival.com.ar\/cortos2013\/16.jpg\" width=\"250\" height=\"152\" \/><\/strong><\/td>\n<\/tr>\n<tr>\n<td width=\"475\" height=\"26\">\n<h3>Sleight of Hands<br \/>\n<em>Juego de Manos<\/em><br \/>\nDir: Michael Cusack<\/h3>\n<\/td>\n<td width=\"455\"><\/td>\n<td style=\"text-align: center;\"><strong><img loading=\"lazy\" decoding=\"async\" alt=\"\" src=\"http:\/\/www.animafestival.com.ar\/cortos2013\/17.jpg\" width=\"250\" height=\"152\" \/><\/strong><\/td>\n<\/tr>\n<tr>\n<td width=\"475\" height=\"26\">\n<h3>Super<br \/>\nDir: Johan Klungel<\/h3>\n<\/td>\n<td width=\"455\"><\/td>\n<td style=\"text-align: center;\"><strong><img loading=\"lazy\" decoding=\"async\" alt=\"\" src=\"http:\/\/www.animafestival.com.ar\/cortos2013\/18.jpg\" width=\"250\" height=\"152\" \/><\/strong><\/td>\n<\/tr>\n<tr>\n<td width=\"475\" height=\"26\">\n<h3>The day I killed my best friend<br \/>\n<em>El d\u00eda que mat\u00e9 a mi mejor amigo<\/em><br \/>\nDir: Antonio Jes\u00fas Busto Algar\u00edn<\/h3>\n<\/td>\n<td width=\"455\"><\/td>\n<td style=\"text-align: center;\"><strong><img loading=\"lazy\" decoding=\"async\" alt=\"\" src=\"http:\/\/www.animafestival.com.ar\/cortos2013\/20.jpg\" width=\"250\" height=\"152\" \/><\/strong><\/td>\n<\/tr>\n<tr>\n<td width=\"475\" height=\"26\">\n<h3>Villa Antropoff<br \/>\nDir: Vladimir Leschiov &amp; Kaspar Jancis<\/h3>\n<\/td>\n<td width=\"455\"><\/td>\n<td style=\"text-align: center;\"><strong><img loading=\"lazy\" decoding=\"async\" alt=\"\" src=\"http:\/\/www.animafestival.com.ar\/cortos2013\/21.jpg\" width=\"250\" height=\"152\" \/><\/strong><\/td>\n<\/tr>\n<tr>\n<td width=\"475\" height=\"26\">\n<h3>Ziegenort<br \/>\nDir: Tomasz Popakul<\/h3>\n<\/td>\n<td width=\"455\"><\/td>\n<td style=\"text-align: center;\"><strong><img loading=\"lazy\" decoding=\"async\" alt=\"\" src=\"http:\/\/www.animafestival.com.ar\/cortos2013\/22.jpg\" width=\"250\" height=\"152\" \/><\/strong><\/td>\n<\/tr>\n<\/tbody>\n<\/table>\n","protected":false},"excerpt":{"rendered":"<p>Boles Dir: Spela Cadez Braise Dir: Hugo Frassetto Collectors Coleccionistas Dir: Marcel Hobi Le Cosmos Sauvera le Peuple El cosmos salvar\u00e1 al mundo Cosmos will save the world Dir: Patrick [&hellip;]<\/p>\n","protected":false},"author":1,"featured_media":0,"parent":0,"menu_order":0,"comment_status":"closed","ping_status":"open","template":"","meta":{"footnotes":""},"class_list":["post-984","page","type-page","status-publish","hentry"],"_links":{"self":[{"href":"http:\/\/www.animafestival.com.ar\/2015\/wp-json\/wp\/v2\/pages\/984","targetHints":{"allow":["GET"]}}],"collection":[{"href":"http:\/\/www.animafestival.com.ar\/2015\/wp-json\/wp\/v2\/pages"}],"about":[{"href":"http:\/\/www.animafestival.com.ar\/2015\/wp-json\/wp\/v2\/types\/page"}],"author":[{"embeddable":true,"href":"http:\/\/www.animafestival.com.ar\/2015\/wp-json\/wp\/v2\/users\/1"}],"replies":[{"embeddable":true,"href":"http:\/\/www.animafestival.com.ar\/2015\/wp-json\/wp\/v2\/comments?post=984"}],"version-history":[{"count":43,"href":"http:\/\/www.animafestival.com.ar\/2015\/wp-json\/wp\/v2\/pages\/984\/revisions"}],"predecessor-version":[{"id":1279,"href":"http:\/\/www.animafestival.com.ar\/2015\/wp-json\/wp\/v2\/pages\/984\/revisions\/1279"}],"wp:attachment":[{"href":"http:\/\/www.animafestival.com.ar\/2015\/wp-json\/wp\/v2\/media?parent=984"}],"curies":[{"name":"wp","href":"https:\/\/api.w.org\/{rel}","templated":true}]}}