{"id":997,"date":"2013-10-01T00:28:38","date_gmt":"2013-10-01T03:28:38","guid":{"rendered":"http:\/\/www.animafestival.com.ar\/2013\/?page_id=997"},"modified":"2021-12-06T14:53:12","modified_gmt":"2021-12-06T17:53:12","slug":"jurado-estudiantil","status":"publish","type":"page","link":"http:\/\/www.animafestival.com.ar\/2015\/jurado-estudiantil\/","title":{"rendered":"Jurado Estudiantil"},"content":{"rendered":"<p>El Jurado Estudiantil otorgar\u00e1 el Premio a la Mejor Animaci\u00f3n de Escuela, entre todas las pel\u00edculas de escuela que hayan sido seleccionadas para la competencia.<\/p>\n<p><strong>Paz Bloj<\/strong><br \/>\nT\u00e9cnica Productora en Medios Audiovisuales, y se encuentra realizando su Tesis de la Licenciatura en Cine y TV en la UNC.<br \/>\nEn el 2012 realiz\u00f3 la codirecci\u00f3n, guion y animaci\u00f3n de la serie \u201cLeyendas a contraluz\u201d ganadora en los Concurso de Animaci\u00f3n Federales para la TDA. Su proyecto de cortometraje de animaci\u00f3n \u201cEl zeide\u201d gan\u00f3 en el a\u00f1o 2010 el Concurso Federal Infancia organizado por el INCAA.<br \/>\nSe desempe\u00f1\u00f3 como Directora de Arte en los largometrajes \u201cLa sombra azul\u201d (2011) y \u201cEl invierno de los raros\u201d (2009). Trabaj\u00f3 tambi\u00e9n en el 2011 en las Ficciones Federales para la TDA \u201cCoraz\u00f3n de Vinilo\u201d (C\u00f3rdoba) y \u201cMu\u00f1ecos del Destino\u201d (Tucum\u00e1n).<\/p>\n<p><strong>Luz Cantisani<\/strong><br \/>\nEstudiante de la Carrera Licenciatura en Dise\u00f1o y Producci\u00f3n Audiovisual, Universidad Nacional de Villa Mar\u00eda desde el a\u00f1o 2006 y T\u00e9cnico Superior en Realizaci\u00f3n Integral de Dibujos Animados en Image Campus (Buenos Aires) desde el a\u00f1o 2010. Participante del Programa Profesional Game Art aprobado en 2012.<\/p>\n<p><strong>Anal\u00eda Pereda<\/strong><br \/>\nEst\u00e1 cursando el ultimo a\u00f1o en la carrera de Cine y Tv en la UNC. En el 2011 realizo la Co-direcci\u00f3n de \u201cDe Ra\u00edz\u201d, corto que fue realizado para la c\u00e1tedra de Cine Animaci\u00f3n con elementos de Dise\u00f1o Gr\u00e1fico de la UNC, y que ha participado en diversos festivales argentinos. En 2012 realizo la asistencia de Arte en el proyecto de animaci\u00f3n \u201cAnton\u201d, uno de los ganadores del Concurso de series de animaci\u00f3n para TV digital, del INCAA. En el 2013 realizo la animaci\u00f3n y asistencia de arte en \u201cEl Gran Vairitovsky\u201d proyecto ganador del Concurso Federal \u201cHistorias Breves\u201d. Desde 2012 hasta la actualidad participa en la c\u00e1tedra Cine Animaci\u00f3n con Elementos de Dise\u00f1o Gr\u00e1fico en la UNC, como ayudante de la misma.<\/p>\n","protected":false},"excerpt":{"rendered":"<p>El Jurado Estudiantil otorgar\u00e1 el Premio a la Mejor Animaci\u00f3n de Escuela, entre todas las pel\u00edculas de escuela que hayan sido seleccionadas para la competencia. Paz Bloj T\u00e9cnica Productora en [&hellip;]<\/p>\n","protected":false},"author":1,"featured_media":0,"parent":0,"menu_order":0,"comment_status":"closed","ping_status":"closed","template":"","meta":{"footnotes":""},"class_list":["post-997","page","type-page","status-publish","hentry"],"_links":{"self":[{"href":"http:\/\/www.animafestival.com.ar\/2015\/wp-json\/wp\/v2\/pages\/997","targetHints":{"allow":["GET"]}}],"collection":[{"href":"http:\/\/www.animafestival.com.ar\/2015\/wp-json\/wp\/v2\/pages"}],"about":[{"href":"http:\/\/www.animafestival.com.ar\/2015\/wp-json\/wp\/v2\/types\/page"}],"author":[{"embeddable":true,"href":"http:\/\/www.animafestival.com.ar\/2015\/wp-json\/wp\/v2\/users\/1"}],"replies":[{"embeddable":true,"href":"http:\/\/www.animafestival.com.ar\/2015\/wp-json\/wp\/v2\/comments?post=997"}],"version-history":[{"count":1,"href":"http:\/\/www.animafestival.com.ar\/2015\/wp-json\/wp\/v2\/pages\/997\/revisions"}],"predecessor-version":[{"id":998,"href":"http:\/\/www.animafestival.com.ar\/2015\/wp-json\/wp\/v2\/pages\/997\/revisions\/998"}],"wp:attachment":[{"href":"http:\/\/www.animafestival.com.ar\/2015\/wp-json\/wp\/v2\/media?parent=997"}],"curies":[{"name":"wp","href":"https:\/\/api.w.org\/{rel}","templated":true}]}}