{"id":1032,"date":"2019-09-07T10:13:45","date_gmt":"2019-09-07T13:13:45","guid":{"rendered":"http:\/\/www.animafestival.com.ar\/2019\/?page_id=1032"},"modified":"2019-09-07T13:55:22","modified_gmt":"2019-09-07T16:55:22","slug":"2019-clinica-motion-control-en-animacion-stop-motion","status":"publish","type":"page","link":"https:\/\/www.animafestival.com.ar\/current\/2019-clinica-motion-control-en-animacion-stop-motion\/","title":{"rendered":"Cl\u00ednica: Motion Control en Animaci\u00f3n Stop Motion"},"content":{"rendered":"\n<figure class=\"wp-block-image\"><img fetchpriority=\"high\" decoding=\"async\" width=\"960\" height=\"960\" src=\"http:\/\/www.animafestival.com.ar\/2019\/files\/2019\/09\/T-Cl\u00ednica-1-Lo-Bianco-y-Hojnadel.jpg\" alt=\"\" class=\"wp-image-1033\" srcset=\"https:\/\/www.animafestival.com.ar\/current\/files\/2019\/09\/T-Cl\u00ednica-1-Lo-Bianco-y-Hojnadel.jpg 960w, https:\/\/www.animafestival.com.ar\/current\/files\/2019\/09\/T-Cl\u00ednica-1-Lo-Bianco-y-Hojnadel-150x150.jpg 150w, https:\/\/www.animafestival.com.ar\/current\/files\/2019\/09\/T-Cl\u00ednica-1-Lo-Bianco-y-Hojnadel-300x300.jpg 300w, https:\/\/www.animafestival.com.ar\/current\/files\/2019\/09\/T-Cl\u00ednica-1-Lo-Bianco-y-Hojnadel-768x768.jpg 768w, https:\/\/www.animafestival.com.ar\/current\/files\/2019\/09\/T-Cl\u00ednica-1-Lo-Bianco-y-Hojnadel-400x400.jpg 400w, https:\/\/www.animafestival.com.ar\/current\/files\/2019\/09\/T-Cl\u00ednica-1-Lo-Bianco-y-Hojnadel-100x100.jpg 100w\" sizes=\"(max-width: 960px) 100vw, 960px\" \/><\/figure>\n\n\n\n<p><strong>Becho Lo Bianco, Sebasti\u00e1n Hojnadel &#8211; CanCanClub (Buenos Aires, Argentina)<\/strong><\/p>\n\n\n\n<p style=\"text-align:center\"><strong>This workshop will be conducted in Spanish<\/strong><\/p>\n\n\n\n<p> Espacio en que se desarrollar\u00e1: <a href=\"https:\/\/goo.gl\/maps\/DZzEf9Prv7KVWU5d8\" target=\"_blank\" rel=\"noreferrer noopener\" aria-label=\"Sala Jorge D\u00edaz (CePIA) (abre en una nueva pesta\u00f1a)\">Sala Jorge D\u00edaz (CePIA)<\/a><\/p>\n\n\n\n<p>D\u00edas y Horarios: 10 y 11 de Octubre de 2019 de 10:00 a 12:00 hs.<\/p>\n\n\n\n<p>Total Horas: 4 hs. reloj<\/p>\n\n\n\n<p>Arancel: $200.- (doscientos pesos argentinos).&nbsp;<\/p>\n\n\n\n<p><a rel=\"noreferrer noopener\" aria-label=\"Enlace de Inscripci\u00f3n y pago (abre en una nueva pesta\u00f1a)\" href=\"http:\/\/spgi-inscripcion.psi.unc.edu.ar\/preins_con_ws\/cursos-M8213311-clinica-i-motion-control-en-animacion-stop-motion.html'\" target=\"_blank\">Enlace de Inscripci\u00f3n y pago<\/a><\/p>\n\n\n\n<p>En esta instancia se apuesta a capacitar a los asistentes en el reconocimiento de las ventanas de motion control, DMX y fotograf\u00eda en profundidad en el control de motores paso a paso y luces con una plaqueta Arduino. De esta manera, se ofrecen soluciones efectivas a las limitaciones que, frecuentemente, se presentan en proyectos animados en stop motion en relaci\u00f3n a los movimientos de c\u00e1mara y control de luces.<\/p>\n\n\n\n<p><em>P\u00fablico al que va dirigido: <\/em>Animadores profesionales, semi-profesionales y amateurs, con conocimientos b\u00e1sicos de las herramientas inform\u00e1ticas a desarrollar en la cl\u00ednica.&nbsp;<\/p>\n\n\n\n<p><strong>Becho Lo Bianco<\/strong><\/p>\n\n\n\n<p>Becho Lo Bianco estudi\u00f3 Dise\u00f1o de Imagen y Sonido en la Universidad de Buenos Aires mientras cursaba animaci\u00f3n en stop-motion en la Escuela Nacional de Experimentaci\u00f3n y Realizaci\u00f3n Cinematogr\u00e1fica. M\u00e1s tarde viaj\u00f3 a Barcelona por un a\u00f1o, donde fue aprendiz de Rodolfo Pastor, con quien realiz\u00f3 su primer trabajo como animador para la serie \u201cCapelito\u201d. Es co-fundador y director en \u201cCan Can Club\u201d, uno de los estudios de stop-motion m\u00e1s prestigiosos del pa\u00eds.<\/p>\n\n\n\n<p><strong>Sebasti\u00e1n Hojnadel<\/strong><\/p>\n\n\n\n<p>Originalmente de C\u00f3rdoba, Hojnadel estudi\u00f3 Dise\u00f1o de Imagen y Sonido en la Universidad de Buenos Aires. Luego de trabajar por a\u00f1os como utilero en largometrajes y comerciales, en 2008 se une a \u201cCan Can Club\u201d, estudio de animaci\u00f3n tradicional donde se especializa en la resoluci\u00f3n y construcci\u00f3n de mecanismos para los diferentes proyectos, a partir de su experiencia en mec\u00e1nica y electr\u00f3nica.<\/p>\n","protected":false},"excerpt":{"rendered":"<p>Becho Lo Bianco, Sebasti\u00e1n Hojnadel &#8211; CanCanClub (Buenos Aires, Argentina) This workshop will be conducted in Spanish Espacio en que se desarrollar\u00e1: Sala Jorge D\u00edaz (CePIA) D\u00edas y Horarios: 10 y 11 de Octubre de 2019 de 10:00 a 12:00 hs. Total Horas: 4 hs. reloj Arancel: $200.- (doscientos pesos argentinos).&nbsp; Enlace de Inscripci\u00f3n y [&hellip;]<\/p>\n","protected":false},"author":1,"featured_media":1033,"parent":0,"menu_order":0,"comment_status":"closed","ping_status":"closed","template":"","meta":{"footnotes":""},"class_list":["post-1032","page","type-page","status-publish","has-post-thumbnail","hentry"],"_links":{"self":[{"href":"https:\/\/www.animafestival.com.ar\/current\/wp-json\/wp\/v2\/pages\/1032","targetHints":{"allow":["GET"]}}],"collection":[{"href":"https:\/\/www.animafestival.com.ar\/current\/wp-json\/wp\/v2\/pages"}],"about":[{"href":"https:\/\/www.animafestival.com.ar\/current\/wp-json\/wp\/v2\/types\/page"}],"author":[{"embeddable":true,"href":"https:\/\/www.animafestival.com.ar\/current\/wp-json\/wp\/v2\/users\/1"}],"replies":[{"embeddable":true,"href":"https:\/\/www.animafestival.com.ar\/current\/wp-json\/wp\/v2\/comments?post=1032"}],"version-history":[{"count":5,"href":"https:\/\/www.animafestival.com.ar\/current\/wp-json\/wp\/v2\/pages\/1032\/revisions"}],"predecessor-version":[{"id":1061,"href":"https:\/\/www.animafestival.com.ar\/current\/wp-json\/wp\/v2\/pages\/1032\/revisions\/1061"}],"wp:featuredmedia":[{"embeddable":true,"href":"https:\/\/www.animafestival.com.ar\/current\/wp-json\/wp\/v2\/media\/1033"}],"wp:attachment":[{"href":"https:\/\/www.animafestival.com.ar\/current\/wp-json\/wp\/v2\/media?parent=1032"}],"curies":[{"name":"wp","href":"https:\/\/api.w.org\/{rel}","templated":true}]}}