{"id":1037,"date":"2019-09-07T10:50:25","date_gmt":"2019-09-07T13:50:25","guid":{"rendered":"http:\/\/www.animafestival.com.ar\/2019\/?page_id=1037"},"modified":"2019-10-04T17:38:44","modified_gmt":"2019-10-04T20:38:44","slug":"2019-clinica-story-and-character-in-animation","status":"publish","type":"page","link":"https:\/\/www.animafestival.com.ar\/current\/2019-clinica-story-and-character-in-animation\/","title":{"rendered":"Cl\u00ednica: Story and character in Animation"},"content":{"rendered":"\n<p><strong>Historia y personaje en animaci\u00f3n<\/strong><\/p>\n\n\n\n<figure class=\"wp-block-image\"><img fetchpriority=\"high\" decoding=\"async\" width=\"960\" height=\"960\" src=\"http:\/\/www.animafestival.com.ar\/2019\/files\/2019\/10\/T-Cl\u00ednica-2-Caldwell.jpg\" alt=\"\" class=\"wp-image-1564\" srcset=\"https:\/\/www.animafestival.com.ar\/current\/files\/2019\/10\/T-Cl\u00ednica-2-Caldwell.jpg 960w, https:\/\/www.animafestival.com.ar\/current\/files\/2019\/10\/T-Cl\u00ednica-2-Caldwell-150x150.jpg 150w, https:\/\/www.animafestival.com.ar\/current\/files\/2019\/10\/T-Cl\u00ednica-2-Caldwell-300x300.jpg 300w, https:\/\/www.animafestival.com.ar\/current\/files\/2019\/10\/T-Cl\u00ednica-2-Caldwell-768x768.jpg 768w, https:\/\/www.animafestival.com.ar\/current\/files\/2019\/10\/T-Cl\u00ednica-2-Caldwell-400x400.jpg 400w, https:\/\/www.animafestival.com.ar\/current\/files\/2019\/10\/T-Cl\u00ednica-2-Caldwell-100x100.jpg 100w\" sizes=\"(max-width: 960px) 100vw, 960px\" \/><\/figure>\n\n\n\n<p><strong>Expositor: Craig Caldwell &#8211; University of Utah, USA<\/strong><\/p>\n\n\n\n<p style=\"text-align:center\"><strong>En ingl\u00e9s con traducci\u00f3n consecutiva a espa\u00f1ol \/ English to Spanish consecutive interpreting <\/strong><\/p>\n\n\n\n<p>Espacio en que se desarrollar\u00e1: <a href=\"https:\/\/goo.gl\/maps\/raSztBETGJTfrA8F7\" target=\"_blank\" rel=\"noreferrer noopener\" aria-label=\"Subsuelo Pabell\u00f3n Argentina (abre en una nueva pesta\u00f1a)\">Subsuelo Pabell\u00f3n Argentina<\/a><\/p>\n\n\n\n<p>D\u00edas y Horarios: 10 y 11 de Octubre de 2019 de 12:00 a 14:00 hs.<\/p>\n\n\n\n<p>Total Horas: 4 hs. Reloj<\/p>\n\n\n\n<p>Arancel: $200.- (doscientos pesos argentinos).<\/p>\n\n\n\n<p><a href=\"http:\/\/spgi-inscripcion.psi.unc.edu.ar\/preins_con_ws\/cursos-N8213312-clinica-ii-story-and-chatacter-in-animation.html'\" target=\"_blank\" rel=\"noreferrer noopener\" aria-label=\"Inscripci\u00f3n y pago (abre en una nueva pesta\u00f1a)\">Inscripci\u00f3n y pago<\/a><\/p>\n\n\n\n<p>\nCuando los estudios dicen \u00ab\u00a1se trata de la historia!\u00bb todos asienten con la cabeza, pero la historia a menudo sigue siendo dif\u00edcil de alcanzar para aquellos que no han tenido tiempo de tomar un curso de escritura de guiones. Esta es una sesi\u00f3n introductoria sobre los elementos y la estructura de la historia que ha sido dise\u00f1ada espec\u00edficamente para directores t\u00e9cnicos, artistas, animadores, modeladores, dise\u00f1adores, etc., cuyo trabajo es esencial para hacer que \u201cla historia\u201d cobre vida. Esta sesi\u00f3n cubre los elementos universales de la historia que incluyen la trama, los personajes y la estructura narrativa distinta de los medios creativos; enfocando espec\u00edficamente en animaci\u00f3n.<\/p>\n\n\n\n<p><em>P\u00fablico al que va dirigido:<\/em> profesionales y estudiantes que desean una comprensi\u00f3n s\u00f3lida de los fundamentos de la estructura del gui\u00f3n para crear contenido para pel\u00edculas animadas, efectos, transmedia y videojuegos. <\/p>\n\n\n\n<p><strong>Craig Caldwell<\/strong><\/p>\n\n\n\n<p>Nacido en el estado de Illinois, Caldwell es Doctor en Animaci\u00f3n y Gr\u00e1fica Computarizada por el Advanced Computing Center for Art and Design de la Ohio State University. Fue nombrado DeTao Master en el Institute of Animation and Creative Content, Campus SIVA de Shangh\u00e1i, y es uno de los fundadores de la Maestr\u00eda en Artes e Ingenier\u00edas del Entretenimiento. Fue especialista en tecnolog\u00eda 3D para producciones de Disney como \u201cMulan\u201d, \u201cTarzan\u201d y \u201cChicken Little\u201d. A su vez, fue director de la Escuela de Cine de la Griffith University en Australia y coordinador del Media Arts Department, University of Arizona.&nbsp; Actualmente se desempe\u00f1a como profesor en Utah Sciencie Technology and Research Iniciative (USTAR), University of Utah. <\/p>\n","protected":false},"excerpt":{"rendered":"<p>Historia y personaje en animaci\u00f3n Expositor: Craig Caldwell &#8211; University of Utah, USA En ingl\u00e9s con traducci\u00f3n consecutiva a espa\u00f1ol \/ English to Spanish consecutive interpreting Espacio en que se desarrollar\u00e1: Subsuelo Pabell\u00f3n Argentina D\u00edas y Horarios: 10 y 11 de Octubre de 2019 de 12:00 a 14:00 hs. Total Horas: 4 hs. Reloj Arancel: [&hellip;]<\/p>\n","protected":false},"author":1,"featured_media":1038,"parent":0,"menu_order":0,"comment_status":"closed","ping_status":"closed","template":"","meta":{"footnotes":""},"class_list":["post-1037","page","type-page","status-publish","has-post-thumbnail","hentry"],"_links":{"self":[{"href":"https:\/\/www.animafestival.com.ar\/current\/wp-json\/wp\/v2\/pages\/1037","targetHints":{"allow":["GET"]}}],"collection":[{"href":"https:\/\/www.animafestival.com.ar\/current\/wp-json\/wp\/v2\/pages"}],"about":[{"href":"https:\/\/www.animafestival.com.ar\/current\/wp-json\/wp\/v2\/types\/page"}],"author":[{"embeddable":true,"href":"https:\/\/www.animafestival.com.ar\/current\/wp-json\/wp\/v2\/users\/1"}],"replies":[{"embeddable":true,"href":"https:\/\/www.animafestival.com.ar\/current\/wp-json\/wp\/v2\/comments?post=1037"}],"version-history":[{"count":5,"href":"https:\/\/www.animafestival.com.ar\/current\/wp-json\/wp\/v2\/pages\/1037\/revisions"}],"predecessor-version":[{"id":1565,"href":"https:\/\/www.animafestival.com.ar\/current\/wp-json\/wp\/v2\/pages\/1037\/revisions\/1565"}],"wp:featuredmedia":[{"embeddable":true,"href":"https:\/\/www.animafestival.com.ar\/current\/wp-json\/wp\/v2\/media\/1038"}],"wp:attachment":[{"href":"https:\/\/www.animafestival.com.ar\/current\/wp-json\/wp\/v2\/media?parent=1037"}],"curies":[{"name":"wp","href":"https:\/\/api.w.org\/{rel}","templated":true}]}}