{"id":1057,"date":"2019-09-07T13:54:08","date_gmt":"2019-09-07T16:54:08","guid":{"rendered":"http:\/\/www.animafestival.com.ar\/2019\/?page_id=1057"},"modified":"2019-09-07T13:54:08","modified_gmt":"2019-09-07T16:54:08","slug":"2019-taller-expresiones-en-after-effects","status":"publish","type":"page","link":"https:\/\/www.animafestival.com.ar\/current\/2019-taller-expresiones-en-after-effects\/","title":{"rendered":"Taller: Expresiones en After Effects"},"content":{"rendered":"\n<figure class=\"wp-block-image\"><img fetchpriority=\"high\" decoding=\"async\" width=\"960\" height=\"960\" src=\"http:\/\/www.animafestival.com.ar\/2019\/files\/2019\/09\/T-Taller-2-Degaetano.jpg\" alt=\"\" class=\"wp-image-1058\" srcset=\"https:\/\/www.animafestival.com.ar\/current\/files\/2019\/09\/T-Taller-2-Degaetano.jpg 960w, https:\/\/www.animafestival.com.ar\/current\/files\/2019\/09\/T-Taller-2-Degaetano-150x150.jpg 150w, https:\/\/www.animafestival.com.ar\/current\/files\/2019\/09\/T-Taller-2-Degaetano-300x300.jpg 300w, https:\/\/www.animafestival.com.ar\/current\/files\/2019\/09\/T-Taller-2-Degaetano-768x768.jpg 768w, https:\/\/www.animafestival.com.ar\/current\/files\/2019\/09\/T-Taller-2-Degaetano-400x400.jpg 400w, https:\/\/www.animafestival.com.ar\/current\/files\/2019\/09\/T-Taller-2-Degaetano-100x100.jpg 100w\" sizes=\"(max-width: 960px) 100vw, 960px\" \/><\/figure>\n\n\n\n<p><strong>Expositor: Luciano Degaetano (Rosario, Argentina)<\/strong><\/p>\n\n\n\n<p style=\"text-align:center\"><strong>This workshop will be conducted in Spanish<\/strong><\/p>\n\n\n\n<p>Espacio en que se desarrollar\u00e1: <a href=\"https:\/\/goo.gl\/maps\/fcXZPPBThw4gGn6M9\" target=\"_blank\" rel=\"noreferrer noopener\" aria-label=\"Laboratorio de inform\u00e1tica Pabell\u00f3n Hait\u00ed, Facultad de Artes, Ciudad Universitaria (abre en una nueva pesta\u00f1a)\">Laboratorio de inform\u00e1tica Pabell\u00f3n Hait\u00ed, Facultad de Artes, Ciudad Universitaria<\/a>.<\/p>\n\n\n\n<p>D\u00edas y Horarios: 9 y 10 de Octubre de 11:00 a 13:00 hs.<\/p>\n\n\n\n<p>Total Horas: 4 hs. reloj<\/p>\n\n\n\n<p>Arancel: $700.- (setecientos pesos argentinos).\u00a0<\/p>\n\n\n\n<p><a href=\"http:\/\/spgi-inscripcion.psi.unc.edu.ar\/preins_con_ws\/cursos-J7313314-taller-2-expresiones-en-after-effects.html\" target=\"_blank\" rel=\"noreferrer noopener\" aria-label=\"Inscripci\u00f3n y pago (abre en una nueva pesta\u00f1a)\">Inscripci\u00f3n y pago<\/a><\/p>\n\n\n\n<p><\/p>\n\n\n\n<p>El objetivo del taller es introducir a los usuarios de After Effects en el uso de mecanismos de automatizaci\u00f3n de animaciones relacionando distintas propiedades de los elementos y tambi\u00e9n explorar los aspectos b\u00e1sicos de la sintaxis de expresiones y el uso de funciones y mecanismos habituales para \u00abprogramar\u00bb animaciones.\u00a0<\/p>\n\n\n\n<p>Las expresiones permiten generar relaciones entre distintos elementos y propiedades de After Effects y sirven para controlar din\u00e1micamente animaciones complejas a trav\u00e9s de simples par\u00e1metros y evitar tener que crear much\u00edsimos keyframes a mano. Tambi\u00e9n son sumamente \u00fatiles para crear controladores que simplifican la tarea de animar muchos elementos desde un solo layer o bien secuenciar y automatizar animaciones.&nbsp;<\/p>\n\n\n\n<p><em>P\u00fablico al que va dirigido: <\/em>Animadores, editores y dise\u00f1adores profesionales, semi-profesionales y amateurs, con conocimientos b\u00e1sicos de las herramientas inform\u00e1ticas a desarrollar en la cl\u00ednica.\u00a0<\/p>\n\n\n\n<p><\/p>\n\n\n\n<p><strong>Luciano Degaetano<\/strong><\/p>\n\n\n\n<p>De Rosario, provincia de Santa Fe, Degaetano curs\u00f3 la Tecnicatura en Dise\u00f1o y Programaci\u00f3n de Videojuegos en la Universidad Nacional del Litoral. Fue director de arte para \u201cCablevisi\u00f3n S.A.\u201d, desarrollador en el estudio de animaci\u00f3n \u201cLimbo\u201d, jefe de producci\u00f3n multimedia de \u201cLinguagraphics\u201d, cofundador de la empresa productora de videojuegos independiente \u201cChronopio\u201d y especialista en DTS para \u201cDigiworkers\u201d. Actualmente se desempe\u00f1a como dise\u00f1ador freelance de proyectos interactivos multimediales y como profesor colaborador de la especialidad de Tecnolog\u00eda Digital de la carrera de Bellas Artes en la Universidad Nacional de Rosario. <\/p>\n","protected":false},"excerpt":{"rendered":"<p>Expositor: Luciano Degaetano (Rosario, Argentina) This workshop will be conducted in Spanish Espacio en que se desarrollar\u00e1: Laboratorio de inform\u00e1tica Pabell\u00f3n Hait\u00ed, Facultad de Artes, Ciudad Universitaria. D\u00edas y Horarios: 9 y 10 de Octubre de 11:00 a 13:00 hs. Total Horas: 4 hs. reloj Arancel: $700.- (setecientos pesos argentinos).\u00a0 Inscripci\u00f3n y pago El objetivo [&hellip;]<\/p>\n","protected":false},"author":1,"featured_media":1058,"parent":0,"menu_order":0,"comment_status":"closed","ping_status":"closed","template":"","meta":{"footnotes":""},"class_list":["post-1057","page","type-page","status-publish","has-post-thumbnail","hentry"],"_links":{"self":[{"href":"https:\/\/www.animafestival.com.ar\/current\/wp-json\/wp\/v2\/pages\/1057","targetHints":{"allow":["GET"]}}],"collection":[{"href":"https:\/\/www.animafestival.com.ar\/current\/wp-json\/wp\/v2\/pages"}],"about":[{"href":"https:\/\/www.animafestival.com.ar\/current\/wp-json\/wp\/v2\/types\/page"}],"author":[{"embeddable":true,"href":"https:\/\/www.animafestival.com.ar\/current\/wp-json\/wp\/v2\/users\/1"}],"replies":[{"embeddable":true,"href":"https:\/\/www.animafestival.com.ar\/current\/wp-json\/wp\/v2\/comments?post=1057"}],"version-history":[{"count":1,"href":"https:\/\/www.animafestival.com.ar\/current\/wp-json\/wp\/v2\/pages\/1057\/revisions"}],"predecessor-version":[{"id":1059,"href":"https:\/\/www.animafestival.com.ar\/current\/wp-json\/wp\/v2\/pages\/1057\/revisions\/1059"}],"wp:featuredmedia":[{"embeddable":true,"href":"https:\/\/www.animafestival.com.ar\/current\/wp-json\/wp\/v2\/media\/1058"}],"wp:attachment":[{"href":"https:\/\/www.animafestival.com.ar\/current\/wp-json\/wp\/v2\/media?parent=1057"}],"curies":[{"name":"wp","href":"https:\/\/api.w.org\/{rel}","templated":true}]}}