{"id":1066,"date":"2019-09-07T14:26:13","date_gmt":"2019-09-07T17:26:13","guid":{"rendered":"http:\/\/www.animafestival.com.ar\/2019\/?page_id=1066"},"modified":"2019-09-07T14:26:40","modified_gmt":"2019-09-07T17:26:40","slug":"2019-taller-animando-en-las-calles","status":"publish","type":"page","link":"https:\/\/www.animafestival.com.ar\/current\/2019-taller-animando-en-las-calles\/","title":{"rendered":"Taller: Animando en las calles"},"content":{"rendered":"\n<figure class=\"wp-block-image\"><img fetchpriority=\"high\" decoding=\"async\" width=\"960\" height=\"960\" src=\"http:\/\/www.animafestival.com.ar\/2019\/files\/2019\/09\/T-Taller-3-Akel.jpg\" alt=\"\" class=\"wp-image-1067\" srcset=\"https:\/\/www.animafestival.com.ar\/current\/files\/2019\/09\/T-Taller-3-Akel.jpg 960w, https:\/\/www.animafestival.com.ar\/current\/files\/2019\/09\/T-Taller-3-Akel-150x150.jpg 150w, https:\/\/www.animafestival.com.ar\/current\/files\/2019\/09\/T-Taller-3-Akel-300x300.jpg 300w, https:\/\/www.animafestival.com.ar\/current\/files\/2019\/09\/T-Taller-3-Akel-768x768.jpg 768w, https:\/\/www.animafestival.com.ar\/current\/files\/2019\/09\/T-Taller-3-Akel-400x400.jpg 400w, https:\/\/www.animafestival.com.ar\/current\/files\/2019\/09\/T-Taller-3-Akel-100x100.jpg 100w\" sizes=\"(max-width: 960px) 100vw, 960px\" \/><\/figure>\n\n\n\n<p><strong>Animando en las calles. Creando en el camino<\/strong><\/p>\n\n\n\n<p><strong>Expositor: Diego Akel (Fortaleza, Brasil)<\/strong><\/p>\n\n\n\n<p>Espacio en que se desarrollar\u00e1: Espacios p\u00fablicos de <a href=\"https:\/\/goo.gl\/maps\/WBFxtyuHSR7XTCeo7\" target=\"_blank\" rel=\"noreferrer noopener\" aria-label=\"Ciudad Universitaria (abre en una nueva pesta\u00f1a)\">Ciudad Universitaria<\/a>.<\/p>\n\n\n\n<p>D\u00edas y Horarios: 9 y 10 de Octubre de 11:00 a 13:00 hs.<\/p>\n\n\n\n<p>Total Horas: 4 hs. Reloj<\/p>\n\n\n\n<p>Arancel: $700.- (setecientos pesos argentinos).&nbsp; Cupo m\u00e1ximo: 10 personas <\/p>\n\n\n\n<p><a rel=\"noreferrer noopener\" aria-label=\"Inscripci\u00f3n y pago (abre en una nueva pesta\u00f1a)\" href=\"http:\/\/spgi-inscripcion.psi.unc.edu.ar\/preins_con_ws\/cursos-U8213315-taller-3-animando-en-las-calles-creando-en-el-camino.html\" target=\"_blank\">Inscripci\u00f3n y pago<\/a><\/p>\n\n\n\n<p>Con el objetivo de ampliar la gama de posibilidades del medio, se invitar\u00e1 a los asistentes a crear una pel\u00edcula animada en sus propios dispositivos m\u00f3viles, tabletas o tel\u00e9fonos inteligentes, a partir de objetos encontrados, momentos vividos, lugares y paisajes de la ciudad de C\u00f3rdoba. Trabajar\u00e1n con las c\u00e1maras de sus dispositivos y las aplicaciones de animaci\u00f3n gratuitas en varias t\u00e9cnicas y enfoques de stop motion, donde el instinto del artista, la asimilaci\u00f3n de errores, la espontaneidad y la improvisaci\u00f3n creativa ser\u00e1n clave. El taller es 100% pr\u00e1ctico y los experimentos creados individualmente se organizar\u00e1n en una pel\u00edcula colectiva, que se presentar\u00e1 en el festival ANIMA. La principal propuesta del taller es servir como punto de partida creativo, desmitificando los procesos y los requisitos tradicionales para animar, mostrando que se puede animar en cualquier momento y en cualquier lugar. <\/p>\n\n\n\n<p><\/p>\n\n\n\n<p><strong>Diego Akel<\/strong><\/p>\n\n\n\n<p> Diego Akel trabaja desde 2002 en artes visuales, fotograf\u00eda y cine de animaci\u00f3n desempe\u00f1ando roles como animador, productor creativo, cineasta, curador e instructor de taller. Sus cortometrajes se han exhibido en m\u00e1s de 200 festivales en todo el mundo, y su trabajo en animaci\u00f3n experimental es reconocido internacionalmente como referencia en el campo, siendo citado en sitios web como Colossal, Cartoon Brew, Hypeness y en varios libros; incluyendo una entrevista en el texto \u00abExperimental Animation &#8211; from analogue to digital\u00bb de Editorial Routledge. Actualmente emplea el t\u00e9rmino \u00abAnimaci\u00f3n Libre\u00bb, e investiga a la animaci\u00f3n como una forma espont\u00e1nea de creaci\u00f3n art\u00edstica utilizando dispositivos m\u00f3viles, combinando tecnolog\u00edas de vanguardia con t\u00e9cnicas artesanales. <\/p>\n","protected":false},"excerpt":{"rendered":"<p>Animando en las calles. Creando en el camino Expositor: Diego Akel (Fortaleza, Brasil) Espacio en que se desarrollar\u00e1: Espacios p\u00fablicos de Ciudad Universitaria. D\u00edas y Horarios: 9 y 10 de Octubre de 11:00 a 13:00 hs. Total Horas: 4 hs. Reloj Arancel: $700.- (setecientos pesos argentinos).&nbsp; Cupo m\u00e1ximo: 10 personas Inscripci\u00f3n y pago Con el [&hellip;]<\/p>\n","protected":false},"author":1,"featured_media":1067,"parent":0,"menu_order":0,"comment_status":"closed","ping_status":"closed","template":"","meta":{"footnotes":""},"class_list":["post-1066","page","type-page","status-publish","has-post-thumbnail","hentry"],"_links":{"self":[{"href":"https:\/\/www.animafestival.com.ar\/current\/wp-json\/wp\/v2\/pages\/1066","targetHints":{"allow":["GET"]}}],"collection":[{"href":"https:\/\/www.animafestival.com.ar\/current\/wp-json\/wp\/v2\/pages"}],"about":[{"href":"https:\/\/www.animafestival.com.ar\/current\/wp-json\/wp\/v2\/types\/page"}],"author":[{"embeddable":true,"href":"https:\/\/www.animafestival.com.ar\/current\/wp-json\/wp\/v2\/users\/1"}],"replies":[{"embeddable":true,"href":"https:\/\/www.animafestival.com.ar\/current\/wp-json\/wp\/v2\/comments?post=1066"}],"version-history":[{"count":2,"href":"https:\/\/www.animafestival.com.ar\/current\/wp-json\/wp\/v2\/pages\/1066\/revisions"}],"predecessor-version":[{"id":1069,"href":"https:\/\/www.animafestival.com.ar\/current\/wp-json\/wp\/v2\/pages\/1066\/revisions\/1069"}],"wp:featuredmedia":[{"embeddable":true,"href":"https:\/\/www.animafestival.com.ar\/current\/wp-json\/wp\/v2\/media\/1067"}],"wp:attachment":[{"href":"https:\/\/www.animafestival.com.ar\/current\/wp-json\/wp\/v2\/media?parent=1066"}],"curies":[{"name":"wp","href":"https:\/\/api.w.org\/{rel}","templated":true}]}}