{"id":1103,"date":"2019-09-19T10:59:41","date_gmt":"2019-09-19T13:59:41","guid":{"rendered":"http:\/\/www.animafestival.com.ar\/2019\/?page_id=1103"},"modified":"2019-10-02T11:27:21","modified_gmt":"2019-10-02T14:27:21","slug":"2019-largos-y-medios-feature-and-medium-length","status":"publish","type":"page","link":"https:\/\/www.animafestival.com.ar\/current\/2019-largos-y-medios-feature-and-medium-length\/","title":{"rendered":"Largos y Medios \/ Feature and Medium Length"},"content":{"rendered":"\n<figure class=\"wp-block-image is-resized\"><img fetchpriority=\"high\" decoding=\"async\" src=\"http:\/\/www.animafestival.com.ar\/2019\/files\/2019\/09\/A-Largos.jpg\" alt=\"\" class=\"wp-image-1135\" width=\"440\" height=\"440\" srcset=\"https:\/\/www.animafestival.com.ar\/current\/files\/2019\/09\/A-Largos.jpg 800w, https:\/\/www.animafestival.com.ar\/current\/files\/2019\/09\/A-Largos-150x150.jpg 150w, https:\/\/www.animafestival.com.ar\/current\/files\/2019\/09\/A-Largos-300x300.jpg 300w, https:\/\/www.animafestival.com.ar\/current\/files\/2019\/09\/A-Largos-768x768.jpg 768w, https:\/\/www.animafestival.com.ar\/current\/files\/2019\/09\/A-Largos-400x400.jpg 400w, https:\/\/www.animafestival.com.ar\/current\/files\/2019\/09\/A-Largos-100x100.jpg 100w\" sizes=\"(max-width: 440px) 100vw, 440px\" \/><\/figure>\n\n\n\n<figure class=\"wp-block-image is-resized\"><img decoding=\"async\" src=\"http:\/\/www.animafestival.com.ar\/2019\/files\/2019\/09\/Ind-Largos-A-Cidade-dos-piratas.jpg\" alt=\"\" class=\"wp-image-1241\" width=\"444\" height=\"444\" srcset=\"https:\/\/www.animafestival.com.ar\/current\/files\/2019\/09\/Ind-Largos-A-Cidade-dos-piratas.jpg 960w, https:\/\/www.animafestival.com.ar\/current\/files\/2019\/09\/Ind-Largos-A-Cidade-dos-piratas-150x150.jpg 150w, https:\/\/www.animafestival.com.ar\/current\/files\/2019\/09\/Ind-Largos-A-Cidade-dos-piratas-300x300.jpg 300w, https:\/\/www.animafestival.com.ar\/current\/files\/2019\/09\/Ind-Largos-A-Cidade-dos-piratas-768x768.jpg 768w, https:\/\/www.animafestival.com.ar\/current\/files\/2019\/09\/Ind-Largos-A-Cidade-dos-piratas-400x400.jpg 400w, https:\/\/www.animafestival.com.ar\/current\/files\/2019\/09\/Ind-Largos-A-Cidade-dos-piratas-100x100.jpg 100w\" sizes=\"(max-width: 444px) 100vw, 444px\" \/><\/figure>\n\n\n\n<p><strong>A Cidade dos Piratas<\/strong><\/p>\n\n\n\n<p>La Ciudad de los Piratas<\/p>\n\n\n\n<p><em>City of P\u00efrates<\/em><\/p>\n\n\n\n<p>2018 \/ 2D, acci\u00f3n en vivo \/ <em>2D, live action<\/em><strong> <\/strong>\/ 1:24:00<\/p>\n\n\n\n<p>BRASIL \/ <em>BRAZIL<\/em><\/p>\n\n\n\n<p>Dir: Otto Guerra<\/p>\n\n\n\n<p>Un director enfrenta una situaci\u00f3n compleja en la producci\u00f3n de su pel\u00edcula: el autor de la historia comienza a negar a los personajes. En un intento de terminar el film, decide contar su drama, creando un laberinto ca\u00f3tico entre ficci\u00f3n y vida real.<\/p>\n\n\n\n<p><em>A director faces a complex situation in the production of his film: the author of the story begins to deny the characters. In an attempt to end the film, he decides to tell his drama, creating a chaotic maze between fiction and real life.<\/em><\/p>\n\n\n\n<figure class=\"wp-block-image is-resized\"><img decoding=\"async\" src=\"http:\/\/www.animafestival.com.ar\/2019\/files\/2019\/09\/Ind-Largos-Away.jpg\" alt=\"\" class=\"wp-image-1242\" width=\"453\" height=\"453\" srcset=\"https:\/\/www.animafestival.com.ar\/current\/files\/2019\/09\/Ind-Largos-Away.jpg 960w, https:\/\/www.animafestival.com.ar\/current\/files\/2019\/09\/Ind-Largos-Away-150x150.jpg 150w, https:\/\/www.animafestival.com.ar\/current\/files\/2019\/09\/Ind-Largos-Away-300x300.jpg 300w, https:\/\/www.animafestival.com.ar\/current\/files\/2019\/09\/Ind-Largos-Away-768x768.jpg 768w, https:\/\/www.animafestival.com.ar\/current\/files\/2019\/09\/Ind-Largos-Away-400x400.jpg 400w, https:\/\/www.animafestival.com.ar\/current\/files\/2019\/09\/Ind-Largos-Away-100x100.jpg 100w\" sizes=\"(max-width: 453px) 100vw, 453px\" \/><\/figure>\n\n\n\n<p><strong>Away<\/strong><\/p>\n\n\n\n<p>Lejos<\/p>\n\n\n\n<p>2019 \/ CGI<strong> <\/strong>\/ 1:14:42<\/p>\n\n\n\n<p>LETONIA \/ <em>LATVIA<\/em><\/p>\n\n\n\n<p>Dir: Gints Zilbalodis<\/p>\n\n\n\n<p>Un chico y un ave peque\u00f1a est\u00e1n viajando en motocicleta a trav\u00e9s de una isla, tratando de escapar de un oscuro esp\u00edritu y volver a casa.<\/p>\n\n\n\n<p><em>A boy and a little bird are traveling across an island on a motorcycle, trying to escape a dark spirit and get back home.<\/em><\/p>\n\n\n\n<figure class=\"wp-block-image is-resized\"><img loading=\"lazy\" decoding=\"async\" src=\"http:\/\/www.animafestival.com.ar\/2019\/files\/2019\/09\/Ind-Largos-Hoffmaniada.jpg\" alt=\"\" class=\"wp-image-1243\" width=\"478\" height=\"478\" srcset=\"https:\/\/www.animafestival.com.ar\/current\/files\/2019\/09\/Ind-Largos-Hoffmaniada.jpg 960w, https:\/\/www.animafestival.com.ar\/current\/files\/2019\/09\/Ind-Largos-Hoffmaniada-150x150.jpg 150w, https:\/\/www.animafestival.com.ar\/current\/files\/2019\/09\/Ind-Largos-Hoffmaniada-300x300.jpg 300w, https:\/\/www.animafestival.com.ar\/current\/files\/2019\/09\/Ind-Largos-Hoffmaniada-768x768.jpg 768w, https:\/\/www.animafestival.com.ar\/current\/files\/2019\/09\/Ind-Largos-Hoffmaniada-400x400.jpg 400w, https:\/\/www.animafestival.com.ar\/current\/files\/2019\/09\/Ind-Largos-Hoffmaniada-100x100.jpg 100w\" sizes=\"(max-width: 478px) 100vw, 478px\" \/><\/figure>\n\n\n\n<p><strong>\u0413\u043e\u0444\u043c\u0430\u043d\u0438\u0430\u0301\u0434\u0430<\/strong><\/p>\n\n\n\n<p>Hoffmaniada<\/p>\n\n\n\n<p>2018 \/ Stop motion \/ 1:12:00<\/p>\n\n\n\n<p>FEDERACI\u00d3N RUSA \/ <em>RUSSIAN FEDERATION<\/em><\/p>\n\n\n\n<p>Dir: Stanislav Sokolov<\/p>\n\n\n\n<p>E.T.A. Hoffmann es transportado al mundo de sus propias escrituras fantasmag\u00f3ricas y lanzado a los villanos que cre\u00f3, mientras lucha por defender al amor y la belleza de las conspiraciones filisteas que lo rodean.&nbsp;<\/p>\n\n\n\n<p><em>E.T.A. Hoffmann is transported into the world of his own phantasmagoric writings and pitted against the villains he created on the page, as he struggles to defend love and beauty against the philistine plots closing in around him.<\/em><\/p>\n\n\n\n<figure class=\"wp-block-image is-resized\"><img loading=\"lazy\" decoding=\"async\" src=\"http:\/\/www.animafestival.com.ar\/2019\/files\/2019\/09\/Ind-Largos-El-angel-en-el-reloj.jpg\" alt=\"\" class=\"wp-image-1244\" width=\"454\" height=\"454\" srcset=\"https:\/\/www.animafestival.com.ar\/current\/files\/2019\/09\/Ind-Largos-El-angel-en-el-reloj.jpg 960w, https:\/\/www.animafestival.com.ar\/current\/files\/2019\/09\/Ind-Largos-El-angel-en-el-reloj-150x150.jpg 150w, https:\/\/www.animafestival.com.ar\/current\/files\/2019\/09\/Ind-Largos-El-angel-en-el-reloj-300x300.jpg 300w, https:\/\/www.animafestival.com.ar\/current\/files\/2019\/09\/Ind-Largos-El-angel-en-el-reloj-768x768.jpg 768w, https:\/\/www.animafestival.com.ar\/current\/files\/2019\/09\/Ind-Largos-El-angel-en-el-reloj-400x400.jpg 400w, https:\/\/www.animafestival.com.ar\/current\/files\/2019\/09\/Ind-Largos-El-angel-en-el-reloj-100x100.jpg 100w\" sizes=\"(max-width: 454px) 100vw, 454px\" \/><\/figure>\n\n\n\n<p><strong>El \u00c1ngel en el Reloj<\/strong><\/p>\n\n\n\n<p><em>The Angel in the Clock<\/em><\/p>\n\n\n\n<p>2017 \/ 2D, CDI \/ 1:30:00<\/p>\n\n\n\n<p>M\u00c9XICO \/ <em>MEXICO<\/em><\/p>\n\n\n\n<p>Dir: Miguel Angel Uriegas<\/p>\n\n\n\n<p>Amelia es una ni\u00f1a con leucemia que desea que el tiempo se detenga. Conoce a Malachi, un \u00e1ngel que vive dentro de su reloj cuc\u00fa. Malachi transporta a Amelia a Los Campos del Tiempo, un fant\u00e1stico mundo en donde se resguarda el tiempo de los humanos en la tierra. Ah\u00ed Amelia aprender\u00e1 a apreciar la importancia del \u201cAqu\u00ed\u201d y \u201cAhora\u201d; y las maravillosas cosas que el presente nos brinda para seguir adelante cada d\u00eda y para pelear por lo que m\u00e1s queremos.&nbsp;<\/p>\n\n\n\n<p><em>Amelia is a girl with leukaemia that wants to stop time. She meets Malachi, an angel that lives inside her cuckoo clock. Malachi takes Amelia to The Fields of Time, a fantastic world where human time on Earth is guarded. There, Amelia will learn to appreciate the importance of \u201cHere\u201d and \u201cNow\u201d; and the wonderful things that present time gives us to go on every day and to fight for what we want the most.<\/em><\/p>\n\n\n\n<figure class=\"wp-block-image is-resized\"><img loading=\"lazy\" decoding=\"async\" src=\"http:\/\/www.animafestival.com.ar\/2019\/files\/2019\/09\/Ind-Largos-La-ultima-ficcion.jpg\" alt=\"\" class=\"wp-image-1245\" width=\"475\" height=\"475\" srcset=\"https:\/\/www.animafestival.com.ar\/current\/files\/2019\/09\/Ind-Largos-La-ultima-ficcion.jpg 960w, https:\/\/www.animafestival.com.ar\/current\/files\/2019\/09\/Ind-Largos-La-ultima-ficcion-150x150.jpg 150w, https:\/\/www.animafestival.com.ar\/current\/files\/2019\/09\/Ind-Largos-La-ultima-ficcion-300x300.jpg 300w, https:\/\/www.animafestival.com.ar\/current\/files\/2019\/09\/Ind-Largos-La-ultima-ficcion-768x768.jpg 768w, https:\/\/www.animafestival.com.ar\/current\/files\/2019\/09\/Ind-Largos-La-ultima-ficcion-400x400.jpg 400w, https:\/\/www.animafestival.com.ar\/current\/files\/2019\/09\/Ind-Largos-La-ultima-ficcion-100x100.jpg 100w\" sizes=\"(max-width: 475px) 100vw, 475px\" \/><\/figure>\n\n\n\n<p><strong>\u0622\u062e\u0631\u06cc\u0646 \u062f\u0627\u0633\u062a\u0627\u0646<\/strong><\/p>\n\n\n\n<p>La \u00faltima ficci\u00f3n<\/p>\n\n\n\n<p><em>The last fiction<\/em><\/p>\n\n\n\n<p>2018 \/ 2D, CGI<strong> <\/strong>\/ 1:40:00<\/p>\n\n\n\n<p>REP\u00daBLICA ISL\u00c1MICA DE IRAN \/ <em>ISLAMIC REPUBLIC OF IRAN<\/em><\/p>\n\n\n\n<p>Dir: Ashkan Rahgozar<\/p>\n\n\n\n<p>Basado en el cl\u00e1sico de la literatura persa <em>Shahnameh<\/em> de Ferdowsi (El Libro de los Reyes), el film sigue al gobernante Zahak en su artero ascenso al trono de Jamkard (Antigua Persia) y al ingenuo Afaridoun, joven h\u00e9roe que salvar\u00e1 al reino y a su gente de la oscuridad.&nbsp;<\/p>\n\n\n\n<p><em>Based on a classic of Persian literature, The Shahnameh by Ferdowsi (The Book of Kings) the film follows upstart ruler Zahak\u2019s treacherous rise to the throne in Jamkard (ancient Persia) and na\u00efve Afaridoun, the young hero who will save the kingdom and people from the darkness. <\/em><\/p>\n\n\n\n<figure class=\"wp-block-image is-resized\"><img loading=\"lazy\" decoding=\"async\" src=\"http:\/\/www.animafestival.com.ar\/2019\/files\/2019\/09\/Ind-Largos-La-princesa-encantada.jpg\" alt=\"\" class=\"wp-image-1246\" width=\"459\" height=\"459\" srcset=\"https:\/\/www.animafestival.com.ar\/current\/files\/2019\/09\/Ind-Largos-La-princesa-encantada.jpg 960w, https:\/\/www.animafestival.com.ar\/current\/files\/2019\/09\/Ind-Largos-La-princesa-encantada-150x150.jpg 150w, https:\/\/www.animafestival.com.ar\/current\/files\/2019\/09\/Ind-Largos-La-princesa-encantada-300x300.jpg 300w, https:\/\/www.animafestival.com.ar\/current\/files\/2019\/09\/Ind-Largos-La-princesa-encantada-768x768.jpg 768w, https:\/\/www.animafestival.com.ar\/current\/files\/2019\/09\/Ind-Largos-La-princesa-encantada-400x400.jpg 400w, https:\/\/www.animafestival.com.ar\/current\/files\/2019\/09\/Ind-Largos-La-princesa-encantada-100x100.jpg 100w\" sizes=\"(max-width: 459px) 100vw, 459px\" \/><\/figure>\n\n\n\n<p><strong>\u0412\u0438\u043a\u0440\u0430\u0434\u0435\u043d\u0430 \u043f\u0440\u0438\u043d\u0446\u0435\u0441\u0430<\/strong><\/p>\n\n\n\n<p>La Princesa Encantada<\/p>\n\n\n\n<p><em>The Stolen Princess<\/em><\/p>\n\n\n\n<p>2018 \/ 3D<strong> <\/strong>\/ 1:31:00<\/p>\n\n\n\n<p>UCRANIA \/ <em>UKRAINE<\/em><\/p>\n\n\n\n<p>Dir: Oleh Malamuzh<\/p>\n\n\n\n<p>El artista viajero Ruslan se enamora de la hija del Rey, Mila, quien es secuestrada por el malvado mago Chornomor. Ruslan se embarca en la b\u00fasqueda de su princesa robada: tiene que demostrar una vez m\u00e1s que el amor es m\u00e1s fuerte que la magia.<\/p>\n\n\n\n<p style=\"text-align:left\"><em>Traveling artist Ruslan falls in love with King\u2019s daughter Mila, who gets abducted by evil wizard Chornomor. Ruslan embarks on a search for his stolen princess \u2013 he has to prove once again, that love is stronger than magic.<\/em><\/p>\n\n\n\n<figure class=\"wp-block-image is-resized\"><img loading=\"lazy\" decoding=\"async\" src=\"http:\/\/www.animafestival.com.ar\/2019\/files\/2019\/09\/Ind-Largos-Esta-magnifica-torta.jpg\" alt=\"\" class=\"wp-image-1247\" width=\"437\" height=\"437\" srcset=\"https:\/\/www.animafestival.com.ar\/current\/files\/2019\/09\/Ind-Largos-Esta-magnifica-torta.jpg 960w, https:\/\/www.animafestival.com.ar\/current\/files\/2019\/09\/Ind-Largos-Esta-magnifica-torta-150x150.jpg 150w, https:\/\/www.animafestival.com.ar\/current\/files\/2019\/09\/Ind-Largos-Esta-magnifica-torta-300x300.jpg 300w, https:\/\/www.animafestival.com.ar\/current\/files\/2019\/09\/Ind-Largos-Esta-magnifica-torta-768x768.jpg 768w, https:\/\/www.animafestival.com.ar\/current\/files\/2019\/09\/Ind-Largos-Esta-magnifica-torta-400x400.jpg 400w, https:\/\/www.animafestival.com.ar\/current\/files\/2019\/09\/Ind-Largos-Esta-magnifica-torta-100x100.jpg 100w\" sizes=\"(max-width: 437px) 100vw, 437px\" \/><\/figure>\n\n\n\n<p><strong>Ce Magnifique G\u00e2teau!<\/strong><\/p>\n\n\n\n<p>\u00a1Esta Magn\u00edfica Torta!<\/p>\n\n\n\n<p><em>This Magnificent Cake!<\/em><\/p>\n\n\n\n<p>2018 \/ Stop motion<strong> <\/strong>\/ 40:00<\/p>\n\n\n\n<p>B\u00c9LGICA \/ <em>BELGIUM<\/em><\/p>\n\n\n\n<p>Dir: Marc James Roels, Emma De Swaef<\/p>\n\n\n\n<p>Una pel\u00edcula de antolog\u00eda ambientada en el \u00c1frica colonial a fines del siglo XIX, que cuenta las historias de cinco personajes diferentes: un rey con problemas, un pigmeo de mediana edad que trabaja en un hotel de lujo, un frustado hombre de negocios en una expedici\u00f3n, un portero perdido y un joven desertor del ej\u00e9rcito.<\/p>\n\n\n\n<p><em>An anthology film set in colonial Africa in the late 19th century telling the stories of 5 different characters: a troubled king, a middle-aged Pygmy working in a luxury hotel, a failed businessman on an expedition, a lost porter and a young army deserter.<\/em><br><\/p>\n\n\n\n<p><br><\/p>\n\n\n\n<p><br><\/p>\n\n\n\n<p><br><\/p>\n","protected":false},"excerpt":{"rendered":"<p>A Cidade dos Piratas La Ciudad de los Piratas City of P\u00efrates 2018 \/ 2D, acci\u00f3n en vivo \/ 2D, live action \/ 1:24:00 BRASIL \/ BRAZIL Dir: Otto Guerra Un director enfrenta una situaci\u00f3n compleja en la producci\u00f3n de su pel\u00edcula: el autor de la historia comienza a negar a los personajes. En un [&hellip;]<\/p>\n","protected":false},"author":1,"featured_media":0,"parent":0,"menu_order":0,"comment_status":"closed","ping_status":"closed","template":"","meta":{"footnotes":""},"class_list":["post-1103","page","type-page","status-publish","hentry"],"_links":{"self":[{"href":"https:\/\/www.animafestival.com.ar\/current\/wp-json\/wp\/v2\/pages\/1103","targetHints":{"allow":["GET"]}}],"collection":[{"href":"https:\/\/www.animafestival.com.ar\/current\/wp-json\/wp\/v2\/pages"}],"about":[{"href":"https:\/\/www.animafestival.com.ar\/current\/wp-json\/wp\/v2\/types\/page"}],"author":[{"embeddable":true,"href":"https:\/\/www.animafestival.com.ar\/current\/wp-json\/wp\/v2\/users\/1"}],"replies":[{"embeddable":true,"href":"https:\/\/www.animafestival.com.ar\/current\/wp-json\/wp\/v2\/comments?post=1103"}],"version-history":[{"count":12,"href":"https:\/\/www.animafestival.com.ar\/current\/wp-json\/wp\/v2\/pages\/1103\/revisions"}],"predecessor-version":[{"id":1525,"href":"https:\/\/www.animafestival.com.ar\/current\/wp-json\/wp\/v2\/pages\/1103\/revisions\/1525"}],"wp:attachment":[{"href":"https:\/\/www.animafestival.com.ar\/current\/wp-json\/wp\/v2\/media?parent=1103"}],"curies":[{"name":"wp","href":"https:\/\/api.w.org\/{rel}","templated":true}]}}