{"id":1735,"date":"2011-02-15T12:50:31","date_gmt":"2011-02-15T15:50:31","guid":{"rendered":"http:\/\/www.animafestival.com.ar\/"},"modified":"2021-04-10T11:17:43","modified_gmt":"2021-04-10T14:17:43","slug":"edicion-2007","status":"publish","type":"page","link":"https:\/\/www.animafestival.com.ar\/current\/edicion-2007\/","title":{"rendered":"2007"},"content":{"rendered":"<div id=\"principal\">\n<div id=\"contenido\">\n<div class=\"modulo\"><img decoding=\"async\" src=\"http:\/\/www.animafestival.com.ar\/imgs\/spa\/titulo_2007.gif\" alt=\"\" width=\"167\" height=\"35\"><\/div>\n<div class=\"modulo\">\n<p><span class=\"titulo\">Gran Premio del Jurado Internacional.<\/span><\/p>\n<div class=\"imagen_izq\"><img decoding=\"async\" src=\"http:\/\/www.animafestival.com.ar\/imagenes_cortos\/cat_ganadores\/elpequeno.png\" alt=\"\" width=\"200\" height=\"200\"><\/div>\n<div class=\"texto_der\"><span class=\"nota\">Premio a la Mejor Animaci\u00f3n <\/span><br \/>\n<strong>Der Kloane<\/strong><\/p>\n<p><strong>(El peque\u00f1o)<\/strong><\/p>\n<p><span class=\"destacado\"><br \/>\n(2006 \/ Betacam \/ 00:10:00 \/ color) Dibujos<\/span><\/p>\n<p><em>Andreas Hykade, Alemania<\/em><\/p>\n<p>\u00abBien, te doy el peque\u00f1o. Pero tienes que cuidarlo, y matarlo en un a\u00f1o \u00bb Dijo mi t\u00edo.<\/p>\n<\/div>\n<\/div>\n<div class=\"modulo\">\n<p><span class=\"titulo\">Historias Animadas.<\/span><\/p>\n<div class=\"imagen_izq\"><img decoding=\"async\" src=\"http:\/\/www.animafestival.com.ar\/imagenes_cortos\/cat_ganadores\/lapsus.png\" alt=\"\" width=\"200\" height=\"200\"><\/div>\n<div class=\"texto_der\"><span class=\"nota\">Premio del Jurado Internacional a la Mejor Animaci\u00f3n de la Categor\u00eda (Compartido) <\/span><br \/>\n<strong> Lapsus<\/strong><\/p>\n<p><span class=\"destacado\"><br \/>\n(2007 \/ DV \/ 00:03:30 \/ bn) Recortes<\/span><\/p>\n<p><em>Juan Pablo Zaramella, Argentina<\/em><\/p>\n<p>Nunca subestimes el poder del lado oscuro.<\/p>\n<\/div>\n<\/div>\n<div class=\"modulo\">\n<div class=\"imagen_izq\"><img loading=\"lazy\" decoding=\"async\" src=\"http:\/\/www.animafestival.com.ar\/imagenes_cortos\/cat_ganadores\/peirce.png\" alt=\"\" width=\"200\" height=\"200\"><\/div>\n<div class=\"texto_der\"><span class=\"nota\">Premio del Jurado Internacional a la Mejor Animaci\u00f3n de la Categor\u00eda (Compartido) <\/span><br \/>\n<strong> The Pearce Sisters<\/strong><\/p>\n<p><strong>(Las hermanas Pearce)<\/strong><\/p>\n<p><span class=\"destacado\"><br \/>\n(2007 \/ Digi Beta \/ 00:09:07 \/ color) 2D, CGI<\/span><\/p>\n<p><em>Luis Cook, Reino Unido<\/em><\/p>\n<p>Un cuento negro de amor, soledad, entra\u00f1as, cuchillazos, desnudez, violencia, cigarrillos y tazas de t\u00e9.<\/p>\n<\/div>\n<\/div>\n<div class=\"modulo\">\n<p><span class=\"titulo\">Temas y Ritmos.<\/span><\/p>\n<div class=\"imagen_izq\"><img loading=\"lazy\" decoding=\"async\" src=\"http:\/\/www.animafestival.com.ar\/imagenes_cortos\/cat_ganadores\/lostutopia.png\" alt=\"\" width=\"200\" height=\"200\"><\/div>\n<div class=\"texto_der\"><span class=\"nota\">Premio del Jurado Internacional a la Mejor Animaci\u00f3n de la Categor\u00eda<\/span><br \/>\n<strong>Lost Utopia<\/strong><\/p>\n<p><strong>(Utop\u00eda perdida)<\/strong><\/p>\n<p><span class=\"destacado\"><br \/>\n(2007 \/ DVD \/ 00:05:10 \/ color) Dibujos sobre papel<\/span><\/p>\n<p><em>Mirai Mizue, Jap\u00f3n<\/em><\/p>\n<p>La historia de Ad\u00e1n y Eva.<\/p>\n<\/div>\n<\/div>\n<div class=\"modulo\">\n<p><span class=\"titulo\">Videoclips. <\/span><\/p>\n<div class=\"texto_der\"><span class=\"nota\">El premio fue declarado desierto <\/span><\/div>\n<\/div>\n<div class=\"modulo\">\n<p><span class=\"titulo\">Animaci\u00f3n para Internet. <\/span><\/p>\n<div class=\"imagen_izq\"><img loading=\"lazy\" decoding=\"async\" src=\"http:\/\/www.animafestival.com.ar\/imagenes_cortos\/cat_ganadores\/jerrytime.png\" alt=\"\" width=\"200\" height=\"200\"><\/div>\n<div class=\"texto_der\"><span class=\"nota\">Premio del Jurado Internacional a la Mejor Animaci\u00f3n de la categor\u00eda <\/span><br \/>\n<strong> It\u2019s Jerry Time<\/strong><\/p>\n<p><strong>(Es tiempo de Jerry)<\/strong><\/p>\n<p><span class=\"destacado\"><br \/>\n(2006)<\/span><\/p>\n<p><em>Orrin Zucker<\/em><\/p>\n<p>\u201cEs tiempo de Jerry\u201d es la versi\u00f3n animada de \u201cHistorias reales de la vida de Jerry\u201d, un cuarent\u00f3n cualquiera cuya vida es un poco m\u00e1s dura que lo habitual.<\/p>\n<\/div>\n<\/div>\n<div class=\"modulo\">\n<p><span class=\"titulo\">Menciones Especiales del Jurado. <\/span><\/p>\n<div class=\"imagen_izq\"><img loading=\"lazy\" decoding=\"async\" src=\"http:\/\/www.animafestival.com.ar\/imagenes_cortos\/cat_ganadores\/carnaval.png\" alt=\"\" width=\"200\" height=\"200\"><\/div>\n<div class=\"texto_der\"><span class=\"nota\">Menci\u00f3n especial del Jurado Internacional <\/span><br \/>\n<strong>Karneval Zvirat<\/strong><\/p>\n<p><strong>(El carnaval de los animales)<\/strong><\/p>\n<p><span class=\"destacado\"> (2006 \/ 16mm \/ 00:12:00 \/ color)<\/span><\/p>\n<p><em>Michaela Pavl\u00e1tova, Rep\u00fablica Checa<\/em><\/p>\n<p>Fantas\u00eda er\u00f3tica musical animada. Machos y hembras, hombres y mujeres. Dos sociedades que se enfrentan pese al deseo de copular. Hombres y mujeres, todos vestidos, esperando, tent\u00e1ndose, disfrutando la dicha o el triste fracaso.<\/p>\n<\/div>\n<\/div>\n<div class=\"modulo\">\n<div class=\"imagen_izq\"><img loading=\"lazy\" decoding=\"async\" src=\"http:\/\/www.animafestival.com.ar\/imagenes_cortos\/cat_ganadores\/ostaci.png\" alt=\"\" width=\"200\" height=\"200\"><\/div>\n<div class=\"texto_der\"><span class=\"nota\">Menci\u00f3n especial del Jurado Internacional <\/span><br \/>\n<strong>Ostaci<\/strong><\/p>\n<p><strong>(Sobras)<\/strong><\/p>\n<p><span class=\"destacado\"><br \/>\n(2006 \/ 35mm \/ 00:06:03 \/ color) 2D<\/span><\/p>\n<p><em>Igor Coric, Serbia<\/em><\/p>\n<p>La vida siempre contin\u00faa, en sobras de vidas que han finalizado.<\/p>\n<\/div>\n<\/div>\n<div class=\"modulo\">\n<div class=\"imagen_izq\"><img loading=\"lazy\" decoding=\"async\" src=\"http:\/\/www.animafestival.com.ar\/imagenes_cortos\/cat_ganadores\/2metros.png\" alt=\"\" width=\"200\" height=\"200\"><\/div>\n<div class=\"texto_der\">\n<p><span class=\"nota\">Menci\u00f3n especial del Jurado Internacional<\/span> <strong>2 metros<\/strong><\/p>\n<p><span class=\"destacado\"> (2007 \/ HDV \/ 00:06:14 \/ color) Stop Motion<\/span><\/p>\n<p><em>Javier Mrad, Javier Salazar, Eduardo Maraggi, Argentina<\/em><\/p>\n<p>Dos seres atrapados en una disputa de proporciones milim\u00e9tricas mientras el tiempo pasa, rueda y rebota.<\/p>\n<\/div>\n<\/div>\n<div class=\"modulo\">\n<p><span class=\"titulo\">Mejor Animaci\u00f3n Argentina.<\/span><\/p>\n<div class=\"imagen_izq\"><img decoding=\"async\" src=\"http:\/\/www.animafestival.com.ar\/imagenes_cortos\/cat_ganadores\/lapsus.png\" alt=\"\" width=\"200\" height=\"200\"><\/div>\n<div class=\"texto_der\">\n<p><span class=\"nota\">Premio del Jurado Nacional a la Mejor Animaci\u00f3n Argentina<\/span> <strong> Lapsus<\/strong><\/p>\n<p><span class=\"destacado\"> (2007 \/ DV \/ 00:03:30 \/ bn) Recortes<\/span><\/p>\n<p><em>Juan Pablo Zaramella, Argentina<\/em><\/p>\n<p>Nunca subestimes el poder del lado oscuro.<\/p>\n<\/div>\n<\/div>\n<div class=\"modulo\">\n<p><span class=\"titulo\">Menciones Especiales del Jurado Nacional.<\/span><\/p>\n<div class=\"imagen_izq\"><img loading=\"lazy\" decoding=\"async\" src=\"http:\/\/www.animafestival.com.ar\/imagenes_cortos\/cat_ganadores\/generica.png\" alt=\"\" width=\"200\" height=\"200\"><\/div>\n<div class=\"texto_der\"><span class=\"nota\">Menci\u00f3n Especial del Jurado Nacional<\/span><br \/>\n<strong>La jornada<\/strong><\/p>\n<p><span class=\"destacado\"><br \/>\n(2006 \/ Betacam \/ 00:04:48 \/ color) Recortes, collage<\/span><\/p>\n<p><em>Jorge Bompart, Argentina<\/em><\/p>\n<p>Una moneda m\u00e1s o una moneda menos hacen la diferencia para un ni\u00f1o que crece en las calles solo y sin contenci\u00f3n. \u00bfCu\u00e1l es el precio que debe pagar para obtenerlas?<\/p>\n<\/div>\n<\/div>\n<div class=\"modulo\">\n<div class=\"imagen_izq\"><img loading=\"lazy\" decoding=\"async\" src=\"http:\/\/www.animafestival.com.ar\/imagenes_cortos\/cat_ganadores\/2metros.png\" alt=\"\" width=\"200\" height=\"200\"><\/div>\n<div class=\"texto_der\">\n<p><span class=\"nota\">Menci\u00f3n especial del Jurado Nacional<\/span> <strong>2 metros<\/strong><\/p>\n<p><span class=\"destacado\"> (2007 \/ HDV \/ 00:06:14 \/ color) Stop Motion<\/span><\/p>\n<p><em>Javier Mrad, Javier Salazar, Eduardo Maraggi, Argentina<\/em><\/p>\n<p>Dos seres atrapados en una disputa de proporciones milim\u00e9tricas mientras el tiempo pasa, rueda y rebota.<\/p>\n<\/div>\n<\/div>\n<div class=\"modulo\">\n<p><span class=\"titulo\"> Trabajos de Escuela.<\/span><\/p>\n<div class=\"imagen_izq\"><img loading=\"lazy\" decoding=\"async\" src=\"http:\/\/www.animafestival.com.ar\/imagenes_cortos\/cat_ganadores\/adjustment.png\" alt=\"\" width=\"200\" height=\"200\"><\/div>\n<div class=\"texto_der\"><span class=\"nota\">Premio del Jurado Estudiantil al Mejor Trabajo de Escuela<\/span><br \/>\n<strong>Adjustment<\/strong><\/p>\n<p><strong>(Ajuste)<\/strong><\/p>\n<p><span class=\"destacado\"> (2006 \/ HDV \/ 00:06:30 \/ color)<\/span><\/p>\n<p><em>Ian Mackinnon, Reino Unido<\/em><\/p>\n<p>Royal College of Art<\/p>\n<p>Un hombre escribe su diario y busca parpadeos de esperanza en un drama de obsesi\u00f3n emocional y t\u00e9cnica.<\/p>\n<\/div>\n<\/div>\n<div class=\"modulo\">\n<p><span class=\"titulo\"> Menciones Especiales del Jurado Estudiantil.<\/span><\/p>\n<div class=\"imagen_izq\"><img loading=\"lazy\" decoding=\"async\" src=\"http:\/\/www.animafestival.com.ar\/imagenes_cortos\/cat_ganadores\/458.png\" alt=\"\" width=\"200\" height=\"200\"><\/div>\n<div class=\"texto_der\"><span class=\"nota\">Menci\u00f3n Especial del Jurado Estudiantil<\/span><br \/>\n<strong>458nm<\/strong><\/p>\n<p><span class=\"destacado\"><br \/>\n(2006 \/ DVD \/ 00:07:00 \/ color) 3D<\/span><\/p>\n<p><em>Jan Bitzer, Ilija Brunck, Tom Weber, Alemania<\/em><\/p>\n<p>Filmakademie Baden-Wuerttemberg<\/p>\n<p>Encuentro rom\u00e1ntico de dos caracoles mec\u00e1nicos bajo la luz de la luna.<\/p>\n<\/div>\n<\/div>\n<div class=\"modulo\">\n<div class=\"imagen_izq\"><img loading=\"lazy\" decoding=\"async\" src=\"http:\/\/www.animafestival.com.ar\/imagenes_cortos\/cat_ganadores\/admin.png\" alt=\"\" width=\"200\" height=\"200\"><\/div>\n<div class=\"texto_der\">\n<p><span class=\"nota\">Menci\u00f3n Especial del Jurado Estudiantil<\/span> <strong>Administrators<\/strong><\/p>\n<p><strong>(Administradores)<\/strong><\/p>\n<p><span class=\"destacado\"> (2006 \/ Betacam \/ 00:06:37 \/ color) L\u00e1piz sobre papel, 2D computadora<\/span><\/p>\n<p><em>Roman Klochkov, B\u00e9lgica<\/em><\/p>\n<p>K.A.S.K Hogeschool Gent<\/p>\n<p>El bosque administrativo. La casa del conejo Egor se quema, Egor solicita un extinguidor&#8230;<\/p>\n<\/div>\n<\/div>\n<div class=\"modulo\">\n<p><span class=\"titulo\">Premio del p\u00fablico. <\/span><\/p>\n<div class=\"imagen_izq\"><img loading=\"lazy\" decoding=\"async\" src=\"http:\/\/www.animafestival.com.ar\/imagenes_cortos\/cat_ganadores\/soleado.png\" alt=\"\" width=\"200\" height=\"200\"><\/div>\n<div class=\"texto_der\"><span class=\"nota\">Premio del p\u00fablico del Festival a la Mejor Animaci\u00f3n<\/span><br \/>\n<strong>Ein Sonniger Tag<\/strong><\/p>\n<p><strong>(Un d\u00eda soleado)<\/strong><\/p>\n<p><span class=\"destacado\"><br \/>\n(2007 \/ 35mm \/ 00:06:17 \/ color) Tinta en papel, composici\u00f3n 2D<\/span><\/p>\n<p><em>Gil Alkabetz, Alemania <\/em><\/p>\n<p>El sol se levanta como en cada ma\u00f1ana, pero hoy descubre que no es tan bienvenido como \u00e9l esperaba.<\/p>\n<\/div>\n<\/div>\n<\/div>\n<\/div>\n","protected":false},"excerpt":{"rendered":"<p>Gran Premio del Jurado Internacional. Premio a la Mejor Animaci\u00f3n Der Kloane (El peque\u00f1o) (2006 \/ Betacam \/ 00:10:00 \/ color) Dibujos Andreas Hykade, Alemania \u00abBien, te doy el peque\u00f1o. Pero tienes que cuidarlo, y matarlo en un a\u00f1o \u00bb Dijo mi t\u00edo. Historias Animadas. Premio del Jurado Internacional a la Mejor Animaci\u00f3n de la [&hellip;]<\/p>\n","protected":false},"author":1,"featured_media":0,"parent":0,"menu_order":0,"comment_status":"closed","ping_status":"open","template":"","meta":{"footnotes":""},"class_list":["post-1735","page","type-page","status-publish","hentry"],"_links":{"self":[{"href":"https:\/\/www.animafestival.com.ar\/current\/wp-json\/wp\/v2\/pages\/1735","targetHints":{"allow":["GET"]}}],"collection":[{"href":"https:\/\/www.animafestival.com.ar\/current\/wp-json\/wp\/v2\/pages"}],"about":[{"href":"https:\/\/www.animafestival.com.ar\/current\/wp-json\/wp\/v2\/types\/page"}],"author":[{"embeddable":true,"href":"https:\/\/www.animafestival.com.ar\/current\/wp-json\/wp\/v2\/users\/1"}],"replies":[{"embeddable":true,"href":"https:\/\/www.animafestival.com.ar\/current\/wp-json\/wp\/v2\/comments?post=1735"}],"version-history":[{"count":1,"href":"https:\/\/www.animafestival.com.ar\/current\/wp-json\/wp\/v2\/pages\/1735\/revisions"}],"predecessor-version":[{"id":1860,"href":"https:\/\/www.animafestival.com.ar\/current\/wp-json\/wp\/v2\/pages\/1735\/revisions\/1860"}],"wp:attachment":[{"href":"https:\/\/www.animafestival.com.ar\/current\/wp-json\/wp\/v2\/media?parent=1735"}],"curies":[{"name":"wp","href":"https:\/\/api.w.org\/{rel}","templated":true}]}}