{"id":1737,"date":"2011-02-15T12:08:53","date_gmt":"2011-02-15T15:08:53","guid":{"rendered":"http:\/\/www.animafestival.com.ar\/"},"modified":"2021-04-10T11:20:22","modified_gmt":"2021-04-10T14:20:22","slug":"edicion-2001","status":"publish","type":"page","link":"https:\/\/www.animafestival.com.ar\/current\/edicion-2001\/","title":{"rendered":"2001"},"content":{"rendered":"<div id=\"principal\">\n<div id=\"contenido\">\n<div class=\"modulo\"><img decoding=\"async\" src=\"http:\/\/www.animafestival.com.ar\/imgs\/spa\/titulo_2001.gif\" alt=\"\" width=\"167\" height=\"35\" \/><br \/>\n<span class=\"titulo\">Premio del P\u00fablico<\/span><\/p>\n<div class=\"imagen_izq\"><img decoding=\"async\" src=\"http:\/\/www.animafestival.com.ar\/imagenes_cortos\/cat_ganadores\/2001_pilas.jpg\" alt=\"\" width=\"200\" height=\"200\" \/><\/div>\n<div class=\"texto_der\"><span class=\"nota\">Premio a la Mejor Animaci\u00f3n <\/span><br \/>\n<strong>N\u00e3o fique pilhado<\/strong><\/p>\n<p><strong>(No tire pilas) <\/strong><\/p>\n<p><span class=\"destacado\"><br \/>\n2000 \/ VHS \/ 3 min. 25 sec. \/ Color \/ Animaci\u00f3n tradicional + 3D<\/span><\/p>\n<p><em> Vicente Amorim, Carlos Duba, Jo\u00e3o Amorim . Brasil <\/em><\/p>\n<p>\u201cN\u00e3o fique pilhado\u201d es un dibujo animador moderno y c\u00f3mico sobre reciclaje de pilas.<\/p>\n<\/div>\n<\/div>\n<div class=\"modulo\">\n<p><span class=\"titulo\">Premio al Mejor Trabajo de Escuela <\/span><\/p>\n<div class=\"imagen_izq\"><img decoding=\"async\" src=\"http:\/\/www.animafestival.com.ar\/imagenes_cortos\/cat_ganadores\/2001_onion.jpg\" alt=\"\" width=\"200\" height=\"200\" \/><\/div>\n<div class=\"texto_der\"><span class=\"nota\">Premio a la Mejor Animaci\u00f3n (compartido) <\/span><br \/>\n<strong>Onion John<\/strong><\/p>\n<p><strong>(Juan Cebolla)<\/strong><\/p>\n<p><span class=\"destacado\"><br \/>\n2000 \/ Betacam SP \/ 4 min. 1 sec. \/ ByN \/ Animaci\u00f3n Tradicional<\/span><\/p>\n<p><em> Charles Alleneck <\/em><\/p>\n<p>\u201cOnion John\u201d es un cuento musical acerca de un particular joven y su b\u00fasqueda por ser aceptado en un pueblo que lo ve como fen\u00f3meno de circo.<\/p>\n<\/div>\n<\/div>\n<div class=\"modulo\">\n<div class=\"imagen_izq\"><img loading=\"lazy\" decoding=\"async\" src=\"http:\/\/www.animafestival.com.ar\/imagenes_cortos\/cat_ganadores\/2001_values.jpg\" alt=\"\" width=\"200\" height=\"200\" \/><\/div>\n<div class=\"texto_der\"><span class=\"nota\">Premio a la Mejor Animaci\u00f3n (compartido) <\/span><br \/>\n<strong>Values<\/strong><\/p>\n<p><strong>(Valores) <\/strong><\/p>\n<p><span class=\"destacado\"><br \/>\n2000 \/ VHS \/ 5 min. \/ Color \/ 3D<\/span><\/p>\n<p><em> Van Phan <\/em><\/p>\n<p>Un padre reconoce lo que realmente valora.<\/p>\n<\/div>\n<\/div>\n<\/div>\n<\/div>\n","protected":false},"excerpt":{"rendered":"<p>Premio del P\u00fablico Premio a la Mejor Animaci\u00f3n N\u00e3o fique pilhado (No tire pilas) 2000 \/ VHS \/ 3 min. 25 sec. \/ Color \/ Animaci\u00f3n tradicional + 3D Vicente Amorim, Carlos Duba, Jo\u00e3o Amorim . Brasil \u201cN\u00e3o fique pilhado\u201d es un dibujo animador moderno y c\u00f3mico sobre reciclaje de pilas. Premio al Mejor Trabajo [&hellip;]<\/p>\n","protected":false},"author":1,"featured_media":0,"parent":0,"menu_order":0,"comment_status":"closed","ping_status":"closed","template":"","meta":{"footnotes":""},"class_list":["post-1737","page","type-page","status-publish","hentry"],"_links":{"self":[{"href":"https:\/\/www.animafestival.com.ar\/current\/wp-json\/wp\/v2\/pages\/1737","targetHints":{"allow":["GET"]}}],"collection":[{"href":"https:\/\/www.animafestival.com.ar\/current\/wp-json\/wp\/v2\/pages"}],"about":[{"href":"https:\/\/www.animafestival.com.ar\/current\/wp-json\/wp\/v2\/types\/page"}],"author":[{"embeddable":true,"href":"https:\/\/www.animafestival.com.ar\/current\/wp-json\/wp\/v2\/users\/1"}],"replies":[{"embeddable":true,"href":"https:\/\/www.animafestival.com.ar\/current\/wp-json\/wp\/v2\/comments?post=1737"}],"version-history":[{"count":1,"href":"https:\/\/www.animafestival.com.ar\/current\/wp-json\/wp\/v2\/pages\/1737\/revisions"}],"predecessor-version":[{"id":1862,"href":"https:\/\/www.animafestival.com.ar\/current\/wp-json\/wp\/v2\/pages\/1737\/revisions\/1862"}],"wp:attachment":[{"href":"https:\/\/www.animafestival.com.ar\/current\/wp-json\/wp\/v2\/media?parent=1737"}],"curies":[{"name":"wp","href":"https:\/\/api.w.org\/{rel}","templated":true}]}}