{"id":2117,"date":"2021-09-15T14:10:30","date_gmt":"2021-09-15T17:10:30","guid":{"rendered":"https:\/\/www.animafestival.com.ar\/current\/?page_id=2117"},"modified":"2021-10-01T20:41:39","modified_gmt":"2021-10-01T23:41:39","slug":"charlas-gratuitas-unreal-engine","status":"publish","type":"page","link":"https:\/\/www.animafestival.com.ar\/current\/charlas-gratuitas-unreal-engine\/","title":{"rendered":"CHARLAS GRATUITAS: UNREAL ENGINE"},"content":{"rendered":"\n<h2 class=\"has-text-align-center wp-block-heading\"> <strong>Unreal <strong>para Producci\u00f3n de Video y Animaci\u00f3n por Sebasti\u00e1n Hern\u00e1ndez<\/strong><\/strong><\/h2>\n\n\n\n<p><\/p>\n\n\n\n<figure class=\"wp-block-embed is-type-video is-provider-youtube wp-block-embed-youtube wp-embed-aspect-16-9 wp-has-aspect-ratio\"><div class=\"wp-block-embed__wrapper\">\n<iframe title=\"Unreal para Producci\u00f3n de Video y Animaci\u00f3n por Sebasti\u00e1n Hern\u00e1ndez\" width=\"640\" height=\"360\" src=\"https:\/\/www.youtube.com\/embed\/VdjEdDyOH8U?feature=oembed\" frameborder=\"0\" allow=\"accelerometer; autoplay; clipboard-write; encrypted-media; gyroscope; picture-in-picture; web-share\" referrerpolicy=\"strict-origin-when-cross-origin\" allowfullscreen><\/iframe>\n<\/div><\/figure>\n\n\n\n<p><\/p>\n\n\n\n<p><\/p>\n\n\n\n<hr class=\"wp-block-separator alignfull is-style-wide\" \/>\n\n\n\n<h2 class=\"has-text-align-center wp-block-heading\"><strong>Sequencer para animaci\u00f3n con Unreal Engine por Christian Andrade<\/strong><\/h2>\n\n\n\n<p><\/p>\n\n\n\n<figure class=\"wp-block-embed is-type-video is-provider-youtube wp-block-embed-youtube wp-embed-aspect-16-9 wp-has-aspect-ratio\"><div class=\"wp-block-embed__wrapper\">\n<iframe title=\"Sequencer para animaci\u00f3n con Unreal Engine por Christian Andrade\" width=\"640\" height=\"360\" src=\"https:\/\/www.youtube.com\/embed\/bVqGte05G70?feature=oembed\" frameborder=\"0\" allow=\"accelerometer; autoplay; clipboard-write; encrypted-media; gyroscope; picture-in-picture; web-share\" referrerpolicy=\"strict-origin-when-cross-origin\" allowfullscreen><\/iframe>\n<\/div><\/figure>\n\n\n\n<hr class=\"wp-block-separator alignfull is-style-wide\" \/>\n\n\n\n<h2 class=\"has-text-align-center wp-block-heading\"><strong>Captura de Movimiento con Unreal Engine por Christian Andrade<\/strong><\/h2>\n\n\n\n<p><\/p>\n\n\n\n<figure class=\"wp-block-embed is-type-video is-provider-youtube wp-block-embed-youtube wp-embed-aspect-16-9 wp-has-aspect-ratio\"><div class=\"wp-block-embed__wrapper\">\n<iframe title=\"Workshop Captura de Movimiento con Unreal Engine por Christian Andrade\" width=\"640\" height=\"360\" src=\"https:\/\/www.youtube.com\/embed\/RdeJADDFMSE?feature=oembed\" frameborder=\"0\" allow=\"accelerometer; autoplay; clipboard-write; encrypted-media; gyroscope; picture-in-picture; web-share\" referrerpolicy=\"strict-origin-when-cross-origin\" allowfullscreen><\/iframe>\n<\/div><\/figure>\n\n\n\n<p><br><\/p>\n","protected":false},"excerpt":{"rendered":"<p>Unreal para Producci\u00f3n de Video y Animaci\u00f3n por Sebasti\u00e1n Hern\u00e1ndez Sequencer para animaci\u00f3n con Unreal Engine por Christian Andrade Captura de Movimiento con Unreal Engine por Christian Andrade<\/p>\n","protected":false},"author":13,"featured_media":0,"parent":0,"menu_order":0,"comment_status":"closed","ping_status":"closed","template":"","meta":{"footnotes":""},"class_list":["post-2117","page","type-page","status-publish","hentry"],"_links":{"self":[{"href":"https:\/\/www.animafestival.com.ar\/current\/wp-json\/wp\/v2\/pages\/2117","targetHints":{"allow":["GET"]}}],"collection":[{"href":"https:\/\/www.animafestival.com.ar\/current\/wp-json\/wp\/v2\/pages"}],"about":[{"href":"https:\/\/www.animafestival.com.ar\/current\/wp-json\/wp\/v2\/types\/page"}],"author":[{"embeddable":true,"href":"https:\/\/www.animafestival.com.ar\/current\/wp-json\/wp\/v2\/users\/13"}],"replies":[{"embeddable":true,"href":"https:\/\/www.animafestival.com.ar\/current\/wp-json\/wp\/v2\/comments?post=2117"}],"version-history":[{"count":14,"href":"https:\/\/www.animafestival.com.ar\/current\/wp-json\/wp\/v2\/pages\/2117\/revisions"}],"predecessor-version":[{"id":2213,"href":"https:\/\/www.animafestival.com.ar\/current\/wp-json\/wp\/v2\/pages\/2117\/revisions\/2213"}],"wp:attachment":[{"href":"https:\/\/www.animafestival.com.ar\/current\/wp-json\/wp\/v2\/media?parent=2117"}],"curies":[{"name":"wp","href":"https:\/\/api.w.org\/{rel}","templated":true}]}}