{"id":2218,"date":"2021-10-04T12:24:59","date_gmt":"2021-10-04T15:24:59","guid":{"rendered":"https:\/\/www.animafestival.com.ar\/current\/?page_id=2218"},"modified":"2021-10-04T12:27:36","modified_gmt":"2021-10-04T15:27:36","slug":"cinexpress","status":"publish","type":"page","link":"https:\/\/www.animafestival.com.ar\/current\/cinexpress\/","title":{"rendered":"CINEXPRESS"},"content":{"rendered":"\n<p class=\"has-medium-font-size\">Hac\u00e9 click en este enlace para ver toda nuestra programaci\u00f3n a trav\u00e9s de Cinexpress.<\/p>\n\n\n\n<p class=\"has-medium-font-size\">Click on this link to see all our film programme through Cinexpress.<\/p>\n\n\n\n<p class=\"has-medium-font-size\"><a href=\"http:\/\/www.cinexpress48.com\/anima-cine-online\" data-type=\"URL\" data-id=\"www.cinexpress48.com\/anima-cine-online\" target=\"_blank\" rel=\"noreferrer noopener\">www.cinexpress48.com\/anima-cine-online<\/a><\/p>\n\n\n\n<figure class=\"wp-block-image size-full\"><img fetchpriority=\"high\" decoding=\"async\" width=\"800\" height=\"800\" src=\"https:\/\/www.animafestival.com.ar\/current\/files\/2021\/10\/CINEXPRESS.jpeg\" alt=\"\" class=\"wp-image-2219\" srcset=\"https:\/\/www.animafestival.com.ar\/current\/files\/2021\/10\/CINEXPRESS.jpeg 800w, https:\/\/www.animafestival.com.ar\/current\/files\/2021\/10\/CINEXPRESS-300x300.jpeg 300w, https:\/\/www.animafestival.com.ar\/current\/files\/2021\/10\/CINEXPRESS-150x150.jpeg 150w, https:\/\/www.animafestival.com.ar\/current\/files\/2021\/10\/CINEXPRESS-768x768.jpeg 768w, https:\/\/www.animafestival.com.ar\/current\/files\/2021\/10\/CINEXPRESS-400x400.jpeg 400w, https:\/\/www.animafestival.com.ar\/current\/files\/2021\/10\/CINEXPRESS-100x100.jpeg 100w\" sizes=\"(max-width: 800px) 100vw, 800px\" \/><\/figure>\n\n\n\n<p><\/p>\n","protected":false},"excerpt":{"rendered":"<p>Hac\u00e9 click en este enlace para ver toda nuestra programaci\u00f3n a trav\u00e9s de Cinexpress. Click on this link to see all our film programme through Cinexpress. www.cinexpress48.com\/anima-cine-online<\/p>\n","protected":false},"author":13,"featured_media":0,"parent":0,"menu_order":0,"comment_status":"closed","ping_status":"closed","template":"","meta":{"footnotes":""},"class_list":["post-2218","page","type-page","status-publish","hentry"],"_links":{"self":[{"href":"https:\/\/www.animafestival.com.ar\/current\/wp-json\/wp\/v2\/pages\/2218","targetHints":{"allow":["GET"]}}],"collection":[{"href":"https:\/\/www.animafestival.com.ar\/current\/wp-json\/wp\/v2\/pages"}],"about":[{"href":"https:\/\/www.animafestival.com.ar\/current\/wp-json\/wp\/v2\/types\/page"}],"author":[{"embeddable":true,"href":"https:\/\/www.animafestival.com.ar\/current\/wp-json\/wp\/v2\/users\/13"}],"replies":[{"embeddable":true,"href":"https:\/\/www.animafestival.com.ar\/current\/wp-json\/wp\/v2\/comments?post=2218"}],"version-history":[{"count":2,"href":"https:\/\/www.animafestival.com.ar\/current\/wp-json\/wp\/v2\/pages\/2218\/revisions"}],"predecessor-version":[{"id":2222,"href":"https:\/\/www.animafestival.com.ar\/current\/wp-json\/wp\/v2\/pages\/2218\/revisions\/2222"}],"wp:attachment":[{"href":"https:\/\/www.animafestival.com.ar\/current\/wp-json\/wp\/v2\/media?parent=2218"}],"curies":[{"name":"wp","href":"https:\/\/api.w.org\/{rel}","templated":true}]}}