{"id":2382,"date":"2021-11-28T17:35:39","date_gmt":"2021-11-28T20:35:39","guid":{"rendered":"https:\/\/www.animafestival.com.ar\/current\/?page_id=2382"},"modified":"2021-11-28T17:40:40","modified_gmt":"2021-11-28T20:40:40","slug":"catalogo-2021","status":"publish","type":"page","link":"https:\/\/www.animafestival.com.ar\/current\/catalogo-2021\/","title":{"rendered":"CAT\u00c1LOGO | CATALOGUE 2021"},"content":{"rendered":"\n<p>Hac\u00e9 click aqu\u00ed para acceder a nuestro cat\u00e1logo 2021.<\/p>\n\n\n\n<p>Click here to access our 2021 catalogue.<\/p>\n\n\n\n<p><a href=\"https:\/\/drive.google.com\/file\/d\/1JDH63eyD9JPp9sQpdPcoHBPLSBxGaD3u\/view\">https:\/\/drive.google.com\/file\/d\/1JDH63eyD9JPp9sQpdPcoHBPLSBxGaD3u\/view<\/a><\/p>\n","protected":false},"excerpt":{"rendered":"<p>Hac\u00e9 click aqu\u00ed para acceder a nuestro cat\u00e1logo 2021. Click here to access our 2021 catalogue. https:\/\/drive.google.com\/file\/d\/1JDH63eyD9JPp9sQpdPcoHBPLSBxGaD3u\/view<\/p>\n","protected":false},"author":13,"featured_media":0,"parent":0,"menu_order":0,"comment_status":"closed","ping_status":"closed","template":"","meta":{"footnotes":""},"class_list":["post-2382","page","type-page","status-publish","hentry"],"_links":{"self":[{"href":"https:\/\/www.animafestival.com.ar\/current\/wp-json\/wp\/v2\/pages\/2382","targetHints":{"allow":["GET"]}}],"collection":[{"href":"https:\/\/www.animafestival.com.ar\/current\/wp-json\/wp\/v2\/pages"}],"about":[{"href":"https:\/\/www.animafestival.com.ar\/current\/wp-json\/wp\/v2\/types\/page"}],"author":[{"embeddable":true,"href":"https:\/\/www.animafestival.com.ar\/current\/wp-json\/wp\/v2\/users\/13"}],"replies":[{"embeddable":true,"href":"https:\/\/www.animafestival.com.ar\/current\/wp-json\/wp\/v2\/comments?post=2382"}],"version-history":[{"count":4,"href":"https:\/\/www.animafestival.com.ar\/current\/wp-json\/wp\/v2\/pages\/2382\/revisions"}],"predecessor-version":[{"id":3026,"href":"https:\/\/www.animafestival.com.ar\/current\/wp-json\/wp\/v2\/pages\/2382\/revisions\/3026"}],"wp:attachment":[{"href":"https:\/\/www.animafestival.com.ar\/current\/wp-json\/wp\/v2\/media?parent=2382"}],"curies":[{"name":"wp","href":"https:\/\/api.w.org\/{rel}","templated":true}]}}