{"id":243,"date":"2017-09-24T23:45:15","date_gmt":"2017-09-24T23:45:15","guid":{"rendered":"http:\/\/www.animafestival.com.ar\/2017\/?page_id=243"},"modified":"2017-10-02T19:24:58","modified_gmt":"2017-10-02T19:24:58","slug":"rigging-para-stop-motion","status":"publish","type":"page","link":"https:\/\/www.animafestival.com.ar\/current\/rigging-para-stop-motion\/","title":{"rendered":"Rigging para Stop Motion"},"content":{"rendered":"<h2>Workshop<br \/>\nConstrucci\u00f3n de Mecanismos para Animaci\u00f3n Stop Motion<\/h2>\n<p dir=\"ltr\"><strong>Talleristas<\/strong><\/p>\n<p dir=\"ltr\">\n<table id=\"tablepress-17\" class=\"tablepress tablepress-id-17\">\n<tbody class=\"row-striping row-hover\">\n<tr class=\"row-1\">\n\t<td class=\"column-1\"><img fetchpriority=\"high\" decoding=\"async\" src=\"..\/files\/2017\/10\/Becho-Lo-Bianco_FOTO2.jpg\" alt=\"\" width=\"300\" height=\"300\" class=\"alignnone size-full wp-image-615\" srcset=\"https:\/\/www.animafestival.com.ar\/current\/files\/2017\/10\/Becho-Lo-Bianco_FOTO2.jpg 300w, https:\/\/www.animafestival.com.ar\/current\/files\/2017\/10\/Becho-Lo-Bianco_FOTO2-150x150.jpg 150w, https:\/\/www.animafestival.com.ar\/current\/files\/2017\/10\/Becho-Lo-Bianco_FOTO2-100x100.jpg 100w\" sizes=\"(max-width: 300px) 100vw, 300px\" \/><br \/>\n<br \/>\nBecho <B>LO BIANCO<\/B><\/td><td class=\"column-2\"><div class=\"texto_jurados\">Jos\u00e9 Manuel \"Becho\" Lo Bianco, estudi\u00f3 Dise\u00f1o de Imagen y Sonido en la Universidad de Buenos Aires entre los a\u00f1os 2001 y 2006. En paralelo, en 2004,  realiz\u00f3 el curso extracurricular de Animaci\u00f3n Stop Motion en la \"Escuela Nacional de Experimentaci\u00f3n y Realizaci\u00f3n Cinematogr\u00e1fica\u201d dictado por Rodolfo Saez Valiente.<br \/>\nEn 2006 dirigi\u00f3 su primer cortometraje \u201cLa Caja\u201d y realiz\u00f3 la direcci\u00f3n de animaci\u00f3n del multipremiado cortometraje \u201c2 Metros\u201d dirigido por Javier Mrad. Entre 2007 y 2009 film\u00f3 el cortometraje \u201cTecl\u00f3polis\u201d en el cual realiz\u00f3 la direcci\u00f3n de animaci\u00f3n. Es entonces que fund\u00f3 al estudio Can Can Club junto a Mariano Bergara.<br \/>\nEn los \u00faltimos a\u00f1os fue invitado a dictar talleres y workshops en diversos eventos como:<br \/>\n\u2022    2008 . Workshop de Animaci\u00f3n Stop Motion - Festival No Loop. Bogot\u00e1 Colombia.<br \/>\n\u2022    2011 - Curso \"Acci\u00f3n y creaci\u00f3n stop motion\". Universidad Maim\u00f3nides. Bs. As. Argentina.<br \/>\n\u2022    2015 . Conferencia \"C\u00f3mo ser un gran animador y no perderse en el camino\u201d. Big Bang Festival. Buenos Aires, Argentina.<br \/>\n\u2022    2015 . Materia \u201cIntroducci\u00f3n a la animaci\u00f3n Stop Motion\u201d. Perteneciente a la carrera \u201cDise\u00f1o Multimedial\u201d. Escuela Da Vinci. Buenos Aires, Argentina.<br \/>\n\u2022    2016 . Conferencia \"Para animar, hay que animar\" junto a Mariano Bergara -  4to Encuentro Acad\u00e9mico de Animaci\u00f3n, Colombia.<br \/>\n\u2022    2016 - Taller de animaci\u00f3n para ni\u00f1os Festival Maipu Cortos. Maipu, Argentina.<br \/>\n\u2022    2016 - Masterclass de animaci\u00f3n en el Festival Monstra. Lisboa, Portugal.<\/div><br \/>\n<\/td><td class=\"column-3\"><i><div class=\"texto_jurados\">Jos\u00e9 Manuel \"Becho\" Lo Bianco, studied Image and Sound Design in the Universidad de Buenos Aires between 2001 and 2006. In 2004, he took an extracurricular Stop Motion-Animation course in the \"Escuela Nacional de Experimentaci\u00f3n y Realizaci\u00f3n Cinematogr\u00e1fica\u201d, given by Rodolfo Saez Valiente.<br \/>\nIn 2006, he directed his first short-film \u201cLa Caja\u201d and directed the animation of the short \u201c2 Metros\u201d, directed by Javier Mrad. Between 2007 and 2009, he filmed and directed the animation of the short piece \u201cTecl\u00f3polis\u201d. At that time, he founded the Can Can Club, alongside Mariano Bergara.<br \/>\nBecho receives invitations to give workshops and courses in events such as the following:<br \/>\n2008: Stop-Motion Animation Workshop. Festival No Loop. Bogota, Colombia.<br \/>\n2011: Course: \"Stop-Motion Animaton and Creation\". Universidad Maim\u00f3nides. Buenos Aires, Argentina.<br \/>\n2015: Conference \"How to be a Great Animator without Getting Lost along the Way\u201d. Big Bang Festival. Buenos Aires, Argentina.<br \/>\n2015: Subject: \u201cIntroduction to Stop-Motion Animation\u201d. Included in the course of studies \u201cMultimedial Design\u201d. Escuela Da Vinci. Buenos Aires, Argentina.<br \/>\n2016: Conference \"Animation is About Being Animated\", alongside Mariano Bergara. IV Academic Animation Meeting. Colombia.<br \/>\n2016. Workshop: Animation for Children. Festival Maipu Cortos. Maip\u00fa, Argentina.<br \/>\n2016. Animation Masterclass in the Festival Monstra. Lisbon, Portugal.<\/div><\/i><\/td>\n<\/tr>\n<tr class=\"row-2\">\n\t<td class=\"column-1\"><img decoding=\"async\" src=\"..\/files\/2017\/10\/Seba-Hojnadel_FOTO.jpg\" alt=\"\" width=\"300\" height=\"300\" class=\"alignnone size-full wp-image-616\" srcset=\"https:\/\/www.animafestival.com.ar\/current\/files\/2017\/10\/Seba-Hojnadel_FOTO.jpg 300w, https:\/\/www.animafestival.com.ar\/current\/files\/2017\/10\/Seba-Hojnadel_FOTO-150x150.jpg 150w, https:\/\/www.animafestival.com.ar\/current\/files\/2017\/10\/Seba-Hojnadel_FOTO-100x100.jpg 100w\" sizes=\"(max-width: 300px) 100vw, 300px\" \/><br \/>\n<br \/>\nSebasti\u00e1n <B>HOJNADEL<\/B><\/td><td class=\"column-2\"><div class=\"texto_jurados\">Luego de trabajar por a\u00f1os como utilero en largometrajes y comerciales, en 2008 se une a Can Can Club. All\u00ed se especializa en la resoluci\u00f3n y construcci\u00f3n de mecanismos para los diferentes proyectos.<br \/>\nDeviene responsable del taller a partir de su total manejo de todas las herramientas y materiales a su alcance. En poco tiempo se vuelve una persona fundamental en la estructura; donde su an\u00e1lisis de las posibilidades mec\u00e1nicas y estructurales, transforma a los proyectos y a sus propuestas de animaci\u00f3n de un modo superlativo.<br \/>\nCreativo, inventor y gran investigador, es uno de los propulsores de las soluciones pr\u00e1cticas para problemas complejos a partir de su experiencia en mec\u00e1nica, electr\u00f3nica, construcci\u00f3n y realizaci\u00f3n.<\/div><\/td><td class=\"column-3\"><i><div class=\"texto_jurados\">After many years working as a prop master in feature films and advertisements, in 2008 he joins Can Can Club, where he specializes in problem resolution and in the develpment of mechanisms for different projects.<br \/>\nAs the person responsible of the workshop, he is in charge of handling all the tools and materials at his reach. In a very short time, he becomes an essential piece within the structure area. His analysis of the structural and mechanical possibilities of things exponentially transforms the animation proposal of the projects.<br \/>\nCreative, inventive and a great researcher, his experience in mechanics, electronics, construction and craftmanship is a driving force behind the practical solutions to complex problems.<\/div><\/i><\/td>\n<\/tr>\n<\/tbody>\n<\/table>\n<!-- #tablepress-17 from cache --><\/p>\n<p dir=\"ltr\">Espacio en que se desarrollar\u00e1: Aulas E (Escultura) <a href=\"http:\/\/www.animafestival.com.ar\/2017\/sedes\/\">CePIA<\/a>.<\/p>\n<p dir=\"ltr\">D\u00edas y Horarios: jueves 12 y viernes 13 de octubre, de 9:30 a 13:30 hs<\/p>\n<p dir=\"ltr\">Total Horas: 8 hs. reloj<\/p>\n<p dir=\"ltr\">Cupo m\u00e1ximo: 25 personas.<\/p>\n<p dir=\"ltr\">Para <a href=\"https:\/\/docs.google.com\/forms\/d\/e\/1FAIpQLSc45H8j0NxN3zc9kMdIIt5NZmTyGkYz_v-iZNIyeEl2sT6soA\/viewform\" target=\"_blank\">PREINSCRIBIRTE, hac\u00e9 click ac\u00e1<\/a>.<\/p>\n<p><strong>CONTENIDOS<\/strong><br \/>\nCuando nos enfrentamos a un proyecto stop motion nos encontramos con muchas limitaciones. Principalmente con los movimientos de c\u00e1mara y objetos voladores. Las soluciones m\u00e1s comunes son, por lo general, complejas e ineficientes. Despu\u00e9s de m\u00e1s de 10 a\u00f1os trabajando en el este arte, en Can Can Club hemos desarrollado sistemas muy simples para hacer movimientos de c\u00e1mara, tanto en travelling como en movimientos circulares. Tambi\u00e9n hemos desarrollado mecanismos para lograr hacer movimientos precisos y delicados con diversos objetos.<\/p>\n<p><strong>PROPUESTA<\/strong><br \/>\nA partir de la visualizaci\u00f3n de ejemplos de diferentes situaciones de uso de rigs, veremos como cada rig es funcional a una tarea.<br \/>\nReconocimiento de la inclusi\u00f3n de rigs en determinados movimientos y referencias de inter\u00e9s.<br \/>\nPoder analizar un movimiento para dise\u00f1ar y construir un rig que permita realizarlo.<br \/>\nSe proveer\u00e1 a los a participantes de planos de construcci\u00f3n y corte de los tres objetos a fabricarse durante las clases.<\/p>\n<p><strong>MATERIALES NECESARIOS<\/strong><br \/>\nCa\u00f1os de aluminio y piezas en acr\u00edlico cortadas laser (este material lo provee Can Can Club).<br \/>\nHerramientas: agujereadora, moladora, tornillos, etc (se puede solicitar una lista de necesidades o proveerlas desde Can Can Club).<br \/>\nProyector de video y conectores necesarios. La computadora la provee Can Can Club.<\/p>\n<p><strong>OBJETIVOS<\/strong><br \/>\nEntender c\u00f3mo, para qu\u00e9 y cuando se usan los rigs.<br \/>\nFabricaci\u00f3n de un carro de travelling, un mecanismo de caminata y un rig de objetos voladores.<\/p>\n<p>Al final de la cursada, los objetos realizados se sortear\u00e1n entre todos los participantes del curso.<\/p>\n","protected":false},"excerpt":{"rendered":"<p>Workshop Construcci\u00f3n de Mecanismos para Animaci\u00f3n Stop Motion Talleristas Espacio en que se desarrollar\u00e1: Aulas E (Escultura) CePIA. D\u00edas y Horarios: jueves 12 y viernes 13 de octubre, de 9:30 a 13:30 hs Total Horas: 8 hs. reloj Cupo m\u00e1ximo: 25 personas. Para PREINSCRIBIRTE, hac\u00e9 click ac\u00e1. CONTENIDOS Cuando nos enfrentamos a un proyecto stop [&hellip;]<\/p>\n","protected":false},"author":1,"featured_media":0,"parent":0,"menu_order":0,"comment_status":"closed","ping_status":"closed","template":"","meta":{"footnotes":""},"class_list":["post-243","page","type-page","status-publish","hentry"],"_links":{"self":[{"href":"https:\/\/www.animafestival.com.ar\/current\/wp-json\/wp\/v2\/pages\/243","targetHints":{"allow":["GET"]}}],"collection":[{"href":"https:\/\/www.animafestival.com.ar\/current\/wp-json\/wp\/v2\/pages"}],"about":[{"href":"https:\/\/www.animafestival.com.ar\/current\/wp-json\/wp\/v2\/types\/page"}],"author":[{"embeddable":true,"href":"https:\/\/www.animafestival.com.ar\/current\/wp-json\/wp\/v2\/users\/1"}],"replies":[{"embeddable":true,"href":"https:\/\/www.animafestival.com.ar\/current\/wp-json\/wp\/v2\/comments?post=243"}],"version-history":[{"count":8,"href":"https:\/\/www.animafestival.com.ar\/current\/wp-json\/wp\/v2\/pages\/243\/revisions"}],"predecessor-version":[{"id":621,"href":"https:\/\/www.animafestival.com.ar\/current\/wp-json\/wp\/v2\/pages\/243\/revisions\/621"}],"wp:attachment":[{"href":"https:\/\/www.animafestival.com.ar\/current\/wp-json\/wp\/v2\/media?parent=243"}],"curies":[{"name":"wp","href":"https:\/\/api.w.org\/{rel}","templated":true}]}}