{"id":245,"date":"2017-09-24T23:45:44","date_gmt":"2017-09-24T23:45:44","guid":{"rendered":"http:\/\/www.animafestival.com.ar\/2017\/?page_id=245"},"modified":"2017-10-02T19:43:10","modified_gmt":"2017-10-02T19:43:10","slug":"estructuras-para-stop-motion","status":"publish","type":"page","link":"https:\/\/www.animafestival.com.ar\/current\/estructuras-para-stop-motion\/","title":{"rendered":"Estructuras para Stop Motion"},"content":{"rendered":"<h2>Workshop<br \/>\nConstrucci\u00f3n de Armaduras para Stop Motion<\/h2>\n<p dir=\"ltr\">\n<table id=\"tablepress-18\" class=\"tablepress tablepress-id-18\">\n<tbody class=\"row-striping row-hover\">\n<tr class=\"row-1\">\n\t<td class=\"column-1\"><img fetchpriority=\"high\" decoding=\"async\" src=\"..\/files\/2017\/10\/Luis-Liendo_FOTO.jpg\" alt=\"\" width=\"300\" height=\"300\" class=\"alignnone size-full wp-image-626\" srcset=\"https:\/\/www.animafestival.com.ar\/current\/files\/2017\/10\/Luis-Liendo_FOTO.jpg 300w, https:\/\/www.animafestival.com.ar\/current\/files\/2017\/10\/Luis-Liendo_FOTO-150x150.jpg 150w, https:\/\/www.animafestival.com.ar\/current\/files\/2017\/10\/Luis-Liendo_FOTO-100x100.jpg 100w\" sizes=\"(max-width: 300px) 100vw, 300px\" \/><br \/>\n<br \/>\nLuis <B>LIENDO<\/B><\/td><td class=\"column-2\"><DIV CLASS=\"texto_jurados\">Nac\u00ed en C\u00f3rdoba Argentina en 1966. Antes de dedicarme exclusivamente a la ilustraci\u00f3n y la animaci\u00f3n, realic\u00e9 estudios muy diversos y aparentemente inconexos pero que a la larga me fueron de utilidad a la hora de solucionar problemas en el desarrollo de armaduras y sistemas para animar en Stop Motion. Entre ellos, 4 a\u00f1os de ingenier\u00eda, fabricaci\u00f3n de matricer\u00edas, y dise\u00f1o gr\u00e1fico. Esto \u00faltimo me permiti\u00f3 ingresar al mundo de las agencias de publicidad donde me desempe\u00f1\u00e9 por 14 a\u00f1os, como dise\u00f1ador gr\u00e1fico e ilustrador realizando tambi\u00e9n mis primeras experiencias en la animaci\u00f3n.<br \/>\nEn 2009 gan\u00e9 el premio \u201cADEPA\u201d a la ilustraci\u00f3n. Con este premio comienzo a dedicarme exclusivamente a la ilustraci\u00f3n, animaci\u00f3n y realizaci\u00f3n de storyboards.<br \/>\nDesde 2012 hasta la actualidad, soy parte del estudio \u201cEl Birque animaciones\u201d aportando conocimientos sobre fabricaci\u00f3n de armaduras para Stop Motion. Particip\u00e9 en el clip \u201cDo\u00f1a Ubenza\u201d video animado de Mariana Carrizo, dise\u00f1ando personajes y armaduras para stop motion; y en \u201cQuma y las bestias\u201d en la construcci\u00f3n de mu\u00f1ecos.<\/div><\/td><td class=\"column-3\"><i><div class=\"texto_jurados\">I was born in Cordoba, Argentina, in 1966. Before diving exclusivelly into illustration and animation, I took several seemingly disconnected courses of studies. However, they all became useful for solving problems related to the development of structures and systems for stop-motion animation. Some of the things I studied include the following: 4 years of engineering, construction of matrices, and graphic design. The latter opened the doors to the world of advertising agencies, where I worked for 14 years, both as graphic designer and illustrator, and where I took my fist steps in animation.<br \/>\nIn 2009, I was granted the \u201cADEPA\u201d award to illustration. Upon receiving that recognition, I became a full-time illustrator, animator and storyboard maker. Since 2012 to date, I have been member of \u201cEl Birque animaciones\u201d, where I contribute with my expertise to the construction of structures for Stop-Motion. I was part of the team behind \u201cDo\u00f1a Ubenza\u201d, an animated video by Mariana Carrizo, in charge of designing characters and structures for Stop-Motion, and I also built puppets for \u201cQuma y las bestias\u201d. <\/div><\/i><\/td>\n<\/tr>\n<tr class=\"row-2\">\n\t<td class=\"column-1\"><img decoding=\"async\" src=\"..\/files\/2017\/10\/Homero-Paz_FOTO.jpg\" alt=\"\" width=\"300\" height=\"300\" class=\"alignnone size-full wp-image-627\" srcset=\"https:\/\/www.animafestival.com.ar\/current\/files\/2017\/10\/Homero-Paz_FOTO.jpg 300w, https:\/\/www.animafestival.com.ar\/current\/files\/2017\/10\/Homero-Paz_FOTO-150x150.jpg 150w, https:\/\/www.animafestival.com.ar\/current\/files\/2017\/10\/Homero-Paz_FOTO-100x100.jpg 100w\" sizes=\"(max-width: 300px) 100vw, 300px\" \/><br \/>\n<br \/>\nHomero <B>PAZ<\/B><\/td><td class=\"column-2\"><div class=\"texto_jurados\">Mi acercamiento al stop motion fue por el 2002, si no me equivoco, cuando me sum\u00e9 al equipo que produjo \"Elvira, la trapecista\", un video clip animado sobre una canci\u00f3n de Marcos Luc. Desde entonces he participado en varias producciones animadas, ya sea como animador, construyendo objetos y maquetas para los proyectos o las estructuras met\u00e1licas de los personajes. Y es en ese aspecto en el que m\u00e1s me he especializado en los \u00faltimos a\u00f1os.<\/div><\/td><td class=\"column-3\"><i><div class=\"texto_jurados\">I came in contact with Stop-Motion around 2002, when I joined the production team of \"Elvira, la trapecista\", an animated clip for a song by Marcos Luc. Since then, I have participated in many animated productions, both as animator and as the builder of props, models and the metallic structures for the characters. That is the area in which I focused most in the past few years.<\/div><\/i><\/td>\n<\/tr>\n<\/tbody>\n<\/table>\n<!-- #tablepress-18 from cache --><\/p>\n<p dir=\"ltr\">Espacio en que se desarrollar\u00e1: Aulas E (Escultura) <a href=\"http:\/\/www.animafestival.com.ar\/2017\/sedes\/\">CePIA<\/a>.<\/p>\n<p dir=\"ltr\">D\u00edas y Horarios: jueves 12 y viernes 13 de octubre, de 9:30 a 13:30 hs.<\/p>\n<p dir=\"ltr\">Total Horas: 8 hs. reloj<\/p>\n<p dir=\"ltr\">Cupo m\u00e1ximo: 15 personas.<\/p>\n<p dir=\"ltr\">Para <a href=\"https:\/\/docs.google.com\/forms\/d\/e\/1FAIpQLSc45H8j0NxN3zc9kMdIIt5NZmTyGkYz_v-iZNIyeEl2sT6soA\/viewform\" target=\"_blank\" rel=\"noopener\">INSCRIBIRTE, click ac\u00e1<\/a>.<\/p>\n<p dir=\"ltr\">Breve descripci\u00f3n:<\/p>\n<p dir=\"ltr\">M\u00e1s de 20 a\u00f1os de experiencia, de ensayo y error en el \u00e1rea de construcci\u00f3n de armaduras para stop motion, y muchas producciones realizadas avalan la trayectoria de los docentes que llevar\u00e1n adelante la presente propuesta. En ella expondr\u00e1n inconvenientes usuales en el proceso de construcci\u00f3n de armaduras articuladas para mu\u00f1ecos y objetos en general, y proporcionar\u00e1n soluciones creativas y econ\u00f3micas para sortearlos.<\/p>\n<p>&nbsp;<\/p>\n<p dir=\"ltr\">Objetivos:<\/p>\n<ul>\n<li dir=\"ltr\">\n<p dir=\"ltr\">Entender c\u00f3mo funcionan las armaduras articuladas en diferentes casos seg\u00fan el personaje que se dise\u00f1a y las acciones que desarrollar\u00e1.<\/p>\n<\/li>\n<li dir=\"ltr\">\n<p dir=\"ltr\">Construir una armadura articulada b\u00e1sica para animaci\u00f3n.<\/p>\n<\/li>\n<\/ul>\n<p>&nbsp;<\/p>\n<p dir=\"ltr\">Actividades a desarrollar:<\/p>\n<ul>\n<li dir=\"ltr\">\n<p dir=\"ltr\">Visualizaci\u00f3n de ejemplos de diferentes situaciones de movimientos de personajes y necesidades a solucionar en cada caso.<\/p>\n<\/li>\n<li dir=\"ltr\">\n<p dir=\"ltr\">An\u00e1lisis y desglose de un movimiento para dise\u00f1ar \u00a0y construir la armadura articulada.<\/p>\n<\/li>\n<li dir=\"ltr\">\n<p dir=\"ltr\">Confecci\u00f3n de una armadura articulada b\u00e1sica para animaci\u00f3n.<\/p>\n<\/li>\n<\/ul>\n<p>&nbsp;<\/p>\n<p dir=\"ltr\">Materiales necesarios (Proporcionado por los docentes):<\/p>\n<ul>\n<li dir=\"ltr\">\n<p dir=\"ltr\">Planos de construcci\u00f3n y corte de la pieza a fabricarse durante las clases.<\/p>\n<\/li>\n<li dir=\"ltr\">\n<p dir=\"ltr\">Varillas de hierro, bolitas de acero, tornillos, tuercas y arandelas.<\/p>\n<\/li>\n<li dir=\"ltr\">\n<p dir=\"ltr\">Herramientas: agujereadora, amoladora, destornilladores, sierras de mano, morsa.<\/p>\n<\/li>\n<\/ul>\n<p>&nbsp;<\/p>\n","protected":false},"excerpt":{"rendered":"<p>Workshop Construcci\u00f3n de Armaduras para Stop Motion Espacio en que se desarrollar\u00e1: Aulas E (Escultura) CePIA. D\u00edas y Horarios: jueves 12 y viernes 13 de octubre, de 9:30 a 13:30 hs. Total Horas: 8 hs. reloj Cupo m\u00e1ximo: 15 personas. Para INSCRIBIRTE, click ac\u00e1. Breve descripci\u00f3n: M\u00e1s de 20 a\u00f1os de experiencia, de ensayo y [&hellip;]<\/p>\n","protected":false},"author":1,"featured_media":0,"parent":0,"menu_order":0,"comment_status":"closed","ping_status":"closed","template":"","meta":{"footnotes":""},"class_list":["post-245","page","type-page","status-publish","hentry"],"_links":{"self":[{"href":"https:\/\/www.animafestival.com.ar\/current\/wp-json\/wp\/v2\/pages\/245","targetHints":{"allow":["GET"]}}],"collection":[{"href":"https:\/\/www.animafestival.com.ar\/current\/wp-json\/wp\/v2\/pages"}],"about":[{"href":"https:\/\/www.animafestival.com.ar\/current\/wp-json\/wp\/v2\/types\/page"}],"author":[{"embeddable":true,"href":"https:\/\/www.animafestival.com.ar\/current\/wp-json\/wp\/v2\/users\/1"}],"replies":[{"embeddable":true,"href":"https:\/\/www.animafestival.com.ar\/current\/wp-json\/wp\/v2\/comments?post=245"}],"version-history":[{"count":6,"href":"https:\/\/www.animafestival.com.ar\/current\/wp-json\/wp\/v2\/pages\/245\/revisions"}],"predecessor-version":[{"id":630,"href":"https:\/\/www.animafestival.com.ar\/current\/wp-json\/wp\/v2\/pages\/245\/revisions\/630"}],"wp:attachment":[{"href":"https:\/\/www.animafestival.com.ar\/current\/wp-json\/wp\/v2\/media?parent=245"}],"curies":[{"name":"wp","href":"https:\/\/api.w.org\/{rel}","templated":true}]}}