{"id":251,"date":"2017-09-24T23:57:41","date_gmt":"2017-09-24T23:57:41","guid":{"rendered":"http:\/\/www.animafestival.com.ar\/2017\/?page_id=251"},"modified":"2017-10-01T12:52:19","modified_gmt":"2017-10-01T12:52:19","slug":"competencia-internacional-de-largometrajes","status":"publish","type":"page","link":"https:\/\/www.animafestival.com.ar\/current\/competencia-internacional-de-largometrajes\/","title":{"rendered":"Competencia Internacional de Largometrajes \/ International Feature Films Competition"},"content":{"rendered":"<p><strong>Jurados \/ <em>Jurors<\/em><\/strong><\/p>\n\n<table id=\"tablepress-11\" class=\"tablepress tablepress-id-11\">\n<tbody class=\"row-striping row-hover\">\n<tr class=\"row-1\">\n\t<td class=\"column-1\"><img fetchpriority=\"high\" decoding=\"async\" src=\"..\/files\/2017\/09\/Carmen-Garzon_FOTO.jpg\" alt=\"\" width=\"300\" height=\"300\" class=\"alignnone size-full wp-image-485\" srcset=\"https:\/\/www.animafestival.com.ar\/current\/files\/2017\/09\/Carmen-Garzon_FOTO.jpg 300w, https:\/\/www.animafestival.com.ar\/current\/files\/2017\/09\/Carmen-Garzon_FOTO-150x150.jpg 150w, https:\/\/www.animafestival.com.ar\/current\/files\/2017\/09\/Carmen-Garzon_FOTO-100x100.jpg 100w\" sizes=\"(max-width: 300px) 100vw, 300px\" \/><\/td><td class=\"column-2\"><b>Carmen GARZ\u00d3N<\/B><br \/>\n<br \/>\n<div class=\"texto_jurados\">Profesora Titular de la C\u00e1tedra de Cine Animaci\u00f3n con Elementos de Dise\u00f1o Gr\u00e1fico de la Licenciatura en Cine y TV Facultad de Artes (UNC) y Coordinadora del Centro Experimental de<br \/>\nAnimaci\u00f3n (CEAn) del Departamento de Cine y TV , Facultad de Artes, UNC.<br \/>\nDirectora de Arte de la Serie de animaci\u00f3n \u201cAnt\u00f3n\u201d, (SRT y CEAn), concurso Series de animaci\u00f3n nacionales para Productoras con Antecedentes INCAA , 2013. Directora de arte de la serie de microprogramas  animados \u201cRenata, Nazareno y el mundo de los sentimientos\u201d, (SRT, CEAn, Secretar\u00eda de Extensi\u00f3n (UNC) y canal PakaPaka), 2014. Directora de arte de la serie animada \u201cJard\u00edn M\u00f3vil concurso Serie de Animaciones Federales,<br \/>\nINCAA, 2015.<\/div><\/td><td class=\"column-3\"><i><b>Carmen GARZ\u00d3N<\/B><br \/>\n<br \/>\n<div class=\"texto_jurados\">Head to the chair of Cinema Animation with Elements from Graphic Design for the undergraduate course of studies Licenciatura en Cine y TV Facultad de Artes (National University of Cordoba) as well as the Coordinator of the Experimental Animation Center (CEAn), Departamento de Cine y TV , Facultad de Artes, National University of Cordoba. <br \/>\nCarmen was the Art Director of the animated series \u201cAnt\u00f3n\u201d, (SRT y CEAn), in the contest: National Animated Series for Experienced Production Studios, INCAA, 2013<br \/>\nArt Director of the series of animated micro-shows: \u201cRenata, Nazareno y el mundo de los sentimientos\u201d, (SRT, CEAn, Secretary of Extension (UNC) and the PakaPaka Channel), 2014. <br \/>\nArt Director of the animated series \u201cJard\u00edn M\u00f3vil\u201d, contest of the series of Federal Animations of INCAA, 2015.<\/div><\/i><\/td>\n<\/tr>\n<tr class=\"row-2\">\n\t<td class=\"column-1\"><img decoding=\"async\" src=\"..\/files\/2017\/09\/Rodrigo-Guerrero_FOTO.jpg\" alt=\"\" width=\"300\" height=\"300\" class=\"alignnone size-full wp-image-486\" srcset=\"https:\/\/www.animafestival.com.ar\/current\/files\/2017\/09\/Rodrigo-Guerrero_FOTO.jpg 300w, https:\/\/www.animafestival.com.ar\/current\/files\/2017\/09\/Rodrigo-Guerrero_FOTO-150x150.jpg 150w, https:\/\/www.animafestival.com.ar\/current\/files\/2017\/09\/Rodrigo-Guerrero_FOTO-100x100.jpg 100w\" sizes=\"(max-width: 300px) 100vw, 300px\" \/><\/td><td class=\"column-2\"><B>Rodrigo GUERRERO<\/B><br \/>\n<br \/>\n<div class=\"texto_jurados\">Nace en C\u00f3rdoba, Argentina, en 1982. Es Lic. en Cine y Televisi\u00f3n egresado de la Universidad Nacional de C\u00f3rdoba, Argentina, y Magister Universitario en Creaci\u00f3n de Guiones Audiovisuales titulado en la Universidad Internacional de La Rioja, Espa\u00f1a. Vinculado desde ni\u00f1o al medio teatral cordob\u00e9s, sus primeras incursiones en el campo audiovisual las realiza en el \u00e1rea de producci\u00f3n hasta que, posteriormente, comienza a generar sus propios proyectos como director \/ guionista. En el a\u00f1o 2009 crea junto a Lorena Quevedo la compa\u00f1\u00eda TWINS LATIN FILMS para desarrollar su \u00f3pera prima EL INVIERNO DE LOS RAROS, estrenada mundialmente en el 40th Festival Internacional de Cine de Rotterdam y seleccionada posteriormente para participar en numerosos festivales y muestras internacionales. En 2013 produce la serie animada LEYENDAS A CONTRALUZ, codirigida por Paz Bloj y Victoria Su\u00e1rez. Su segundo largometraje como director titulado EL TERCERO, se estren\u00f3 en la 16\u00ba edici\u00f3n de BAFICI (Buenos Aires festival Internacional de Cine Independiente, Abril 2014) y particip\u00f3 en numerosos  festivales internacionales entre los que se destacan el 50th Chicago International Film Festival y el 36\u00ba Festival Internacional del Nuevo Cine Latinoamericano de La Habana. Por su labor como director en su segunda pel\u00edcula recibi\u00f3 la distinci\u00f3n a la Mejor Direcci\u00f3n en el Festival Libercine 2014. En 2015 recibi\u00f3 la beca Nacional de Creaci\u00f3n del Fondo Nacional de las Artes para la escritura de uno de sus largometrajes. Actualmente est\u00e1 pre-produciendo su tercer largometraje como guionista y director: VENEZIA, a rodarse a finales del 2017. <\/div><\/td><td class=\"column-3\"><i><B>Rodrigo GUERRERO<\/b><br \/>\n<br \/>\n<div class=\"texto_jurados\">He was born in Cordoba, Argentina, in 1982. He has an undergraduate degree in Cinema and Television for the National University of Cordoba, Argentina, and a Masters Degree in Creation of Audiovisual Scripts, for the International University of La Rioja, Spain. He has been part of the theatre scene of the city for many years. His debut with audiovisual films takes place in production, until he starts developing his own projects as a director\/scriptwriter. In the year 2009, alongside Lorena Quevedo, he creates the TWINS LATIN FILMS company, in order to develop his film debut EL INVIERNO DE LOS RAROS, premiered internationally during the 40th International Film Festival Rotterdam, and selected to participate in many other international festivals. In 2013, he produces the animated series LEYENDAS A CONTRALUZ, co-directed by Paz Bloj and Victoria Su\u00e1rez. His second film as director, EL TERCERO, was featured in the 16\u00ba edition of BAFICI (Buenos Aires International Independent Film Festival of April 2014). Rodrigo participated in many international festivals including the 50th Chicago International Film Festival, and the 36\u00ba Festival of New Latinamerican Cinema of Havana. The work directing his second feature film granted him the distinction as Best Direction at the Libercine Festival in 2017. In 2015, he was awarded the National Creation Grant by the National Arts Fund in order to write one of his long films. Rodrigo is currently working on the pre-production of his third feature film as writer and director: VENEZIA, to be filmed later this 2017. <\/div><\/i><\/td>\n<\/tr>\n<tr class=\"row-3\">\n\t<td class=\"column-1\"><img decoding=\"async\" src=\"..\/files\/2017\/09\/Ximena-Triquell_FOTO-300x279.jpg\" alt=\"\" width=\"300\" height=\"279\" class=\"alignnone size-medium wp-image-488\" srcset=\"https:\/\/www.animafestival.com.ar\/current\/files\/2017\/09\/Ximena-Triquell_FOTO-300x279.jpg 300w, https:\/\/www.animafestival.com.ar\/current\/files\/2017\/09\/Ximena-Triquell_FOTO.jpg 526w\" sizes=\"(max-width: 300px) 100vw, 300px\" \/><\/td><td class=\"column-2\"><b>Ximena TRIQUELL<\/b><br \/>\n<br \/>\n<div class=\"texto_jurados\">Doctora y Magister en Teor\u00eda Cr\u00edtica por la Universidad de Nottingham, Inglaterra y Licenciada y Profesora en Letras por la Universidad Nacional de C\u00f3rdoba.  Actualmente se desempe\u00f1a como docente en el Departamento de Cine y Tv de la Facultad de Artes y en la Facultad de Filosof\u00eda y Humanidades, ambas de la UNC. Es tambi\u00e9n  investigadora de CONICET en temas referidos al an\u00e1lisis del discurso audiovisual. Particip\u00f3 en la creaci\u00f3n y direcci\u00f3n de la Revista Toma Uno, Revista del Depto de Cine y Tv. de la UNC. <\/div><\/td><td class=\"column-3\"><i><B>Ximena TRIQUELL<\/B><br \/>\n<div class=\"texto_jurados\"><br \/>\nShe holds a Master's Degree and a PhD in Critical Theory for the University of Nottingham, England, and she is a Professor of Literature in the National University of Cordoba. She is currently a professor in the Department of Cinema and Television in the School of Arts, Facultad de Filosof\u00eda y Humanidades, National University of Cordoba. For the researching institution CONICET, she investigates topics related to audiovisual discourse analysis. She participated in the creation and direction of Toma Uno, the Magazine of the Department of Cinema and Television of the National University of Cordoba.<\/i><\/td>\n<\/tr>\n<\/tbody>\n<\/table>\n<!-- #tablepress-11 from cache -->\n<p>&nbsp;<\/p>\n<p><strong>Pel\u00edculas en Competencia \/<em> Films in Competition<\/em><\/strong><\/p>\n\n<table id=\"tablepress-3\" class=\"tablepress tablepress-id-3\">\n<tbody class=\"row-striping row-hover\">\n<tr class=\"row-1\">\n\t<td class=\"column-1\"><img loading=\"lazy\" decoding=\"async\" src=\"..\/files\/2017\/09\/BARKLEY_stills-studio2-ANIMATION-LAB_01.jpg\" alt=\"\" width=\"267\" height=\"150\" class=\"alignnone size-full wp-image-294\" \/><\/td><td class=\"column-2\"><b>Barkley<\/b><br \/>\n<br \/>\n2016 \/ Color \/ 2D Computer \/ 88 min.<br \/>\nTaiwan<br \/>\n            <br \/>\nd: Li-Wei Chiu<\/td>\n<\/tr>\n<tr class=\"row-2\">\n\t<td class=\"column-1\"><img loading=\"lazy\" decoding=\"async\" src=\"..\/files\/2017\/09\/EE_Image-3.png\" alt=\"\" width=\"267\" height=\"150\" class=\"alignnone size-full wp-image-295\" \/><\/td><td class=\"column-2\"><b>Ethel &amp; Ernest<\/b> <br \/>\n<br \/>\n2016 \/ Color \/ 2D Digital, 2D a mano, 3D \/ 2D Digital, 2D hand-drawn, 3D  \/ 94min<br \/>\nReino Unido, Luxemburgo \/ UK, Luxembourg <br \/>\n            <br \/>\nd: Roger Mainwood<\/td>\n<\/tr>\n<tr class=\"row-3\">\n\t<td class=\"column-1\"><img loading=\"lazy\" decoding=\"async\" src=\"..\/files\/2017\/09\/teresa-y-tim_fotograma.jpg\" alt=\"\" width=\"267\" height=\"150\" class=\"alignnone size-full wp-image-298\" \/><\/td><td class=\"column-2\"><b>Teresa eta Galtzagorri<\/b><br \/>\nTeresa y Tim<br \/>\n<i>Teresa and Tim<\/i><br \/>\n<br \/>\n2016\/ Color \/ 3D \/ 75 min <br \/>\nEspa\u00f1a \/ Spain<br \/>\n<br \/>\nd: Agurtzane Intxaurraga<br \/>\n<\/td>\n<\/tr>\n<tr class=\"row-4\">\n\t<td class=\"column-1\"><img loading=\"lazy\" decoding=\"async\" src=\"..\/files\/2017\/09\/Hi-res_still_02.jpg\" alt=\"\" width=\"267\" height=\"150\" class=\"alignnone size-full wp-image-299\" \/><\/td><td class=\"column-2\"><b>The Legend of King Solomon<\/b><br \/>\nLa Leyenda del Rey Salom\u00f3n<br \/>\n<br \/>\n2017 \/ Color \/ 2D \/ 80 min<br \/>\nHungr\u00eda, Israel \/ Hungary, Israel<br \/>\n            <br \/>\nd: Albert Hanan Kaminski<br \/>\n<\/td>\n<\/tr>\n<\/tbody>\n<\/table>\n<!-- #tablepress-3 from cache -->\n","protected":false},"excerpt":{"rendered":"<p>Jurados \/ Jurors &nbsp; Pel\u00edculas en Competencia \/ Films in Competition<\/p>\n","protected":false},"author":1,"featured_media":0,"parent":0,"menu_order":0,"comment_status":"closed","ping_status":"closed","template":"","meta":{"footnotes":""},"class_list":["post-251","page","type-page","status-publish","hentry"],"_links":{"self":[{"href":"https:\/\/www.animafestival.com.ar\/current\/wp-json\/wp\/v2\/pages\/251","targetHints":{"allow":["GET"]}}],"collection":[{"href":"https:\/\/www.animafestival.com.ar\/current\/wp-json\/wp\/v2\/pages"}],"about":[{"href":"https:\/\/www.animafestival.com.ar\/current\/wp-json\/wp\/v2\/types\/page"}],"author":[{"embeddable":true,"href":"https:\/\/www.animafestival.com.ar\/current\/wp-json\/wp\/v2\/users\/1"}],"replies":[{"embeddable":true,"href":"https:\/\/www.animafestival.com.ar\/current\/wp-json\/wp\/v2\/comments?post=251"}],"version-history":[{"count":5,"href":"https:\/\/www.animafestival.com.ar\/current\/wp-json\/wp\/v2\/pages\/251\/revisions"}],"predecessor-version":[{"id":524,"href":"https:\/\/www.animafestival.com.ar\/current\/wp-json\/wp\/v2\/pages\/251\/revisions\/524"}],"wp:attachment":[{"href":"https:\/\/www.animafestival.com.ar\/current\/wp-json\/wp\/v2\/media?parent=251"}],"curies":[{"name":"wp","href":"https:\/\/api.w.org\/{rel}","templated":true}]}}