{"id":256,"date":"2017-09-24T23:58:56","date_gmt":"2017-09-24T23:58:56","guid":{"rendered":"http:\/\/www.animafestival.com.ar\/2017\/?page_id=256"},"modified":"2017-10-02T18:45:31","modified_gmt":"2017-10-02T18:45:31","slug":"competencia-argentina-argentine-competition","status":"publish","type":"page","link":"https:\/\/www.animafestival.com.ar\/current\/competencia-argentina-argentine-competition\/","title":{"rendered":"Competencia Argentina \/ Argentine Competition"},"content":{"rendered":"<h2>Jurados \/ <em>Jurors<\/em><\/h2>\n\n<table id=\"tablepress-13\" class=\"tablepress tablepress-id-13\">\n<tbody class=\"row-striping row-hover\">\n<tr class=\"row-1\">\n\t<td class=\"column-1\"><img fetchpriority=\"high\" decoding=\"async\" src=\"..\/files\/2017\/10\/Liliana-Guillot_FOTO.jpg\" alt=\"\" width=\"300\" height=\"300\" class=\"alignnone size-full wp-image-527\" srcset=\"https:\/\/www.animafestival.com.ar\/current\/files\/2017\/10\/Liliana-Guillot_FOTO.jpg 300w, https:\/\/www.animafestival.com.ar\/current\/files\/2017\/10\/Liliana-Guillot_FOTO-150x150.jpg 150w, https:\/\/www.animafestival.com.ar\/current\/files\/2017\/10\/Liliana-Guillot_FOTO-100x100.jpg 100w\" sizes=\"(max-width: 300px) 100vw, 300px\" \/><\/td><td class=\"column-2\"><b>Liliana GUILLOT<\/b><br \/>\n<br \/>\n<div class=\"texto_jurados\">Licenciada en Cinematograf\u00eda, Facultad de Filosof\u00eda y Humanidades (UNC), y Profesora de Educaci\u00f3n Cinematogr\u00e1fica, Facultad de Filosof\u00eda y Humanidades (UNC).<br \/>\nProfesora Titular de las C\u00e1tedras \u201cDise\u00f1o y Producci\u00f3n Audiovisual IV\u201d, \u201cGuion II\u201d, y \u201cSeminario Ficci\u00f3n en Televisi\u00f3n. An\u00e1lisis Narrativo de Series Dram\u00e1ticas\u201d, en la Licenciatura en Dise\u00f1o y Producci\u00f3n Audiovisual, UNVM.<br \/>\nGuionista y Directora de diversos materiales audiovisuales, documentales, ficcionales, interactivos y perfom\u00e1ticos, tanto en Argentina como en Espa\u00f1a.<\/div><\/td><td class=\"column-3\"><i><B>Liliana GUILLOT<\/B><br \/>\n<br \/>\n<div class=\"texto_jurados\">Liliana Guillot has an undergraduate degree in Cinematography for the Facultad de Filosof\u00eda y Humanidades (National University of Cordoba), and is the professor of Cinematographic Education for the Facultad de Filosof\u00eda y Humanidades (National University of Cordoba).<br \/>\nShe is the head to the chairs of \u201cAudiovisual Design and Production IV\u201d, \u201cScript II\u201d, and the \u201cSeminar on Fiction for Television. Narrative Analysis of Drama Series\u201d, in the undergraduate Course of Studies Audiovisual Design and Production for the National University of Villa Maria.<br \/>\nLiliana is the writer and Director of several audiovisual, documentaries, fiction, interactive and perfomatic pieces, both in Argentina and Spain. <\/div><\/i><\/td>\n<\/tr>\n<tr class=\"row-2\">\n\t<td class=\"column-1\"><img decoding=\"async\" src=\"..\/files\/2017\/10\/Natacha-Mell_FOTO.jpg\" alt=\"\" width=\"300\" height=\"300\" class=\"alignnone size-full wp-image-526\" srcset=\"https:\/\/www.animafestival.com.ar\/current\/files\/2017\/10\/Natacha-Mell_FOTO.jpg 300w, https:\/\/www.animafestival.com.ar\/current\/files\/2017\/10\/Natacha-Mell_FOTO-150x150.jpg 150w, https:\/\/www.animafestival.com.ar\/current\/files\/2017\/10\/Natacha-Mell_FOTO-100x100.jpg 100w\" sizes=\"(max-width: 300px) 100vw, 300px\" \/><\/td><td class=\"column-2\"><b>Natacha MELL<\/B><br \/>\n<br \/>\n<div class=\"texto_jurados\">Documentalista, docente, investigadora, fot\u00f3grafa y escritora<br \/>\nLicenciada en Antropolog\u00eda (UBA) y  en Ense\u00f1anza de Artes Audiovisuales (UNSAM). Documentalista Egresada del Instituto de Arte Cinematogr\u00e1fico de Avellaneda. Docente del IDAC desde 1984. Fundadora de la Biblioteca y el Centro de Investigaci\u00f3n de la instituci\u00f3n. Directora de estudios y Coordinadora General del IDAC entre 2007 y 2015. Diploma de M\u00e9rito Acad\u00e9mico por la Universidad Nacional de San Mart\u00edn (UNSAM), por ser el mejor promedio de todas las promociones de la carrera Ense\u00f1anza de la Artes Audiovisuales, 2015. Personalidad Destacada de la ciudad de Avellaneda, seg\u00fan ordenanza  del Honorable Concejo Deliberante de Avellaneda, por la importante trayectoria y proyecci\u00f3n alcanzada a trav\u00e9s de su actividad literaria y cinematogr\u00e1fica, 2016. De amplia trayectoria cinematogr\u00e1fica tanto en la realizaci\u00f3n como en la investigaci\u00f3n. Es autora de numerosos ensayos sobre historia del cine. Como directora realiz\u00f3 los  cortometrajes: Aquellas viejas barracas Instrucciones para abrir una puerta, Tr\u00edptico,  Historia de las mujeres de Independiente, Sinfon\u00eda mural, El bodeg\u00f3n de Lucho, entre otros.<\/div><\/td><td class=\"column-3\"><i><b>Natacha MELL<\/B><br \/>\n<br \/>\n<div class=\"texto_jurados\">Documentary filmmaker, teacher, researcher, photographer and writer. She has an undergraduate degree in Anthropology for the University of Buenos Aires as well as a Degree for the Teaching of Audiovisual Arts for the UNSAM. Furthermore, she obtained a degree as Documentary Maker by the Instituto de Arte Cinematogr\u00e1fico de Avellaneda. Natacha has been a professor of IDAC since 1984. She founded the Library and the Research Center of said institution. She was the Director of Studies and General Coordinator of IDAC between 2007 and 2015. In 2015, Natacha was granted the Award to Academic Merit by the Universidad Nacional de San Mart\u00edn (UNSAM) for attaining the best GPA out of all the classes that took the course of studies Ense\u00f1anza de la\u00a0Artes Audiovisuales. In 2016 she was appointed Outstanding Personality of the city of Avellaneda, by a decree of the Honorable Concejo Deliberante of Avellaneda for her trajectory and for the projection she attained through her literary and cinematographic activity. Natacha has a vast experience in the cinema industry, both as maker and researcher. She is the author of several essays on the history of cinema. As a director, she created the short films Aquellas viejas barracas,\u00a0Instrucciones para abrir una puerta, Tr\u00edptico,\u00a0 Historia de las mujeres\u00a0de Independiente, Sinfon\u00eda mural, El bodeg\u00f3n de Lucho, among others.<\/div><\/i><\/td>\n<\/tr>\n<tr class=\"row-3\">\n\t<td class=\"column-1\"><img decoding=\"async\" src=\"..\/files\/2017\/10\/Carlos-Montoya_FOTO.jpg\" alt=\"\" width=\"300\" height=\"300\" class=\"alignnone size-full wp-image-528\" srcset=\"https:\/\/www.animafestival.com.ar\/current\/files\/2017\/10\/Carlos-Montoya_FOTO.jpg 300w, https:\/\/www.animafestival.com.ar\/current\/files\/2017\/10\/Carlos-Montoya_FOTO-150x150.jpg 150w, https:\/\/www.animafestival.com.ar\/current\/files\/2017\/10\/Carlos-Montoya_FOTO-100x100.jpg 100w\" sizes=\"(max-width: 300px) 100vw, 300px\" \/><\/td><td class=\"column-2\"><b>Carlos MONTOYA<\/b><br \/>\n<br \/>\n<div class=\"texto_jurados\">Carlos Montoya es maestro de escuela primaria y trabaja en Educaci\u00f3n, pero se ha podido formar como realizador audiovisual y de animaci\u00f3n stop motion gracias a muchos realizadores que comparten sus saberes con generosidad. Ha dado talleres de stop motion para ni\u00f1os y ni\u00f1as, con quienes ha podido seguir aprendiendo un poco m\u00e1s y ha realizado, entre otras piezas audiovisuales y animadas, tres cortometrajes stop motion, de producci\u00f3n independiente, que han participado en diferentes festivales nacionales e internacionales. Su cortometraje \u201cRonko\u201d (2015) fue galardonado con el Premio a la Mejor Animaci\u00f3n Argentina en ANIMA2015. Sus trabajos se pueden buscar como 'Del entretecho'.<\/div><\/td><td class=\"column-3\"><i><b>Carlos MONTOYA<\/b><br \/>\n<br \/>\n<div class=\"texto_jurados\">Carlos Montoya is an elementary school teacher and works in education. However, he managed to become an audiovisual and Stop-Motion creator thanks to the generosity of the many creators that openly share their expertise. He has dictaded Stop-Motion workshops for boys and girls who help him learn more as he goes. Carlos created many audiovisual and animated pieces, as well as three idendependant Stop Motion short films featured in national and international festivals. His short piece \u201cRonko\u201d (2015) was granted the Award to the Best Argentinian Animation in ANIMA 2015. His work can be found in 'Del entretecho'. <\/div><\/i><\/td>\n<\/tr>\n<\/tbody>\n<\/table>\n\n<p>&nbsp;<\/p>\n<h2>Pel\u00edculas en Competencia \/ <em>Films in Competition<\/em><\/h2>\n\n<table id=\"tablepress-7\" class=\"tablepress tablepress-id-7\">\n<tbody class=\"row-striping row-hover\">\n<tr class=\"row-1\">\n\t<td class=\"column-1\"><img loading=\"lazy\" decoding=\"async\" src=\"..\/files\/2017\/09\/frame-2.jpg\" alt=\"\" width=\"267\" height=\"150\" class=\"alignnone size-full wp-image-402\" \/><\/td><td class=\"column-2\"><b>Ah\u00ed Viene el Avioncito<\/b><br \/>\nHere Comes the Plane<br \/>\n<br \/>\n2017 \/ Color \/ 2D \/ 3:45<br \/>\nFacultad de Arquitectura, Dise\u00f1o y Urbanismo de la Universidad de Buenos Aires<br \/>\nArgentina<br \/>\n<br \/>\nd: Nicol\u00e1s Gast\u00f3n Sole Allignani<br \/>\n<\/td>\n<\/tr>\n<tr class=\"row-2\">\n\t<td class=\"column-1\"><img loading=\"lazy\" decoding=\"async\" src=\"..\/files\/2017\/09\/Alas-de-Piedra-0-02-25-10.jpg\" alt=\"\" width=\"267\" height=\"150\" class=\"alignnone size-full wp-image-403\" \/><\/td><td class=\"column-2\"><b>Alas de Piedra<\/b>   <br \/>\nStone Wings<br \/>\n<br \/>\n2016 \/ Color \/ 3D \/ 6:00<br \/>\nDa Vinci<br \/>\nArgentina<br \/>\n<br \/>\nd: Francisco Cerchiara Montero, Sof\u00eda Florencia Gariazzo<br \/>\n<\/td>\n<\/tr>\n<tr class=\"row-3\">\n\t<td class=\"column-1\"><img loading=\"lazy\" decoding=\"async\" src=\"..\/files\/2017\/09\/Captura-de-pantalla-2015-12-30-a-las-16.29.32-2.jpg\" alt=\"\" width=\"267\" height=\"150\" class=\"alignnone size-full wp-image-404\" \/><\/td><td class=\"column-2\"><b>Briza del verano<\/b><br \/>\nSummer breeze<br \/>\n<br \/>\n2015 \/ Color \/ 2D \/ 2:32<br \/>\nArgentina<br \/>\n<br \/>\nd: MaXi BearZi<br \/>\n<\/td>\n<\/tr>\n<tr class=\"row-4\">\n\t<td class=\"column-1\"><img loading=\"lazy\" decoding=\"async\" src=\"..\/files\/2017\/09\/screenshot-corto-2.jpg\" alt=\"\" width=\"267\" height=\"150\" class=\"alignnone size-full wp-image-405\" \/><\/td><td class=\"column-2\"><b>Correr\u00e9<\/b><br \/>\nI'll run<br \/>\n<br \/>\n2015 \/ Color \/ Rotoscop\u00eda, stop-motion y animaci\u00f3n tradicional \/ Rotoscope, stop motion and traditional animation \/ 3:11<br \/>\nArgentina<br \/>\n<br \/>\nd: Mat\u00edas Leonardo Ag\u00fcero<br \/>\n<\/td>\n<\/tr>\n<tr class=\"row-5\">\n\t<td class=\"column-1\"><img loading=\"lazy\" decoding=\"async\" src=\"..\/files\/2017\/09\/Logo.jpg\" alt=\"\" width=\"267\" height=\"150\" class=\"alignnone size-full wp-image-407\" \/><\/td><td class=\"column-2\"><b>ECO Ninja<\/b><br \/>\n<br \/>\n2016 \/ Color \/ 2D \/ 4:20<br \/>\nEscuela para Animadores de Rosario<br \/>\nArgentina<br \/>\n<br \/>\nd: Ezequiel Gonzalez<br \/>\n<\/td>\n<\/tr>\n<tr class=\"row-6\">\n\t<td class=\"column-1\"><img loading=\"lazy\" decoding=\"async\" src=\"..\/files\/2017\/09\/toma50_62.jpg\" alt=\"\" width=\"267\" height=\"150\" class=\"alignnone size-full wp-image-408\" \/><\/td><td class=\"column-2\"><b>El Alpinista<\/b><br \/>\nThe Climber<br \/>\n<br \/>\n2016 \/ Color \/ 3D \/ 5:10<br \/>\nEscuela para Animadores de Rosario<br \/>\nArgentina<br \/>\n<br \/>\nd: Marcelo Pepice, Paula Molina<br \/>\n<\/td>\n<\/tr>\n<tr class=\"row-7\">\n\t<td class=\"column-1\"><img loading=\"lazy\" decoding=\"async\" src=\"..\/files\/2017\/09\/AFICHE-01.jpg\" alt=\"\" width=\"267\" height=\"150\" class=\"alignnone size-full wp-image-409\" \/><\/td><td class=\"column-2\"><b>El Beto y el Fierro<\/b><br \/>\nBeto and the barrel<br \/>\n<br \/>\n2015 \/ Color \/ 2D \/ 4:58<br \/>\nArgentina<br \/>\n<br \/>\nd: Marcos Luc<br \/>\n<\/td>\n<\/tr>\n<tr class=\"row-8\">\n\t<td class=\"column-1\"><img loading=\"lazy\" decoding=\"async\" src=\"..\/files\/2017\/09\/finaldelainocencia_2.jpg\" alt=\"\" width=\"254\" height=\"150\" class=\"alignnone size-full wp-image-410\" \/><\/td><td class=\"column-2\"><b>El Final de la Inocencia<\/b><br \/>\nThe End of Innocence<br \/>\n<br \/>\n2015 \/ Color \/ Pintura y raspado sobre celuloide \/ Painting and scratching on celluloid \/ 4:30<br \/>\nUniversidad Nacional de Villa Mar\u00eda<br \/>\nArgentina<br \/>\n<br \/>\nd: Martina Carignano, Luj\u00e1n Mart\u00ednez, Ayel\u00e9n Mufari<br \/>\n<\/td>\n<\/tr>\n<tr class=\"row-9\">\n\t<td class=\"column-1\"><img loading=\"lazy\" decoding=\"async\" src=\"..\/files\/2017\/09\/El-ni\u00f1o-y-la-noche-1980x1080_2_300dpi.jpg\" alt=\"\" width=\"267\" height=\"150\" class=\"alignnone size-full wp-image-411\" \/><\/td><td class=\"column-2\"><b>El ni\u00f1o y la noche<\/b><br \/>\nThe child and the night<br \/>\n<br \/>\n2017 \/ Color \/ Stop motion, cut out \/ 13:54<br \/>\nArgentina<br \/>\n<br \/>\nd: Claudia Ruiz<br \/>\n<\/td>\n<\/tr>\n<tr class=\"row-10\">\n\t<td class=\"column-1\"><img loading=\"lazy\" decoding=\"async\" src=\"..\/files\/2017\/09\/2K-chimai.00_01_08_00.Still008.jpg\" alt=\"\" width=\"284\" height=\"150\" class=\"alignnone size-full wp-image-412\" \/><\/td><td class=\"column-2\"><b>El Tambor y la Sombra<\/b><br \/>\nThe Drum and the Shadow<br \/>\n<br \/>\n2016 \/ Color \/ 3D CGI, 2D \/ 4:36<br \/>\nArgentina, Per\u00fa<br \/>\n<br \/>\nd: David Bisbano<br \/>\n<\/td>\n<\/tr>\n<tr class=\"row-11\">\n\t<td class=\"column-1\"><img loading=\"lazy\" decoding=\"async\" src=\"..\/files\/2017\/09\/3.jpg\" alt=\"\" width=\"267\" height=\"150\" class=\"alignnone size-full wp-image-414\" \/><\/td><td class=\"column-2\"><b>Gummy Gas Crisis<\/b><br \/>\n<br \/>\n2017 \/ Color \/ 2D, 3D \/ 3:24<br \/>\nArgentina<br \/>\n<br \/>\nd: Rodrigo D\u00edaz<br \/>\n<\/td>\n<\/tr>\n<tr class=\"row-12\">\n\t<td class=\"column-1\"><img loading=\"lazy\" decoding=\"async\" src=\"..\/files\/2017\/09\/vlcsnap-00038.jpg\" alt=\"\" width=\"267\" height=\"150\" class=\"alignnone size-full wp-image-415\" \/><\/td><td class=\"column-2\"><b>Hab\u00eda una vez frijol<\/b><br \/>\nOnce upon a time there was a  bean<br \/>\n<br \/>\n2016 \/ Color \/ 2D \/ 2:22<br \/>\nArgentina<br \/>\n<br \/>\nd: Miguel Alberto Mazza<br \/>\n<\/td>\n<\/tr>\n<tr class=\"row-13\">\n\t<td class=\"column-1\"><img loading=\"lazy\" decoding=\"async\" src=\"..\/files\/2017\/09\/The-House-of-colors_003_still-300x132.jpg\" alt=\"\" width=\"300\" height=\"132\" class=\"alignnone size-medium wp-image-416\" srcset=\"https:\/\/www.animafestival.com.ar\/current\/files\/2017\/09\/The-House-of-colors_003_still-300x132.jpg 300w, https:\/\/www.animafestival.com.ar\/current\/files\/2017\/09\/The-House-of-colors_003_still.jpg 340w\" sizes=\"(max-width: 300px) 100vw, 300px\" \/><\/td><td class=\"column-2\"><b>La Casa de Colores<\/b><br \/>\nThe House of Colors<br \/>\n<br \/>\n2017 \/ Color \/ 2D, 3D \/ 9:03<br \/>\nArgentina<br \/>\n<br \/>\nNicolas P. Villarreal<br \/>\n<\/td>\n<\/tr>\n<tr class=\"row-14\">\n\t<td class=\"column-1\"><img loading=\"lazy\" decoding=\"async\" src=\"..\/files\/2017\/09\/bscap0011.jpg\" alt=\"\" width=\"267\" height=\"150\" class=\"alignnone size-full wp-image-417\" \/><\/td><td class=\"column-2\"><b>Libre de m\u00ed<\/b><br \/>\n<br \/>\n2016 \/ Color \/ 2D \/ 3:54<br \/>\nArgentina<br \/>\n<br \/>\nd: Mat\u00edas Leonardo Ag\u00fcero<br \/>\n<\/td>\n<\/tr>\n<tr class=\"row-15\">\n\t<td class=\"column-1\"><img loading=\"lazy\" decoding=\"async\" src=\"..\/files\/2017\/09\/Pintando-Mundos-2.jpg\" alt=\"\" width=\"225\" height=\"150\" class=\"alignnone size-full wp-image-418\" \/><\/td><td class=\"column-2\"><b>Pintando Mundos<\/b><br \/>\n<br \/>\n2017 \/ Color \/ Dibujos \/ Drawings \/ 4:42<br \/>\nArgentina <br \/>\n<br \/>\nd: Agust\u00edn Touri\u00f1o<br \/>\n<\/td>\n<\/tr>\n<tr class=\"row-16\">\n\t<td class=\"column-1\"><img loading=\"lazy\" decoding=\"async\" src=\"..\/files\/2017\/09\/frame04.jpg\" alt=\"\" width=\"267\" height=\"150\" class=\"alignnone size-full wp-image-419\" \/><\/td><td class=\"column-2\"><b>Tanguito Argentino<\/b><br \/>\n<br \/>\n2017 \/ Color \/ 3D \/ 7:51<br \/>\nArgentina <br \/>\n<br \/>\nd: Joaquin Braga<br \/>\n<\/td>\n<\/tr>\n<tr class=\"row-17\">\n\t<td class=\"column-1\"><img loading=\"lazy\" decoding=\"async\" src=\"..\/files\/2017\/09\/tantalus002.jpg\" alt=\"\" width=\"267\" height=\"150\" class=\"alignnone size-full wp-image-420\" \/><\/td><td class=\"column-2\"><b>T\u00e1ntalo<\/b><br \/>\nTantalus<br \/>\n<br \/>\n2016 \/ Color \/ 2D, 3D \/ 5:20<br \/>\nFADU, UBA<br \/>\nArgentina<br \/>\n<br \/>\nd: Juan Facundo Ayerbe &amp; Christian Krieghoff<br \/>\n<\/td>\n<\/tr>\n<tr class=\"row-18\">\n\t<td class=\"column-1\"><img loading=\"lazy\" decoding=\"async\" src=\"..\/files\/2017\/09\/Trencito-en-el-Lejano-Oeste-02.jpg\" alt=\"\" width=\"267\" height=\"150\" class=\"alignnone size-full wp-image-421\" \/><\/td><td class=\"column-2\"><b>Trencito en el lejano oeste<\/b><br \/>\nLittle train in the far west<br \/>\n<br \/>\n2016 \/ Color \/ 2D \/ 2:55<br \/>\nArgentina<br \/>\n<br \/>\nd: Emanuel Gastaldi<br \/>\n<\/td>\n<\/tr>\n<tr class=\"row-19\">\n\t<td class=\"column-1\"><img loading=\"lazy\" decoding=\"async\" src=\"..\/files\/2017\/09\/Un-solo-Cabrito-06.jpg\" alt=\"\" width=\"227\" height=\"150\" class=\"alignnone size-full wp-image-422\" \/><\/td><td class=\"column-2\"><b>Un solo cabrito<\/b><br \/>\nJust a Litle Goat Kid<br \/>\n<br \/>\n2015 \/ Color \/ 2D \/ 6:07<br \/>\nArgentina<br \/>\n<br \/>\nNicol\u00e1s Ojeda<br \/>\n<\/td>\n<\/tr>\n<\/tbody>\n<\/table>\n\n","protected":false},"excerpt":{"rendered":"<p>Jurados \/ Jurors &nbsp; Pel\u00edculas en Competencia \/ Films in Competition<\/p>\n","protected":false},"author":1,"featured_media":0,"parent":0,"menu_order":0,"comment_status":"closed","ping_status":"closed","template":"","meta":{"footnotes":""},"class_list":["post-256","page","type-page","status-publish","hentry"],"_links":{"self":[{"href":"https:\/\/www.animafestival.com.ar\/current\/wp-json\/wp\/v2\/pages\/256","targetHints":{"allow":["GET"]}}],"collection":[{"href":"https:\/\/www.animafestival.com.ar\/current\/wp-json\/wp\/v2\/pages"}],"about":[{"href":"https:\/\/www.animafestival.com.ar\/current\/wp-json\/wp\/v2\/types\/page"}],"author":[{"embeddable":true,"href":"https:\/\/www.animafestival.com.ar\/current\/wp-json\/wp\/v2\/users\/1"}],"replies":[{"embeddable":true,"href":"https:\/\/www.animafestival.com.ar\/current\/wp-json\/wp\/v2\/comments?post=256"}],"version-history":[{"count":4,"href":"https:\/\/www.animafestival.com.ar\/current\/wp-json\/wp\/v2\/pages\/256\/revisions"}],"predecessor-version":[{"id":606,"href":"https:\/\/www.animafestival.com.ar\/current\/wp-json\/wp\/v2\/pages\/256\/revisions\/606"}],"wp:attachment":[{"href":"https:\/\/www.animafestival.com.ar\/current\/wp-json\/wp\/v2\/media?parent=256"}],"curies":[{"name":"wp","href":"https:\/\/api.w.org\/{rel}","templated":true}]}}