{"id":264,"date":"2017-09-25T00:03:29","date_gmt":"2017-09-25T00:03:29","guid":{"rendered":"http:\/\/www.animafestival.com.ar\/2017\/?page_id=264"},"modified":"2017-09-30T15:57:36","modified_gmt":"2017-09-30T15:57:36","slug":"panorama-animaciones-hechas-por-ninos-panorama-animations-made-by-children","status":"publish","type":"page","link":"https:\/\/www.animafestival.com.ar\/current\/panorama-animaciones-hechas-por-ninos-panorama-animations-made-by-children\/","title":{"rendered":"Panorama: Animaciones hechas por ni\u00f1os \/ Panorama: Animations made by children"},"content":{"rendered":"\n<table id=\"tablepress-10\" class=\"tablepress tablepress-id-10\">\n<tbody class=\"row-striping row-hover\">\n<tr class=\"row-1\">\n\t<td class=\"column-1\"><img decoding=\"async\" src=\"..\/files\/2017\/09\/IMG_1013.jpg\" alt=\"\" width=\"225\" height=\"150\" class=\"alignnone size-full wp-image-470\" \/><\/td><td class=\"column-2\"><b>Apat\u00eda<\/b><br \/>\nApathy<br \/>\n<br \/>\n2016 \/ Color \/ Stop Motion \/ 3:59<br \/>\nTaller de Animaci\u00f3n R G<br \/>\nArgentina <br \/>\n<br \/>\nd: Rita Cristina Yapura<br \/>\n<\/td>\n<\/tr>\n<tr class=\"row-2\">\n\t<td class=\"column-1\"><img decoding=\"async\" src=\"..\/files\/2017\/09\/elnia.jpg\" alt=\"\" width=\"267\" height=\"150\" class=\"alignnone size-full wp-image-301\" \/><\/td><td class=\"column-2\"><b>Caras<\/b><br \/>\nFaces<br \/>\n<br \/>\n2016 \/ Color \/ Stop Motion \/55<br \/>\nEscuela N\u00b06 Mariano Moreno<br \/>\nArgentina<br \/>\n<br \/>\nd: Laura Norma Mart\u00ednez<br \/>\n<\/td>\n<\/tr>\n<tr class=\"row-3\">\n\t<td class=\"column-1\"><img decoding=\"async\" src=\"..\/files\/2017\/09\/Taller-en-el-Hospital-Gutierrez__04.jpg\" alt=\"\" width=\"250\" height=\"150\" class=\"alignnone size-full wp-image-473\" \/><\/td><td class=\"column-2\"><b>Ciclos animados del Servicio de Oncolog\u00eda del Hospital de Ni\u00f1os Dr. Ricardo Guti\u00e9rrez - \u00c1rea Oncolog\u00eda<\/b><br \/>\nAnimated Loops from the Oncology Service of the Children\u2019s Hospital Dr. Ricardo Guti\u00e9rrez \u2013 Oncology Area.<br \/>\n<br \/>\n2017 \/ Color \/ Ciclos animados intervenidos, detr\u00e1s de escena \/ Intervention on Animated loops, behind the scenes \/ 11:36<br \/>\nTaller La Grifa<br \/>\nArgentina<br \/>\n<br \/>\nd: Taller La Grifa<br \/>\n<\/td>\n<\/tr>\n<tr class=\"row-4\">\n\t<td class=\"column-1\"><img decoding=\"async\" src=\"..\/files\/2017\/09\/elnia.jpg\" alt=\"\" width=\"267\" height=\"150\" class=\"alignnone size-full wp-image-301\" \/><\/td><td class=\"column-2\"><b>Cirtec<\/b><br \/>\n<br \/>\n2016 \/ Color \/ Stop Motion \/ 1:02<br \/>\nEscuela Prov. de Artes Visuales \"Juan Mantovani\"<br \/>\nArgentina<br \/>\n<br \/>\nd: Laura Norma Mart\u00ednez<br \/>\n<\/td>\n<\/tr>\n<tr class=\"row-5\">\n\t<td class=\"column-1\"><img loading=\"lazy\" decoding=\"async\" src=\"..\/files\/2017\/09\/FOX-AND-BEAR-1.jpg\" alt=\"\" width=\"267\" height=\"150\" class=\"alignnone size-full wp-image-475\" \/><\/td><td class=\"column-2\"><b>Fox and Bear<\/b><br \/>\nZorro y Oso<br \/>\n<br \/>\n2017 \/ Color \/ 2D \/ 1:00<br \/>\nSaint Margaret's Episcopal School<br \/>\nUSA<br \/>\n<br \/>\nd: Madeleine Arundalel<br \/>\n<\/td>\n<\/tr>\n<tr class=\"row-6\">\n\t<td class=\"column-1\"><img loading=\"lazy\" decoding=\"async\" src=\"..\/files\/2017\/09\/ElMate_HoraDeCiencia_1.jpg\" alt=\"\" width=\"267\" height=\"150\" class=\"alignnone size-full wp-image-477\" \/><\/td><td class=\"column-2\"><b>Hora de ciencia<\/b><br \/>\nScience time<br \/>\n<br \/>\n2016 \/ Color \/ Recortes \/ Cut out \/ 2:18<br \/>\nPrimera Escuela de Cine Infantil y Juvenil, Taller de Cine \"El Mate\"<br \/>\nArgentina<br \/>\n<br \/>\nd: Laura Ordoqui, Lila Brehm, Ciro Pomposiello Valencia, Greta Zivelonghi, Bel\u00e9n Carreras Ortiz, Luc\u00eda Sul\u00e9<br \/>\n<\/td>\n<\/tr>\n<tr class=\"row-7\">\n\t<td class=\"column-1\"><img loading=\"lazy\" decoding=\"async\" src=\"..\/files\/2017\/09\/intervalo_still03.jpg\" alt=\"\" width=\"264\" height=\"150\" class=\"alignnone size-full wp-image-478\" \/><\/td><td class=\"column-2\"><b>Intervalo<\/b><br \/>\nClass Break<br \/>\n<br \/>\n2017 \/ Color \/ Stop Motion \/ 2:30<br \/>\nEscola EB23 Avanca<br \/>\nPortugal<br \/>\n<br \/>\nd: Eduardo Maia, Mariana Vilhena, Pedro Gomes-Tiago S\u00e1<br \/>\n<\/td>\n<\/tr>\n<tr class=\"row-8\">\n\t<td class=\"column-1\"><img loading=\"lazy\" decoding=\"async\" src=\"..\/files\/2017\/09\/vlcsnap-2016-12-31-10h37m28s272.jpg\" alt=\"\" width=\"267\" height=\"150\" class=\"alignnone size-full wp-image-479\" \/><\/td><td class=\"column-2\"><b>Les \u2013 Domov zvierat<\/b> <br \/>\nEl Bosque - Hogar de los Animales<br \/>\nThe Forest \u2013 Home of Animals<br \/>\n<br \/>\n2014 \/ Color \/ Recortes \/ Cut-out \/ 5:17<br \/>\nEslovaquia \/ Slovak Republic<br \/>\n<br \/>\nd: Monika Chomova, Barbora Valentkova, Ester Piovarciova, Sofia Stachova, Paulina TessaMrvova, Ema Kisova, Martin Valentko, Michal Kocka<br \/>\n<\/td>\n<\/tr>\n<tr class=\"row-9\">\n\t<td class=\"column-1\"><img loading=\"lazy\" decoding=\"async\" src=\"..\/files\/2017\/09\/cena5.jpg\" alt=\"\" width=\"278\" height=\"150\" class=\"alignnone size-full wp-image-480\" \/><\/td><td class=\"column-2\"><b>O Monstro e a Floresta<\/b><br \/>\nEl Monstruo y el Bosque<br \/>\nThe monster and the forest<br \/>\n<br \/>\n2014 \/ Color \/ 2D \/ 5:00<br \/>\nEscola Municipal Raimundo Medrado Primo<br \/>\nBrasil \/ Brazil<br \/>\n<br \/>\nd: Estudiantes de la Escuela Raimundo Medrado Primo<br \/>\n<\/td>\n<\/tr>\n<tr class=\"row-10\">\n\t<td class=\"column-1\"><img loading=\"lazy\" decoding=\"async\" src=\"..\/files\/2017\/09\/plan_99_fotograma.jpg\" alt=\"\" width=\"267\" height=\"150\" class=\"alignnone size-full wp-image-481\" \/><\/td><td class=\"column-2\"><b>Plan 99<\/b><br \/>\n<br \/>\n2016 \/ Color \/ Stop motion \/ 3:20<br \/>\nTaller del Coco<br \/>\nArgentina<br \/>\n<br \/>\nd: Taller del Coco<br \/>\n<\/td>\n<\/tr>\n<tr class=\"row-11\">\n\t<td class=\"column-1\"><img loading=\"lazy\" decoding=\"async\" src=\"..\/files\/2017\/09\/4.Pueblo-Fantasma-Ghost-Town.jpg\" alt=\"\" width=\"266\" height=\"150\" class=\"alignnone size-full wp-image-482\" \/><\/td><td class=\"column-2\"><b>Pueblo Fantasma<\/b><br \/>\nGhost town<br \/>\n<br \/>\n2016 \/ Color \/ Stop Motion \/ 2:23<br \/>\nColombia<br \/>\n<br \/>\nd: Yulieth Rico Romero, Sara Nitzury Arciniegas Bolivar<br \/>\n<\/td>\n<\/tr>\n<\/tbody>\n<\/table>\n<!-- #tablepress-10 from cache -->\n","protected":false},"excerpt":{"rendered":"","protected":false},"author":1,"featured_media":0,"parent":0,"menu_order":0,"comment_status":"closed","ping_status":"closed","template":"","meta":{"footnotes":""},"class_list":["post-264","page","type-page","status-publish","hentry"],"_links":{"self":[{"href":"https:\/\/www.animafestival.com.ar\/current\/wp-json\/wp\/v2\/pages\/264","targetHints":{"allow":["GET"]}}],"collection":[{"href":"https:\/\/www.animafestival.com.ar\/current\/wp-json\/wp\/v2\/pages"}],"about":[{"href":"https:\/\/www.animafestival.com.ar\/current\/wp-json\/wp\/v2\/types\/page"}],"author":[{"embeddable":true,"href":"https:\/\/www.animafestival.com.ar\/current\/wp-json\/wp\/v2\/users\/1"}],"replies":[{"embeddable":true,"href":"https:\/\/www.animafestival.com.ar\/current\/wp-json\/wp\/v2\/comments?post=264"}],"version-history":[{"count":2,"href":"https:\/\/www.animafestival.com.ar\/current\/wp-json\/wp\/v2\/pages\/264\/revisions"}],"predecessor-version":[{"id":472,"href":"https:\/\/www.animafestival.com.ar\/current\/wp-json\/wp\/v2\/pages\/264\/revisions\/472"}],"wp:attachment":[{"href":"https:\/\/www.animafestival.com.ar\/current\/wp-json\/wp\/v2\/media?parent=264"}],"curies":[{"name":"wp","href":"https:\/\/api.w.org\/{rel}","templated":true}]}}