{"id":41,"date":"2011-02-15T12:50:00","date_gmt":"2011-02-15T15:50:00","guid":{"rendered":"http:\/\/www.animafestival.com.ar\/"},"modified":"2021-04-10T11:20:31","modified_gmt":"2021-04-10T14:20:31","slug":"edicion-2005","status":"publish","type":"page","link":"https:\/\/www.animafestival.com.ar\/current\/edicion-2005\/","title":{"rendered":"2005"},"content":{"rendered":"<div id=\"principal\">\n<div id=\"contenido\">\n<div class=\"modulo\"><img decoding=\"async\" src=\"http:\/\/www.animafestival.com.ar\/imgs\/spa\/titulo_2005.gif\" alt=\"\" width=\"167\" height=\"35\" \/><\/p>\n<div class=\"modulo\"><span class=\"titulo\">Gran Premio del Jurado.<\/span><\/div>\n<div class=\"modulo\">\n<div class=\"imagen_izq\"><img decoding=\"async\" src=\"http:\/\/www.animafestival.com.ar\/imagenes_cortos\/cat_ganadores\/2005_amor.jpg\" alt=\"\" width=\"200\" height=\"200\" \/><\/div>\n<div class=\"texto_der\"><span class=\"nota\">Premio a la Mejor Animaci\u00f3n <\/span><br \/>\n<strong>Morir de amor<\/strong><\/p>\n<p><strong> <\/strong><\/p>\n<p><span class=\"destacado\"><br \/>\n2004 \/ 35 mm \/ 12&#8217;40\u00bb \/ Color \/ Tinta sobre papel, composici\u00f3n computarizada<\/span><\/p>\n<p><em>Gil Alkabetz. Alemania<\/em><\/p>\n<p>Cuando su due\u00f1o est\u00e1 durmiendo una siesta, dos viejos papagayos enjaulados reviven memorias del pasado. Esto trae inesperadas consecuencias a los tres.<\/p>\n<\/div>\n<\/div>\n<div class=\"modulo\">\n<p><span class=\"titulo\">Historias Animadas.<\/span><\/p>\n<div class=\"imagen_izq\"><img decoding=\"async\" src=\"http:\/\/www.animafestival.com.ar\/imagenes_cortos\/cat_ganadores\/2005_bip.jpg\" alt=\"\" width=\"200\" height=\"200\" \/><\/div>\n<div class=\"texto_der\"><span class=\"nota\">Premio a la Mejor Animaci\u00f3n <\/span><br \/>\n<strong> Bip-Bip<\/strong><\/p>\n<p><span class=\"destacado\"><br \/>\n2003 \/ Betacam \/ 2&#8242; \/ Color \/ Recortes<\/span><\/p>\n<p><em>Romain Segaud. Francia<\/em><\/p>\n<p>Encuentro humor\u00edstico en el tr\u00e1fico parisino.<\/p>\n<\/div>\n<\/div>\n<div class=\"modulo\">\n<p><span class=\"titulo\">Temas y Ritmos.<\/span><\/p>\n<div class=\"imagen_izq\"><img loading=\"lazy\" decoding=\"async\" src=\"http:\/\/www.animafestival.com.ar\/imagenes_cortos\/cat_ganadores\/2005_vento.jpg\" alt=\"\" width=\"200\" height=\"200\" \/><\/div>\n<div class=\"texto_der\"><span class=\"nota\">Premio a la Mejor Animaci\u00f3n<\/span><br \/>\n<strong>Abra\u00e7o do Vento<br \/>\n(Abrazo del viento) <\/strong><\/p>\n<p><span class=\"destacado\"><br \/>\n2004 \/ Betacam \/ 2&#8217;34\u00bb \/ Color \/ Pintura, plastilina, dibujo, objetos<\/span><\/p>\n<p><em>Jos\u00e9 Miguel Ribeiro. Portugal <\/em><\/p>\n<p>En un mundo donde el acero y la tierra se mezclan creando ciudades inesperadas, el viento imparte vida entre las hojas en el eterno ciclo de renacimiento.<\/p>\n<\/div>\n<\/div>\n<div class=\"modulo\">\n<div class=\"imagen_izq\"><img loading=\"lazy\" decoding=\"async\" src=\"http:\/\/www.animafestival.com.ar\/imagenes_cortos\/cat_ganadores\/2005_fall.jpg\" alt=\"\" width=\"200\" height=\"200\" \/><\/div>\n<div class=\"texto_der\"><span class=\"nota\">Premio a la Mejor Animaci\u00f3n <\/span><br \/>\n<strong> Fall Studien 2<br \/>\n(Estudios de la ca\u00edda 2) <\/strong><\/p>\n<p><span class=\"destacado\"><br \/>\n2004 \/ HDCAM-HDTV \/ 4&#8242; 10&#8243; \/ Color \/ Edici\u00f3n cuadro a cuadro<\/span><\/p>\n<p><em>Gabriel Pielke. Alemania<\/em><\/p>\n<p>Art\u00edculos cotidianos, no construidos como instrumentos musicales, desarrollan su habilidad para ejecutar sonidos y m\u00fasica.<\/p>\n<\/div>\n<\/div>\n<div class=\"modulo\">\n<p><span class=\"titulo\">Videoclips. <\/span><\/p>\n<div class=\"imagen_izq\"><img loading=\"lazy\" decoding=\"async\" src=\"http:\/\/www.animafestival.com.ar\/imagenes_cortos\/cat_ganadores\/2005_easy.jpg\" alt=\"\" width=\"200\" height=\"200\" \/><\/div>\n<div class=\"texto_der\"><span class=\"nota\">Premio a la Mejor Animaci\u00f3n <\/span><br \/>\n<strong>Easy<br \/>\n(F\u00e1cil) <\/strong><\/p>\n<p><span class=\"destacado\"><br \/>\n2004 \/ Betacam \/ 3&#8217;20\u00bb \/ Color \/ 2D<\/span><\/p>\n<p><em>Vessella Dantcheva \/ Ivan Bogdanove. Holanda<\/em><\/p>\n<p>\u201cEasy\u201d cuenta la historia de una relaci\u00f3n casual (sexual) de conveniencia entre una pareja mayor. A primera vista parece haberse vuelto rutina y f\u00e1cil, pero por debajo esta simplicidad oculta un oscuro secreto.<\/p>\n<\/div>\n<\/div>\n<div class=\"modulo\">\n<p><span class=\"titulo\">Animaci\u00f3n para Internet. <\/span><\/p>\n<div class=\"imagen_izq\"><img loading=\"lazy\" decoding=\"async\" src=\"http:\/\/www.animafestival.com.ar\/imagenes_cortos\/cat_ganadores\/2005_worm.jpg\" alt=\"\" width=\"200\" height=\"200\" \/><\/div>\n<div class=\"texto_der\"><span class=\"nota\">Premio a la Mejor Animaci\u00f3n <\/span><br \/>\n<strong> Three feathers and a rainworm<br \/>\n(Tres plumas y un gusano) <\/strong><\/p>\n<p><span class=\"destacado\"><br \/>\n2004 \/ Flash \/ 3:40<\/span><\/p>\n<p><em>Igor Coric. Serbia y Montenegro<\/em><\/p>\n<p>La naturaleza es hermosa, aunque no piadosa.<\/p>\n<\/div>\n<\/div>\n<div class=\"modulo\">\n<p><span class=\"titulo\">Menciones Especiales del Jurado. <\/span><\/p>\n<div class=\"imagen_izq\"><img loading=\"lazy\" decoding=\"async\" src=\"http:\/\/www.animafestival.com.ar\/imagenes_cortos\/cat_ganadores\/2005_marte.jpg\" alt=\"\" width=\"200\" height=\"200\" \/><\/div>\n<div class=\"texto_der\"><span class=\"nota\">Menci\u00f3n especial <\/span><br \/>\n<strong>Viaje a Marte<\/strong><\/p>\n<p><span class=\"destacado\"> 2004 \/ DV \/ 16&#8242; \/ Color \/ Stop Motion<\/span><\/p>\n<p><em>Juan Pablo Zaramella. Argentina <\/em><\/p>\n<p>Antonio es un ni\u00f1o que quiere viajar a Marte y afortunadamente su abuelo conoce el camino para llegar.<\/p>\n<\/div>\n<\/div>\n<div class=\"modulo\">\n<div class=\"imagen_izq\"><img loading=\"lazy\" decoding=\"async\" src=\"http:\/\/www.animafestival.com.ar\/imagenes_cortos\/cat_ganadores\/2005_dog.jpg\" alt=\"\" width=\"200\" height=\"200\" \/><\/div>\n<div class=\"texto_der\"><span class=\"nota\">Menci\u00f3n especial <\/span><br \/>\n<strong>Guard Dog<br \/>\n(Perro guardi\u00e1n)<\/strong><\/p>\n<p><span class=\"destacado\"><br \/>\n2004 \/ 35 mm \/ 5&#8242; \/ Color \/ L\u00e1piz sobre papel<\/span><\/p>\n<p><em>Bill Plympton. Estados Unidos<\/em><\/p>\n<p>\u00bfPor qu\u00e9 los perros ladran a criaturas inocentes como palomas y ardillas \u2013 a qu\u00e9 le temen? Esta pel\u00edcula responde a esa pregunta eterna.<\/p>\n<\/div>\n<\/div>\n<div class=\"modulo\">\n<p><span class=\"titulo\"> Trabajos de Escuela.<\/span><\/p>\n<div class=\"imagen_izq\"><img loading=\"lazy\" decoding=\"async\" src=\"http:\/\/www.animafestival.com.ar\/imagenes_cortos\/cat_ganadores\/2005_after.jpg\" alt=\"\" width=\"200\" height=\"200\" \/><\/div>\n<div class=\"texto_der\"><span class=\"nota\">Premio al Mejor Trabajo de Escuela<\/span><br \/>\n<strong>After<br \/>\n(Despu\u00e9s) <\/strong><\/p>\n<p><span class=\"destacado\"> 2005 \/ Betacam \/ 6&#8217;30\u00bb \/ Color \/ Pintura sobre vidrio, Plastilina, Escultura.<\/span><\/p>\n<p><em>Kim Noce, NFTS. Reino Unido <\/em><\/p>\n<p>\u00abAfter\u00bb en un documental animado que traza el \u00abd\u00eda emocional\u00bb de tres personas, que va desde la desolaci\u00f3n y desesperaci\u00f3n, hasta encontrar una nueva esperanza en sus vidas.<\/p>\n<\/div>\n<\/div>\n<div class=\"modulo\">\n<div class=\"imagen_izq\"><img loading=\"lazy\" decoding=\"async\" src=\"http:\/\/www.animafestival.com.ar\/imagenes_cortos\/cat_ganadores\/2005_sana.jpg\" alt=\"\" width=\"200\" height=\"200\" \/><\/div>\n<div class=\"texto_der\"><span class=\"nota\">Menci\u00f3n Especial del Jurado de Estudiantes<\/span><br \/>\n<strong>Sanatory<br \/>\n(Sanatorio)<\/strong><\/p>\n<p><span class=\"destacado\"><br \/>\n2004 \/ 16 mm \/ 11\u00b430&#8243; \/ Color \/<\/span><\/p>\n<p>Animaci\u00f3n de Objetos y luces.<\/p>\n<p><em>Tessa Knapp, Academy of media Arts,<\/em><\/p>\n<p><em>Colonia. Alemania<\/em><\/p>\n<p>Un viaje hipn\u00f3tico a un des\u00e9rtico sanatorio para ni\u00f1os. El tiempo ha volado en el espacio, y el presente crece a trav\u00e9s de ventanas y puertas como hojas verdes y frescas. En su atm\u00f3sfera po\u00e9tica de colores lavados y sonidos distantes, el edificio en s\u00ed es una met\u00e1fora sobre la infancia que ya pas\u00f3.<\/p>\n<\/div>\n<\/div>\n<div class=\"modulo\">\n<p><span class=\"titulo\">Premio del p\u00fablico. <\/span><\/p>\n<div class=\"imagen_izq\"><img loading=\"lazy\" decoding=\"async\" src=\"http:\/\/www.animafestival.com.ar\/imagenes_cortos\/cat_ganadores\/2005_cosas.jpg\" alt=\"\" width=\"200\" height=\"200\" \/><\/div>\n<div class=\"texto_der\"><span class=\"nota\">Premio a la Mejor Animaci\u00f3n <\/span><br \/>\n<strong>Little things<br \/>\n(Peque\u00f1as cosas) <\/strong><\/p>\n<p><span class=\"destacado\"><br \/>\n2004 \/ Betacam \/ 11&#8242; \/ Color Dibujos<\/span><\/p>\n<p><em>Daniel Greaves. Reino Unido <\/em><\/p>\n<p>Bocetos de un mundo disfuncional donde todos tienen un punto d\u00e9bil. Un cataclismo podr\u00eda alterar el orden de las cosas; \u00bfO somos acaso demasiado r\u00edgidos como para cambiar?<\/p>\n<\/div>\n<\/div>\n<\/div>\n<\/div>\n","protected":false},"excerpt":{"rendered":"<p>Gran Premio del Jurado. Premio a la Mejor Animaci\u00f3n Morir de amor 2004 \/ 35 mm \/ 12&#8217;40\u00bb \/ Color \/ Tinta sobre papel, composici\u00f3n computarizada Gil Alkabetz. Alemania Cuando su due\u00f1o est\u00e1 durmiendo una siesta, dos viejos papagayos enjaulados reviven memorias del pasado. Esto trae inesperadas consecuencias a los tres. Historias Animadas. Premio a [&hellip;]<\/p>\n","protected":false},"author":1,"featured_media":0,"parent":0,"menu_order":0,"comment_status":"closed","ping_status":"closed","template":"","meta":{"footnotes":""},"class_list":["post-41","page","type-page","status-publish","hentry"],"_links":{"self":[{"href":"https:\/\/www.animafestival.com.ar\/current\/wp-json\/wp\/v2\/pages\/41","targetHints":{"allow":["GET"]}}],"collection":[{"href":"https:\/\/www.animafestival.com.ar\/current\/wp-json\/wp\/v2\/pages"}],"about":[{"href":"https:\/\/www.animafestival.com.ar\/current\/wp-json\/wp\/v2\/types\/page"}],"author":[{"embeddable":true,"href":"https:\/\/www.animafestival.com.ar\/current\/wp-json\/wp\/v2\/users\/1"}],"replies":[{"embeddable":true,"href":"https:\/\/www.animafestival.com.ar\/current\/wp-json\/wp\/v2\/comments?post=41"}],"version-history":[{"count":1,"href":"https:\/\/www.animafestival.com.ar\/current\/wp-json\/wp\/v2\/pages\/41\/revisions"}],"predecessor-version":[{"id":1864,"href":"https:\/\/www.animafestival.com.ar\/current\/wp-json\/wp\/v2\/pages\/41\/revisions\/1864"}],"wp:attachment":[{"href":"https:\/\/www.animafestival.com.ar\/current\/wp-json\/wp\/v2\/media?parent=41"}],"curies":[{"name":"wp","href":"https:\/\/api.w.org\/{rel}","templated":true}]}}