{"id":585,"date":"2017-10-02T16:09:59","date_gmt":"2017-10-02T16:09:59","guid":{"rendered":"http:\/\/www.animafestival.com.ar\/2017\/?page_id=585"},"modified":"2017-10-02T18:43:50","modified_gmt":"2017-10-02T18:43:50","slug":"animacion-colombiana-colombian-animation","status":"publish","type":"page","link":"https:\/\/www.animafestival.com.ar\/current\/animacion-colombiana-colombian-animation\/","title":{"rendered":"Animaci\u00f3n Colombiana"},"content":{"rendered":"<h2>Formas de hacer animaci\u00f3n en Colombia<\/h2>\n<p><img fetchpriority=\"high\" decoding=\"async\" class=\"alignnone wp-image-588 size-full\" src=\"http:\/\/www.animafestival.com.ar\/2017\/files\/2017\/10\/colombia.jpg\" alt=\"\" width=\"800\" height=\"300\" srcset=\"https:\/\/www.animafestival.com.ar\/current\/files\/2017\/10\/colombia.jpg 800w, https:\/\/www.animafestival.com.ar\/current\/files\/2017\/10\/colombia-300x113.jpg 300w, https:\/\/www.animafestival.com.ar\/current\/files\/2017\/10\/colombia-768x288.jpg 768w\" sizes=\"(max-width: 800px) 100vw, 800px\" \/><\/p>\n<p>Las obras de animaci\u00f3n nunca son totalmente locales, no s\u00f3lo por el hecho de que tienen la posibilidad de circular en pantallas de todo el mundo ni por el hecho de que la cultura siempre es una suma de tradiciones que se reinventan, sino tambi\u00e9n porque es una forma de creaci\u00f3n que nace de un gusto por las im\u00e1genes vistas, de unas tecnolog\u00edas relativamente universales junto con una necesidad de hacerse visto por otros. En este sentido se ha querido hacer una recopilaci\u00f3n de animaciones que nacen de un di\u00e1logo entre las formas propias de hacer animaci\u00f3n en Colombia y de su relaci\u00f3n con otros contextos \u2013algunos muy cercanos, otros no tanto\u2013 que enriquecen la forma de pensarse como creadores de im\u00e1genes en movimiento.<\/p>\n<p><b>Ricardo Arce L\u00f3pez<\/b><\/p>\n<p>&nbsp;<\/p>\n<p><b>The Bet<\/b> Miguel Ot\u00e1lora, 2:40<br \/>\n<b>The Magnificent Lion Boy<\/b> Ana Caro 10:35<br \/>\n<b>Catched (\u5728\u52ab\u96be\u9003)<\/b> Ricardo Arce, 7:35<br \/>\n<b>Postales en Movimiento<\/b> Bibiana Rojas, 7:57<br \/>\n<b>Sal\u00fa<\/b> Camilo Ayala, 7:20<br \/>\n<b>Torquemada<\/b> Daniel Arce, 2:43<br \/>\n<b>Cuentos de viejos<\/b> Carlos Smith, Marcelo Dematei, 4:53<br \/>\n<b>Migr\u00f3polis<\/b> Karolina Villarraga, 7:48<\/p>\n","protected":false},"excerpt":{"rendered":"<p>Formas de hacer animaci\u00f3n en Colombia Las obras de animaci\u00f3n nunca son totalmente locales, no s\u00f3lo por el hecho de que tienen la posibilidad de circular en pantallas de todo el mundo ni por el hecho de que la cultura siempre es una suma de tradiciones que se reinventan, sino tambi\u00e9n porque es una forma [&hellip;]<\/p>\n","protected":false},"author":1,"featured_media":0,"parent":0,"menu_order":0,"comment_status":"closed","ping_status":"closed","template":"","meta":{"footnotes":""},"class_list":["post-585","page","type-page","status-publish","hentry"],"_links":{"self":[{"href":"https:\/\/www.animafestival.com.ar\/current\/wp-json\/wp\/v2\/pages\/585","targetHints":{"allow":["GET"]}}],"collection":[{"href":"https:\/\/www.animafestival.com.ar\/current\/wp-json\/wp\/v2\/pages"}],"about":[{"href":"https:\/\/www.animafestival.com.ar\/current\/wp-json\/wp\/v2\/types\/page"}],"author":[{"embeddable":true,"href":"https:\/\/www.animafestival.com.ar\/current\/wp-json\/wp\/v2\/users\/1"}],"replies":[{"embeddable":true,"href":"https:\/\/www.animafestival.com.ar\/current\/wp-json\/wp\/v2\/comments?post=585"}],"version-history":[{"count":6,"href":"https:\/\/www.animafestival.com.ar\/current\/wp-json\/wp\/v2\/pages\/585\/revisions"}],"predecessor-version":[{"id":604,"href":"https:\/\/www.animafestival.com.ar\/current\/wp-json\/wp\/v2\/pages\/585\/revisions\/604"}],"wp:attachment":[{"href":"https:\/\/www.animafestival.com.ar\/current\/wp-json\/wp\/v2\/media?parent=585"}],"curies":[{"name":"wp","href":"https:\/\/api.w.org\/{rel}","templated":true}]}}