{"id":596,"date":"2017-10-02T18:38:45","date_gmt":"2017-10-02T18:38:45","guid":{"rendered":"http:\/\/www.animafestival.com.ar\/2017\/?page_id=596"},"modified":"2017-10-02T18:43:10","modified_gmt":"2017-10-02T18:43:10","slug":"fontanarrosa","status":"publish","type":"page","link":"https:\/\/www.animafestival.com.ar\/current\/fontanarrosa\/","title":{"rendered":"Fontanarrosa"},"content":{"rendered":"<h2><b>Muestra Especial: Fontanarrosa, lo que se dice un \u00eddolo<\/b><\/h2>\n<p>El 19 de julio de 2017 se cumplieron 10 a\u00f1os de la desaparici\u00f3n del humorista y escritor Roberto Fontanarrosa.<\/p>\n<p>La productora de cine Carrousel Flms convoc\u00f3 a 6 directores rosarinos para seleccionar y versionar 6 cuentos de Fontanarrosa para un largometraje en episodios. El estudio de animaci\u00f3n \u00ab<a href=\"http:\/\/www.srmanduvi.com\" target=\"_blank\" rel=\"noopener\">Se\u00f1or Manduv\u00ed<\/a>\u00bb adapt\u00f3 a la animaci\u00f3n 3 historietas de la serie \u00abSemblanzas deportivas\u00bb editadas originalmente en la revista Fierro en 1989.<\/p>\n<p><img fetchpriority=\"high\" decoding=\"async\" class=\"aligncenter wp-image-602 size-full\" src=\"http:\/\/www.animafestival.com.ar\/2017\/files\/2017\/10\/manduvi.jpg\" alt=\"\" width=\"850\" height=\"515\" srcset=\"https:\/\/www.animafestival.com.ar\/current\/files\/2017\/10\/manduvi.jpg 850w, https:\/\/www.animafestival.com.ar\/current\/files\/2017\/10\/manduvi-300x182.jpg 300w, https:\/\/www.animafestival.com.ar\/current\/files\/2017\/10\/manduvi-768x465.jpg 768w\" sizes=\"(max-width: 850px) 100vw, 850px\" \/><\/p>\n<p>Los episodios son:<\/p>\n<p><b>\u00abEl chancho volador\u00bb<\/b><br \/>\nanimado por Diego Rolle y Pablo Rodr\u00edguez J\u00e1uregui<\/p>\n<p><b>\u00abEl Hijo de Puta\u00bb<\/b><br \/>\nanimado por Andres Almasio y Gonzalo Rimoldi<\/p>\n<p><b>\u00abEl conejo Fumetti\u00bb<\/b><br \/>\nanimado por Miguel Mazza y Emanuel Gastaldi<\/p>\n<p>Los<b> t\u00edtulos iniciales<\/b> a cargo de Melisa Lovera<br \/>\nLas voces estuvieron a cargo del actor Miguel Frachi<br \/>\nLa m\u00fasica fue compuesta e interpretada por Franco Fontanarrosa<br \/>\nEl foley y el dise\u00f1o sonoro a cargo de Ariel Migliorelli<br \/>\nLa producci\u00f3n estuvo a cargo de Federico Actis y Carrousel films<\/p>\n<p><img decoding=\"async\" class=\"aligncenter wp-image-599 size-full\" src=\"http:\/\/www.animafestival.com.ar\/2017\/files\/2017\/10\/FON-Afiche-70x100-BAJA-DEF.jpg\" alt=\"\" width=\"850\" height=\"1214\" srcset=\"https:\/\/www.animafestival.com.ar\/current\/files\/2017\/10\/FON-Afiche-70x100-BAJA-DEF.jpg 850w, https:\/\/www.animafestival.com.ar\/current\/files\/2017\/10\/FON-Afiche-70x100-BAJA-DEF-210x300.jpg 210w, https:\/\/www.animafestival.com.ar\/current\/files\/2017\/10\/FON-Afiche-70x100-BAJA-DEF-768x1097.jpg 768w, https:\/\/www.animafestival.com.ar\/current\/files\/2017\/10\/FON-Afiche-70x100-BAJA-DEF-717x1024.jpg 717w\" sizes=\"(max-width: 850px) 100vw, 850px\" \/><\/p>\n<p>&nbsp;<\/p>\n","protected":false},"excerpt":{"rendered":"<p>Muestra Especial: Fontanarrosa, lo que se dice un \u00eddolo El 19 de julio de 2017 se cumplieron 10 a\u00f1os de la desaparici\u00f3n del humorista y escritor Roberto Fontanarrosa. La productora de cine Carrousel Flms convoc\u00f3 a 6 directores rosarinos para seleccionar y versionar 6 cuentos de Fontanarrosa para un largometraje en episodios. El estudio de [&hellip;]<\/p>\n","protected":false},"author":1,"featured_media":0,"parent":0,"menu_order":0,"comment_status":"closed","ping_status":"closed","template":"","meta":{"footnotes":""},"class_list":["post-596","page","type-page","status-publish","hentry"],"_links":{"self":[{"href":"https:\/\/www.animafestival.com.ar\/current\/wp-json\/wp\/v2\/pages\/596","targetHints":{"allow":["GET"]}}],"collection":[{"href":"https:\/\/www.animafestival.com.ar\/current\/wp-json\/wp\/v2\/pages"}],"about":[{"href":"https:\/\/www.animafestival.com.ar\/current\/wp-json\/wp\/v2\/types\/page"}],"author":[{"embeddable":true,"href":"https:\/\/www.animafestival.com.ar\/current\/wp-json\/wp\/v2\/users\/1"}],"replies":[{"embeddable":true,"href":"https:\/\/www.animafestival.com.ar\/current\/wp-json\/wp\/v2\/comments?post=596"}],"version-history":[{"count":4,"href":"https:\/\/www.animafestival.com.ar\/current\/wp-json\/wp\/v2\/pages\/596\/revisions"}],"predecessor-version":[{"id":603,"href":"https:\/\/www.animafestival.com.ar\/current\/wp-json\/wp\/v2\/pages\/596\/revisions\/603"}],"wp:attachment":[{"href":"https:\/\/www.animafestival.com.ar\/current\/wp-json\/wp\/v2\/media?parent=596"}],"curies":[{"name":"wp","href":"https:\/\/api.w.org\/{rel}","templated":true}]}}