{"id":608,"date":"2017-10-02T18:48:16","date_gmt":"2017-10-02T18:48:16","guid":{"rendered":"http:\/\/www.animafestival.com.ar\/2017\/?page_id=608"},"modified":"2017-10-02T18:50:02","modified_gmt":"2017-10-02T18:50:02","slug":"cineminuto","status":"publish","type":"page","link":"https:\/\/www.animafestival.com.ar\/current\/cineminuto\/","title":{"rendered":"Cineminuto"},"content":{"rendered":"<h2>El mundo en un minuto&#8230;<\/h2>\n<p><strong>Presentaci\u00f3n especial del Festival Internacional de Cineminutos de C\u00f3rdoba<\/strong><\/p>\n<p><img fetchpriority=\"high\" decoding=\"async\" class=\"aligncenter wp-image-610 size-full\" src=\"http:\/\/www.animafestival.com.ar\/2017\/files\/2017\/10\/LOGO-BASE-SIN-A\u00d1OS.png\" alt=\"\" width=\"774\" height=\"488\" srcset=\"https:\/\/www.animafestival.com.ar\/current\/files\/2017\/10\/LOGO-BASE-SIN-A\u00d1OS.png 774w, https:\/\/www.animafestival.com.ar\/current\/files\/2017\/10\/LOGO-BASE-SIN-A\u00d1OS-300x189.png 300w, https:\/\/www.animafestival.com.ar\/current\/files\/2017\/10\/LOGO-BASE-SIN-A\u00d1OS-768x484.png 768w\" sizes=\"(max-width: 774px) 100vw, 774px\" \/><\/p>\n<p><i>\u00abEl tiempo acotado no se trata de un objetivo en s\u00ed mismo ni de una restricci\u00f3n, sino m\u00e1s bien de un desprendimiento l\u00f3gico de aquel contenido que se quiere transmitir. Es el propio mensaje el que demanda e impone una duraci\u00f3n determinada y si para resolver su planteo insume entre uno y sesenta segundos, podemos decir que estamos frente a un cineminuto\u00bb <\/i><\/p>\n<p>El Festival Internacional de Cineminutos de C\u00f3rdoba es un evento cultural que busca acercar a la sociedad en general un formato audiovisual tan novedoso y atractivo como el cineminuto. Dichos lazos se construyen a partir de la exhibici\u00f3n de obras destacadas, la producci\u00f3n de contenidos y la impartici\u00f3n de conocimiento sobre un tema poco conocido pero con un potencial art\u00edstico, comunicacional e integrador de enorme proporciones.<\/p>\n<p>El Festival Internacional de Cineminutos de C\u00f3rdoba es organizado por Grupo Cine Minuto y la Subsecretar\u00eda de Cultura de la Secretar\u00eda de Extensi\u00f3n Universitaria de la Universidad Nacional de C\u00f3rdoba.<\/p>\n<p>En esta ocasi\u00f3n acercamos a ustedes una selecci\u00f3n con las mejores piezas animadas que han participados de las tres ediciones de nuestro evento.<\/p>\n<p>&nbsp;<\/p>\n<p>CINEMINUTO C\u00d3RDOBA 2014<br \/>\nBreakfast cereal, de Julio Pot (Chile, 2012)<br \/>\nIdentificaci\u00f3n a mano alzada, de Manuel Bonilla y Thomas Soltau (Argentina, 2014)<br \/>\nNight lights, de Tatiana Moshkova y Marina Moshkova (Rusia, 2012)<br \/>\nSuite Amor, de Mercedes Consuelo Peris Medina (Espa\u00f1a, 2010)<br \/>\nZombie Pony, de Juan Cruz Llobera (Argentina, 2013)<\/p>\n<p>CINEMINUTO C\u00d3RDOBA 2015<br \/>\nChorizo de chorizo, de Ferriol Tugues y Miguel Conradi (Espa\u00f1a, 2014)<br \/>\nEmpty nest, de Leonardo Garc\u00eda Franchi (Argentina \u2013 EE.UU., 2014)<br \/>\nFleischwelt, de Ara Jo (Alemania \u2013 Corea del Sur, 2015)<br \/>\nMy dear gnome, de Emmanuelle Leleu y Julien Hazebroucq (Francia, 2015)<br \/>\nNaturaleza mala, de Juliana Gal (Argentina, 2014)<\/p>\n<p>CINEMINUTO C\u00d3RDOBA 2017<br \/>\nMy head is a pit full of snakes, de Tomas Tomasaitis (Lithuania, 2016)<br \/>\nSin\u00e9cdoque, de Pablo Polledri (Argentina, 2014)<br \/>\nThe retarded child, de Dimitar Dimitrov (Bulgaria, 2016)<br \/>\nTiempo, de Arjan Brentjes (Pa\u00edses Bajos, 2016)<br \/>\nUn d\u00eda en el subte, de Mart\u00edn Velasco Bertolotto (Argentina, 2016)<\/p>\n","protected":false},"excerpt":{"rendered":"<p>El mundo en un minuto&#8230; Presentaci\u00f3n especial del Festival Internacional de Cineminutos de C\u00f3rdoba \u00abEl tiempo acotado no se trata de un objetivo en s\u00ed mismo ni de una restricci\u00f3n, sino m\u00e1s bien de un desprendimiento l\u00f3gico de aquel contenido que se quiere transmitir. Es el propio mensaje el que demanda e impone una duraci\u00f3n [&hellip;]<\/p>\n","protected":false},"author":1,"featured_media":0,"parent":0,"menu_order":0,"comment_status":"closed","ping_status":"closed","template":"","meta":{"footnotes":""},"class_list":["post-608","page","type-page","status-publish","hentry"],"_links":{"self":[{"href":"https:\/\/www.animafestival.com.ar\/current\/wp-json\/wp\/v2\/pages\/608","targetHints":{"allow":["GET"]}}],"collection":[{"href":"https:\/\/www.animafestival.com.ar\/current\/wp-json\/wp\/v2\/pages"}],"about":[{"href":"https:\/\/www.animafestival.com.ar\/current\/wp-json\/wp\/v2\/types\/page"}],"author":[{"embeddable":true,"href":"https:\/\/www.animafestival.com.ar\/current\/wp-json\/wp\/v2\/users\/1"}],"replies":[{"embeddable":true,"href":"https:\/\/www.animafestival.com.ar\/current\/wp-json\/wp\/v2\/comments?post=608"}],"version-history":[{"count":3,"href":"https:\/\/www.animafestival.com.ar\/current\/wp-json\/wp\/v2\/pages\/608\/revisions"}],"predecessor-version":[{"id":612,"href":"https:\/\/www.animafestival.com.ar\/current\/wp-json\/wp\/v2\/pages\/608\/revisions\/612"}],"wp:attachment":[{"href":"https:\/\/www.animafestival.com.ar\/current\/wp-json\/wp\/v2\/media?parent=608"}],"curies":[{"name":"wp","href":"https:\/\/api.w.org\/{rel}","templated":true}]}}