{"id":632,"date":"2017-10-02T20:10:42","date_gmt":"2017-10-02T20:10:42","guid":{"rendered":"http:\/\/www.animafestival.com.ar\/2017\/?page_id=632"},"modified":"2021-04-28T22:14:06","modified_gmt":"2021-04-29T01:14:06","slug":"entrenamiento-gavi-gavi-training-2","status":"publish","type":"page","link":"https:\/\/www.animafestival.com.ar\/current\/entrenamiento-gavi-gavi-training-2\/","title":{"rendered":"Presentaci\u00f3n"},"content":{"rendered":"<h2>Entrenamiento GAVi<br \/>\nGesti\u00f3n de Animaci\u00f3n y Videojuegos<\/h2>\n<p>El proyecto GAVi (gesti\u00f3n de animaci\u00f3n y videojuegos) intenta fomentar el desarrollo productivo y art\u00edstico mediante la consolidaci\u00f3n de las industrias creativas de animaci\u00f3n y videojuegos en el interior del pa\u00eds, profesionalizando en gesti\u00f3n a las microempresas productoras del sector. Es un proyecto extensionista de la Facultad de Artes de la UNC, avalado por la Secretar\u00eda de Pol\u00edticas Universitarias, Ministerio de Educaci\u00f3n y Deportes (Res. 2555\/2016).<\/p>\n<p>Las micro y peque\u00f1as productoras de animaci\u00f3n y videojuegos radicadas en C\u00f3rdoba y en otras provincias argentinas, si bien cuentan con recursos humanos y materiales semejantes a los de aquellas situadas en CABA, no cuentan con un know &#8211; how espec\u00edfico de la producci\u00f3n audiovisual como industria; dado que su mayor experiencia proviene de la producci\u00f3n autoral, art\u00edstico\/experimental y artesanal. Por tal motivo, estas empresas se ven imposibilitadas de vincularse con potenciales socios estrat\u00e9gicos (productores y coproductores de Argentina y de otras partes del mundo) en los mercados apropiados para ello; y se limitan entonces al peque\u00f1o mercado local, el cual ya se encuentra saturado y no favorece la sostenibilidad econ\u00f3mica de esta industria creativa. Por ende, es necesario generar instancias de capacitaci\u00f3n que posibiliten a estos micro y peque\u00f1as productoras de bienes culturales el acceso a otras instancias de mercado en igualdad de condiciones que sus pares \/ competidores.<\/p>\n<p>El entrenamiento en Gesti\u00f3n de Animaci\u00f3n y Videojuegos (GAVi) contempla un aporte concreto a un sector productivo nuevo, incipiente y en franca expansi\u00f3n; que vincula a profesionales con formaciones diversas m\u00faltiples (artes visuales y audiovisuales, m\u00fasica, dise\u00f1o, inform\u00e1tica, econom\u00eda, etc.); y que produce bienes culturales audiovisuales que aportan identidad y riqueza al panorama audiovisual argentino y latinoamericano.<\/p>\n<p>Por otra parte, adem\u00e1s involucra a la universidad en un doble rol. En primer t\u00e9rmino, la instituci\u00f3n desarrolla una actividad extensionista de relevancia social, cultural y econ\u00f3mica; aportando al medio los emergentes de las investigaciones realizadas en su \u00e1mbito y favoreciendo la actualizaci\u00f3n tecnol\u00f3gica de los destinatarios, entre los cuales se encuentran numerosos egresados de la propia universidad. En segundo t\u00e9rmino, la universidad act\u00faa como nexo contactando actores que no establecen v\u00ednculo en forma espont\u00e1nea, por ejemplo: responsables de la toma de decisiones en empresas productoras extranjeras, con grupos desarrolladores independientes de la provincia de C\u00f3rdoba.<\/p>\n<p><img fetchpriority=\"high\" decoding=\"async\" class=\"aligncenter wp-image-640 size-full\" src=\"..\/files\/2017\/10\/logos_GAVi.jpg\" alt=\"\" width=\"850\" height=\"300\" srcset=\"https:\/\/www.animafestival.com.ar\/current\/files\/2017\/10\/logos_GAVi.jpg 850w, https:\/\/www.animafestival.com.ar\/current\/files\/2017\/10\/logos_GAVi-300x106.jpg 300w, https:\/\/www.animafestival.com.ar\/current\/files\/2017\/10\/logos_GAVi-768x271.jpg 768w\" sizes=\"(max-width: 850px) 100vw, 850px\" \/><\/p>\n<p><b>Direcci\u00f3n de Proyecto y Coordinaci\u00f3n Acad\u00e9mica<\/b><br \/>\nAlejandro R. Gonz\u00e1lez<\/p>\n<p><b>Asistencia<\/b><br \/>\nNadia Couto<br \/>\nMariana Ruscelli<\/p>\n<p><b>Integrantes de Equipo<\/b><br \/>\nPaula Andrea As\u00eds Ferri<br \/>\nMilagros Cabral Montejano<br \/>\nMar\u00eda Constanza Curatitoli<br \/>\nPaula Daveloza<br \/>\nMar\u00eda Eugenia Fiorenza Silvano<br \/>\nAgust\u00edn Premat<br \/>\nFernando Restelli<br \/>\nMar\u00eda Constanza Rigazio<br \/>\nCristina Andrea Siragusa<\/p>\n<p>Agradecemos el apoyo de la Embajada de Estados Unidos en Argentina<\/p>\n<p><img decoding=\"async\" class=\"alignnone size-full wp-image-686\" src=\"..\/files\/2017\/10\/AI-COLOR-Y-BLANCO-Y-NEGRO1.png\" alt=\"\" width=\"250\" height=\"145\" \/><\/p>\n","protected":false},"excerpt":{"rendered":"<p>Entrenamiento GAVi Gesti\u00f3n de Animaci\u00f3n y Videojuegos El proyecto GAVi (gesti\u00f3n de animaci\u00f3n y videojuegos) intenta fomentar el desarrollo productivo y art\u00edstico mediante la consolidaci\u00f3n de las industrias creativas de animaci\u00f3n y videojuegos en el interior del pa\u00eds, profesionalizando en gesti\u00f3n a las microempresas productoras del sector. Es un proyecto extensionista de la Facultad de [&hellip;]<\/p>\n","protected":false},"author":1,"featured_media":0,"parent":0,"menu_order":0,"comment_status":"closed","ping_status":"closed","template":"","meta":{"footnotes":""},"class_list":["post-632","page","type-page","status-publish","hentry"],"_links":{"self":[{"href":"https:\/\/www.animafestival.com.ar\/current\/wp-json\/wp\/v2\/pages\/632","targetHints":{"allow":["GET"]}}],"collection":[{"href":"https:\/\/www.animafestival.com.ar\/current\/wp-json\/wp\/v2\/pages"}],"about":[{"href":"https:\/\/www.animafestival.com.ar\/current\/wp-json\/wp\/v2\/types\/page"}],"author":[{"embeddable":true,"href":"https:\/\/www.animafestival.com.ar\/current\/wp-json\/wp\/v2\/users\/1"}],"replies":[{"embeddable":true,"href":"https:\/\/www.animafestival.com.ar\/current\/wp-json\/wp\/v2\/comments?post=632"}],"version-history":[{"count":7,"href":"https:\/\/www.animafestival.com.ar\/current\/wp-json\/wp\/v2\/pages\/632\/revisions"}],"predecessor-version":[{"id":2016,"href":"https:\/\/www.animafestival.com.ar\/current\/wp-json\/wp\/v2\/pages\/632\/revisions\/2016"}],"wp:attachment":[{"href":"https:\/\/www.animafestival.com.ar\/current\/wp-json\/wp\/v2\/media?parent=632"}],"curies":[{"name":"wp","href":"https:\/\/api.w.org\/{rel}","templated":true}]}}