{"id":691,"date":"2017-10-09T16:07:41","date_gmt":"2017-10-09T16:07:41","guid":{"rendered":"http:\/\/www.animafestival.com.ar\/2017\/?page_id=691"},"modified":"2024-10-21T17:22:10","modified_gmt":"2024-10-21T20:22:10","slug":"staff","status":"publish","type":"page","link":"https:\/\/www.animafestival.com.ar\/current\/staff\/","title":{"rendered":"Somos ANIMA \/ We are ANIMA"},"content":{"rendered":"\n<p><strong>#SomosANIMA<\/strong> \/ <strong><em>#WeAreANIMA<\/em><\/strong><\/p>\n\n\n\n<p><\/p>\n\n\n\n<p><strong>Alejandro R. Gonz\u00e1lez<\/strong><\/p>\n\n\n\n<p>Director Art\u00edstico | <em>Artistic Director&nbsp;<\/em><\/p>\n\n\n\n<p>Coordinador General | <em>General Coordinator<\/em><\/p>\n\n\n\n<p><\/p>\n\n\n\n<p><strong>Mar\u00eda Constanza Curatitoli<\/strong>, <strong>Juan Pascual Sgr\u00f3<\/strong><\/p>\n\n\n\n<p>Productores | <em>Producers<\/em><\/p>\n\n\n\n<p><\/p>\n\n\n\n<p><strong>Joaqu\u00edn Ortiz Sosa<\/strong><\/p>\n\n\n\n<p>Coordinaci\u00f3n de T\u00e9cnica y Proyecci\u00f3n | <em>Technical and Projection Coordinator<\/em><\/p>\n\n\n\n<p><\/p>\n\n\n\n<p><strong>Franco Ariel Malizia<\/strong><\/p>\n\n\n\n<p>Coordinaci\u00f3n de Dise\u00f1o | <em>Design Coordinator<\/em><\/p>\n\n\n\n<p><\/p>\n\n\n\n<p><strong>Ariadna Sof\u00eda Nieva<\/strong><\/p>\n\n\n\n<p>Coordinaci\u00f3n de Juradxs &amp; La Orden de El\u00f1a | <em>Jurors &amp; Order of El\u00f1a Coordinator<\/em><\/p>\n\n\n\n<p><\/p>\n\n\n\n<p><strong>Alejandro R. Gonz\u00e1lez,<\/strong> <strong>Mar\u00eda Constanza Curatitoli<\/strong>, <strong>Juan Pascual Sgr\u00f3<\/strong>, <strong>Cristina Andrea Siragusa<\/strong><\/p>\n\n\n\n<p>Coordinaci\u00f3n de Capacitaci\u00f3n y Encuentro Latinoamericano de Escuelas de Animaci\u00f3n | <em>Latin American Animation Schools Encounter Coordination<\/em><\/p>\n\n\n\n<p><\/p>\n\n\n\n<p><strong>Morena D\u00edaz Conde<\/strong>, <strong>Nadia Couto<\/strong>, <strong>Emilia Blanco<\/strong>, <strong>Sof\u00eda Badano<\/strong>, <strong>Luis Paredes<\/strong><\/p>\n\n\n\n<p>Asistentes de Producci\u00f3n | <em>Production Asistants<\/em><\/p>\n\n\n\n<p><\/p>\n\n\n\n<p><strong>Micaela Torres Stanko<\/strong>, <strong>Roc\u00edo Helguero Benitez<\/strong><\/p>\n\n\n\n<p>Coordinaci\u00f3n de Prensa, Registro y Comunicaci\u00f3n | <em>Press, Registration and Communications Coordinators<\/em><\/p>\n\n\n\n<p><\/p>\n\n\n\n<p><strong>Fiamma Berdini<\/strong>, <strong>Mar\u00eda Victoria Bernardi,<\/strong> <strong>Valery Coral de la Puente<\/strong>, <strong>Ulises Diblasi Bi\u00f1\u00f3n<\/strong>, <strong>Genaro Helguera<\/strong>, <strong>Camila Jorquera<\/strong>, <strong>Luciana Mas<\/strong><\/p>\n\n\n\n<p>Equipo de Prensa, Registro y Comunicaci\u00f3n | <em>Press, Registration and Communications Team<\/em><\/p>\n\n\n\n<p><\/p>\n\n\n\n<p><strong>Diego Otero<\/strong>, <strong>Marcos Ibertis Acu\u00f1a<\/strong>, <strong>Federico Dealbera<\/strong><\/p>\n\n\n\n<p>Equipo de Proyecci\u00f3n C\u00f3rdoba | <em>C\u00f3rdoba Screening Team<\/em><\/p>\n\n\n\n<p><\/p>\n\n\n\n<p><strong>Mar\u00eda Eugenia Fiorenza<\/strong>, <strong>Joaqu\u00edn Trossero Valdix<\/strong>, <strong>Paula Verrua<\/strong>, <strong>Federico Dealbera<\/strong><\/p>\n\n\n\n<p>Equipo de Dise\u00f1o | <em>Design Team<\/em><strong>\u00a0<\/strong><\/p>\n\n\n\n<p><\/p>\n\n\n\n<p><strong>Morena D\u00edaz Conde<\/strong>, <strong>Franco Ariel Malizia<\/strong><\/p>\n\n\n\n<p>Realizaci\u00f3n de estatuillas |<em> Making of awards<\/em><\/p>\n\n\n\n<p><\/p>\n\n\n\n<p><strong>Joaqu\u00edn Trossero Valdix<\/strong><\/p>\n\n\n\n<p>Web ANIMA, Cat\u00e1logo |<em> ANIMA Web, Catalogue<\/em><\/p>\n\n\n\n<p><\/p>\n\n\n\n<p><strong>Mascota y Spot ANIMA2024 | <\/strong><strong><em>Mascot design &amp; Spot ANIMA2024<\/em><\/strong><\/p>\n\n\n\n<p><strong>Bruce Caruso<\/strong><\/p>\n\n\n\n<p>Idea original | <em>Original idea<\/em><\/p>\n\n\n\n<p><\/p>\n\n\n\n<p><strong>Franco Ariel Malizia<\/strong><\/p>\n\n\n\n<p>Dise\u00f1o de personaje El\u00f1a 2024 | <em>Character design El\u00f1a 2024<\/em><\/p>\n\n\n\n<p><\/p>\n\n\n\n<p><strong>Lucio Garc\u00eda Ferrari, Jos\u00e9 Pomilio<\/strong><\/p>\n\n\n\n<p>M\u00fasica original | <em>Original music&nbsp;<\/em><\/p>\n\n\n\n<p><\/p>\n\n\n\n<p><strong>Evangelina Ib\u00e1\u00f1ez, Mar\u00eda Paola Sviatschi<\/strong><\/p>\n\n\n\n<p>Traductoras Ingl\u00e9s &#8211; Espa\u00f1ol | <em>English &#8211; Spanish Translators<\/em><\/p>\n\n\n\n<p><\/p>\n\n\n\n<p><strong>Nadia Couto | Mar\u00eda Constanza Curatitoli | Paula Daveloza | Mar\u00eda Eugenia Fiorenza Silvano | Franco Ariel Malizia | Joaqu\u00edn Ortiz Sosa | Luis Paredes | Juan Pascual Sgr\u00f3 | Cristina Andrea Siragusa<\/strong><\/p>\n\n\n\n<p>Comit\u00e9 de Preselecci\u00f3n | <em>Pre Selection Committee<\/em><\/p>\n\n\n\n<p><\/p>\n\n\n\n<p><strong>Nuestrxs minions <\/strong>|<strong><em> Our minions<\/em><\/strong><\/p>\n\n\n\n<p>Alfonso Angles Vilche, Camilo Franco Ar\u00e1oz, Fede Armonelli, Katalina Victoria Arnoletto, Ana Clara Baracat Sali, Sathya Bel\u00e9n Barrionuevo, Fiamma Berdini, Mar\u00eda Victoria Bernardi, Gonzalo Emanuel Borrego, Santiago Daniel Camargo, Santiago Carrara, , Mateo Dagassan, Valery Coral de la Puente, Ulises Diblasi Bri\u00f1on, Fiamma Constanza Di Terlizzi, Sofia Agustina Fredes, Facundo Joaqu\u00edn Garc\u00eda, Jes\u00fas Leiva Genre, Agostina Guerra, Genaro Helguera, Jannier Bernardo Hurtado G\u00f3mez, Camila Jorquera, Maira Agustina Marcuzzi, Luciana Mas, Matilde Olivera, Roc\u00edo Luna, Fransisco Pagani, Antonella Estefan\u00eda Pegoraro, Milena Abril Reynoso Tobares, Andrea Santos Cavero, Constanza Bel\u00e9n Sosa Ponce, Camila Nazareth Tapia Coronel, Lucas Manuel Zulatto.<\/p>\n\n\n\n<p><\/p>\n\n\n\n<p><\/p>\n","protected":false},"excerpt":{"rendered":"<p>#SomosANIMA \/ #WeAreANIMA Alejandro R. Gonz\u00e1lez Director Art\u00edstico | Artistic Director&nbsp; Coordinador General | General Coordinator Mar\u00eda Constanza Curatitoli, Juan Pascual Sgr\u00f3 Productores | Producers Joaqu\u00edn Ortiz Sosa Coordinaci\u00f3n de T\u00e9cnica y Proyecci\u00f3n | Technical and Projection Coordinator Franco Ariel Malizia Coordinaci\u00f3n de Dise\u00f1o | Design Coordinator Ariadna Sof\u00eda Nieva Coordinaci\u00f3n de Juradxs &amp; La [&hellip;]<\/p>\n","protected":false},"author":1,"featured_media":0,"parent":0,"menu_order":0,"comment_status":"closed","ping_status":"closed","template":"","meta":{"footnotes":""},"class_list":["post-691","page","type-page","status-publish","hentry"],"_links":{"self":[{"href":"https:\/\/www.animafestival.com.ar\/current\/wp-json\/wp\/v2\/pages\/691","targetHints":{"allow":["GET"]}}],"collection":[{"href":"https:\/\/www.animafestival.com.ar\/current\/wp-json\/wp\/v2\/pages"}],"about":[{"href":"https:\/\/www.animafestival.com.ar\/current\/wp-json\/wp\/v2\/types\/page"}],"author":[{"embeddable":true,"href":"https:\/\/www.animafestival.com.ar\/current\/wp-json\/wp\/v2\/users\/1"}],"replies":[{"embeddable":true,"href":"https:\/\/www.animafestival.com.ar\/current\/wp-json\/wp\/v2\/comments?post=691"}],"version-history":[{"count":21,"href":"https:\/\/www.animafestival.com.ar\/current\/wp-json\/wp\/v2\/pages\/691\/revisions"}],"predecessor-version":[{"id":3782,"href":"https:\/\/www.animafestival.com.ar\/current\/wp-json\/wp\/v2\/pages\/691\/revisions\/3782"}],"wp:attachment":[{"href":"https:\/\/www.animafestival.com.ar\/current\/wp-json\/wp\/v2\/media?parent=691"}],"curies":[{"name":"wp","href":"https:\/\/api.w.org\/{rel}","templated":true}]}}