{"id":29,"date":"2015-01-07T00:53:31","date_gmt":"2015-01-07T00:53:31","guid":{"rendered":"http:\/\/www.animafestival.com.ar\/forum\/?page_id=29"},"modified":"2021-09-28T14:52:51","modified_gmt":"2021-09-28T14:52:51","slug":"normas-para-presentacion-de-trabajos","status":"publish","type":"page","link":"https:\/\/www.animafestival.com.ar\/forum\/home-2\/convocatoria-ponencias-posters-2\/normas-para-presentacion-de-trabajos\/","title":{"rendered":"NORMAS PARA PRESENTACI\u00d3N DE TRABAJOS \/ GUIDELINES FOR PRESENTATIONS"},"content":{"rendered":"<h3><span style=\"color: #800080\"><b>1- Ponencias y p\u00f3sters: <\/b><\/span><\/h3>\n<p>Los trabajos se aceptar\u00e1n en espa\u00f1ol, portugu\u00e9s o ingl\u00e9s, y se entregar\u00e1n como archivo editable \u00a0(.odt o .doc \u00daNICAMENTE) por mail a: jornadas@animafestival.com.ar.<\/p>\n<p>Los trabajos no deber\u00e1n tener una extensi\u00f3n superior a las 15 (quince) p\u00e1ginas, incluidos resumen, palabras clave, notas, bibliograf\u00eda e ilustraciones, en tipograf\u00eda Times New Roman cuerpo 12, a espacio y medio. Ir\u00e1n precedidas por el t\u00edtulo, un resumen de 600\u00a0palabras como m\u00e1ximo y de 3 a 5 palabras claves.<\/p>\n<p>En el cuerpo del Resumen no se admitir\u00e1n notas de referencia.<\/p>\n<p>El T\u00edtulo del Trabajo ir\u00e1 centrado en may\u00fascula, sin comillas, seguido por el nombre del autor, t\u00edtulo acad\u00e9mico y pertenencia institucional, cuando los hubiere y mail, marginados a la izquierda, por ejemplo:<\/p>\n<p style=\"text-align: center\">T\u00cdTULO DEL TRABAJO<\/p>\n<p style=\"text-align: right\">T\u00edtulo (Lic., Mgr. Dr.), nombre y apellido del autor<\/p>\n<p style=\"text-align: right\">Universidad a la que pertenece<\/p>\n<p style=\"text-align: right\">mail<\/p>\n<p><strong>Subt\u00edtulos:<\/strong> ir\u00e1n marginados a la izquierda, en min\u00fascula cursiva sin comillas.<\/p>\n<p><strong>Citas bibliogr\u00e1ficas:<\/strong> las referencias ir\u00e1n indicadas al final de cada cita, entre par\u00e9ntesis, consignando Apellido del autor, a\u00f1o y p\u00e1gina. (Autor, a\u00f1o, p\u00e1g.) \u00a0Las citas menores a tres renglones se colocaran dentro del cuerpo del texto entre comillas. Las citas mayores a tres renglones, ir\u00e1n en un p\u00e1rrafo aparte, con sangr\u00eda a ambos lados (cinco espacios), sin comillas, tipograf\u00eda Times New Roman cuerpo 10, interlineado simple.<\/p>\n<p><strong>Referencias:<\/strong>\u00a0se consignar\u00e1 seg\u00fan normas APA 7ma edici\u00f3n (consultar en el <span style=\"color: #ff6600\"><a style=\"color: #ff6600\" href=\"https:\/\/normas-apa.org\/wp-content\/uploads\/Guia-Normas-APA-7ma-edicion.pdf\" target=\"_blank\" rel=\"noopener\">siguiente enlace<\/a><\/span> pp. 45-54):\u00a0La lista de referencias debe iniciar en una nueva p\u00e1gina separada del texto. El t\u00edtulo de esta p\u00e1gina debe ser \u201cReferencias\u201d, debe estar centrado en la parte superior de la p\u00e1gina e ir en negrita. No subraye o use comillas para el t\u00edtulo. Todo el texto debe estar a doble espacio al igual que el resto de tu ensayo. 46 Adem\u00e1s, cada entrada en su lista de referencia debe tener una sangr\u00eda francesa a media pulgada (1,27 cm) del margen izquierdo.<\/p>\n<hr \/>\n<h3><span style=\"color: #800080\"><strong>1- Papers:<\/strong><\/span><\/h3>\n<p>Papers will be accepted in Spanish, Portuguese or English, and should be handed as a .doc file only, by mail: jornadas@animafestival.com.ar.<\/p>\n<p>Works must not exceed 15 (fifteen) pages, including abstract, keywords, notes, references and illustrations, in Times New Roman 12, space 1,5. They should be preceded by the title, a summary of maximum 300 words and 3 to 5 key words. Reference notes will not be accepted in the abstract. The title of the paper should be centered using uppercase and italics, without quotation marks, followed by the name of the author, academic title and institutional affiliation, when any, for example:<\/p>\n<p style=\"text-align: center\">TITLE<\/p>\n<p style=\"text-align: right\">Name and Surname of author\/s<\/p>\n<p style=\"text-align: right\">University\/Institute etc<\/p>\n<p style=\"text-align: right\">mail<\/p>\n<p><strong>Subtitles:<\/strong> should be marginalized to the left and be written in lowercase without quotation marks.<\/p>\n<p><strong>Quotations<\/strong>: references should be indicated at the end of each quote, in parenthesis, consigning author\u00b4s surname, year and page. (Author, year, page). Quotes shorter than three lines should be included in the body of the text in quotation marks. Those longer than three lines, should be indented on both sides (five spaces), in italics, without quotation marks, in Times New Roman body 10, single spacing.<\/p>\n<p><strong>References:<\/strong> should be noted in alphabetical order, following authors\u00b4 surnames. If there is more than one text by the same author, it should be noted in chronological order, from oldest to newest. In case there is need to record a work by an author and also another by the same author in collaboration with others, the one by a single author should go first.<\/p>\n<p><span style=\"color: #333399\">In the case of a book, references should be included as follows:<\/span><\/p>\n<p>SURNAME, initials of author\u00b4s names (year of publication): <em>Title of the Book<\/em>. Place of publication: Publisher.<\/p>\n<p>If the work is written by more than two authors, you may choose to mention all the names, or only the first one followed by the phrase \u00aband others\u00bb.<\/p>\n<p><span style=\"color: #333399\">If it is a chapter of book:<\/span><\/p>\n<p>SURNAME, initials of the name of author\/s of the article (year of publication): \u201cTitle of the chapter\u201d, in SURNAME and initials of the book\u00b4s author. <em>Title of the book<\/em> (pp. page numbers of the cited chapter). Place of publication: Publisher.<\/p>\n<p>If it is an article in an academic journal:<\/p>\n<p>SURNAME, initials of author\u00b4s names (year of publication): \u201cTitle of the article\u201d in <em>Name of Journal<\/em>, N\u00b0 of journal, page numbers of the article.<\/p>\n<p><span style=\"color: #333399\">Electronic references:<\/span><\/p>\n<p>If information is obtained from a document on the Internet, you must include the address of the site at the end.<\/p>\n<p>SURNAME, Initials of author\u00b4s names (year): Title of the publication. Extracted date, from <a href=\"https:\/\/normas-apa.org\/wp-content\/uploads\/Guia-Normas-APA-7ma-edicion.pdf\">https:\/\/normas-apa.org\/wp-content\/uploads\/Guia-Normas-APA-7ma-edicion.pdf<\/a><\/p>\n<p><span style=\"color: #333399\">Ilustrations or graphics should be attached in separate file (such as JPG, each with a size of 10 x 15 cm at 300 dpi) and the corresponding headings in Word.<\/span><\/p>\n","protected":false},"excerpt":{"rendered":"<p>1- Ponencias y p\u00f3sters: Los trabajos se aceptar\u00e1n en espa\u00f1ol, portugu\u00e9s o ingl\u00e9s, y se entregar\u00e1n como archivo editable \u00a0(.odt o .doc \u00daNICAMENTE) por mail a: jornadas@animafestival.com.ar. Los trabajos no [&hellip;]<\/p>\n","protected":false},"author":8,"featured_media":0,"parent":435,"menu_order":3,"comment_status":"closed","ping_status":"closed","template":"","meta":{"footnotes":""},"class_list":["post-29","page","type-page","status-publish","hentry"],"_links":{"self":[{"href":"https:\/\/www.animafestival.com.ar\/forum\/wp-json\/wp\/v2\/pages\/29","targetHints":{"allow":["GET"]}}],"collection":[{"href":"https:\/\/www.animafestival.com.ar\/forum\/wp-json\/wp\/v2\/pages"}],"about":[{"href":"https:\/\/www.animafestival.com.ar\/forum\/wp-json\/wp\/v2\/types\/page"}],"author":[{"embeddable":true,"href":"https:\/\/www.animafestival.com.ar\/forum\/wp-json\/wp\/v2\/users\/8"}],"replies":[{"embeddable":true,"href":"https:\/\/www.animafestival.com.ar\/forum\/wp-json\/wp\/v2\/comments?post=29"}],"version-history":[{"count":21,"href":"https:\/\/www.animafestival.com.ar\/forum\/wp-json\/wp\/v2\/pages\/29\/revisions"}],"predecessor-version":[{"id":1007,"href":"https:\/\/www.animafestival.com.ar\/forum\/wp-json\/wp\/v2\/pages\/29\/revisions\/1007"}],"up":[{"embeddable":true,"href":"https:\/\/www.animafestival.com.ar\/forum\/wp-json\/wp\/v2\/pages\/435"}],"wp:attachment":[{"href":"https:\/\/www.animafestival.com.ar\/forum\/wp-json\/wp\/v2\/media?parent=29"}],"curies":[{"name":"wp","href":"https:\/\/api.w.org\/{rel}","templated":true}]}}