{"id":340,"date":"2015-08-13T11:50:42","date_gmt":"2015-08-13T11:50:42","guid":{"rendered":"http:\/\/www.animafestival.com.ar\/forum\/?page_id=340"},"modified":"2021-08-13T15:01:59","modified_gmt":"2021-08-13T15:01:59","slug":"2015-iv-foro-iv-forum","status":"publish","type":"page","link":"https:\/\/www.animafestival.com.ar\/forum\/home-2\/actas-foro-academico\/2015-iv-foro-iv-forum\/","title":{"rendered":"2015 &#8211; IV FORO \/ IV FORUM"},"content":{"rendered":"<h2 style=\"text-align: center\"><span style=\"color: #800080\">El Estado de Independencia en la Animaci\u00f3n<\/span><\/h2>\n<p style=\"text-align: center\">Actas del IV Foro Acad\u00e9mico Internacional\u00a0sobre\u00a0Animaci\u00f3n<br \/>\nVIII Festival Internacional de Animaci\u00f3n de C\u00f3rdoba &#8211; ANIMA 2015 &#8211;<br \/>\nISBN (E-book) 978-987-1697-25-0<\/p>\n<hr \/>\n<p><strong><span style=\"color: #800080\">\u00cdndice<\/span><\/strong><\/p>\n<p><a href=\"https:\/\/www.animafestival.com.ar\/forum\/files\/2017\/12\/00_Indice.pdf\">P\u00e1g. 01<\/a> &#8211; Informaci\u00f3n general<\/p>\n<p><a href=\"https:\/\/www.animafestival.com.ar\/forum\/files\/2017\/11\/01_prologo2015.pdf\">P\u00e1g. 07<\/a>\u00a0&#8211; Pr\u00f3logo<\/p>\n<p><a href=\"https:\/\/www.animafestival.com.ar\/forum\/files\/2017\/11\/01b_Arce2015.pdf\">P\u00e1g. 11 <\/a>&#8211; Conferencia:\u00a0<em>El estado de la Independencia y la dependencia del Estado<\/em>.\u00a0Ricardo Arce, Universidad Jorge Tadeo Lozano, Colombia.<\/p>\n<p><strong><span style=\"color: #800080\">Eje 1: Animaci\u00f3n, independencia y espacios de exhibici\u00f3n<\/span><\/strong><\/p>\n<p><a href=\"https:\/\/www.animafestival.com.ar\/forum\/files\/2017\/12\/02_Garcia_Siragusa.pdf\">P\u00e1g. 23<\/a>\u00a0&#8211; <em>Andar Latinoam\u00e9rica: pantallas itinerantes para la animaci\u00f3n independiente.<\/em>\u00a0Viviana In\u00e9s Garc\u00eda y Cristina Siragusa,\u00a0Universidad Nacional de C\u00f3rdoba, Argentina.<\/p>\n<p><a href=\"https:\/\/www.animafestival.com.ar\/forum\/files\/2017\/12\/03_Marlene-1-2015.pdf\">P\u00e1g. 31<\/a>\u00a0&#8211; O menino e o Mundo de Al\u00e9 Abreu. \u00bfCu\u00e1l es el precio de ser independiente?\u00a0Marlene Nascimento da Silva,\u00a0Universidad Nacional de Buenos Aires, Argentina.<\/p>\n<p><a href=\"https:\/\/www.animafestival.com.ar\/forum\/files\/2017\/12\/04_Gonzalez2015.pdf\">P\u00e1g. 43<\/a> &#8211; I<em>ndependencia y subordinaci\u00f3n en la animaci\u00f3n experimental argentina<\/em>.\u00a0Alejandro Rodrigo Gonz\u00e1lez,\u00a0Universidad Nacional de C\u00f3rdoba y Universidad Nacional de Villa Mar\u00eda, Argentina.<\/p>\n<p><strong><span style=\"color: #800080\">Eje 2: Animaci\u00f3n y Procesos de memoria<\/span><\/strong><\/p>\n<p><a href=\"https:\/\/www.animafestival.com.ar\/forum\/files\/2017\/12\/05_Curatitoli2015.pdf\">P\u00e1g. 51<\/a> &#8211; <em>Reconstrucci\u00f3n de la (propia) historia: una mirada sobre el poder simb\u00f3lico del lenguaje animado dentro del film &#8211; El caso Los Rubios.<\/em>\u00a0Mar\u00eda Constanza Curatitoli, Universidad Nacional de C\u00f3rdoba, Argentina.<\/p>\n<p><a href=\"https:\/\/www.animafestival.com.ar\/forum\/files\/2017\/12\/06_Gastaldi2015.pdf\">P\u00e1g. 58<\/a>\u00a0&#8211; <em>La construcci\u00f3n de la memoria en cuentos animados. Un An\u00e1lisis de La asombrosa excursi\u00f3n de Zamba<\/em>.\u00a0Sebasti\u00e1n Gastaldi, Universidad Nacional de C\u00f3rdoba, Argentina.<\/p>\n<p><a href=\"https:\/\/www.animafestival.com.ar\/forum\/files\/2017\/12\/07_Pinotti2015.pdf\">P\u00e1g. 68<\/a>\u00a0&#8211; <em>Isabel Herguera: trayectoria de un artista. Un an\u00e1lisis estil\u00edstico sobre el recorrido profesional de la animadora.<\/em>\u00a0Luciana Pinotti, Universidad Nacional del Arte, Argentina.<\/p>\n<p><span style=\"color: #800080\"><strong>Eje 3: Animaci\u00f3n, tecnolog\u00edas e independencia expresiva<\/strong><\/span><\/p>\n<p><a href=\"https:\/\/www.animafestival.com.ar\/forum\/files\/2017\/12\/08_Armand2015.pdf\">P\u00e1g. 85<\/a>\u00a0&#8211;\u00a0<em>La Magia no es m\u00e1gica. La velocidad digital frente al trabajo paciente: derribando mitos<\/em>.\u00a0Sergio Adri\u00e1n Armand, Universidad Nacional de Buenos Aires, Argentina.<\/p>\n<p><a href=\"https:\/\/www.animafestival.com.ar\/forum\/files\/2017\/12\/09_Fenoll2015.pdf\">P\u00e1g. 99<\/a> &#8211;\u00a0<em>Dependencia tecnol\u00f3gica de la animaci\u00f3n.<\/em>\u00a0Vicente Fenoll, Universitat Polit\u00e8cnica de Val\u00e8ncia, Espa\u00f1a.<\/p>\n<p><a href=\"https:\/\/www.animafestival.com.ar\/forum\/files\/2017\/12\/10_Fiorenza-Asis2015.pdf\">P\u00e1g. 117<\/a> &#8211;\u00a0<em>Gr\u00e1ficos en movimiento, animaci\u00f3n pura.\u00a0<\/em>Paula As\u00eds Ferri y Mar\u00eda Eugenia Fiorenza,\u00a0Universidad Nacional de C\u00f3rdoba y Universidad Nacional de Villa Mar\u00eda, Argentina.<\/p>\n<p><strong><span style=\"color: #800080\">Eje 4: Animaci\u00f3n independiente de bajo presupuesto<\/span><\/strong><\/p>\n<p><a href=\"https:\/\/www.animafestival.com.ar\/forum\/files\/2017\/12\/11_Marlene22015.pdf\">P\u00e1g.\u00a0129<\/a> &#8211;\u00a0<em>El Corto de Animaci\u00f3n Independiente&#8230; \u00bfDependiente de qu\u00e9?<\/em>. Marlene Nascimento da Silva,\u00a0Universidad Nacional de Buenos Aires, Argentina.<\/p>\n<p><a href=\"https:\/\/www.animafestival.com.ar\/forum\/files\/2017\/12\/12_Dalinger2015.pdf\">P\u00e1g.\u00a0145 <\/a>&#8211;\u00a0<em>Independencia y dependencia, opuestos complementarios en la producci\u00f3n de largometrajes animados argentinos.<\/em>\u00a0Esteban Ezequiel Dalinger,\u00a0Universidad Nacional de Buenos Aires, Argentina.<\/p>\n<p><a href=\"https:\/\/www.animafestival.com.ar\/forum\/files\/2017\/12\/13_Santaella2015.pdf\">P\u00e1g.\u00a0153<\/a> &#8211;\u00a0<em>Animar en C\u00f3rdoba. Una indagaci\u00f3n acerca de las po\u00e9ticas de animadores y sus definiciones de animaci\u00f3n independiente.<\/em>\u00a0Keila Yael santaella,\u00a0Universidad Nacional de C\u00f3rdoba, Argentina.<\/p>\n<p><strong><span style=\"color: #800080\">Eje 5: Animaci\u00f3n y procesos de creaci\u00f3n art\u00edstica<\/span><\/strong><\/p>\n<p><a href=\"https:\/\/www.animafestival.com.ar\/forum\/files\/2017\/12\/14_Pessuto2015.pdf\">P\u00e1g.\u00a0161<\/a> &#8211;\u00a0<em>La animaci\u00f3n de autor desde la Universidad. La creaci\u00f3n personal dentro del marco acad\u00e9mico.<\/em>\u00a0Marina Pessuto,\u00a0Universidad Nacional de C\u00f3rdoba, Argentina.<\/p>\n<p><a href=\"https:\/\/www.animafestival.com.ar\/forum\/files\/2017\/12\/15_Sanchez-Gramajo2015.pdf\">P\u00e1g.\u00a0169<\/a> &#8211;\u00a0<em>Entre la catedral y el bazar: animaci\u00f3n en 3D con software libre en la universidad<\/em>.\u00a0Celeste S\u00e1nchez Saenz De Tejada y Mariana Emilia Gramajo,\u00a0Universidad Nacional del Arte, Argentina.<\/p>\n<p><a href=\"https:\/\/www.animafestival.com.ar\/forum\/files\/2017\/12\/16_Re2015.pdf\">P\u00e1g.\u00a0181<\/a> &#8211;\u00a0<em>Aproximaciones al concepto de animaci\u00f3n experimental.<\/em>\u00a0Camila R\u00e9,\u00a0Universidad Nacional de Villa Mar\u00eda, Argentina.<\/p>\n<p><a href=\"https:\/\/rdu.unc.edu.ar\/handle\/11086\/11476\" target=\"_blank\" rel=\"noopener noreferrer\">PDF Completo disponible en MAPA &#8211; Repositorio Digital de la Facultad de Artes, UNC.<\/a><\/p>\n<hr \/>\n<p>Forma de citado de los art\u00edculos\u00a0publicados en esta compilaci\u00f3n:<\/p>\n<p>Apellido del Autor, Inicial del Nombre (2015). \u00abT\u00edtulo Art\u00edculo\u00bb.\u00a0En As\u00eds Ferri, P. y Siracusa, C. (Comp.)\u00a0<em>El estado de independencia<span style=\"color: #000000\">\u00a0<\/span><\/em><em>&#8211;\u00a0Actas del IV\u00ba Foro Acad\u00e9mico sobre Animaci\u00f3n<\/em>\u00a0&#8211; VIII Festival Internacional de Animaci\u00f3n C\u00f3rdoba, ANIMA\u201815 &#8211; 1a ed. (pp. n\u00fameros de las p\u00e1ginas en las que est\u00e1 el cap\u00edtulo citado) &#8211; C\u00f3rdoba: Universidad Nacional de C\u00f3rdoba.<\/p>\n","protected":false},"excerpt":{"rendered":"<p>El Estado de Independencia en la Animaci\u00f3n Actas del IV Foro Acad\u00e9mico Internacional\u00a0sobre\u00a0Animaci\u00f3n VIII Festival Internacional de Animaci\u00f3n de C\u00f3rdoba &#8211; ANIMA 2015 &#8211; ISBN (E-book) 978-987-1697-25-0 \u00cdndice P\u00e1g. 01 [&hellip;]<\/p>\n","protected":false},"author":8,"featured_media":0,"parent":57,"menu_order":0,"comment_status":"closed","ping_status":"closed","template":"","meta":{"footnotes":""},"class_list":["post-340","page","type-page","status-publish","hentry"],"_links":{"self":[{"href":"https:\/\/www.animafestival.com.ar\/forum\/wp-json\/wp\/v2\/pages\/340","targetHints":{"allow":["GET"]}}],"collection":[{"href":"https:\/\/www.animafestival.com.ar\/forum\/wp-json\/wp\/v2\/pages"}],"about":[{"href":"https:\/\/www.animafestival.com.ar\/forum\/wp-json\/wp\/v2\/types\/page"}],"author":[{"embeddable":true,"href":"https:\/\/www.animafestival.com.ar\/forum\/wp-json\/wp\/v2\/users\/8"}],"replies":[{"embeddable":true,"href":"https:\/\/www.animafestival.com.ar\/forum\/wp-json\/wp\/v2\/comments?post=340"}],"version-history":[{"count":32,"href":"https:\/\/www.animafestival.com.ar\/forum\/wp-json\/wp\/v2\/pages\/340\/revisions"}],"predecessor-version":[{"id":954,"href":"https:\/\/www.animafestival.com.ar\/forum\/wp-json\/wp\/v2\/pages\/340\/revisions\/954"}],"up":[{"embeddable":true,"href":"https:\/\/www.animafestival.com.ar\/forum\/wp-json\/wp\/v2\/pages\/57"}],"wp:attachment":[{"href":"https:\/\/www.animafestival.com.ar\/forum\/wp-json\/wp\/v2\/media?parent=340"}],"curies":[{"name":"wp","href":"https:\/\/api.w.org\/{rel}","templated":true}]}}