{"id":47,"date":"2016-12-01T01:39:14","date_gmt":"2016-12-01T01:39:14","guid":{"rendered":"http:\/\/www.animafestival.com.ar\/forum\/?page_id=47"},"modified":"2021-07-15T14:40:13","modified_gmt":"2021-07-15T14:40:13","slug":"home-2","status":"publish","type":"page","link":"https:\/\/www.animafestival.com.ar\/forum\/home-2\/","title":{"rendered":"Inicio"},"content":{"rendered":"<h1 style=\"text-align: center\">BIENVENIDOS AL<\/h1>\n<h1 style=\"text-align: center\">VII Foro Acad\u00e9mico Internacional sobre Animaci\u00f3n<\/h1>\n<h2 style=\"text-align: center\">ANIMA2021 \u2013 XI Festival Internacional de Animaci\u00f3n de C\u00f3rdoba<\/h2>\n<p style=\"text-align: center\">Universidad Nacional de C\u00f3rdoba<\/p>\n<p style=\"text-align: center\">6 al 8 de octubre de 2021<\/p>\n<p style=\"text-align: center\"><strong>Organizado por:<\/strong><\/p>\n<p style=\"text-align: center\">Centro Experimental de Animaci\u00f3n, \u00a0Universidad Nacional de C\u00f3rdoba, Argentina<\/p>\n<p style=\"text-align: center\">C\u00e1tedra Animaci\u00f3n, Universidad Nacional de Villa Mar\u00eda, Argentina<\/p>\n<p style=\"text-align: center\">&#8212;&#8212;&#8212;&#8212;&#8212;&#8212;&#8212;&#8212;&#8212;&#8212;&#8212;&#8212;&#8212;&#8212;&#8212;-<\/p>\n<h1 style=\"text-align: center\">WELCOME TO<\/h1>\n<h1 style=\"text-align: center\">VII International Forum on Animation<\/h1>\n<h2 style=\"text-align: center\">ANIMA2021 &#8211; XI C\u00f3rdoba International Animation Festival<\/h2>\n<p style=\"text-align: center\">National University of C\u00f3rdoba,<\/p>\n<p style=\"text-align: center\">6 -8 &#8211; October 2021<\/p>\n<p style=\"text-align: center\"><strong>Organizers:<\/strong><\/p>\n<p style=\"text-align: center\">Animation Experimental Centre, National University of C\u00f3rdoba, Argentina<\/p>\n<p style=\"text-align: center\">Animation Chair , National University of Villa Mar\u00eda, Argentina<\/p>\n<div id=\"post-114\" class=\"post-114 post type-post status-publish format-standard hentry category-sin-categoria post-caption\">\n<div class=\"page\" title=\"Page 1\">\n<div class=\"layoutArea\">\n<div class=\"column\">\n<h1><strong>\u00a0<\/strong><\/h1>\n<hr \/>\n<div>\n<h1>Cr\u00e9ditos<\/h1>\n<\/div>\n<div>\n<h2><strong>ANIMA2021<br \/>\nXI Festival Internacional de Animaci\u00f3n de C\u00f3rdoba<br \/>\n<\/strong><\/h2>\n<h3><strong>Cr\u00e9ditos<\/strong><\/h3>\n<p><strong>Director Art\u00edstico,\u00a0<\/strong><strong>Coordinaci\u00f3n General<\/strong><br \/>\nAlejandro R. Gonz\u00e1lez<br \/>\ndireccion@animafestival.com.ar<\/p>\n<p><strong>Coordinaci\u00f3n Acad\u00e9mica<\/strong><br \/>\nPaula As\u00eds Ferri y Cristina Siragusa<br \/>\njornadas@animafestival.com.ar<\/p>\n<p><strong>Producci\u00f3n<\/strong><br \/>\nPaula As\u00eds Ferri<br \/>\nMar\u00eda Constanza Curatitoli<br \/>\nAlejandro R. Gonz\u00e1lez<br \/>\nproduccion@animafestival.com.ar<\/p>\n<p><strong>Inscripciones y Copias<\/strong><br \/>\nPaula Daveloza<br \/>\ninfo@animafestival.com.ar<\/p>\n<p><strong>Acreditaciones<\/strong><br \/>\nMar\u00eda Constanza Curatitoli<br \/>\nacredit@animafestival.com.ar<\/p>\n<p><strong>Prensa y Comunicaci\u00f3n<\/strong><br \/>\nFlorencia Bernasconi<br \/>\nprensa@animafestival.com.ar<\/p>\n<p><strong>Comit\u00e9 Organizador del VII Foro Acad\u00e9mico Internacional sobre Animaci\u00f3n<\/strong><br \/>\nEsp. Paula As\u00eds Ferri<\/p>\n<p>Esp. Alejandro R. Gonz\u00e1lez<\/p>\n<p>Lic. Constanza Curatitoli<\/p>\n<p>Dra. Cristina Siragusa<\/p>\n<hr size=\"1\" \/>\n<h3><\/h3>\n<p><strong>Universidad Nacional de C\u00f3rdoba <\/strong>(<a href=\"http:\/\/www.unc.edu.ar\/\" target=\"_blank\" rel=\"noopener\">www.unc.edu.ar<\/a>)<\/p>\n<p><strong>Rector:<\/strong> Dr. Hugo Oscar Juri<br \/>\n<strong>Vicerrectora:<\/strong> Dr. Ram\u00f3n Pedro Yanzi Ferreira<\/p>\n<p><strong>\u00c1rea de gesti\u00f3n de Extensi\u00f3n Universitaria<\/strong><\/p>\n<p><strong>Secretario\u00a0de Extensi\u00f3n:<\/strong>\u00a0Ab. Conrado Storani<br \/>\n<strong>Subsecretario de Cultura:<\/strong>\u00a0Mgter. Pedro Sorrentino<\/p>\n<p><strong>Facultad de Artes <\/strong>(<a href=\"http:\/\/www.artes.unc.edu.ar\/\" target=\"_blank\" rel=\"noopener\">www.artes.unc.edu.ar<\/a>)<br \/>\n<strong>Decana:<\/strong> Arq. Myriam Kitroser<br \/>\n<strong>Vicedecano:<\/strong>\u00a0Lic. Gustavo Alcaraz<\/p>\n<p><strong>Departamento de Cine y TV<\/strong><br \/>\n<strong>Directora Disciplinar:<\/strong>\u00a0Mgter. Ana Mohaded<\/p>\n<p><strong>Centro Experimental de Animaci\u00f3n (CEAn)<\/strong><br \/>\n<strong>Coordinadora:<\/strong>\u00a0Lic. Carmen Garz\u00f3n<br \/>\n<strong>Coordinador del \u00c1rea de Producci\u00f3n, Gesti\u00f3n y Extensi\u00f3n:<\/strong>\u00a0Esp. Alejandro Gonz\u00e1lez<br \/>\n<strong>Coordinadora del \u00c1rea de Docencia e Investigaci\u00f3n en Animaci\u00f3n:<\/strong>\u00a0Esp. Paula As\u00eds Ferri<\/p>\n<p><strong>Centro de Producci\u00f3n e Investigaci\u00f3n en Artes<\/strong><br \/>\n<strong>Directora:<\/strong>\u00a0Lic. Magal\u00ed Vaca<br \/>\n<strong>Secretaria de Coordinaci\u00f3n General:<\/strong>\u00a0Lic. Carolina Cismondi<br \/>\n<strong>Prosecretario de Gesti\u00f3n y Administraci\u00f3n:<\/strong>\u00a0Lic. Sebasti\u00e1n Pautasso<\/p>\n<hr size=\"1\" \/>\n<h3><\/h3>\n<p><strong>Universidad Nacional de Villa Mar\u00eda <\/strong>(<a href=\"http:\/\/www.unvm.edu.ar\/\" target=\"_blank\" rel=\"noopener\">www.unvm.edu.ar<\/a>)<br \/>\n<strong>Rector:<\/strong> Abog. Luis Alberto Negretti<br \/>\n<strong>Vicerector:<\/strong> Abog. Aldo Paredes<\/p>\n<p><strong>Instituto Acad\u00e9mico Pedag\u00f3gico de Ciencias Humanas<\/strong><br \/>\n<strong>Decano:<\/strong>\u00a0Dra. Gloria Vadori<\/p>\n<p><strong>C\u00e1tedra Animaci\u00f3n<\/strong><br \/>\n<strong>Profesor Adjunto a cargo:<\/strong>\u00a0Esp. Alejandro R. Gonz\u00e1lez<br \/>\n<strong>Auxiliar de 1\u00b0:\u00a0<\/strong>Lic. Eugenia Fiorenza<\/p>\n<hr \/>\n<\/div>\n<div>\n<h1>Credits<\/h1>\n<\/div>\n<div>\n<p>For general enquiries, please contact us at\u00a0<a href=\"mailto:info@animafestival.com.ar\" target=\"_blank\" rel=\"noopener\">info@animafestival.com.ar<\/a><\/p>\n<h2><strong>ANIMA2017<br \/>\nIX\u00a0C\u00f3rdoba International Animation Festival<br \/>\n<\/strong><\/h2>\n<h3><strong>Credits<\/strong><\/h3>\n<p><strong>Artistic Director, General Coordination<\/strong><br \/>\nAlejandro R. Gonz\u00e1lez<br \/>\ndireccion@animafestival.com.ar<\/p>\n<p><strong>Academic Coordination<\/strong><br \/>\nPaula As\u00eds Ferri<br \/>\njornadas@animafestival.com.ar<\/p>\n<p><strong>Producers<\/strong><br \/>\nPaula As\u00eds Ferri<br \/>\nMar\u00eda Constanza Curatitoli<br \/>\nAlejandro R. Gonz\u00e1lez<br \/>\nproduccion@animafestival.com.ar<\/p>\n<p><strong>Registration and Copies<\/strong><br \/>\nPaula Daveloza<br \/>\ninfo@animafestival.com.ar<\/p>\n<p><strong>Accreditations<\/strong><br \/>\nMar\u00eda Constanza Curatitoli<br \/>\nacredit@animafestival.com.ar<\/p>\n<p><strong>Press and Communications<\/strong><br \/>\nFlorencia Bernasconi<br \/>\nprensa@animafestival.com.ar<\/p>\n<p><strong>Organizing Committee, IV International Academic Forum on Animation<\/strong><br \/>\nEsp. Paula As\u00eds Ferri<br \/>\nEsp. Alejandro R. Gonz\u00e1lez<br \/>\nMgter. Cristina Siragusa<\/p>\n<hr size=\"1\" \/>\n<h3><\/h3>\n<p><strong>National University of C\u00f3rdoba <\/strong>(<a href=\"http:\/\/www.unc.edu.ar\/\" target=\"_blank\" rel=\"noopener\">www.unc.edu.ar<\/a>)<\/p>\n<p><strong>Rector:<\/strong>\u00a0Dr. Hugo Oscar Juri<br \/>\n<strong>Vice-rector:<\/strong>\u00a0Dr. Ram\u00f3n Pedro Yanzi Ferreira<\/p>\n<p><strong>\u00c1rea de gesti\u00f3n de Extensi\u00f3n Universitaria<\/strong><\/p>\n<p><strong>Secretario\u00a0de Extensi\u00f3n:<\/strong>\u00a0Ab. Conrado Storani<br \/>\n<strong>Subsecretario de Cultura:<\/strong>\u00a0Mgter. Pedro Sorrentino<\/p>\n<p><strong>Faculty of Arts\u00a0<\/strong>(<a href=\"http:\/\/www.artes.unc.edu.ar\/\" target=\"_blank\" rel=\"noopener\">www.artes.unc.edu.ar<\/a>)<br \/>\n<strong>Dean:<\/strong>\u00a0Arq. Myriam Kitroser<br \/>\n<strong>Vice-dean:<\/strong>\u00a0Lic. Gustavo Alcaraz<\/p>\n<p><strong>Department of Film and TV<\/strong><\/p>\n<p><strong>Director:<\/strong>\u00a0Mgter. Ana Mohaded<\/p>\n<p><strong>Centro Experimental de Animaci\u00f3n (CEAn)<\/strong><br \/>\n<strong>Coordinator:<\/strong>\u00a0Lic. Carmen Garz\u00f3n<br \/>\n<strong>Coordinador: Animation Production, Extension and Management Areas:<\/strong>\u00a0Esp. Alejandro Gonz\u00e1lez<br \/>\n<strong>Coordinador: Animation Teaching and Research:<\/strong>\u00a0Esp. Paula As\u00eds<\/p>\n<p><strong>Centro de Producci\u00f3n e Investigaci\u00f3n en Artes<\/strong><br \/>\n<strong>Director:<\/strong>\u00a0Lic. Magal\u00ed Vaca<br \/>\n<strong>Secretary of General Coordination:<\/strong>\u00a0Lic. Carolina Cismondi<br \/>\n<strong>Undersecretary of Management and Administration:<\/strong>\u00a0Lic. Sebasti\u00e1n Pautasso<\/p>\n<hr size=\"1\" \/>\n<h3><\/h3>\n<p><strong>National University of Villa Mar\u00eda <\/strong>(<a href=\"http:\/\/www.unvm.edu.ar\/\" target=\"_blank\" rel=\"noopener\">www.unvm.edu.ar<\/a>)<br \/>\n<strong>Rector:<\/strong> Abog. Luis Alberto Negretti<br \/>\n<strong>Vice-rector:<\/strong>\u00a0Abog.\u00a0Aldo\u00a0Paredes<\/p>\n<p><strong>Academic Pedagogical Institute of Human Sciences<\/strong><br \/>\n<strong>Dean:<\/strong>\u00a0Ph. Gloria Vadori<\/p>\n<p id=\"tw-target-text\" class=\"tw-data-text tw-ta tw-text-medium\" dir=\"ltr\"><strong><span lang=\"en\">Chair of animation<\/span><\/strong><\/p>\n<\/div>\n<p class=\"post-title\"><strong>Professor:<\/strong>\u00a0Esp. Alejandro R. Gonz\u00e1lez<\/p>\n<p class=\"post-title\"><strong><span lang=\"en\">Assistant<\/span>:\u00a0<\/strong>Lic. Eugenia Fiorenza<\/p>\n<\/div>\n<\/div>\n<\/div>\n<\/div>\n","protected":false},"excerpt":{"rendered":"<p>BIENVENIDOS AL VII Foro Acad\u00e9mico Internacional sobre Animaci\u00f3n ANIMA2021 \u2013 XI Festival Internacional de Animaci\u00f3n de C\u00f3rdoba Universidad Nacional de C\u00f3rdoba 6 al 8 de octubre de 2021 Organizado por: [&hellip;]<\/p>\n","protected":false},"author":8,"featured_media":0,"parent":0,"menu_order":0,"comment_status":"closed","ping_status":"closed","template":"templates\/home-template.php","meta":{"footnotes":""},"class_list":["post-47","page","type-page","status-publish","hentry"],"_links":{"self":[{"href":"https:\/\/www.animafestival.com.ar\/forum\/wp-json\/wp\/v2\/pages\/47","targetHints":{"allow":["GET"]}}],"collection":[{"href":"https:\/\/www.animafestival.com.ar\/forum\/wp-json\/wp\/v2\/pages"}],"about":[{"href":"https:\/\/www.animafestival.com.ar\/forum\/wp-json\/wp\/v2\/types\/page"}],"author":[{"embeddable":true,"href":"https:\/\/www.animafestival.com.ar\/forum\/wp-json\/wp\/v2\/users\/8"}],"replies":[{"embeddable":true,"href":"https:\/\/www.animafestival.com.ar\/forum\/wp-json\/wp\/v2\/comments?post=47"}],"version-history":[{"count":17,"href":"https:\/\/www.animafestival.com.ar\/forum\/wp-json\/wp\/v2\/pages\/47\/revisions"}],"predecessor-version":[{"id":917,"href":"https:\/\/www.animafestival.com.ar\/forum\/wp-json\/wp\/v2\/pages\/47\/revisions\/917"}],"wp:attachment":[{"href":"https:\/\/www.animafestival.com.ar\/forum\/wp-json\/wp\/v2\/media?parent=47"}],"curies":[{"name":"wp","href":"https:\/\/api.w.org\/{rel}","templated":true}]}}